{"id":2856,"date":"2024-02-22T19:51:19","date_gmt":"2024-02-22T19:51:19","guid":{"rendered":"https:\/\/cannavis.eu\/retouren-und-reklamationen\/"},"modified":"2024-02-22T19:51:19","modified_gmt":"2024-02-22T19:51:19","slug":"retouren-und-reklamationen","status":"publish","type":"page","link":"https:\/\/cannavis.eu\/de\/retouren-und-reklamationen\/","title":{"rendered":"Retouren und Reklamationen"},"content":{"rendered":"\t\t<div data-elementor-type=\"wp-page\" data-elementor-id=\"2856\" class=\"elementor elementor-2856 elementor-292\" data-elementor-post-type=\"page\">\n\t\t\t\t\t\t<section class=\"elementor-section elementor-top-section elementor-element elementor-element-6db3932d elementor-section-boxed elementor-section-height-default elementor-section-height-default\" data-id=\"6db3932d\" data-element_type=\"section\" data-e-type=\"section\" data-settings=\"{&quot;background_background&quot;:&quot;classic&quot;,&quot;background_motion_fx_motion_fx_scrolling&quot;:&quot;yes&quot;,&quot;background_motion_fx_translateY_effect&quot;:&quot;yes&quot;,&quot;background_motion_fx_translateY_speed&quot;:{&quot;unit&quot;:&quot;px&quot;,&quot;size&quot;:3,&quot;sizes&quot;:[]},&quot;background_motion_fx_translateY_affectedRange&quot;:{&quot;unit&quot;:&quot;%&quot;,&quot;size&quot;:&quot;&quot;,&quot;sizes&quot;:{&quot;start&quot;:0,&quot;end&quot;:100}},&quot;background_motion_fx_devices&quot;:[&quot;desktop&quot;,&quot;tablet&quot;,&quot;mobile&quot;]}\">\n\t\t\t\t\t\t\t<div class=\"elementor-background-overlay\"><\/div>\n\t\t\t\t\t\t\t<div class=\"elementor-container elementor-column-gap-no\">\n\t\t\t\t\t<div class=\"elementor-column elementor-col-100 elementor-top-column elementor-element elementor-element-69970466\" data-id=\"69970466\" data-element_type=\"column\" data-e-type=\"column\">\n\t\t\t<div class=\"elementor-widget-wrap elementor-element-populated\">\n\t\t\t\t\t\t<div class=\"elementor-element elementor-element-5cd5ad64 elementor-widget elementor-widget-heading\" data-id=\"5cd5ad64\" data-element_type=\"widget\" data-e-type=\"widget\" data-widget_type=\"heading.default\">\n\t\t\t\t<div class=\"elementor-widget-container\">\n\t\t\t\t\t<h1 class=\"elementor-heading-title elementor-size-default\">Retouren und Reklamationen<\/h1>\t\t\t\t<\/div>\n\t\t\t\t<\/div>\n\t\t\t\t<div class=\"elementor-element elementor-element-5335a035 elementor-widget elementor-widget-woocommerce-breadcrumb\" data-id=\"5335a035\" data-element_type=\"widget\" data-e-type=\"widget\" data-widget_type=\"woocommerce-breadcrumb.default\">\n\t\t\t\t<div class=\"elementor-widget-container\">\n\t\t\t\t\t<nav class=\"woocommerce-breadcrumb\" aria-label=\"Breadcrumb\">Start<\/nav>\t\t\t\t<\/div>\n\t\t\t\t<\/div>\n\t\t\t\t<div class=\"elementor-element elementor-element-448250f4 elementor-widget-divider--view-line elementor-widget elementor-widget-divider\" data-id=\"448250f4\" data-element_type=\"widget\" data-e-type=\"widget\" data-widget_type=\"divider.default\">\n\t\t\t\t<div class=\"elementor-widget-container\">\n\t\t\t\t\t\t\t<div class=\"elementor-divider\">\n\t\t\t<span class=\"elementor-divider-separator\">\n\t\t\t\t\t\t<\/span>\n\t\t<\/div>\n\t\t\t\t\t\t<\/div>\n\t\t\t\t<\/div>\n\t\t\t\t\t<\/div>\n\t\t<\/div>\n\t\t\t\t\t<\/div>\n\t\t<\/section>\n\t\t\t\t<section class=\"elementor-section elementor-top-section elementor-element elementor-element-52631485 elementor-section-boxed elementor-section-height-default elementor-section-height-default\" data-id=\"52631485\" data-element_type=\"section\" data-e-type=\"section\">\n\t\t\t\t\t\t<div class=\"elementor-container elementor-column-gap-no\">\n\t\t\t\t\t<div class=\"elementor-column elementor-col-33 elementor-top-column elementor-element elementor-element-61e158db elementor-hidden-tablet elementor-hidden-mobile\" data-id=\"61e158db\" data-element_type=\"column\" data-e-type=\"column\">\n\t\t\t<div class=\"elementor-widget-wrap\">\n\t\t\t\t\t\t\t<\/div>\n\t\t<\/div>\n\t\t\t\t<div class=\"elementor-column elementor-col-33 elementor-top-column elementor-element elementor-element-5a7ff684\" data-id=\"5a7ff684\" data-element_type=\"column\" data-e-type=\"column\">\n\t\t\t<div class=\"elementor-widget-wrap elementor-element-populated\">\n\t\t\t\t\t\t<div class=\"elementor-element elementor-element-d7745f7 elementor-widget elementor-widget-text-editor\" data-id=\"d7745f7\" data-element_type=\"widget\" data-e-type=\"widget\" data-widget_type=\"text-editor.default\">\n\t\t\t\t<div class=\"elementor-widget-container\">\n\t\t\t\t\t\t\t\t\t<pre id=\"tw-target-text\" class=\"tw-data-text tw-text-large tw-ta\" dir=\"ltr\" data-placeholder=\"Prijevod\" data-ved=\"2ahUKEwjz_s2Aw7-EAxURwAIHHTjSCSgQ3ewLegQIBRAU\"><span class=\"Y2IQFc\" lang=\"de\">R\u00fcckerstattungsbedingungen\r\n\r\nEin Kunde, der als Verbraucher handelt, kann den im Fernabsatz oder au\u00dferhalb der Gesch\u00e4ftsr\u00e4ume geschlossenen Vertrag ohne Angabe von Gr\u00fcnden innerhalb von vierzehn Werktagen nach Erhalt der Ware k\u00fcndigen.\r\nDie K\u00fcndigungsfrist beginnt mit dem Tag, an dem der Kunde oder ein von ihm beauftragter Dritter, der nicht der Zusteller ist, in den Besitz der Ware gelangt. Hat der Kunde im Rahmen einer Bestellung mehrere Produkte bestellt, die getrennt geliefert werden, beginnt die Frist mit dem Tag, an dem der Kunde oder ein von ihm beauftragter Dritter, der nicht der Zusteller ist, das zuletzt gelieferte Produkt in Besitz genommen hat. Es reicht aus, dass der K\u00e4ufer innerhalb der Frist einen Antrag auf K\u00fcndigung des Vertrages stellt. Ma\u00dfgeblich ist das Datum der Postsendung.\r\nDer Antrag auf Vertragsbeendigung kann per E-Mail an cannavis@cannavis.eu oder per Post an die oben genannte Adresse des Verk\u00e4ufers gerichtet werden. Der Kunde kann das beigef\u00fcgte Vertragsk\u00fcndigungsantragsformular verwenden, das jedoch nicht vorgeschrieben ist.\r\nDas Recht zur Vertragsk\u00fcndigung besteht nicht bei Produkten, die nach Kundenspezifikation angefertigt oder an die pers\u00f6nlichen Bed\u00fcrfnisse angepasst werden. Sie gilt auch nicht f\u00fcr Produkte, die versiegelt geliefert werden, wenn die Versiegelung nach der Lieferung entfernt wurde. Und schlie\u00dflich gilt dies nicht f\u00fcr verderbliche oder bald abgelaufene Produkte.\r\nEine wirksame K\u00fcndigung des Vertrages durch den Kunden hat zur Folge, dass der f\u00fcr das Produkt gezahlte Betrag, einschlie\u00dflich der Versandkosten f\u00fcr die Standardlieferung, unverz\u00fcglich, sp\u00e4testens jedoch innerhalb von vierzehn Tagen nach Erhalt der K\u00fcndigungserkl\u00e4rung an den Kunden zur\u00fcckerstattet werden muss . Bei Beendigung des Kaufvertrags kann die R\u00fcckerstattung des Kaufpreises, sofern der Verk\u00e4ufer nichts anderes anbietet, bis zum Erhalt der Ware oder bis zur Vorlage des Nachweises \u00fcber die Produktr\u00fcckgabe verz\u00f6gert werden, je nachdem, was zuerst eintritt.\r\nDas Geld wird dem Kunden auf die gleiche Weise zur\u00fcckerstattet, wie der Kunde es bezahlt hat, ohne Ber\u00fccksichtigung von Verzugszinsen. Dar\u00fcber hinaus erstattet der Verk\u00e4ufer die Mehrkosten einer Sonderlieferung nicht.\r\nDer K\u00e4ufer muss das Produkt unverz\u00fcglich, sp\u00e4testens jedoch innerhalb von vierzehn Tagen ab dem Datum der Einreichung des Antrags auf Vertragsaufl\u00f6sung, an den Verk\u00e4ufer zur\u00fccksenden. Die R\u00fccksendung der Ware erfolgt per Spedition. Das Produkt gilt als rechtzeitig zur\u00fcckgegeben, wenn nachgewiesen wird, dass die Sendung innerhalb der angegebenen Frist versandt wurde.\r\nDer Kunde muss das erhaltene Produkt in der Originalverpackung zusammen mit Zubeh\u00f6r an die Adresse KARIKA VIS D.O.O. zur\u00fccksenden. DONJE KUNJANOVO 6, 21480 VIS\r\nDer Verbraucher tr\u00e4gt alle unmittelbaren Kosten der R\u00fccksendung.<\/span><\/pre>\n\t\t\t\t\t\t\t\t<\/div>\n\t\t\t\t<\/div>\n\t\t\t\t\t<\/div>\n\t\t<\/div>\n\t\t\t\t<div class=\"elementor-column elementor-col-33 elementor-top-column elementor-element elementor-element-6686e03a elementor-hidden-tablet elementor-hidden-mobile\" data-id=\"6686e03a\" data-element_type=\"column\" data-e-type=\"column\">\n\t\t\t<div class=\"elementor-widget-wrap\">\n\t\t\t\t\t\t\t<\/div>\n\t\t<\/div>\n\t\t\t\t\t<\/div>\n\t\t<\/section>\n\t\t\t\t<section class=\"elementor-section elementor-top-section elementor-element elementor-element-1379e7ad elementor-section-boxed elementor-section-height-default elementor-section-height-default\" data-id=\"1379e7ad\" data-element_type=\"section\" data-e-type=\"section\" data-settings=\"{&quot;background_background&quot;:&quot;classic&quot;}\">\n\t\t\t\t\t\t<div class=\"elementor-container elementor-column-gap-no\">\n\t\t\t\t\t<div class=\"elementor-column elementor-col-100 elementor-top-column elementor-element elementor-element-7ca5645e\" data-id=\"7ca5645e\" data-element_type=\"column\" data-e-type=\"column\">\n\t\t\t<div class=\"elementor-widget-wrap elementor-element-populated\">\n\t\t\t\t\t\t<section class=\"elementor-section elementor-inner-section elementor-element elementor-element-5a2cae33 elementor-section-boxed elementor-section-height-default elementor-section-height-default\" data-id=\"5a2cae33\" data-element_type=\"section\" data-e-type=\"section\">\n\t\t\t\t\t\t<div class=\"elementor-container elementor-column-gap-no\">\n\t\t\t\t\t<div class=\"elementor-column elementor-col-100 elementor-inner-column elementor-element elementor-element-3c486c7\" data-id=\"3c486c7\" data-element_type=\"column\" data-e-type=\"column\">\n\t\t\t<div class=\"elementor-widget-wrap\">\n\t\t\t\t\t\t\t<\/div>\n\t\t<\/div>\n\t\t\t\t\t<\/div>\n\t\t<\/section>\n\t\t\t\t\t<\/div>\n\t\t<\/div>\n\t\t\t\t\t<\/div>\n\t\t<\/section>\n\t\t\t\t<\/div>\n\t\t","protected":false},"excerpt":{"rendered":"<p>Retouren und Reklamationen R\u00fcckerstattungsbedingungen Ein Kunde, der als Verbraucher handelt, kann den im Fernabsatz oder au\u00dferhalb der Gesch\u00e4ftsr\u00e4ume geschlossenen Vertrag ohne Angabe von Gr\u00fcnden innerhalb von vierzehn Werktagen nach Erhalt der Ware k\u00fcndigen. Die K\u00fcndigungsfrist beginnt mit dem Tag, an dem der Kunde oder ein von ihm beauftragter Dritter, der nicht der Zusteller ist, in [&hellip;]<\/p>\n","protected":false},"author":1,"featured_media":0,"parent":0,"menu_order":0,"comment_status":"closed","ping_status":"closed","template":"","meta":{"_eb_attr":"","_joinchat":[],"footnotes":""},"class_list":["post-2856","page","type-page","status-publish","hentry"],"yoast_head":"<!-- This site is optimized with the Yoast SEO plugin v27.4 - https:\/\/yoast.com\/product\/yoast-seo-wordpress\/ -->\n<title>Retouren und Reklamationen - Cannavis konoplja sa otoka Visa<\/title>\n<meta name=\"robots\" content=\"index, follow, max-snippet:-1, max-image-preview:large, max-video-preview:-1\" \/>\n<link rel=\"canonical\" href=\"https:\/\/cannavis.eu\/de\/retouren-und-reklamationen\/\" \/>\n<meta property=\"og:locale\" content=\"de_DE\" \/>\n<meta property=\"og:type\" content=\"article\" \/>\n<meta property=\"og:title\" content=\"Retouren und Reklamationen - Cannavis konoplja sa otoka Visa\" \/>\n<meta property=\"og:description\" content=\"Retouren und Reklamationen R\u00fcckerstattungsbedingungen Ein Kunde, der als Verbraucher handelt, kann den im Fernabsatz oder au\u00dferhalb der Gesch\u00e4ftsr\u00e4ume geschlossenen Vertrag ohne Angabe von Gr\u00fcnden innerhalb von vierzehn Werktagen nach Erhalt der Ware k\u00fcndigen. Die K\u00fcndigungsfrist beginnt mit dem Tag, an dem der Kunde oder ein von ihm beauftragter Dritter, der nicht der Zusteller ist, in [&hellip;]\" \/>\n<meta property=\"og:url\" content=\"https:\/\/cannavis.eu\/de\/retouren-und-reklamationen\/\" \/>\n<meta property=\"og:site_name\" content=\"Cannavis konoplja sa otoka Visa\" \/>\n<meta name=\"twitter:card\" content=\"summary_large_image\" \/>\n<meta name=\"twitter:label1\" content=\"Gesch\u00e4tzte Lesezeit\" \/>\n\t<meta name=\"twitter:data1\" content=\"2\u00a0Minuten\" \/>\n<script type=\"application\/ld+json\" class=\"yoast-schema-graph\">{\"@context\":\"https:\\\/\\\/schema.org\",\"@graph\":[{\"@type\":\"WebPage\",\"@id\":\"https:\\\/\\\/cannavis.eu\\\/de\\\/retouren-und-reklamationen\\\/\",\"url\":\"https:\\\/\\\/cannavis.eu\\\/de\\\/retouren-und-reklamationen\\\/\",\"name\":\"Retouren und Reklamationen - Cannavis konoplja sa otoka Visa\",\"isPartOf\":{\"@id\":\"https:\\\/\\\/cannavis.eu\\\/de\\\/#website\"},\"datePublished\":\"2024-02-22T19:51:19+00:00\",\"breadcrumb\":{\"@id\":\"https:\\\/\\\/cannavis.eu\\\/de\\\/retouren-und-reklamationen\\\/#breadcrumb\"},\"inLanguage\":\"de\",\"potentialAction\":[{\"@type\":\"ReadAction\",\"target\":[\"https:\\\/\\\/cannavis.eu\\\/de\\\/retouren-und-reklamationen\\\/\"]}]},{\"@type\":\"BreadcrumbList\",\"@id\":\"https:\\\/\\\/cannavis.eu\\\/de\\\/retouren-und-reklamationen\\\/#breadcrumb\",\"itemListElement\":[{\"@type\":\"ListItem\",\"position\":1,\"name\":\"Home\",\"item\":\"https:\\\/\\\/cannavis.eu\\\/de\\\/\"},{\"@type\":\"ListItem\",\"position\":2,\"name\":\"Retouren und Reklamationen\"}]},{\"@type\":\"WebSite\",\"@id\":\"https:\\\/\\\/cannavis.eu\\\/de\\\/#website\",\"url\":\"https:\\\/\\\/cannavis.eu\\\/de\\\/\",\"name\":\"Cannavis konoplja sa otoka Visa\",\"description\":\"CannaVis industrijska konoplja cvijet sa otoka Visa\",\"publisher\":{\"@id\":\"https:\\\/\\\/cannavis.eu\\\/de\\\/#organization\"},\"potentialAction\":[{\"@type\":\"SearchAction\",\"target\":{\"@type\":\"EntryPoint\",\"urlTemplate\":\"https:\\\/\\\/cannavis.eu\\\/de\\\/?s={search_term_string}\"},\"query-input\":{\"@type\":\"PropertyValueSpecification\",\"valueRequired\":true,\"valueName\":\"search_term_string\"}}],\"inLanguage\":\"de\"},{\"@type\":\"Organization\",\"@id\":\"https:\\\/\\\/cannavis.eu\\\/de\\\/#organization\",\"name\":\"Cannavis konoplja sa otoka Visa\",\"url\":\"https:\\\/\\\/cannavis.eu\\\/de\\\/\",\"logo\":{\"@type\":\"ImageObject\",\"inLanguage\":\"de\",\"@id\":\"https:\\\/\\\/cannavis.eu\\\/de\\\/#\\\/schema\\\/logo\\\/image\\\/\",\"url\":\"https:\\\/\\\/cannavis.eu\\\/wp-content\\\/uploads\\\/2021\\\/06\\\/CannaVis-logo.png\",\"contentUrl\":\"https:\\\/\\\/cannavis.eu\\\/wp-content\\\/uploads\\\/2021\\\/06\\\/CannaVis-logo.png\",\"width\":160,\"height\":65,\"caption\":\"Cannavis konoplja sa otoka Visa\"},\"image\":{\"@id\":\"https:\\\/\\\/cannavis.eu\\\/de\\\/#\\\/schema\\\/logo\\\/image\\\/\"}}]}<\/script>\n<!-- \/ Yoast SEO plugin. -->","yoast_head_json":{"title":"Retouren und Reklamationen - Cannavis konoplja sa otoka Visa","robots":{"index":"index","follow":"follow","max-snippet":"max-snippet:-1","max-image-preview":"max-image-preview:large","max-video-preview":"max-video-preview:-1"},"canonical":"https:\/\/cannavis.eu\/de\/retouren-und-reklamationen\/","og_locale":"de_DE","og_type":"article","og_title":"Retouren und Reklamationen - Cannavis konoplja sa otoka Visa","og_description":"Retouren und Reklamationen R\u00fcckerstattungsbedingungen Ein Kunde, der als Verbraucher handelt, kann den im Fernabsatz oder au\u00dferhalb der Gesch\u00e4ftsr\u00e4ume geschlossenen Vertrag ohne Angabe von Gr\u00fcnden innerhalb von vierzehn Werktagen nach Erhalt der Ware k\u00fcndigen. Die K\u00fcndigungsfrist beginnt mit dem Tag, an dem der Kunde oder ein von ihm beauftragter Dritter, der nicht der Zusteller ist, in [&hellip;]","og_url":"https:\/\/cannavis.eu\/de\/retouren-und-reklamationen\/","og_site_name":"Cannavis konoplja sa otoka Visa","twitter_card":"summary_large_image","twitter_misc":{"Gesch\u00e4tzte Lesezeit":"2\u00a0Minuten"},"schema":{"@context":"https:\/\/schema.org","@graph":[{"@type":"WebPage","@id":"https:\/\/cannavis.eu\/de\/retouren-und-reklamationen\/","url":"https:\/\/cannavis.eu\/de\/retouren-und-reklamationen\/","name":"Retouren und Reklamationen - Cannavis konoplja sa otoka Visa","isPartOf":{"@id":"https:\/\/cannavis.eu\/de\/#website"},"datePublished":"2024-02-22T19:51:19+00:00","breadcrumb":{"@id":"https:\/\/cannavis.eu\/de\/retouren-und-reklamationen\/#breadcrumb"},"inLanguage":"de","potentialAction":[{"@type":"ReadAction","target":["https:\/\/cannavis.eu\/de\/retouren-und-reklamationen\/"]}]},{"@type":"BreadcrumbList","@id":"https:\/\/cannavis.eu\/de\/retouren-und-reklamationen\/#breadcrumb","itemListElement":[{"@type":"ListItem","position":1,"name":"Home","item":"https:\/\/cannavis.eu\/de\/"},{"@type":"ListItem","position":2,"name":"Retouren und Reklamationen"}]},{"@type":"WebSite","@id":"https:\/\/cannavis.eu\/de\/#website","url":"https:\/\/cannavis.eu\/de\/","name":"Cannavis konoplja sa otoka Visa","description":"CannaVis industrijska konoplja cvijet sa otoka Visa","publisher":{"@id":"https:\/\/cannavis.eu\/de\/#organization"},"potentialAction":[{"@type":"SearchAction","target":{"@type":"EntryPoint","urlTemplate":"https:\/\/cannavis.eu\/de\/?s={search_term_string}"},"query-input":{"@type":"PropertyValueSpecification","valueRequired":true,"valueName":"search_term_string"}}],"inLanguage":"de"},{"@type":"Organization","@id":"https:\/\/cannavis.eu\/de\/#organization","name":"Cannavis konoplja sa otoka Visa","url":"https:\/\/cannavis.eu\/de\/","logo":{"@type":"ImageObject","inLanguage":"de","@id":"https:\/\/cannavis.eu\/de\/#\/schema\/logo\/image\/","url":"https:\/\/cannavis.eu\/wp-content\/uploads\/2021\/06\/CannaVis-logo.png","contentUrl":"https:\/\/cannavis.eu\/wp-content\/uploads\/2021\/06\/CannaVis-logo.png","width":160,"height":65,"caption":"Cannavis konoplja sa otoka Visa"},"image":{"@id":"https:\/\/cannavis.eu\/de\/#\/schema\/logo\/image\/"}}]}},"jetpack_sharing_enabled":true,"_links":{"self":[{"href":"https:\/\/cannavis.eu\/de\/wp-json\/wp\/v2\/pages\/2856","targetHints":{"allow":["GET"]}}],"collection":[{"href":"https:\/\/cannavis.eu\/de\/wp-json\/wp\/v2\/pages"}],"about":[{"href":"https:\/\/cannavis.eu\/de\/wp-json\/wp\/v2\/types\/page"}],"author":[{"embeddable":true,"href":"https:\/\/cannavis.eu\/de\/wp-json\/wp\/v2\/users\/1"}],"replies":[{"embeddable":true,"href":"https:\/\/cannavis.eu\/de\/wp-json\/wp\/v2\/comments?post=2856"}],"version-history":[{"count":1,"href":"https:\/\/cannavis.eu\/de\/wp-json\/wp\/v2\/pages\/2856\/revisions"}],"predecessor-version":[{"id":2857,"href":"https:\/\/cannavis.eu\/de\/wp-json\/wp\/v2\/pages\/2856\/revisions\/2857"}],"wp:attachment":[{"href":"https:\/\/cannavis.eu\/de\/wp-json\/wp\/v2\/media?parent=2856"}],"curies":[{"name":"wp","href":"https:\/\/api.w.org\/{rel}","templated":true}]}}