{"id":2878,"date":"2024-02-22T20:20:48","date_gmt":"2024-02-22T20:20:48","guid":{"rendered":"https:\/\/cannavis.eu\/spots-verkaufen\/"},"modified":"2024-02-22T20:20:49","modified_gmt":"2024-02-22T20:20:49","slug":"spots-verkaufen","status":"publish","type":"page","link":"https:\/\/cannavis.eu\/de\/spots-verkaufen\/","title":{"rendered":"Spots verkaufen"},"content":{"rendered":"\t\t<div data-elementor-type=\"wp-page\" data-elementor-id=\"2878\" class=\"elementor elementor-2878 elementor-1991\" data-elementor-post-type=\"page\">\n\t\t\t\t\t\t<section class=\"elementor-section elementor-top-section elementor-element elementor-element-6a0ac991 elementor-section-boxed elementor-section-height-default elementor-section-height-default\" data-id=\"6a0ac991\" data-element_type=\"section\" data-e-type=\"section\" data-settings=\"{&quot;background_background&quot;:&quot;classic&quot;}\">\n\t\t\t\t\t\t<div class=\"elementor-container elementor-column-gap-no\">\n\t\t\t\t\t<div class=\"elementor-column elementor-col-100 elementor-top-column elementor-element elementor-element-4d642d56 elementor-hidden-phone\" data-id=\"4d642d56\" data-element_type=\"column\" data-e-type=\"column\">\n\t\t\t<div class=\"elementor-widget-wrap elementor-element-populated\">\n\t\t\t\t\t\t<div class=\"elementor-element elementor-element-7b98e46 elementor-widget elementor-widget-heading\" data-id=\"7b98e46\" data-element_type=\"widget\" data-e-type=\"widget\" data-widget_type=\"heading.default\">\n\t\t\t\t<div class=\"elementor-widget-container\">\n\t\t\t\t\t<h2 class=\"elementor-heading-title elementor-size-default\">Spots verkaufen<\/h2>\t\t\t\t<\/div>\n\t\t\t\t<\/div>\n\t\t\t\t<div class=\"elementor-element elementor-element-18b7e96 elementor-widget elementor-widget-text-editor\" data-id=\"18b7e96\" data-element_type=\"widget\" data-e-type=\"widget\" data-widget_type=\"text-editor.default\">\n\t\t\t\t<div class=\"elementor-widget-container\">\n\t\t\t\t\t\t\t\t\t<h3>Dra\u010devo polje<\/h3>\n<p><strong><a href=\"https:\/\/cannavis.eu\/de\/kontakt\/\">Cannavis HQ i farma<\/a>\u00a0<\/strong>&#8211; Donje Kunjanovo 6<\/p>\n<h3>Vis<\/h3>\n<p><strong><a href=\"https:\/\/vis-central.com\/poslovni\/tom-jerry\/\">Tom i Jerry tobacco shop<\/a><\/strong> &#8211; \u0160etali\u0161te stare Isse 1 &#8211; Trajektno pristani\u0161te<\/p>\n<p><strong><a href=\"https:\/\/www.google.com\/maps\/place\/Hello+from+Vis+~+with+love+~\/@43.0596088,16.1859803,15z\/data=!4m5!3m4!1s0x0:0x5c62b220dcad956c!8m2!3d43.0596088!4d16.1859803\">Hello from Vis<\/a>\u00a0<\/strong>&#8211; Obala Sv. Jurja 17<\/p>\n<p><strong><a href=\"https:\/\/www.google.com\/maps\/place\/MARKET+%22HOST%22\/@43.0582676,16.1986623,15z\/data=!4m2!3m1!1s0x0:0xc6fe7845cceaf0b8?sa=X&amp;ved=2ahUKEwjS9uXY88f8AhVDhqQKHUBnAOkQ_BJ6BAhiEAg\">Host market<\/a>\u00a0<\/strong>&#8211; Trg Eugena Kvaternika 7<\/p>\n<p><strong><a href=\"https:\/\/vis-central.com\/poslovni\/bracera\/\">Bracera<\/a>\u00a0<\/strong>&#8211; Ul. Ivana Farolfija 12<\/p>\n<h3>Komi\u017ea<\/h3>\n<p><strong><a href=\"https:\/\/vis-central.com\/poslovni\/tom-jerry\/\">Tom i Jerry tobacco shop<\/a>\u00a0<\/strong>&#8211; Riva sv. Mikule 16<\/p>\n<p><strong>Eva\u00a0<\/strong>&#8211; Ribarska 30<\/p>\n<p><strong>Habladabla\u00a0<\/strong>&#8211; \u0161tand Riva\u00a0<\/p>\n<h3>Split<\/h3>\n<p><a href=\"https:\/\/www.cro-craft.com\/\"><strong>Cro-Craft <\/strong><\/a>&#8211; Mall of Split<\/p>\n<p><strong><a href=\"https:\/\/www.google.com\/maps\/place\/Trafika+XL+Tobacco+shop\/@43.5165022,16.4669614,15z\/data=!4m5!3m4!1s0x0:0xb7ea90f4e8e0060c!8m2!3d43.5165337!4d16.466959\">XL trafika<\/a>\u00a0<\/strong>&#8211; Krle\u017eina kod 2<\/p>\n<p><strong><a href=\"https:\/\/www.google.com\/search?q=trafika%20roko&amp;rlz=1C1YTUH_hrHR1031HR1031&amp;oq=trafika+roko&amp;aqs=chrome..69i57.2476j0j4&amp;sourceid=chrome&amp;ie=UTF-8&amp;tbs=lf:1,lf_ui:10&amp;tbm=lcl&amp;sxsrf=AJOqlzU2Ag3Z00aI0bbtI9l6casqACOukQ:1673728426525&amp;rflfq=1&amp;num=10&amp;rldimm=1939305306858620215&amp;lqi=Cgx0cmFmaWthIHJva29I-_Km0tm2gIAIWhoQABABGAAYASIMdHJhZmlrYSByb2tvMgJocpIBCmNpZ2FyX3Nob3CaASRDaGREU1VoTk1HOW5TMFZKUTBGblNVUkhhMDl0U25wUlJSQUI&amp;ved=2ahUKEwju4MCi9Mf8AhWP7aQKHSvLDQgQvS56BAgNEAE&amp;sa=X&amp;rlst=f#rlfi=hd:;si:1939305306858620215,l,Cgx0cmFmaWthIHJva29I-_Km0tm2gIAIWhoQABABGAAYASIMdHJhZmlrYSByb2tvMgJocpIBCmNpZ2FyX3Nob3CaASRDaGREU1VoTk1HOW5TMFZKUTBGblNVUkhhMDl0U25wUlJSQUI;mv:[[43.524172199999995,16.4855849],[43.506293,16.4591661]];tbs:lrf:!1m4!1u3!2m2!3m1!1e1!1m4!1u2!2m2!2m1!1e1!2m1!1e2!2m1!1e3!3sIAE,lf:1,lf_ui:10\">Trafika Roko<\/a>\u00a0<\/strong>&#8211; Mostarska 95<\/p>\n<p><strong><a href=\"https:\/\/www.hurricanehostel.com\/\">Hurricane hostel<\/a>\u00a0<\/strong>-Zagreba\u010dka 1A<\/p>\n<h3>Zadar<\/h3>\n<p><strong><a href=\"https:\/\/www.google.com\/maps\/place\/CBD+Flowershop+Zadar\/@44.1133218,15.2269001,15z\/data=!4m5!3m4!1s0x0:0xe617b6e794df7276!8m2!3d44.1133218!4d15.2269001\">CBD Flowershop Zadar<\/a>\u00a0<\/strong>&#8211; Ul. \u0160pire Brusine 8<\/p>\n<p><strong>\u017deli\u0161 postati CannaVis partner? Javi nam se na cannavis@cannavis.eu<\/strong><\/p>\n\t\t\t\t\t\t\t\t<\/div>\n\t\t\t\t<\/div>\n\t\t\t\t\t<\/div>\n\t\t<\/div>\n\t\t\t\t\t<\/div>\n\t\t<\/section>\n\t\t\t\t<\/div>\n\t\t","protected":false},"excerpt":{"rendered":"<p>Dra\u010devo polje Cannavis HQ i farma\u00a0&#8211; Donje Kunjanovo 6 Vis Tom i Jerry tobacco shop &#8211; \u0160etali\u0161te stare Isse 1 &#8211; Trajektno pristani\u0161te Hello from Vis\u00a0&#8211; Obala Sv. Jurja 17 Host market\u00a0&#8211; Trg Eugena Kvaternika 7 Bracera\u00a0&#8211; Ul. Ivana Farolfija 12 Komi\u017ea Tom i Jerry tobacco shop\u00a0&#8211; Riva sv. Mikule 16 Eva\u00a0&#8211; Ribarska 30 Habladabla\u00a0&#8211; [&hellip;]<\/p>\n","protected":false},"author":1,"featured_media":2859,"parent":0,"menu_order":0,"comment_status":"closed","ping_status":"closed","template":"elementor_header_footer","meta":{"_eb_attr":"","_joinchat":[],"footnotes":""},"class_list":["post-2878","page","type-page","status-publish","has-post-thumbnail","hentry"],"yoast_head":"<!-- This site is optimized with the Yoast SEO plugin v27.4 - https:\/\/yoast.com\/product\/yoast-seo-wordpress\/ -->\n<title>Prodajna mjesta - Cannavis konoplja sa otoka Visa<\/title>\n<meta name=\"description\" content=\"Liste der CannaVis-Verkaufsstellen mit Adressen. Wenn Sie CannaVis-Produkte m\u00f6chten, schauen Sie sich schnellstm\u00f6glich die CannaVis-Verkaufsstellen an\" \/>\n<meta name=\"robots\" content=\"index, follow, max-snippet:-1, max-image-preview:large, max-video-preview:-1\" \/>\n<link rel=\"canonical\" href=\"https:\/\/cannavis.eu\/de\/spots-verkaufen\/\" \/>\n<meta property=\"og:locale\" content=\"de_DE\" \/>\n<meta property=\"og:type\" content=\"article\" \/>\n<meta property=\"og:title\" content=\"Prodajna mjesta - Cannavis konoplja sa otoka Visa\" \/>\n<meta property=\"og:description\" content=\"Liste der CannaVis-Verkaufsstellen mit Adressen. Wenn Sie CannaVis-Produkte m\u00f6chten, schauen Sie sich schnellstm\u00f6glich die CannaVis-Verkaufsstellen an\" \/>\n<meta property=\"og:url\" content=\"https:\/\/cannavis.eu\/de\/spots-verkaufen\/\" \/>\n<meta property=\"og:site_name\" content=\"Cannavis konoplja sa otoka Visa\" \/>\n<meta property=\"article:modified_time\" content=\"2024-02-22T20:20:49+00:00\" \/>\n<meta property=\"og:image\" content=\"https:\/\/cannavis.eu\/wp-content\/uploads\/2023\/01\/239897962_172460184987723_6113224903307766315_n.jpg\" \/>\n\t<meta property=\"og:image:width\" content=\"1024\" \/>\n\t<meta property=\"og:image:height\" content=\"1024\" \/>\n\t<meta property=\"og:image:type\" content=\"image\/jpeg\" \/>\n<meta name=\"twitter:card\" content=\"summary_large_image\" \/>\n<meta name=\"twitter:label1\" content=\"Gesch\u00e4tzte Lesezeit\" \/>\n\t<meta name=\"twitter:data1\" content=\"1\u00a0Minute\" \/>\n<script type=\"application\/ld+json\" class=\"yoast-schema-graph\">{\"@context\":\"https:\\\/\\\/schema.org\",\"@graph\":[{\"@type\":\"WebPage\",\"@id\":\"https:\\\/\\\/cannavis.eu\\\/de\\\/spots-verkaufen\\\/\",\"url\":\"https:\\\/\\\/cannavis.eu\\\/de\\\/spots-verkaufen\\\/\",\"name\":\"Prodajna mjesta - Cannavis konoplja sa otoka Visa\",\"isPartOf\":{\"@id\":\"https:\\\/\\\/cannavis.eu\\\/de\\\/#website\"},\"primaryImageOfPage\":{\"@id\":\"https:\\\/\\\/cannavis.eu\\\/de\\\/spots-verkaufen\\\/#primaryimage\"},\"image\":{\"@id\":\"https:\\\/\\\/cannavis.eu\\\/de\\\/spots-verkaufen\\\/#primaryimage\"},\"thumbnailUrl\":\"https:\\\/\\\/cannavis.eu\\\/wp-content\\\/uploads\\\/2023\\\/01\\\/239897962_172460184987723_6113224903307766315_n.jpg\",\"datePublished\":\"2024-02-22T20:20:48+00:00\",\"dateModified\":\"2024-02-22T20:20:49+00:00\",\"description\":\"Liste der CannaVis-Verkaufsstellen mit Adressen. Wenn Sie CannaVis-Produkte m\u00f6chten, schauen Sie sich schnellstm\u00f6glich die CannaVis-Verkaufsstellen an\",\"breadcrumb\":{\"@id\":\"https:\\\/\\\/cannavis.eu\\\/de\\\/spots-verkaufen\\\/#breadcrumb\"},\"inLanguage\":\"de\",\"potentialAction\":[{\"@type\":\"ReadAction\",\"target\":[\"https:\\\/\\\/cannavis.eu\\\/de\\\/spots-verkaufen\\\/\"]}]},{\"@type\":\"ImageObject\",\"inLanguage\":\"de\",\"@id\":\"https:\\\/\\\/cannavis.eu\\\/de\\\/spots-verkaufen\\\/#primaryimage\",\"url\":\"https:\\\/\\\/cannavis.eu\\\/wp-content\\\/uploads\\\/2023\\\/01\\\/239897962_172460184987723_6113224903307766315_n.jpg\",\"contentUrl\":\"https:\\\/\\\/cannavis.eu\\\/wp-content\\\/uploads\\\/2023\\\/01\\\/239897962_172460184987723_6113224903307766315_n.jpg\",\"width\":1024,\"height\":1024},{\"@type\":\"BreadcrumbList\",\"@id\":\"https:\\\/\\\/cannavis.eu\\\/de\\\/spots-verkaufen\\\/#breadcrumb\",\"itemListElement\":[{\"@type\":\"ListItem\",\"position\":1,\"name\":\"Home\",\"item\":\"https:\\\/\\\/cannavis.eu\\\/de\\\/\"},{\"@type\":\"ListItem\",\"position\":2,\"name\":\"Spots verkaufen\"}]},{\"@type\":\"WebSite\",\"@id\":\"https:\\\/\\\/cannavis.eu\\\/de\\\/#website\",\"url\":\"https:\\\/\\\/cannavis.eu\\\/de\\\/\",\"name\":\"Cannavis konoplja sa otoka Visa\",\"description\":\"CannaVis industrijska konoplja cvijet sa otoka Visa\",\"publisher\":{\"@id\":\"https:\\\/\\\/cannavis.eu\\\/de\\\/#organization\"},\"potentialAction\":[{\"@type\":\"SearchAction\",\"target\":{\"@type\":\"EntryPoint\",\"urlTemplate\":\"https:\\\/\\\/cannavis.eu\\\/de\\\/?s={search_term_string}\"},\"query-input\":{\"@type\":\"PropertyValueSpecification\",\"valueRequired\":true,\"valueName\":\"search_term_string\"}}],\"inLanguage\":\"de\"},{\"@type\":\"Organization\",\"@id\":\"https:\\\/\\\/cannavis.eu\\\/de\\\/#organization\",\"name\":\"Cannavis konoplja sa otoka Visa\",\"url\":\"https:\\\/\\\/cannavis.eu\\\/de\\\/\",\"logo\":{\"@type\":\"ImageObject\",\"inLanguage\":\"de\",\"@id\":\"https:\\\/\\\/cannavis.eu\\\/de\\\/#\\\/schema\\\/logo\\\/image\\\/\",\"url\":\"https:\\\/\\\/cannavis.eu\\\/wp-content\\\/uploads\\\/2021\\\/06\\\/CannaVis-logo.png\",\"contentUrl\":\"https:\\\/\\\/cannavis.eu\\\/wp-content\\\/uploads\\\/2021\\\/06\\\/CannaVis-logo.png\",\"width\":160,\"height\":65,\"caption\":\"Cannavis konoplja sa otoka Visa\"},\"image\":{\"@id\":\"https:\\\/\\\/cannavis.eu\\\/de\\\/#\\\/schema\\\/logo\\\/image\\\/\"}}]}<\/script>\n<!-- \/ Yoast SEO plugin. -->","yoast_head_json":{"title":"Prodajna mjesta - Cannavis konoplja sa otoka Visa","description":"Liste der CannaVis-Verkaufsstellen mit Adressen. Wenn Sie CannaVis-Produkte m\u00f6chten, schauen Sie sich schnellstm\u00f6glich die CannaVis-Verkaufsstellen an","robots":{"index":"index","follow":"follow","max-snippet":"max-snippet:-1","max-image-preview":"max-image-preview:large","max-video-preview":"max-video-preview:-1"},"canonical":"https:\/\/cannavis.eu\/de\/spots-verkaufen\/","og_locale":"de_DE","og_type":"article","og_title":"Prodajna mjesta - Cannavis konoplja sa otoka Visa","og_description":"Liste der CannaVis-Verkaufsstellen mit Adressen. Wenn Sie CannaVis-Produkte m\u00f6chten, schauen Sie sich schnellstm\u00f6glich die CannaVis-Verkaufsstellen an","og_url":"https:\/\/cannavis.eu\/de\/spots-verkaufen\/","og_site_name":"Cannavis konoplja sa otoka Visa","article_modified_time":"2024-02-22T20:20:49+00:00","og_image":[{"width":1024,"height":1024,"url":"https:\/\/cannavis.eu\/wp-content\/uploads\/2023\/01\/239897962_172460184987723_6113224903307766315_n.jpg","type":"image\/jpeg"}],"twitter_card":"summary_large_image","twitter_misc":{"Gesch\u00e4tzte Lesezeit":"1\u00a0Minute"},"schema":{"@context":"https:\/\/schema.org","@graph":[{"@type":"WebPage","@id":"https:\/\/cannavis.eu\/de\/spots-verkaufen\/","url":"https:\/\/cannavis.eu\/de\/spots-verkaufen\/","name":"Prodajna mjesta - Cannavis konoplja sa otoka Visa","isPartOf":{"@id":"https:\/\/cannavis.eu\/de\/#website"},"primaryImageOfPage":{"@id":"https:\/\/cannavis.eu\/de\/spots-verkaufen\/#primaryimage"},"image":{"@id":"https:\/\/cannavis.eu\/de\/spots-verkaufen\/#primaryimage"},"thumbnailUrl":"https:\/\/cannavis.eu\/wp-content\/uploads\/2023\/01\/239897962_172460184987723_6113224903307766315_n.jpg","datePublished":"2024-02-22T20:20:48+00:00","dateModified":"2024-02-22T20:20:49+00:00","description":"Liste der CannaVis-Verkaufsstellen mit Adressen. Wenn Sie CannaVis-Produkte m\u00f6chten, schauen Sie sich schnellstm\u00f6glich die CannaVis-Verkaufsstellen an","breadcrumb":{"@id":"https:\/\/cannavis.eu\/de\/spots-verkaufen\/#breadcrumb"},"inLanguage":"de","potentialAction":[{"@type":"ReadAction","target":["https:\/\/cannavis.eu\/de\/spots-verkaufen\/"]}]},{"@type":"ImageObject","inLanguage":"de","@id":"https:\/\/cannavis.eu\/de\/spots-verkaufen\/#primaryimage","url":"https:\/\/cannavis.eu\/wp-content\/uploads\/2023\/01\/239897962_172460184987723_6113224903307766315_n.jpg","contentUrl":"https:\/\/cannavis.eu\/wp-content\/uploads\/2023\/01\/239897962_172460184987723_6113224903307766315_n.jpg","width":1024,"height":1024},{"@type":"BreadcrumbList","@id":"https:\/\/cannavis.eu\/de\/spots-verkaufen\/#breadcrumb","itemListElement":[{"@type":"ListItem","position":1,"name":"Home","item":"https:\/\/cannavis.eu\/de\/"},{"@type":"ListItem","position":2,"name":"Spots verkaufen"}]},{"@type":"WebSite","@id":"https:\/\/cannavis.eu\/de\/#website","url":"https:\/\/cannavis.eu\/de\/","name":"Cannavis konoplja sa otoka Visa","description":"CannaVis industrijska konoplja cvijet sa otoka Visa","publisher":{"@id":"https:\/\/cannavis.eu\/de\/#organization"},"potentialAction":[{"@type":"SearchAction","target":{"@type":"EntryPoint","urlTemplate":"https:\/\/cannavis.eu\/de\/?s={search_term_string}"},"query-input":{"@type":"PropertyValueSpecification","valueRequired":true,"valueName":"search_term_string"}}],"inLanguage":"de"},{"@type":"Organization","@id":"https:\/\/cannavis.eu\/de\/#organization","name":"Cannavis konoplja sa otoka Visa","url":"https:\/\/cannavis.eu\/de\/","logo":{"@type":"ImageObject","inLanguage":"de","@id":"https:\/\/cannavis.eu\/de\/#\/schema\/logo\/image\/","url":"https:\/\/cannavis.eu\/wp-content\/uploads\/2021\/06\/CannaVis-logo.png","contentUrl":"https:\/\/cannavis.eu\/wp-content\/uploads\/2021\/06\/CannaVis-logo.png","width":160,"height":65,"caption":"Cannavis konoplja sa otoka Visa"},"image":{"@id":"https:\/\/cannavis.eu\/de\/#\/schema\/logo\/image\/"}}]}},"jetpack_sharing_enabled":true,"_links":{"self":[{"href":"https:\/\/cannavis.eu\/de\/wp-json\/wp\/v2\/pages\/2878","targetHints":{"allow":["GET"]}}],"collection":[{"href":"https:\/\/cannavis.eu\/de\/wp-json\/wp\/v2\/pages"}],"about":[{"href":"https:\/\/cannavis.eu\/de\/wp-json\/wp\/v2\/types\/page"}],"author":[{"embeddable":true,"href":"https:\/\/cannavis.eu\/de\/wp-json\/wp\/v2\/users\/1"}],"replies":[{"embeddable":true,"href":"https:\/\/cannavis.eu\/de\/wp-json\/wp\/v2\/comments?post=2878"}],"version-history":[{"count":1,"href":"https:\/\/cannavis.eu\/de\/wp-json\/wp\/v2\/pages\/2878\/revisions"}],"predecessor-version":[{"id":2879,"href":"https:\/\/cannavis.eu\/de\/wp-json\/wp\/v2\/pages\/2878\/revisions\/2879"}],"wp:featuredmedia":[{"embeddable":true,"href":"https:\/\/cannavis.eu\/de\/wp-json\/wp\/v2\/media\/2859"}],"wp:attachment":[{"href":"https:\/\/cannavis.eu\/de\/wp-json\/wp\/v2\/media?parent=2878"}],"curies":[{"name":"wp","href":"https:\/\/api.w.org\/{rel}","templated":true}]}}