{"id":2883,"date":"2024-01-16T12:58:36","date_gmt":"2024-01-16T12:58:36","guid":{"rendered":"https:\/\/cannavis.eu\/proizvod\/cannavis-tagescreme\/"},"modified":"2026-02-12T13:55:16","modified_gmt":"2026-02-12T11:55:16","slug":"cannavis-tagescreme","status":"publish","type":"product","link":"https:\/\/cannavis.eu\/de\/proizvodi\/cannavis-tagescreme\/","title":{"rendered":"CannaVis Tagescreme"},"content":{"rendered":"<p>Unser neues Produkt aus der CannaVis-Kosmetiklinie \u2013 CannaVis Tagescreme!<br \/>\nDa die Haut das gr\u00f6\u00dfte Organ ist, ist es logisch, dass sie gesund und sauber gehalten wird. Deshalb m\u00fcssen wir sicherstellen, dass unsere Haut hydratisiert und sauber ist.<br \/>\nDie Gesichtshaut ist sehr empfindlich und ben\u00f6tigt daher besondere Pflege. Dabei ist es sehr wichtig, f\u00fcr die Gesichtspflege nur nat\u00fcrliche Inhaltsstoffe zu verwenden, die Ihre Haut nicht sch\u00e4digen und sie nicht noch weiter austrocknen.<br \/>\nT\u00e4gliche Gesichtscremes sollen die Haut vor sch\u00e4dlichen Umwelteinfl\u00fcssen sch\u00fctzen, Ihre Haut mit Feuchtigkeit versorgen und einer vorzeitigen Hautalterung vorbeugen.<br \/>\nDie Haut verf\u00fcgt \u00fcber M\u00f6glichkeiten, die Feuchtigkeit auf nat\u00fcrliche Weise zu bewahren, aber wenn wir sie durch eine hei\u00dfe Dusche austrocknen oder K\u00e4lte ausgesetzt sind, m\u00fcssen wir ihr helfen.<br \/>\nDeshalb pr\u00e4sentieren wir Ihnen die CannaVis Tagescreme f\u00fcr Gesicht und K\u00f6rper, die Aloe Vera, Hanf\u00f6l, Coenzym Q10, Panthenol und gr\u00fcnen Tee enth\u00e4lt, die zusammen die perfekte Kombination zum Schutz und zur Feuchtigkeitsversorgung Ihrer Haut bilden.<\/p>\n<p>Warum Aloe Vera in der Tagescreme? Wir nennen Ihnen 6 Gr\u00fcnde<br \/>\n&#8211; Hilft bei der Linderung von Sonnenbrand<br \/>\n&#8211; Hilft, die Haut mit Feuchtigkeit zu versorgen<br \/>\n&#8211; F\u00f6rdert die Wundheilung<br \/>\n&#8211; Bek\u00e4mpft die Hautalterung<br \/>\n&#8211; Reduziert Infektionen und Akne<br \/>\n&#8211; Hellt Flecken im Gesicht auf<\/p>\n<p>Warum Hanf\u00f6l in einer Tagescreme? Wir werden mindestens 5 Gr\u00fcnde auflisten<br \/>\n&#8211; Reduziert Entz\u00fcndungen<br \/>\n&#8211; Spendet intensiv Feuchtigkeit<br \/>\n&#8211; Enth\u00e4lt Anti-Aging-Eigenschaften (Vitamine A, C, E, F und Fetts\u00e4uren)<br \/>\n&#8211; Verhindert vorzeitiges Altern<br \/>\n&#8211; Lindert Stress<\/p>\n<p>Warum Coenzym Q10 in einer Tagescreme? Wir werden 4 Gr\u00fcnde auflisten<br \/>\n&#8211; Verbessert die Hautelastizit\u00e4t<br \/>\n&#8211; Reduziert das Auftreten von Falten<br \/>\n&#8211; Gleicht den Hautton aus<br \/>\n&#8211; Erh\u00f6ht den Zellumsatz<br \/>\nWenn Sie sich nicht sicher sind, welche Creme Sie ben\u00f6tigen, suchen Sie nicht weiter, es gibt eine einzige CannaVis-Tagescreme f\u00fcr Gesicht und K\u00f6rper, die alles enth\u00e4lt, was Ihre Haut braucht, um gesund zu sein.<\/p>\n<p>Die CannaVis-Tagescreme spendet Feuchtigkeit, sch\u00fctzt und verleiht der Haut Glanz, denn die CannaVis-Maschine arbeitet Tag und Nacht f\u00fcr Sie und hilft bei trockener Haut.<\/p>\n<p>Zutaten Tagescreme:<br \/>\nCoenzym Q10<\/p>\n<p>Hanf\u00f6l<\/p>\n<p>Aloe Vera<\/p>\n<p>Gr\u00fcner Tee Extrakt<\/p>\n<p>Panthenol<\/p>\n<p>Bringt auf den Markt:<\/p>\n<p>Karika Vis doo<\/p>\n<p>Donje Kunjanovo 6<\/p>\n<p>21480 Vis<\/p>\n","protected":false},"excerpt":{"rendered":"<pre id=\"tw-target-text\" class=\"tw-data-text tw-text-large tw-ta\" dir=\"ltr\" data-placeholder=\"Prijevod\" data-ved=\"2ahUKEwiqr_Dtu8SEAxWQhf0HHb8bDpwQ3ewLegQIBRAU\"><span class=\"Y2IQFc\" lang=\"de\">Diese Tagescreme ist ideal f\u00fcr die t\u00e4gliche Anwendung, um die Haut mit Feuchtigkeit zu versorgen, elastisch und gesund zu halten.\r\n\r\nEs enth\u00e4lt sorgf\u00e4ltig ausgew\u00e4hlte Inhaltsstoffe, die die Haut mit Feuchtigkeit versorgen, sie vor Sonnenstrahlen und \u00e4u\u00dferen sch\u00e4dlichen Faktoren sch\u00fctzen und sie strahlend und gesund machen.\r\n\r\nSein leichtes Hautgef\u00fchl und die schnelle Absorption machen es zu einer perfekten Erg\u00e4nzung Ihrer t\u00e4glichen Sch\u00f6nheitsroutine.\r\n\r\nMachen Sie die CannaVis-Tagescreme zu Ihrer ersten und einzigen Wahl f\u00fcr die Sch\u00f6nheit und Gesundheit Ihrer Haut.<\/span><\/pre>\n","protected":false},"featured_media":4416,"comment_status":"open","ping_status":"closed","template":"","meta":{"_eb_attr":"","_joinchat":[]},"product_brand":[],"product_cat":[143],"product_tag":[1144,169,1156,1152,1098,635],"class_list":{"0":"post-2883","1":"product","2":"type-product","3":"status-publish","4":"has-post-thumbnail","6":"product_cat-cannavis-kosmetik","7":"product_tag-bio-kosmetik","8":"product_tag-kosmetika","9":"product_tag-naturliche-creme","10":"product_tag-naturliche-tagescreme","11":"product_tag-okologische-kosmetik","12":"product_tag-tagescreme","14":"first","15":"instock","16":"sale","17":"shipping-taxable","18":"purchasable","19":"product-type-simple"},"yoast_head":"<!-- This site is optimized with the Yoast SEO plugin v27.4 - https:\/\/yoast.com\/product\/yoast-seo-wordpress\/ -->\n<title>CannaVis Tagescreme - Cannavis konoplja sa otoka Visa<\/title>\n<meta name=\"robots\" content=\"index, follow, max-snippet:-1, max-image-preview:large, max-video-preview:-1\" \/>\n<link rel=\"canonical\" href=\"https:\/\/cannavis.eu\/de\/proizvodi\/cannavis-tagescreme\/\" \/>\n<meta property=\"og:locale\" content=\"de_DE\" \/>\n<meta property=\"og:type\" content=\"article\" \/>\n<meta property=\"og:title\" content=\"CannaVis Tagescreme - Cannavis konoplja sa otoka Visa\" \/>\n<meta property=\"og:description\" content=\"Diese Tagescreme ist ideal f\u00fcr die t\u00e4gliche Anwendung, um die Haut mit Feuchtigkeit zu versorgen, elastisch und gesund zu halten.  Es enth\u00e4lt sorgf\u00e4ltig ausgew\u00e4hlte Inhaltsstoffe, die die Haut mit Feuchtigkeit versorgen, sie vor Sonnenstrahlen und \u00e4u\u00dferen sch\u00e4dlichen Faktoren sch\u00fctzen und sie strahlend und gesund machen.  Sein leichtes Hautgef\u00fchl und die schnelle Absorption machen es zu einer perfekten Erg\u00e4nzung Ihrer t\u00e4glichen Sch\u00f6nheitsroutine.  Machen Sie die CannaVis-Tagescreme zu Ihrer ersten und einzigen Wahl f\u00fcr die Sch\u00f6nheit und Gesundheit Ihrer Haut.\" \/>\n<meta property=\"og:url\" content=\"https:\/\/cannavis.eu\/de\/proizvodi\/cannavis-tagescreme\/\" \/>\n<meta property=\"og:site_name\" content=\"Cannavis konoplja sa otoka Visa\" \/>\n<meta property=\"article:modified_time\" content=\"2026-02-12T11:55:16+00:00\" \/>\n<meta property=\"og:image\" content=\"https:\/\/cannavis.eu\/wp-content\/uploads\/2024\/01\/CannaVis-dnevna-krema.png\" \/>\n\t<meta property=\"og:image:width\" content=\"800\" \/>\n\t<meta property=\"og:image:height\" content=\"800\" \/>\n\t<meta property=\"og:image:type\" content=\"image\/png\" \/>\n<meta name=\"twitter:card\" content=\"summary_large_image\" \/>\n<meta name=\"twitter:label1\" content=\"Gesch\u00e4tzte Lesezeit\" \/>\n\t<meta name=\"twitter:data1\" content=\"2\u00a0Minuten\" \/>\n<script type=\"application\/ld+json\" class=\"yoast-schema-graph\">{\"@context\":\"https:\\\/\\\/schema.org\",\"@graph\":[{\"@type\":\"WebPage\",\"@id\":\"https:\\\/\\\/cannavis.eu\\\/de\\\/proizvodi\\\/cannavis-tagescreme\\\/\",\"url\":\"https:\\\/\\\/cannavis.eu\\\/de\\\/proizvodi\\\/cannavis-tagescreme\\\/\",\"name\":\"CannaVis Tagescreme - Cannavis konoplja sa otoka Visa\",\"isPartOf\":{\"@id\":\"https:\\\/\\\/cannavis.eu\\\/de\\\/#website\"},\"primaryImageOfPage\":{\"@id\":\"https:\\\/\\\/cannavis.eu\\\/de\\\/proizvodi\\\/cannavis-tagescreme\\\/#primaryimage\"},\"image\":{\"@id\":\"https:\\\/\\\/cannavis.eu\\\/de\\\/proizvodi\\\/cannavis-tagescreme\\\/#primaryimage\"},\"thumbnailUrl\":\"https:\\\/\\\/cannavis.eu\\\/wp-content\\\/uploads\\\/2024\\\/01\\\/CannaVis-dnevna-krema.png\",\"datePublished\":\"2024-01-16T12:58:36+00:00\",\"dateModified\":\"2026-02-12T11:55:16+00:00\",\"breadcrumb\":{\"@id\":\"https:\\\/\\\/cannavis.eu\\\/de\\\/proizvodi\\\/cannavis-tagescreme\\\/#breadcrumb\"},\"inLanguage\":\"de\",\"potentialAction\":[{\"@type\":\"ReadAction\",\"target\":[\"https:\\\/\\\/cannavis.eu\\\/de\\\/proizvodi\\\/cannavis-tagescreme\\\/\"]}]},{\"@type\":\"ImageObject\",\"inLanguage\":\"de\",\"@id\":\"https:\\\/\\\/cannavis.eu\\\/de\\\/proizvodi\\\/cannavis-tagescreme\\\/#primaryimage\",\"url\":\"https:\\\/\\\/cannavis.eu\\\/wp-content\\\/uploads\\\/2024\\\/01\\\/CannaVis-dnevna-krema.png\",\"contentUrl\":\"https:\\\/\\\/cannavis.eu\\\/wp-content\\\/uploads\\\/2024\\\/01\\\/CannaVis-dnevna-krema.png\",\"width\":800,\"height\":800},{\"@type\":\"BreadcrumbList\",\"@id\":\"https:\\\/\\\/cannavis.eu\\\/de\\\/proizvodi\\\/cannavis-tagescreme\\\/#breadcrumb\",\"itemListElement\":[{\"@type\":\"ListItem\",\"position\":1,\"name\":\"Home\",\"item\":\"https:\\\/\\\/cannavis.eu\\\/de\\\/\"},{\"@type\":\"ListItem\",\"position\":2,\"name\":\"Produkte\",\"item\":\"https:\\\/\\\/cannavis.eu\\\/de\\\/produkte\\\/\"},{\"@type\":\"ListItem\",\"position\":3,\"name\":\"CannaVis Tagescreme\"}]},{\"@type\":\"WebSite\",\"@id\":\"https:\\\/\\\/cannavis.eu\\\/de\\\/#website\",\"url\":\"https:\\\/\\\/cannavis.eu\\\/de\\\/\",\"name\":\"Cannavis konoplja sa otoka Visa\",\"description\":\"CannaVis industrijska konoplja cvijet sa otoka Visa\",\"publisher\":{\"@id\":\"https:\\\/\\\/cannavis.eu\\\/de\\\/#organization\"},\"potentialAction\":[{\"@type\":\"SearchAction\",\"target\":{\"@type\":\"EntryPoint\",\"urlTemplate\":\"https:\\\/\\\/cannavis.eu\\\/de\\\/?s={search_term_string}\"},\"query-input\":{\"@type\":\"PropertyValueSpecification\",\"valueRequired\":true,\"valueName\":\"search_term_string\"}}],\"inLanguage\":\"de\"},{\"@type\":\"Organization\",\"@id\":\"https:\\\/\\\/cannavis.eu\\\/de\\\/#organization\",\"name\":\"Cannavis konoplja sa otoka Visa\",\"url\":\"https:\\\/\\\/cannavis.eu\\\/de\\\/\",\"logo\":{\"@type\":\"ImageObject\",\"inLanguage\":\"de\",\"@id\":\"https:\\\/\\\/cannavis.eu\\\/de\\\/#\\\/schema\\\/logo\\\/image\\\/\",\"url\":\"https:\\\/\\\/cannavis.eu\\\/wp-content\\\/uploads\\\/2021\\\/06\\\/CannaVis-logo.png\",\"contentUrl\":\"https:\\\/\\\/cannavis.eu\\\/wp-content\\\/uploads\\\/2021\\\/06\\\/CannaVis-logo.png\",\"width\":160,\"height\":65,\"caption\":\"Cannavis konoplja sa otoka Visa\"},\"image\":{\"@id\":\"https:\\\/\\\/cannavis.eu\\\/de\\\/#\\\/schema\\\/logo\\\/image\\\/\"}}]}<\/script>\n<!-- \/ Yoast SEO plugin. -->","yoast_head_json":{"title":"CannaVis Tagescreme - Cannavis konoplja sa otoka Visa","robots":{"index":"index","follow":"follow","max-snippet":"max-snippet:-1","max-image-preview":"max-image-preview:large","max-video-preview":"max-video-preview:-1"},"canonical":"https:\/\/cannavis.eu\/de\/proizvodi\/cannavis-tagescreme\/","og_locale":"de_DE","og_type":"article","og_title":"CannaVis Tagescreme - Cannavis konoplja sa otoka Visa","og_description":"Diese Tagescreme ist ideal f\u00fcr die t\u00e4gliche Anwendung, um die Haut mit Feuchtigkeit zu versorgen, elastisch und gesund zu halten.  Es enth\u00e4lt sorgf\u00e4ltig ausgew\u00e4hlte Inhaltsstoffe, die die Haut mit Feuchtigkeit versorgen, sie vor Sonnenstrahlen und \u00e4u\u00dferen sch\u00e4dlichen Faktoren sch\u00fctzen und sie strahlend und gesund machen.  Sein leichtes Hautgef\u00fchl und die schnelle Absorption machen es zu einer perfekten Erg\u00e4nzung Ihrer t\u00e4glichen Sch\u00f6nheitsroutine.  Machen Sie die CannaVis-Tagescreme zu Ihrer ersten und einzigen Wahl f\u00fcr die Sch\u00f6nheit und Gesundheit Ihrer Haut.","og_url":"https:\/\/cannavis.eu\/de\/proizvodi\/cannavis-tagescreme\/","og_site_name":"Cannavis konoplja sa otoka Visa","article_modified_time":"2026-02-12T11:55:16+00:00","og_image":[{"width":800,"height":800,"url":"https:\/\/cannavis.eu\/wp-content\/uploads\/2024\/01\/CannaVis-dnevna-krema.png","type":"image\/png"}],"twitter_card":"summary_large_image","twitter_misc":{"Gesch\u00e4tzte Lesezeit":"2\u00a0Minuten"},"schema":{"@context":"https:\/\/schema.org","@graph":[{"@type":"WebPage","@id":"https:\/\/cannavis.eu\/de\/proizvodi\/cannavis-tagescreme\/","url":"https:\/\/cannavis.eu\/de\/proizvodi\/cannavis-tagescreme\/","name":"CannaVis Tagescreme - Cannavis konoplja sa otoka Visa","isPartOf":{"@id":"https:\/\/cannavis.eu\/de\/#website"},"primaryImageOfPage":{"@id":"https:\/\/cannavis.eu\/de\/proizvodi\/cannavis-tagescreme\/#primaryimage"},"image":{"@id":"https:\/\/cannavis.eu\/de\/proizvodi\/cannavis-tagescreme\/#primaryimage"},"thumbnailUrl":"https:\/\/cannavis.eu\/wp-content\/uploads\/2024\/01\/CannaVis-dnevna-krema.png","datePublished":"2024-01-16T12:58:36+00:00","dateModified":"2026-02-12T11:55:16+00:00","breadcrumb":{"@id":"https:\/\/cannavis.eu\/de\/proizvodi\/cannavis-tagescreme\/#breadcrumb"},"inLanguage":"de","potentialAction":[{"@type":"ReadAction","target":["https:\/\/cannavis.eu\/de\/proizvodi\/cannavis-tagescreme\/"]}]},{"@type":"ImageObject","inLanguage":"de","@id":"https:\/\/cannavis.eu\/de\/proizvodi\/cannavis-tagescreme\/#primaryimage","url":"https:\/\/cannavis.eu\/wp-content\/uploads\/2024\/01\/CannaVis-dnevna-krema.png","contentUrl":"https:\/\/cannavis.eu\/wp-content\/uploads\/2024\/01\/CannaVis-dnevna-krema.png","width":800,"height":800},{"@type":"BreadcrumbList","@id":"https:\/\/cannavis.eu\/de\/proizvodi\/cannavis-tagescreme\/#breadcrumb","itemListElement":[{"@type":"ListItem","position":1,"name":"Home","item":"https:\/\/cannavis.eu\/de\/"},{"@type":"ListItem","position":2,"name":"Produkte","item":"https:\/\/cannavis.eu\/de\/produkte\/"},{"@type":"ListItem","position":3,"name":"CannaVis Tagescreme"}]},{"@type":"WebSite","@id":"https:\/\/cannavis.eu\/de\/#website","url":"https:\/\/cannavis.eu\/de\/","name":"Cannavis konoplja sa otoka Visa","description":"CannaVis industrijska konoplja cvijet sa otoka Visa","publisher":{"@id":"https:\/\/cannavis.eu\/de\/#organization"},"potentialAction":[{"@type":"SearchAction","target":{"@type":"EntryPoint","urlTemplate":"https:\/\/cannavis.eu\/de\/?s={search_term_string}"},"query-input":{"@type":"PropertyValueSpecification","valueRequired":true,"valueName":"search_term_string"}}],"inLanguage":"de"},{"@type":"Organization","@id":"https:\/\/cannavis.eu\/de\/#organization","name":"Cannavis konoplja sa otoka Visa","url":"https:\/\/cannavis.eu\/de\/","logo":{"@type":"ImageObject","inLanguage":"de","@id":"https:\/\/cannavis.eu\/de\/#\/schema\/logo\/image\/","url":"https:\/\/cannavis.eu\/wp-content\/uploads\/2021\/06\/CannaVis-logo.png","contentUrl":"https:\/\/cannavis.eu\/wp-content\/uploads\/2021\/06\/CannaVis-logo.png","width":160,"height":65,"caption":"Cannavis konoplja sa otoka Visa"},"image":{"@id":"https:\/\/cannavis.eu\/de\/#\/schema\/logo\/image\/"}}]}},"jetpack_sharing_enabled":true,"_links":{"self":[{"href":"https:\/\/cannavis.eu\/de\/wp-json\/wp\/v2\/product\/2883","targetHints":{"allow":["GET"]}}],"collection":[{"href":"https:\/\/cannavis.eu\/de\/wp-json\/wp\/v2\/product"}],"about":[{"href":"https:\/\/cannavis.eu\/de\/wp-json\/wp\/v2\/types\/product"}],"replies":[{"embeddable":true,"href":"https:\/\/cannavis.eu\/de\/wp-json\/wp\/v2\/comments?post=2883"}],"wp:featuredmedia":[{"embeddable":true,"href":"https:\/\/cannavis.eu\/de\/wp-json\/wp\/v2\/media\/4416"}],"wp:attachment":[{"href":"https:\/\/cannavis.eu\/de\/wp-json\/wp\/v2\/media?parent=2883"}],"wp:term":[{"taxonomy":"product_brand","embeddable":true,"href":"https:\/\/cannavis.eu\/de\/wp-json\/wp\/v2\/product_brand?post=2883"},{"taxonomy":"product_cat","embeddable":true,"href":"https:\/\/cannavis.eu\/de\/wp-json\/wp\/v2\/product_cat?post=2883"},{"taxonomy":"product_tag","embeddable":true,"href":"https:\/\/cannavis.eu\/de\/wp-json\/wp\/v2\/product_tag?post=2883"}],"curies":[{"name":"wp","href":"https:\/\/api.w.org\/{rel}","templated":true}]}}