{"id":2889,"date":"2024-01-04T15:05:47","date_gmt":"2024-01-04T15:05:47","guid":{"rendered":"https:\/\/cannavis.eu\/proizvod\/cannavis-anti-aging-cbd-serum\/"},"modified":"2026-03-21T10:03:30","modified_gmt":"2026-03-21T08:03:30","slug":"cannavis-anti-aging-cbd-serum","status":"publish","type":"product","link":"https:\/\/cannavis.eu\/de\/proizvodi\/cannavis-anti-aging-cbd-serum\/","title":{"rendered":"Cannavis Anti-Aging CBD-Serum"},"content":{"rendered":"<p>Das Cannavis Anti-Aging CBD-Serum ist das neueste Produkt aus der CannaVis-Kosmetiklinie.<\/p>\n<p>&nbsp;<\/p>\n<p>CannaVis pr\u00e4sentiert sein revolution\u00e4res CBD-Anti-Aging-Serum, das eine erstklassige Hautpflege bietet und die Zeichen der Hautalterung bek\u00e4mpft. Dieses Serum kombiniert die Kraft von CBD mit innovativen Inhaltsstoffen und bietet eine einzigartige Formel, die die Haut n\u00e4hrt, mit Feuchtigkeit versorgt und revitalisiert.<\/p>\n<p>Das Serum ist mit Vitaminen, \u00e4therischen \u00d6len und Pflanzenextrakten angereichert, die die Kollagenproduktion anregen und so die Hautelastizit\u00e4t verbessern.<\/p>\n<p>Wir nennen Ihnen einige Gr\u00fcnde, warum CBD gut f\u00fcr Ihre Haut ist<\/p>\n<p>Es hat entz\u00fcndungshemmende Eigenschaften<\/p>\n<p>Kontrolliert die Entstehung von Akne<\/p>\n<p>Spendet der Haut Feuchtigkeit<\/p>\n<p>Beruhigt empfindliche Haut<\/p>\n<p>Reduziert Falten<\/p>\n<p>Verhindert Alterung<\/p>\n<p>Sanft zur Haut<\/p>\n<p>Es wischt den Stress von Ihrem Gesicht<\/p>\n<p>&nbsp;<\/p>\n<p>CBD oder Cannabidiol ist f\u00fcr seine starken antioxidativen Eigenschaften bekannt, die dabei helfen, freie Radikale zu neutralisieren und Hautentz\u00fcndungen zu reduzieren.<\/p>\n<p>CannaVis Anti-Aging-Serum enth\u00e4lt<br \/>\nHanf\u00f6l<\/p>\n<p>Kaviarextrakt<\/p>\n<p>Shea Butter<\/p>\n<p>Konjac-Wurzel<\/p>\n<p>&nbsp;<\/p>\n<p>Kaviarextrakt wird in der Hautpflege verwendet, um die Haut mit Feuchtigkeit zu versorgen, feine Linien aufzuf\u00fcllen und gleichzeitig Entz\u00fcndungen zu reduzieren. Es verbessert die Hautstruktur, da es Omega-3, Antioxidantien und Vitamine enth\u00e4lt.<\/p>\n<p>Sheabutter ist aufgrund ihrer wohltuenden Wirkung ein wesentlicher Bestandteil der Haut- und Haarpflege. Sheabutter enth\u00e4lt Fetts\u00e4uren, die die Haut schmieren und feucht halten. Es enth\u00e4lt entz\u00fcndungshemmende Stoffe und wird bei Sonnenbrand, rissiger Haut und gereizter Haut eingesetzt.<\/p>\n<p>Es enth\u00e4lt zwei weitere nat\u00fcrliche Antioxidantien, die im Kampf gegen das Altern unerl\u00e4sslich sind, n\u00e4mlich Vitamin A und Vitamin E.<\/p>\n<p>Konjakwurzel ist ein erstaunlicher Inhaltsstoff in der Hautpflege, da sie ein hohes Ma\u00df an Feuchtigkeit speichert, Falten gl\u00e4ttet und unsere Epidermis gesund h\u00e4lt. Bei t\u00e4glicher Anwendung von Konjac werden Sie einen glatten und strahlenden Teint sehen, den Sie nicht verbergen k\u00f6nnen.<\/p>\n<p>&nbsp;<\/p>\n<p>Diese leichte Formel zieht schnell ein, hinterl\u00e4sst keine fettigen R\u00fcckst\u00e4nde und sorgt f\u00fcr ein sofortiges Feuchtigkeitsgef\u00fchl. Durch die regelm\u00e4\u00dfige Anwendung des Cannavis Anti-Aging CBD-Serums werden Sie eine Reduzierung feiner Linien und F\u00e4ltchen, einen verbesserten Hautton und eine allgemeine Revitalisierung des Hautbildes feststellen.<\/p>\n<p>&nbsp;<\/p>\n<p>CannaVisa hat sorgf\u00e4ltig CBD-Extrakte h\u00f6chster Qualit\u00e4t ausgew\u00e4hlt, um maximale Vorteile f\u00fcr die Haut zu gew\u00e4hrleisten.<\/p>\n<p>Probieren Sie das Anti-Aging-Serum CannaVis CBD aus und erleben Sie die Transformation Ihrer Haut mit der absoluten Sicherheit und Qualit\u00e4t, die dieses hervorragende Serum bietet.<\/p>\n<p>Wenn Sie nach einem Anti-Aging-Serum mit Hanf suchen, sind Sie hier genau richtig.<\/p>\n<p>Verpackung: 50 ml<\/p>\n<p>An einem k\u00fchlen und dunklen Ort aufbewahren<\/p>\n<p>Zutaten: Aqua, Squalan, Glycerin, Panthenol, Buttyrospermum Parkii-Butter, Oleylerucat, Cannabis-Sativa-Samen\u00f6l, Glyceryl, Oleat, Tocopherylacetat, Glycerstearat, Polyacrylamid, Kaviarextrakt, Cannabidiol, Kamelie, Synensis-Blattextrakt, Amorolphellus-Konjakwurzelextrakt, Phenoxyethanol, Propylenglykol, Laureth-7, C13-14 Isoparaffin Ethylhexylglycetin, Parf\u00fcm, Alpha-Isomethylionon.<\/p>\n<p>Gemacht f\u00fcr:<\/p>\n<p>Karika Vis doo<\/p>\n<p>Donje Kunjanovo 6<\/p>\n<p>21480 Vis<br \/>\n&nbsp;<\/p>\n<p>&nbsp;<\/p>\n<p>&nbsp;<\/p>\n<p>&nbsp;<\/p>\n<p>&nbsp;<\/p>\n<p>&nbsp;<\/p>\n","protected":false},"excerpt":{"rendered":"<p>F\u00fcr eine revitalisierte und jugendliche Haut w\u00e4hlen Sie das Anti-Aging-Serum von CannaVis, das nat\u00fcrliche Inhaltsstoffe mit starken Antioxidantien enth\u00e4lt<\/p>\n<p>damit Ihre Haut strahlend und jugendlich aussieht.<\/p>\n<p>Reduzieren Sie die Belastung Ihrer Haut und lassen Sie sie altern.<\/p>\n","protected":false},"featured_media":4403,"comment_status":"open","ping_status":"closed","template":"","meta":{"_eb_attr":"","_joinchat":[]},"product_brand":[],"product_cat":[143],"product_tag":[902,631,1178,1164,169],"class_list":{"0":"post-2889","1":"product","2":"type-product","3":"status-publish","4":"has-post-thumbnail","6":"product_cat-cannavis-kosmetik","7":"product_tag-anti-aging","8":"product_tag-cbd-serum-de","9":"product_tag-gegen-das-altern","10":"product_tag-gegen-falten","11":"product_tag-kosmetika","13":"first","14":"instock","15":"shipping-taxable","16":"purchasable","17":"product-type-simple"},"yoast_head":"<!-- This site is optimized with the Yoast SEO plugin v27.3 - https:\/\/yoast.com\/product\/yoast-seo-wordpress\/ -->\n<title>Cannavis Anti-Aging CBD-Serum - Cannavis konoplja sa otoka Visa<\/title>\n<meta name=\"robots\" content=\"index, follow, max-snippet:-1, max-image-preview:large, max-video-preview:-1\" \/>\n<link rel=\"canonical\" href=\"https:\/\/cannavis.eu\/de\/proizvodi\/cannavis-anti-aging-cbd-serum\/\" \/>\n<meta property=\"og:locale\" content=\"de_DE\" \/>\n<meta property=\"og:type\" content=\"article\" \/>\n<meta property=\"og:title\" content=\"Cannavis Anti-Aging CBD-Serum - Cannavis konoplja sa otoka Visa\" \/>\n<meta property=\"og:description\" content=\"F\u00fcr eine revitalisierte und jugendliche Haut w\u00e4hlen Sie das Anti-Aging-Serum von CannaVis, das nat\u00fcrliche Inhaltsstoffe mit starken Antioxidantien enth\u00e4lt  damit Ihre Haut strahlend und jugendlich aussieht.  Reduzieren Sie die Belastung Ihrer Haut und lassen Sie sie altern.\" \/>\n<meta property=\"og:url\" content=\"https:\/\/cannavis.eu\/de\/proizvodi\/cannavis-anti-aging-cbd-serum\/\" \/>\n<meta property=\"og:site_name\" content=\"Cannavis konoplja sa otoka Visa\" \/>\n<meta property=\"article:modified_time\" content=\"2026-03-21T08:03:30+00:00\" \/>\n<meta property=\"og:image\" content=\"https:\/\/cannavis.eu\/wp-content\/uploads\/2024\/01\/CannaVis-CBD-anti-age-serum.png\" \/>\n\t<meta property=\"og:image:width\" content=\"800\" \/>\n\t<meta property=\"og:image:height\" content=\"800\" \/>\n\t<meta property=\"og:image:type\" content=\"image\/png\" \/>\n<meta name=\"twitter:card\" content=\"summary_large_image\" \/>\n<meta name=\"twitter:label1\" content=\"Gesch\u00e4tzte Lesezeit\" \/>\n\t<meta name=\"twitter:data1\" content=\"2\u00a0Minuten\" \/>\n<script type=\"application\/ld+json\" class=\"yoast-schema-graph\">{\"@context\":\"https:\\\/\\\/schema.org\",\"@graph\":[{\"@type\":\"WebPage\",\"@id\":\"https:\\\/\\\/cannavis.eu\\\/de\\\/proizvodi\\\/cannavis-anti-aging-cbd-serum\\\/\",\"url\":\"https:\\\/\\\/cannavis.eu\\\/de\\\/proizvodi\\\/cannavis-anti-aging-cbd-serum\\\/\",\"name\":\"Cannavis Anti-Aging CBD-Serum - Cannavis konoplja sa otoka Visa\",\"isPartOf\":{\"@id\":\"https:\\\/\\\/cannavis.eu\\\/de\\\/#website\"},\"primaryImageOfPage\":{\"@id\":\"https:\\\/\\\/cannavis.eu\\\/de\\\/proizvodi\\\/cannavis-anti-aging-cbd-serum\\\/#primaryimage\"},\"image\":{\"@id\":\"https:\\\/\\\/cannavis.eu\\\/de\\\/proizvodi\\\/cannavis-anti-aging-cbd-serum\\\/#primaryimage\"},\"thumbnailUrl\":\"https:\\\/\\\/cannavis.eu\\\/wp-content\\\/uploads\\\/2024\\\/01\\\/CannaVis-CBD-anti-age-serum.png\",\"datePublished\":\"2024-01-04T15:05:47+00:00\",\"dateModified\":\"2026-03-21T08:03:30+00:00\",\"breadcrumb\":{\"@id\":\"https:\\\/\\\/cannavis.eu\\\/de\\\/proizvodi\\\/cannavis-anti-aging-cbd-serum\\\/#breadcrumb\"},\"inLanguage\":\"de\",\"potentialAction\":[{\"@type\":\"ReadAction\",\"target\":[\"https:\\\/\\\/cannavis.eu\\\/de\\\/proizvodi\\\/cannavis-anti-aging-cbd-serum\\\/\"]}]},{\"@type\":\"ImageObject\",\"inLanguage\":\"de\",\"@id\":\"https:\\\/\\\/cannavis.eu\\\/de\\\/proizvodi\\\/cannavis-anti-aging-cbd-serum\\\/#primaryimage\",\"url\":\"https:\\\/\\\/cannavis.eu\\\/wp-content\\\/uploads\\\/2024\\\/01\\\/CannaVis-CBD-anti-age-serum.png\",\"contentUrl\":\"https:\\\/\\\/cannavis.eu\\\/wp-content\\\/uploads\\\/2024\\\/01\\\/CannaVis-CBD-anti-age-serum.png\",\"width\":800,\"height\":800},{\"@type\":\"BreadcrumbList\",\"@id\":\"https:\\\/\\\/cannavis.eu\\\/de\\\/proizvodi\\\/cannavis-anti-aging-cbd-serum\\\/#breadcrumb\",\"itemListElement\":[{\"@type\":\"ListItem\",\"position\":1,\"name\":\"Home\",\"item\":\"https:\\\/\\\/cannavis.eu\\\/de\\\/\"},{\"@type\":\"ListItem\",\"position\":2,\"name\":\"Produkte\",\"item\":\"https:\\\/\\\/cannavis.eu\\\/de\\\/produkte\\\/\"},{\"@type\":\"ListItem\",\"position\":3,\"name\":\"Cannavis Anti-Aging CBD-Serum\"}]},{\"@type\":\"WebSite\",\"@id\":\"https:\\\/\\\/cannavis.eu\\\/de\\\/#website\",\"url\":\"https:\\\/\\\/cannavis.eu\\\/de\\\/\",\"name\":\"Cannavis konoplja sa otoka Visa\",\"description\":\"CannaVis industrijska konoplja cvijet sa otoka Visa\",\"publisher\":{\"@id\":\"https:\\\/\\\/cannavis.eu\\\/de\\\/#organization\"},\"potentialAction\":[{\"@type\":\"SearchAction\",\"target\":{\"@type\":\"EntryPoint\",\"urlTemplate\":\"https:\\\/\\\/cannavis.eu\\\/de\\\/?s={search_term_string}\"},\"query-input\":{\"@type\":\"PropertyValueSpecification\",\"valueRequired\":true,\"valueName\":\"search_term_string\"}}],\"inLanguage\":\"de\"},{\"@type\":\"Organization\",\"@id\":\"https:\\\/\\\/cannavis.eu\\\/de\\\/#organization\",\"name\":\"Cannavis konoplja sa otoka Visa\",\"url\":\"https:\\\/\\\/cannavis.eu\\\/de\\\/\",\"logo\":{\"@type\":\"ImageObject\",\"inLanguage\":\"de\",\"@id\":\"https:\\\/\\\/cannavis.eu\\\/de\\\/#\\\/schema\\\/logo\\\/image\\\/\",\"url\":\"https:\\\/\\\/cannavis.eu\\\/wp-content\\\/uploads\\\/2021\\\/06\\\/CannaVis-logo.png\",\"contentUrl\":\"https:\\\/\\\/cannavis.eu\\\/wp-content\\\/uploads\\\/2021\\\/06\\\/CannaVis-logo.png\",\"width\":160,\"height\":65,\"caption\":\"Cannavis konoplja sa otoka Visa\"},\"image\":{\"@id\":\"https:\\\/\\\/cannavis.eu\\\/de\\\/#\\\/schema\\\/logo\\\/image\\\/\"}}]}<\/script>\n<!-- \/ Yoast SEO plugin. -->","yoast_head_json":{"title":"Cannavis Anti-Aging CBD-Serum - Cannavis konoplja sa otoka Visa","robots":{"index":"index","follow":"follow","max-snippet":"max-snippet:-1","max-image-preview":"max-image-preview:large","max-video-preview":"max-video-preview:-1"},"canonical":"https:\/\/cannavis.eu\/de\/proizvodi\/cannavis-anti-aging-cbd-serum\/","og_locale":"de_DE","og_type":"article","og_title":"Cannavis Anti-Aging CBD-Serum - Cannavis konoplja sa otoka Visa","og_description":"F\u00fcr eine revitalisierte und jugendliche Haut w\u00e4hlen Sie das Anti-Aging-Serum von CannaVis, das nat\u00fcrliche Inhaltsstoffe mit starken Antioxidantien enth\u00e4lt  damit Ihre Haut strahlend und jugendlich aussieht.  Reduzieren Sie die Belastung Ihrer Haut und lassen Sie sie altern.","og_url":"https:\/\/cannavis.eu\/de\/proizvodi\/cannavis-anti-aging-cbd-serum\/","og_site_name":"Cannavis konoplja sa otoka Visa","article_modified_time":"2026-03-21T08:03:30+00:00","og_image":[{"width":800,"height":800,"url":"https:\/\/cannavis.eu\/wp-content\/uploads\/2024\/01\/CannaVis-CBD-anti-age-serum.png","type":"image\/png"}],"twitter_card":"summary_large_image","twitter_misc":{"Gesch\u00e4tzte Lesezeit":"2\u00a0Minuten"},"schema":{"@context":"https:\/\/schema.org","@graph":[{"@type":"WebPage","@id":"https:\/\/cannavis.eu\/de\/proizvodi\/cannavis-anti-aging-cbd-serum\/","url":"https:\/\/cannavis.eu\/de\/proizvodi\/cannavis-anti-aging-cbd-serum\/","name":"Cannavis Anti-Aging CBD-Serum - Cannavis konoplja sa otoka Visa","isPartOf":{"@id":"https:\/\/cannavis.eu\/de\/#website"},"primaryImageOfPage":{"@id":"https:\/\/cannavis.eu\/de\/proizvodi\/cannavis-anti-aging-cbd-serum\/#primaryimage"},"image":{"@id":"https:\/\/cannavis.eu\/de\/proizvodi\/cannavis-anti-aging-cbd-serum\/#primaryimage"},"thumbnailUrl":"https:\/\/cannavis.eu\/wp-content\/uploads\/2024\/01\/CannaVis-CBD-anti-age-serum.png","datePublished":"2024-01-04T15:05:47+00:00","dateModified":"2026-03-21T08:03:30+00:00","breadcrumb":{"@id":"https:\/\/cannavis.eu\/de\/proizvodi\/cannavis-anti-aging-cbd-serum\/#breadcrumb"},"inLanguage":"de","potentialAction":[{"@type":"ReadAction","target":["https:\/\/cannavis.eu\/de\/proizvodi\/cannavis-anti-aging-cbd-serum\/"]}]},{"@type":"ImageObject","inLanguage":"de","@id":"https:\/\/cannavis.eu\/de\/proizvodi\/cannavis-anti-aging-cbd-serum\/#primaryimage","url":"https:\/\/cannavis.eu\/wp-content\/uploads\/2024\/01\/CannaVis-CBD-anti-age-serum.png","contentUrl":"https:\/\/cannavis.eu\/wp-content\/uploads\/2024\/01\/CannaVis-CBD-anti-age-serum.png","width":800,"height":800},{"@type":"BreadcrumbList","@id":"https:\/\/cannavis.eu\/de\/proizvodi\/cannavis-anti-aging-cbd-serum\/#breadcrumb","itemListElement":[{"@type":"ListItem","position":1,"name":"Home","item":"https:\/\/cannavis.eu\/de\/"},{"@type":"ListItem","position":2,"name":"Produkte","item":"https:\/\/cannavis.eu\/de\/produkte\/"},{"@type":"ListItem","position":3,"name":"Cannavis Anti-Aging CBD-Serum"}]},{"@type":"WebSite","@id":"https:\/\/cannavis.eu\/de\/#website","url":"https:\/\/cannavis.eu\/de\/","name":"Cannavis konoplja sa otoka Visa","description":"CannaVis industrijska konoplja cvijet sa otoka Visa","publisher":{"@id":"https:\/\/cannavis.eu\/de\/#organization"},"potentialAction":[{"@type":"SearchAction","target":{"@type":"EntryPoint","urlTemplate":"https:\/\/cannavis.eu\/de\/?s={search_term_string}"},"query-input":{"@type":"PropertyValueSpecification","valueRequired":true,"valueName":"search_term_string"}}],"inLanguage":"de"},{"@type":"Organization","@id":"https:\/\/cannavis.eu\/de\/#organization","name":"Cannavis konoplja sa otoka Visa","url":"https:\/\/cannavis.eu\/de\/","logo":{"@type":"ImageObject","inLanguage":"de","@id":"https:\/\/cannavis.eu\/de\/#\/schema\/logo\/image\/","url":"https:\/\/cannavis.eu\/wp-content\/uploads\/2021\/06\/CannaVis-logo.png","contentUrl":"https:\/\/cannavis.eu\/wp-content\/uploads\/2021\/06\/CannaVis-logo.png","width":160,"height":65,"caption":"Cannavis konoplja sa otoka Visa"},"image":{"@id":"https:\/\/cannavis.eu\/de\/#\/schema\/logo\/image\/"}}]}},"jetpack_sharing_enabled":true,"_links":{"self":[{"href":"https:\/\/cannavis.eu\/de\/wp-json\/wp\/v2\/product\/2889","targetHints":{"allow":["GET"]}}],"collection":[{"href":"https:\/\/cannavis.eu\/de\/wp-json\/wp\/v2\/product"}],"about":[{"href":"https:\/\/cannavis.eu\/de\/wp-json\/wp\/v2\/types\/product"}],"replies":[{"embeddable":true,"href":"https:\/\/cannavis.eu\/de\/wp-json\/wp\/v2\/comments?post=2889"}],"wp:featuredmedia":[{"embeddable":true,"href":"https:\/\/cannavis.eu\/de\/wp-json\/wp\/v2\/media\/4403"}],"wp:attachment":[{"href":"https:\/\/cannavis.eu\/de\/wp-json\/wp\/v2\/media?parent=2889"}],"wp:term":[{"taxonomy":"product_brand","embeddable":true,"href":"https:\/\/cannavis.eu\/de\/wp-json\/wp\/v2\/product_brand?post=2889"},{"taxonomy":"product_cat","embeddable":true,"href":"https:\/\/cannavis.eu\/de\/wp-json\/wp\/v2\/product_cat?post=2889"},{"taxonomy":"product_tag","embeddable":true,"href":"https:\/\/cannavis.eu\/de\/wp-json\/wp\/v2\/product_tag?post=2889"}],"curies":[{"name":"wp","href":"https:\/\/api.w.org\/{rel}","templated":true}]}}