{"id":2893,"date":"2023-10-21T09:28:17","date_gmt":"2023-10-21T09:28:17","guid":{"rendered":"https:\/\/cannavis.eu\/proizvod\/cannavis-cbg-pastenoel\/"},"modified":"2026-03-21T08:40:09","modified_gmt":"2026-03-21T06:40:09","slug":"cannavis-cbg-pastenoel","status":"publish","type":"product","link":"https:\/\/cannavis.eu\/de\/proizvodi\/cannavis-cbg-pastenoel\/","title":{"rendered":"CannaVis CBG-Pasten\u00f6l"},"content":{"rendered":"<p>CannaVis CBG-Pasten\u00f6l enth\u00e4lt 77,2 % CBG-Cannabigerol.<\/p>\n<p>Cbg ist ein Cannabinoid, das von Experten oft als die Mutter aller Cannabinoide bezeichnet wird, und die Wirkung von CBG \u00e4hnelt der von CBD.<\/p>\n<p>&nbsp;<\/p>\n<p>Wie CBD kann CBG bei chronischen Schmerzen, Angstzust\u00e4nden, Schlafst\u00f6rungen und anderen Gesundheitsproblemen helfen, seine st\u00e4rkste Wirkung tritt jedoch aufgrund seiner entz\u00fcndungshemmenden Wirkung bei Magen- und Darmbeschwerden auf.<\/p>\n<p>Cbg und CBD sind nicht psychoaktive Verbindungen und wirken entz\u00fcndungshemmend. Ihre molekularen Eigenschaften sind unterschiedlich und haben daher unterschiedliche Wirkungen. Beispielsweise ist CBG ein Appetitanreger, w\u00e4hrend CBD ein Appetitz\u00fcgler ist.<\/p>\n<p>Cbg-Paste-Vollspektrum\u00f6l hat viele Vorteile<br \/>\nRegt den Appetit an<\/p>\n<p>Es hilft bei Schlaflosigkeit<\/p>\n<p>Es wirkt im Kampf gegen Glaukom<\/p>\n<p>Es reduziert die Symptome neurologischer Erkrankungen<\/p>\n<p>Reduziert Parkinson-Symptome<\/p>\n<p>Es hilft bei Huntingtons<\/p>\n<p>Es wirkt bei Morbus Crohn<\/p>\n<p>Es hilft bei Gastritis<\/p>\n<p>Hilft bei Colitis ulcerosa<\/p>\n<p>Es hat eine entz\u00fcndungshemmende Wirkung<\/p>\n<p>Es reduziert Stress<\/p>\n<p>Es hilft bei Angstzust\u00e4nden<\/p>\n<p>Es hilft bei Menstruationsbeschwerden<\/p>\n<p>W\u00e4hrend CBD wegen seines Potenzials zur Regulierung der Stimmung im Rampenlicht steht, gewinnt CBG auch wegen seiner F\u00e4higkeit, mit dem K\u00f6rper auf eine Weise zu interagieren, die eine ausgeglichene Stimmung unterst\u00fctzen k\u00f6nnte, an Aufmerksamkeit, was f\u00fcr diejenigen, die nach nat\u00fcrlichen Inhaltsstoffen forschen, vielversprechend ist.<\/p>\n<p>Egal, ob Sie Stress bew\u00e4ltigen, den Schlaf verbessern, die Erholung nach dem Training unterst\u00fctzen oder einfach Ihr allgemeines Wohlbefinden verbessern m\u00f6chten, Vollspektrum-CBG ist m\u00f6glicherweise die perfekte Wahl f\u00fcr Sie und Ihre Gesundheit.<\/p>\n<p>Hier sind einige allgemeine Richtlinien f\u00fcr die Dosierung von CBG-\u00d6l:<br \/>\nBeginnen Sie mit einer niedrigen Dosis: Wenn Sie gerade erst mit der Verwendung von CBG-\u00d6l beginnen, wird empfohlen, mit einer niedrigen Dosis zu beginnen, normalerweise etwa 5\u201310 mg CBG pro Tag. Dadurch k\u00f6nnen Sie testen, wie Ihr K\u00f6rper auf das Cannabinoid reagiert.<br \/>\nErh\u00f6hen Sie die Dosis schrittweise: Wenn Sie nach einigen Tagen der Anwendung einer niedrigen Dosis nicht die gew\u00fcnschten Wirkungen bemerken, k\u00f6nnen Sie die Dosis schrittweise alle paar Tage erh\u00f6hen. Beobachten Sie die Reaktionen und Symptome Ihres K\u00f6rpers, um die optimale Dosis zu bestimmen.<br \/>\nIndividueller Unterschied: Es ist wichtig zu beachten, dass jeder Mensch anders auf CBG reagieren kann, daher ist die Dosierung individuell. Je nach Verwendungszweck (z. B. zur Schmerz- oder Angstbehandlung) kann die Dosierung variieren.<br \/>\nDie Wahl eines CBG-Produkts mit einem h\u00f6heren Konzentrationsprozentsatz kann sich im Hinblick auf die Wirkungsst\u00e4rke als Vorteil und eine kosteng\u00fcnstigere L\u00f6sung erweisen.<\/p>\n<p>&nbsp;<\/p>\n<p>&nbsp;<\/p>\n<p>&nbsp;<\/p>\n<p>&nbsp;<\/p>\n<p>&nbsp;<\/p>\n<p>&nbsp;<\/p>\n","protected":false},"excerpt":{"rendered":"<p>Sie haben zu viel Stress in Ihrem Leben und wissen nicht, wie Sie ihn reduzieren k\u00f6nnen. F\u00fcr Sie gibt es eine CBG-Paste aus nat\u00fcrlichen Zutaten, die auf \u00f6kologische Weise auf der Insel Vis angebaut werden.<\/p>\n<p>CBG-Paste ist die beste Wahl f\u00fcr Sie, wenn es um Stress, Schmerzen und andere gesundheitliche Probleme geht.<\/p>\n<p>Die CBD-Paste von CannaVis bietet ein perfektes Preis-Leistungs-Verh\u00e4ltnis, da ihr einziger Inhaltsstoff Bl\u00fctenextrakt ist, der auf einem Familienbetrieb hergestellt wird.<\/p>\n<p>Es enth\u00e4lt kein Bienenwachs wie andere Pasten auf dem Markt<\/p>\n","protected":false},"featured_media":6197,"comment_status":"open","ping_status":"closed","template":"","meta":{"_eb_attr":"","_joinchat":[]},"product_brand":[],"product_cat":[146],"product_tag":[1190,633,912,1090,203,200,202,201],"class_list":{"0":"post-2893","1":"product","2":"type-product","3":"status-publish","4":"has-post-thumbnail","6":"product_cat-cbd-cbg-ol-und-paste","7":"product_tag-cannabisharz-de","8":"product_tag-cbd-harz","9":"product_tag-cbg-de","10":"product_tag-cbg-harz","11":"product_tag-gesundheit","12":"product_tag-harz","13":"product_tag-ol","14":"product_tag-stres-de","16":"first","17":"instock","18":"sale","19":"shipping-taxable","20":"purchasable","21":"product-type-simple"},"yoast_head":"<!-- This site is optimized with the Yoast SEO plugin v27.4 - https:\/\/yoast.com\/product\/yoast-seo-wordpress\/ -->\n<title>CannaVis CBG pasta ulje<\/title>\n<meta name=\"description\" content=\"CannaVis CBG pasta ulje odli\u010dan je izbor za protupalno djelovanje za razne tegobe. Sve \u0161to vas zanima o CBG ulju potra\u017eite na na\u0161em blogu\" \/>\n<meta name=\"robots\" content=\"index, follow, max-snippet:-1, max-image-preview:large, max-video-preview:-1\" \/>\n<link rel=\"canonical\" href=\"https:\/\/cannavis.eu\/de\/proizvodi\/cannavis-cbg-pastenoel\/\" \/>\n<meta property=\"og:locale\" content=\"de_DE\" \/>\n<meta property=\"og:type\" content=\"article\" \/>\n<meta property=\"og:title\" content=\"CannaVis CBG pasta ulje\" \/>\n<meta property=\"og:description\" content=\"CannaVis CBG pasta ulje odli\u010dan je izbor za protupalno djelovanje za razne tegobe. Sve \u0161to vas zanima o CBG ulju potra\u017eite na na\u0161em blogu\" \/>\n<meta property=\"og:url\" content=\"https:\/\/cannavis.eu\/de\/proizvodi\/cannavis-cbg-pastenoel\/\" \/>\n<meta property=\"og:site_name\" content=\"Cannavis konoplja sa otoka Visa\" \/>\n<meta property=\"article:modified_time\" content=\"2026-03-21T06:40:09+00:00\" \/>\n<meta property=\"og:image\" content=\"https:\/\/cannavis.eu\/wp-content\/uploads\/2023\/10\/5-ml.png\" \/>\n\t<meta property=\"og:image:width\" content=\"1000\" \/>\n\t<meta property=\"og:image:height\" content=\"1000\" \/>\n\t<meta property=\"og:image:type\" content=\"image\/png\" \/>\n<meta name=\"twitter:card\" content=\"summary_large_image\" \/>\n<meta name=\"twitter:label1\" content=\"Gesch\u00e4tzte Lesezeit\" \/>\n\t<meta name=\"twitter:data1\" content=\"2\u00a0Minuten\" \/>\n<script type=\"application\/ld+json\" class=\"yoast-schema-graph\">{\"@context\":\"https:\\\/\\\/schema.org\",\"@graph\":[{\"@type\":\"WebPage\",\"@id\":\"https:\\\/\\\/cannavis.eu\\\/de\\\/proizvodi\\\/cannavis-cbg-pastenoel\\\/\",\"url\":\"https:\\\/\\\/cannavis.eu\\\/de\\\/proizvodi\\\/cannavis-cbg-pastenoel\\\/\",\"name\":\"CannaVis CBG pasta ulje\",\"isPartOf\":{\"@id\":\"https:\\\/\\\/cannavis.eu\\\/de\\\/#website\"},\"primaryImageOfPage\":{\"@id\":\"https:\\\/\\\/cannavis.eu\\\/de\\\/proizvodi\\\/cannavis-cbg-pastenoel\\\/#primaryimage\"},\"image\":{\"@id\":\"https:\\\/\\\/cannavis.eu\\\/de\\\/proizvodi\\\/cannavis-cbg-pastenoel\\\/#primaryimage\"},\"thumbnailUrl\":\"https:\\\/\\\/cannavis.eu\\\/wp-content\\\/uploads\\\/2023\\\/10\\\/5-ml.png\",\"datePublished\":\"2023-10-21T09:28:17+00:00\",\"dateModified\":\"2026-03-21T06:40:09+00:00\",\"description\":\"CannaVis CBG pasta ulje odli\u010dan je izbor za protupalno djelovanje za razne tegobe. Sve \u0161to vas zanima o CBG ulju potra\u017eite na na\u0161em blogu\",\"breadcrumb\":{\"@id\":\"https:\\\/\\\/cannavis.eu\\\/de\\\/proizvodi\\\/cannavis-cbg-pastenoel\\\/#breadcrumb\"},\"inLanguage\":\"de\",\"potentialAction\":[{\"@type\":\"ReadAction\",\"target\":[\"https:\\\/\\\/cannavis.eu\\\/de\\\/proizvodi\\\/cannavis-cbg-pastenoel\\\/\"]}]},{\"@type\":\"ImageObject\",\"inLanguage\":\"de\",\"@id\":\"https:\\\/\\\/cannavis.eu\\\/de\\\/proizvodi\\\/cannavis-cbg-pastenoel\\\/#primaryimage\",\"url\":\"https:\\\/\\\/cannavis.eu\\\/wp-content\\\/uploads\\\/2023\\\/10\\\/5-ml.png\",\"contentUrl\":\"https:\\\/\\\/cannavis.eu\\\/wp-content\\\/uploads\\\/2023\\\/10\\\/5-ml.png\",\"width\":1000,\"height\":1000,\"caption\":\"CBG smola pasta\"},{\"@type\":\"BreadcrumbList\",\"@id\":\"https:\\\/\\\/cannavis.eu\\\/de\\\/proizvodi\\\/cannavis-cbg-pastenoel\\\/#breadcrumb\",\"itemListElement\":[{\"@type\":\"ListItem\",\"position\":1,\"name\":\"Home\",\"item\":\"https:\\\/\\\/cannavis.eu\\\/de\\\/\"},{\"@type\":\"ListItem\",\"position\":2,\"name\":\"Produkte\",\"item\":\"https:\\\/\\\/cannavis.eu\\\/de\\\/produkte\\\/\"},{\"@type\":\"ListItem\",\"position\":3,\"name\":\"CannaVis CBG-Pasten\u00f6l\"}]},{\"@type\":\"WebSite\",\"@id\":\"https:\\\/\\\/cannavis.eu\\\/de\\\/#website\",\"url\":\"https:\\\/\\\/cannavis.eu\\\/de\\\/\",\"name\":\"Cannavis konoplja sa otoka Visa\",\"description\":\"CannaVis industrijska konoplja cvijet sa otoka Visa\",\"publisher\":{\"@id\":\"https:\\\/\\\/cannavis.eu\\\/de\\\/#organization\"},\"potentialAction\":[{\"@type\":\"SearchAction\",\"target\":{\"@type\":\"EntryPoint\",\"urlTemplate\":\"https:\\\/\\\/cannavis.eu\\\/de\\\/?s={search_term_string}\"},\"query-input\":{\"@type\":\"PropertyValueSpecification\",\"valueRequired\":true,\"valueName\":\"search_term_string\"}}],\"inLanguage\":\"de\"},{\"@type\":\"Organization\",\"@id\":\"https:\\\/\\\/cannavis.eu\\\/de\\\/#organization\",\"name\":\"Cannavis konoplja sa otoka Visa\",\"url\":\"https:\\\/\\\/cannavis.eu\\\/de\\\/\",\"logo\":{\"@type\":\"ImageObject\",\"inLanguage\":\"de\",\"@id\":\"https:\\\/\\\/cannavis.eu\\\/de\\\/#\\\/schema\\\/logo\\\/image\\\/\",\"url\":\"https:\\\/\\\/cannavis.eu\\\/wp-content\\\/uploads\\\/2021\\\/06\\\/CannaVis-logo.png\",\"contentUrl\":\"https:\\\/\\\/cannavis.eu\\\/wp-content\\\/uploads\\\/2021\\\/06\\\/CannaVis-logo.png\",\"width\":160,\"height\":65,\"caption\":\"Cannavis konoplja sa otoka Visa\"},\"image\":{\"@id\":\"https:\\\/\\\/cannavis.eu\\\/de\\\/#\\\/schema\\\/logo\\\/image\\\/\"}}]}<\/script>\n<!-- \/ Yoast SEO plugin. -->","yoast_head_json":{"title":"CannaVis CBG pasta ulje","description":"CannaVis CBG pasta ulje odli\u010dan je izbor za protupalno djelovanje za razne tegobe. Sve \u0161to vas zanima o CBG ulju potra\u017eite na na\u0161em blogu","robots":{"index":"index","follow":"follow","max-snippet":"max-snippet:-1","max-image-preview":"max-image-preview:large","max-video-preview":"max-video-preview:-1"},"canonical":"https:\/\/cannavis.eu\/de\/proizvodi\/cannavis-cbg-pastenoel\/","og_locale":"de_DE","og_type":"article","og_title":"CannaVis CBG pasta ulje","og_description":"CannaVis CBG pasta ulje odli\u010dan je izbor za protupalno djelovanje za razne tegobe. Sve \u0161to vas zanima o CBG ulju potra\u017eite na na\u0161em blogu","og_url":"https:\/\/cannavis.eu\/de\/proizvodi\/cannavis-cbg-pastenoel\/","og_site_name":"Cannavis konoplja sa otoka Visa","article_modified_time":"2026-03-21T06:40:09+00:00","og_image":[{"width":1000,"height":1000,"url":"https:\/\/cannavis.eu\/wp-content\/uploads\/2023\/10\/5-ml.png","type":"image\/png"}],"twitter_card":"summary_large_image","twitter_misc":{"Gesch\u00e4tzte Lesezeit":"2\u00a0Minuten"},"schema":{"@context":"https:\/\/schema.org","@graph":[{"@type":"WebPage","@id":"https:\/\/cannavis.eu\/de\/proizvodi\/cannavis-cbg-pastenoel\/","url":"https:\/\/cannavis.eu\/de\/proizvodi\/cannavis-cbg-pastenoel\/","name":"CannaVis CBG pasta ulje","isPartOf":{"@id":"https:\/\/cannavis.eu\/de\/#website"},"primaryImageOfPage":{"@id":"https:\/\/cannavis.eu\/de\/proizvodi\/cannavis-cbg-pastenoel\/#primaryimage"},"image":{"@id":"https:\/\/cannavis.eu\/de\/proizvodi\/cannavis-cbg-pastenoel\/#primaryimage"},"thumbnailUrl":"https:\/\/cannavis.eu\/wp-content\/uploads\/2023\/10\/5-ml.png","datePublished":"2023-10-21T09:28:17+00:00","dateModified":"2026-03-21T06:40:09+00:00","description":"CannaVis CBG pasta ulje odli\u010dan je izbor za protupalno djelovanje za razne tegobe. Sve \u0161to vas zanima o CBG ulju potra\u017eite na na\u0161em blogu","breadcrumb":{"@id":"https:\/\/cannavis.eu\/de\/proizvodi\/cannavis-cbg-pastenoel\/#breadcrumb"},"inLanguage":"de","potentialAction":[{"@type":"ReadAction","target":["https:\/\/cannavis.eu\/de\/proizvodi\/cannavis-cbg-pastenoel\/"]}]},{"@type":"ImageObject","inLanguage":"de","@id":"https:\/\/cannavis.eu\/de\/proizvodi\/cannavis-cbg-pastenoel\/#primaryimage","url":"https:\/\/cannavis.eu\/wp-content\/uploads\/2023\/10\/5-ml.png","contentUrl":"https:\/\/cannavis.eu\/wp-content\/uploads\/2023\/10\/5-ml.png","width":1000,"height":1000,"caption":"CBG smola pasta"},{"@type":"BreadcrumbList","@id":"https:\/\/cannavis.eu\/de\/proizvodi\/cannavis-cbg-pastenoel\/#breadcrumb","itemListElement":[{"@type":"ListItem","position":1,"name":"Home","item":"https:\/\/cannavis.eu\/de\/"},{"@type":"ListItem","position":2,"name":"Produkte","item":"https:\/\/cannavis.eu\/de\/produkte\/"},{"@type":"ListItem","position":3,"name":"CannaVis CBG-Pasten\u00f6l"}]},{"@type":"WebSite","@id":"https:\/\/cannavis.eu\/de\/#website","url":"https:\/\/cannavis.eu\/de\/","name":"Cannavis konoplja sa otoka Visa","description":"CannaVis industrijska konoplja cvijet sa otoka Visa","publisher":{"@id":"https:\/\/cannavis.eu\/de\/#organization"},"potentialAction":[{"@type":"SearchAction","target":{"@type":"EntryPoint","urlTemplate":"https:\/\/cannavis.eu\/de\/?s={search_term_string}"},"query-input":{"@type":"PropertyValueSpecification","valueRequired":true,"valueName":"search_term_string"}}],"inLanguage":"de"},{"@type":"Organization","@id":"https:\/\/cannavis.eu\/de\/#organization","name":"Cannavis konoplja sa otoka Visa","url":"https:\/\/cannavis.eu\/de\/","logo":{"@type":"ImageObject","inLanguage":"de","@id":"https:\/\/cannavis.eu\/de\/#\/schema\/logo\/image\/","url":"https:\/\/cannavis.eu\/wp-content\/uploads\/2021\/06\/CannaVis-logo.png","contentUrl":"https:\/\/cannavis.eu\/wp-content\/uploads\/2021\/06\/CannaVis-logo.png","width":160,"height":65,"caption":"Cannavis konoplja sa otoka Visa"},"image":{"@id":"https:\/\/cannavis.eu\/de\/#\/schema\/logo\/image\/"}}]}},"jetpack_sharing_enabled":true,"_links":{"self":[{"href":"https:\/\/cannavis.eu\/de\/wp-json\/wp\/v2\/product\/2893","targetHints":{"allow":["GET"]}}],"collection":[{"href":"https:\/\/cannavis.eu\/de\/wp-json\/wp\/v2\/product"}],"about":[{"href":"https:\/\/cannavis.eu\/de\/wp-json\/wp\/v2\/types\/product"}],"replies":[{"embeddable":true,"href":"https:\/\/cannavis.eu\/de\/wp-json\/wp\/v2\/comments?post=2893"}],"wp:featuredmedia":[{"embeddable":true,"href":"https:\/\/cannavis.eu\/de\/wp-json\/wp\/v2\/media\/6197"}],"wp:attachment":[{"href":"https:\/\/cannavis.eu\/de\/wp-json\/wp\/v2\/media?parent=2893"}],"wp:term":[{"taxonomy":"product_brand","embeddable":true,"href":"https:\/\/cannavis.eu\/de\/wp-json\/wp\/v2\/product_brand?post=2893"},{"taxonomy":"product_cat","embeddable":true,"href":"https:\/\/cannavis.eu\/de\/wp-json\/wp\/v2\/product_cat?post=2893"},{"taxonomy":"product_tag","embeddable":true,"href":"https:\/\/cannavis.eu\/de\/wp-json\/wp\/v2\/product_tag?post=2893"}],"curies":[{"name":"wp","href":"https:\/\/api.w.org\/{rel}","templated":true}]}}