{"id":2899,"date":"2023-10-02T13:56:44","date_gmt":"2023-10-02T13:56:44","guid":{"rendered":"https:\/\/cannavis.eu\/proizvod\/cannavis-preroll-10x\/"},"modified":"2026-03-21T08:40:24","modified_gmt":"2026-03-21T06:40:24","slug":"cannavis-preroll-10x","status":"publish","type":"product","link":"https:\/\/cannavis.eu\/de\/proizvodi\/cannavis-preroll-10x\/","title":{"rendered":"CannaVis PreRolls 10x"},"content":{"rendered":"<p>CannaVis PreRolls 10x ist ein neues Produkt auf dem Markt aus der CannaVis CBD-Kollektion.<\/p>\n<p>Die am sorgf\u00e4ltigsten gez\u00fcchteten Blumen von der Insel Vis finden sich in den CannaVis-Prerolls.<\/p>\n<p>CannaVis Prerolls 10 x sind voll von Bio-Hanfbl\u00fcten, die auf der Insel Vis angebaut werden.<\/p>\n<p>Einige der Vorteile von Prerolls sind:<\/p>\n<p>hat eine starke Wirkung mit einer sehr entspannenden und beruhigenden Wirkung<br \/>\nlindert Schmerzen<br \/>\nhilft Ihnen, leichter einzuschlafen<br \/>\nein Duft reich an Terpenen von der Insel Vis<br \/>\norganisch gewachsen<br \/>\nhilft, mit dem Rauchen aufzuh\u00f6ren<br \/>\nKann CBD Ihnen helfen, Stress abzubauen? Das Rauchen einiger Z\u00fcge eines vorgedrehten CBD-Joints ist eine gro\u00dfartige M\u00f6glichkeit, nach einem langen, stressigen Tag zu entspannen. Egal, ob Sie Sativa- oder Indica-Sorten bevorzugen, CBD ist ein therapeutisches Cannabinoid. Beide Arten liefern die gew\u00fcnschte Wirkung, um Stress in Schach zu halten.<\/p>\n<p>CBD-Produkte haben keine berauschende Wirkung, Sie werden jedoch ein beruhigendes und entspannendes Gef\u00fchl versp\u00fcren, wenn Sie CBD-Pre-Roll rauchen. Deshalb wird CBD als Alternativmedizin bei bestimmten Erkrankungen empfohlen. Es hat schmerzstillende Eigenschaften, die zur Schmerzkontrolle beitragen und auch stressbedingte Beschwerden lindern k\u00f6nnen.<\/p>\n<p>&nbsp;<\/p>\n<p>CBD-Anteil: &lt;10 %<\/p>\n<p>THC-Anteil: &lt;0,2 %<\/p>\n<p>Hergestellt im Einklang mit der Natur auf einem Familienbauernhof auf der Insel Vis.<\/p>\n<p>Zusammensetzung: Getrocknete Hanfbl\u00fcte Sativa L.<\/p>\n<p>Hierbei handelt es sich um eine zertifizierte EU-Hanfsorte, die im EU-Katalog aufgef\u00fchrt ist.<\/p>\n<p>Es erzeugt keine psychoaktiven Wirkungen.<\/p>\n<p>Hersteller: OPG AgroVis, Ulica Vlaha Paljetka 5, 21480 Vis<\/p>\n<p>Auf den Markt gebracht von: Karika Vis d.o.o., Donje Kunjanovo 6, 21480 Dra\u010devo polje<\/p>\n","protected":false},"excerpt":{"rendered":"<p>CannaVis Pre-Rolls helfen Ihnen, mit dem Rauchen aufzuh\u00f6ren<\/p>\n<p>CannaVis Pre-Rolls entlasten Sie von Stress<\/p>\n<p>CannaVis Pre-Rolls sind ein \u00f6kologisches Produkt<\/p>\n<p>CannaVis Pre-Rolls-Bl\u00fcten werden ohne k\u00fcnstliche D\u00fcngemittel und Pestizide angebaut<\/p>\n<p>CannaVis Pre-Rolls sind Ihre erste Wahl<\/p>\n","protected":false},"featured_media":2900,"comment_status":"open","ping_status":"closed","template":"","meta":{"_eb_attr":"","_joinchat":[]},"product_brand":[],"product_cat":[147],"product_tag":[1092,1146,1150],"class_list":{"0":"post-2899","1":"product","2":"type-product","3":"status-publish","4":"has-post-thumbnail","6":"product_cat-cannavis-blueten","7":"product_tag-hanfblute","8":"product_tag-preroll-de-2","9":"product_tag-prerolls-de","11":"first","12":"instock","13":"sale","14":"shipping-taxable","15":"purchasable","16":"product-type-simple"},"yoast_head":"<!-- This site is optimized with the Yoast SEO plugin v27.4 - https:\/\/yoast.com\/product\/yoast-seo-wordpress\/ -->\n<title>CannaVis PreRolls 10x - Cannavis konoplja sa otoka Visa<\/title>\n<meta name=\"robots\" content=\"index, follow, max-snippet:-1, max-image-preview:large, max-video-preview:-1\" \/>\n<link rel=\"canonical\" href=\"https:\/\/cannavis.eu\/de\/proizvodi\/cannavis-preroll-10x\/\" \/>\n<meta property=\"og:locale\" content=\"de_DE\" \/>\n<meta property=\"og:type\" content=\"article\" \/>\n<meta property=\"og:title\" content=\"CannaVis PreRolls 10x - Cannavis konoplja sa otoka Visa\" \/>\n<meta property=\"og:description\" content=\"CannaVis Pre-Rolls helfen Ihnen, mit dem Rauchen aufzuh\u00f6ren  CannaVis Pre-Rolls entlasten Sie von Stress  CannaVis Pre-Rolls sind ein \u00f6kologisches Produkt  CannaVis Pre-Rolls-Bl\u00fcten werden ohne k\u00fcnstliche D\u00fcngemittel und Pestizide angebaut  CannaVis Pre-Rolls sind Ihre erste Wahl\" \/>\n<meta property=\"og:url\" content=\"https:\/\/cannavis.eu\/de\/proizvodi\/cannavis-preroll-10x\/\" \/>\n<meta property=\"og:site_name\" content=\"Cannavis konoplja sa otoka Visa\" \/>\n<meta property=\"article:modified_time\" content=\"2026-03-21T06:40:24+00:00\" \/>\n<meta property=\"og:image\" content=\"https:\/\/cannavis.eu\/wp-content\/uploads\/2023\/10\/paricani-bubi-x10.jpg\" \/>\n\t<meta property=\"og:image:width\" content=\"900\" \/>\n\t<meta property=\"og:image:height\" content=\"900\" \/>\n\t<meta property=\"og:image:type\" content=\"image\/jpeg\" \/>\n<meta name=\"twitter:card\" content=\"summary_large_image\" \/>\n<meta name=\"twitter:label1\" content=\"Gesch\u00e4tzte Lesezeit\" \/>\n\t<meta name=\"twitter:data1\" content=\"1\u00a0Minute\" \/>\n<script type=\"application\/ld+json\" class=\"yoast-schema-graph\">{\"@context\":\"https:\\\/\\\/schema.org\",\"@graph\":[{\"@type\":\"WebPage\",\"@id\":\"https:\\\/\\\/cannavis.eu\\\/de\\\/proizvodi\\\/cannavis-preroll-10x\\\/\",\"url\":\"https:\\\/\\\/cannavis.eu\\\/de\\\/proizvodi\\\/cannavis-preroll-10x\\\/\",\"name\":\"CannaVis PreRolls 10x - Cannavis konoplja sa otoka Visa\",\"isPartOf\":{\"@id\":\"https:\\\/\\\/cannavis.eu\\\/de\\\/#website\"},\"primaryImageOfPage\":{\"@id\":\"https:\\\/\\\/cannavis.eu\\\/de\\\/proizvodi\\\/cannavis-preroll-10x\\\/#primaryimage\"},\"image\":{\"@id\":\"https:\\\/\\\/cannavis.eu\\\/de\\\/proizvodi\\\/cannavis-preroll-10x\\\/#primaryimage\"},\"thumbnailUrl\":\"https:\\\/\\\/cannavis.eu\\\/wp-content\\\/uploads\\\/2023\\\/10\\\/paricani-bubi-x10.jpg\",\"datePublished\":\"2023-10-02T13:56:44+00:00\",\"dateModified\":\"2026-03-21T06:40:24+00:00\",\"breadcrumb\":{\"@id\":\"https:\\\/\\\/cannavis.eu\\\/de\\\/proizvodi\\\/cannavis-preroll-10x\\\/#breadcrumb\"},\"inLanguage\":\"de\",\"potentialAction\":[{\"@type\":\"ReadAction\",\"target\":[\"https:\\\/\\\/cannavis.eu\\\/de\\\/proizvodi\\\/cannavis-preroll-10x\\\/\"]}]},{\"@type\":\"ImageObject\",\"inLanguage\":\"de\",\"@id\":\"https:\\\/\\\/cannavis.eu\\\/de\\\/proizvodi\\\/cannavis-preroll-10x\\\/#primaryimage\",\"url\":\"https:\\\/\\\/cannavis.eu\\\/wp-content\\\/uploads\\\/2023\\\/10\\\/paricani-bubi-x10.jpg\",\"contentUrl\":\"https:\\\/\\\/cannavis.eu\\\/wp-content\\\/uploads\\\/2023\\\/10\\\/paricani-bubi-x10.jpg\",\"width\":900,\"height\":900,\"caption\":\"CannaVis PreRolls\"},{\"@type\":\"BreadcrumbList\",\"@id\":\"https:\\\/\\\/cannavis.eu\\\/de\\\/proizvodi\\\/cannavis-preroll-10x\\\/#breadcrumb\",\"itemListElement\":[{\"@type\":\"ListItem\",\"position\":1,\"name\":\"Home\",\"item\":\"https:\\\/\\\/cannavis.eu\\\/de\\\/\"},{\"@type\":\"ListItem\",\"position\":2,\"name\":\"Produkte\",\"item\":\"https:\\\/\\\/cannavis.eu\\\/de\\\/produkte\\\/\"},{\"@type\":\"ListItem\",\"position\":3,\"name\":\"CannaVis PreRolls 10x\"}]},{\"@type\":\"WebSite\",\"@id\":\"https:\\\/\\\/cannavis.eu\\\/de\\\/#website\",\"url\":\"https:\\\/\\\/cannavis.eu\\\/de\\\/\",\"name\":\"Cannavis konoplja sa otoka Visa\",\"description\":\"CannaVis industrijska konoplja cvijet sa otoka Visa\",\"publisher\":{\"@id\":\"https:\\\/\\\/cannavis.eu\\\/de\\\/#organization\"},\"potentialAction\":[{\"@type\":\"SearchAction\",\"target\":{\"@type\":\"EntryPoint\",\"urlTemplate\":\"https:\\\/\\\/cannavis.eu\\\/de\\\/?s={search_term_string}\"},\"query-input\":{\"@type\":\"PropertyValueSpecification\",\"valueRequired\":true,\"valueName\":\"search_term_string\"}}],\"inLanguage\":\"de\"},{\"@type\":\"Organization\",\"@id\":\"https:\\\/\\\/cannavis.eu\\\/de\\\/#organization\",\"name\":\"Cannavis konoplja sa otoka Visa\",\"url\":\"https:\\\/\\\/cannavis.eu\\\/de\\\/\",\"logo\":{\"@type\":\"ImageObject\",\"inLanguage\":\"de\",\"@id\":\"https:\\\/\\\/cannavis.eu\\\/de\\\/#\\\/schema\\\/logo\\\/image\\\/\",\"url\":\"https:\\\/\\\/cannavis.eu\\\/wp-content\\\/uploads\\\/2021\\\/06\\\/CannaVis-logo.png\",\"contentUrl\":\"https:\\\/\\\/cannavis.eu\\\/wp-content\\\/uploads\\\/2021\\\/06\\\/CannaVis-logo.png\",\"width\":160,\"height\":65,\"caption\":\"Cannavis konoplja sa otoka Visa\"},\"image\":{\"@id\":\"https:\\\/\\\/cannavis.eu\\\/de\\\/#\\\/schema\\\/logo\\\/image\\\/\"}}]}<\/script>\n<!-- \/ Yoast SEO plugin. -->","yoast_head_json":{"title":"CannaVis PreRolls 10x - Cannavis konoplja sa otoka Visa","robots":{"index":"index","follow":"follow","max-snippet":"max-snippet:-1","max-image-preview":"max-image-preview:large","max-video-preview":"max-video-preview:-1"},"canonical":"https:\/\/cannavis.eu\/de\/proizvodi\/cannavis-preroll-10x\/","og_locale":"de_DE","og_type":"article","og_title":"CannaVis PreRolls 10x - Cannavis konoplja sa otoka Visa","og_description":"CannaVis Pre-Rolls helfen Ihnen, mit dem Rauchen aufzuh\u00f6ren  CannaVis Pre-Rolls entlasten Sie von Stress  CannaVis Pre-Rolls sind ein \u00f6kologisches Produkt  CannaVis Pre-Rolls-Bl\u00fcten werden ohne k\u00fcnstliche D\u00fcngemittel und Pestizide angebaut  CannaVis Pre-Rolls sind Ihre erste Wahl","og_url":"https:\/\/cannavis.eu\/de\/proizvodi\/cannavis-preroll-10x\/","og_site_name":"Cannavis konoplja sa otoka Visa","article_modified_time":"2026-03-21T06:40:24+00:00","og_image":[{"width":900,"height":900,"url":"https:\/\/cannavis.eu\/wp-content\/uploads\/2023\/10\/paricani-bubi-x10.jpg","type":"image\/jpeg"}],"twitter_card":"summary_large_image","twitter_misc":{"Gesch\u00e4tzte Lesezeit":"1\u00a0Minute"},"schema":{"@context":"https:\/\/schema.org","@graph":[{"@type":"WebPage","@id":"https:\/\/cannavis.eu\/de\/proizvodi\/cannavis-preroll-10x\/","url":"https:\/\/cannavis.eu\/de\/proizvodi\/cannavis-preroll-10x\/","name":"CannaVis PreRolls 10x - Cannavis konoplja sa otoka Visa","isPartOf":{"@id":"https:\/\/cannavis.eu\/de\/#website"},"primaryImageOfPage":{"@id":"https:\/\/cannavis.eu\/de\/proizvodi\/cannavis-preroll-10x\/#primaryimage"},"image":{"@id":"https:\/\/cannavis.eu\/de\/proizvodi\/cannavis-preroll-10x\/#primaryimage"},"thumbnailUrl":"https:\/\/cannavis.eu\/wp-content\/uploads\/2023\/10\/paricani-bubi-x10.jpg","datePublished":"2023-10-02T13:56:44+00:00","dateModified":"2026-03-21T06:40:24+00:00","breadcrumb":{"@id":"https:\/\/cannavis.eu\/de\/proizvodi\/cannavis-preroll-10x\/#breadcrumb"},"inLanguage":"de","potentialAction":[{"@type":"ReadAction","target":["https:\/\/cannavis.eu\/de\/proizvodi\/cannavis-preroll-10x\/"]}]},{"@type":"ImageObject","inLanguage":"de","@id":"https:\/\/cannavis.eu\/de\/proizvodi\/cannavis-preroll-10x\/#primaryimage","url":"https:\/\/cannavis.eu\/wp-content\/uploads\/2023\/10\/paricani-bubi-x10.jpg","contentUrl":"https:\/\/cannavis.eu\/wp-content\/uploads\/2023\/10\/paricani-bubi-x10.jpg","width":900,"height":900,"caption":"CannaVis PreRolls"},{"@type":"BreadcrumbList","@id":"https:\/\/cannavis.eu\/de\/proizvodi\/cannavis-preroll-10x\/#breadcrumb","itemListElement":[{"@type":"ListItem","position":1,"name":"Home","item":"https:\/\/cannavis.eu\/de\/"},{"@type":"ListItem","position":2,"name":"Produkte","item":"https:\/\/cannavis.eu\/de\/produkte\/"},{"@type":"ListItem","position":3,"name":"CannaVis PreRolls 10x"}]},{"@type":"WebSite","@id":"https:\/\/cannavis.eu\/de\/#website","url":"https:\/\/cannavis.eu\/de\/","name":"Cannavis konoplja sa otoka Visa","description":"CannaVis industrijska konoplja cvijet sa otoka Visa","publisher":{"@id":"https:\/\/cannavis.eu\/de\/#organization"},"potentialAction":[{"@type":"SearchAction","target":{"@type":"EntryPoint","urlTemplate":"https:\/\/cannavis.eu\/de\/?s={search_term_string}"},"query-input":{"@type":"PropertyValueSpecification","valueRequired":true,"valueName":"search_term_string"}}],"inLanguage":"de"},{"@type":"Organization","@id":"https:\/\/cannavis.eu\/de\/#organization","name":"Cannavis konoplja sa otoka Visa","url":"https:\/\/cannavis.eu\/de\/","logo":{"@type":"ImageObject","inLanguage":"de","@id":"https:\/\/cannavis.eu\/de\/#\/schema\/logo\/image\/","url":"https:\/\/cannavis.eu\/wp-content\/uploads\/2021\/06\/CannaVis-logo.png","contentUrl":"https:\/\/cannavis.eu\/wp-content\/uploads\/2021\/06\/CannaVis-logo.png","width":160,"height":65,"caption":"Cannavis konoplja sa otoka Visa"},"image":{"@id":"https:\/\/cannavis.eu\/de\/#\/schema\/logo\/image\/"}}]}},"jetpack_sharing_enabled":true,"_links":{"self":[{"href":"https:\/\/cannavis.eu\/de\/wp-json\/wp\/v2\/product\/2899","targetHints":{"allow":["GET"]}}],"collection":[{"href":"https:\/\/cannavis.eu\/de\/wp-json\/wp\/v2\/product"}],"about":[{"href":"https:\/\/cannavis.eu\/de\/wp-json\/wp\/v2\/types\/product"}],"replies":[{"embeddable":true,"href":"https:\/\/cannavis.eu\/de\/wp-json\/wp\/v2\/comments?post=2899"}],"wp:featuredmedia":[{"embeddable":true,"href":"https:\/\/cannavis.eu\/de\/wp-json\/wp\/v2\/media\/2900"}],"wp:attachment":[{"href":"https:\/\/cannavis.eu\/de\/wp-json\/wp\/v2\/media?parent=2899"}],"wp:term":[{"taxonomy":"product_brand","embeddable":true,"href":"https:\/\/cannavis.eu\/de\/wp-json\/wp\/v2\/product_brand?post=2899"},{"taxonomy":"product_cat","embeddable":true,"href":"https:\/\/cannavis.eu\/de\/wp-json\/wp\/v2\/product_cat?post=2899"},{"taxonomy":"product_tag","embeddable":true,"href":"https:\/\/cannavis.eu\/de\/wp-json\/wp\/v2\/product_tag?post=2899"}],"curies":[{"name":"wp","href":"https:\/\/api.w.org\/{rel}","templated":true}]}}