{"id":2917,"date":"2023-08-06T19:36:55","date_gmt":"2023-08-06T19:36:55","guid":{"rendered":"https:\/\/cannavis.eu\/proizvod\/cannavis-tasche\/"},"modified":"2024-02-28T19:22:46","modified_gmt":"2024-02-28T19:22:46","slug":"cannavis-tasche","status":"publish","type":"product","link":"https:\/\/cannavis.eu\/de\/proizvodi\/cannavis-tasche\/","title":{"rendered":"CannaVis-Tasche"},"content":{"rendered":"<pre id=\"tw-target-text\" class=\"tw-data-text tw-text-large tw-ta\" dir=\"ltr\" data-placeholder=\"Prijevod\" data-ved=\"2ahUKEwjit7DN3M6EAxVgnf0HHTuBAtgQ3ewLegQIAhAV\"><span class=\"Y2IQFc\" lang=\"de\">Mit CannaVis-Taschen unterst\u00fctzen wir das Gr\u00fcne.\r\n\r\nWillkommen in der Welt der Praktikabilit\u00e4t und des Stils mit der Baumwolltasche \u201eCannaVis\u201c! Diese Tasche ist nicht nur eine einfache Erg\u00e4nzung Ihrer Sammlung, sondern ein Stil-Statement, das eine tiefere Botschaft vermittelt.\r\n\r\nDie Marke \u201eCannaVis\u201c ist f\u00fcr ihre Innovation und ihr soziales Engagement bekannt, und diese Baumwolltasche bildet da keine Ausnahme. Diese aus hochwertiger Baumwolle gefertigte Tasche vereint Funktionalit\u00e4t mit \u00c4sthetik und bietet Ihnen eine praktische und umweltbewusste M\u00f6glichkeit, Ihre Habseligkeiten zu transportieren.\r\n\r\nDas Besondere an dieser Tasche ist ihr Design. Einerseits zeichnet es sich durch Einfachheit und Minimalismus aus, andererseits tr\u00e4gt es eine starke Botschaft. Diese Tasche l\u00e4dt uns ein, tiefer \u00fcber Hanf und seine verschiedenen Verwendungsm\u00f6glichkeiten nachzudenken.\r\n\r\nDar\u00fcber hinaus spiegelt diese Baumwolltasche auch Ihr Engagement f\u00fcr einen nachhaltigen Lebensstil wider. Als Produkt aus nat\u00fcrlichen Materialien reduziert diese Tasche die negativen Auswirkungen auf die Umwelt und tr\u00e4gt so zu den weltweiten Bem\u00fchungen zum Schutz des Planeten bei.\r\n\r\nBaumwolltaschen werden aus nachwachsenden Rohstoffen hergestellt und sind biologisch abbaubar. Sie sind au\u00dferdem robust und langlebig, sodass sie mehrfach verwendet werden k\u00f6nnen.\r\n\r\nWiederverwendbare Taschen sind unglaublich vielseitig und immer mehr als nur eine Einkaufstasche! Die Baumwoll-Canvas-Tasche kann als l\u00e4ssige Tagestasche f\u00fcr einen Spaziergang oder als perfekte Strandtasche oder Bibliothekstasche verwendet werden.\r\n\r\nEntscheiden Sie sich f\u00fcr Praktikabilit\u00e4t, Stil und soziales Bewusstsein mit der Baumwolltasche \u201eCannaVis\u201c.\r\n\r\nOb f\u00fcr den t\u00e4glichen Bedarf, als Strandtasche oder als umweltfreundliche Alternative zu Plastik-Einkaufst\u00fcten, die Baumwolltasche \u201eCannaVis\u201c ist die perfekte Erg\u00e4nzung f\u00fcr Ihr Leben.\r\n\r\nSeien Sie Teil einer Bewegung, die positive Ver\u00e4nderungen f\u00f6rdert und die Bedeutung eines offenen Dialogs \u00fcber Themen hervorhebt, die f\u00fcr uns als Gesellschaft wichtig sind.\r\n\r\nK\u00fcmmern wir uns gemeinsam um die Erde \u2013 entscheiden Sie sich noch heute f\u00fcr CannaVis-Baumwolltaschen, und Hanftaschen werden bald erh\u00e4ltlich sein.\r\n\r\nDie Ma\u00dfe der Tasche betragen 37 * 42\r\n\r\nDie Insel Vis\r\n\r\nInseln! - Du bist mit Gold verkrustet!\r\n\r\nAuf den Markt gebracht von: Karika Vis doo, Donje Kunjanovo 6, 21480 Vis\r\n\r\nCannaVis ist eine Marke der Insel Vis<\/span><\/pre>\n","protected":false},"excerpt":{"rendered":"<pre id=\"tw-target-text\" class=\"tw-data-text tw-text-large tw-ta\" dir=\"ltr\" data-placeholder=\"Prijevod\" data-ved=\"2ahUKEwjit7DN3M6EAxVgnf0HHTuBAtgQ3ewLegQIAhAV\"><span class=\"Y2IQFc\" lang=\"de\">Der CannaVis-Beutel ist mehrfach entleerbar\r\n\r\nDer CannaVis-Beutel ist biologisch abbaubar\r\n\r\nDie CannaVis-Tasche hat ein modernes Aussehen\r\n\r\nDie CannaVis-Tasche ist alles, was Sie f\u00fcr Ihren Einkauf brauchen<\/span><\/pre>\n","protected":false},"featured_media":6720,"comment_status":"open","ping_status":"closed","template":"","meta":{"_eb_attr":"","_joinchat":[]},"product_brand":[],"product_cat":[152],"product_tag":[1096,1100,1148],"class_list":{"0":"post-2917","1":"product","2":"type-product","3":"status-publish","4":"has-post-thumbnail","6":"product_cat-cannavis-kleidung","7":"product_tag-okologie","8":"product_tag-okologische-taschen","9":"product_tag-plastiktuten","11":"first","12":"instock","13":"sale","14":"shipping-taxable","15":"purchasable","16":"product-type-simple"},"yoast_head":"<!-- This site is optimized with the Yoast SEO plugin v27.4 - https:\/\/yoast.com\/product\/yoast-seo-wordpress\/ -->\n<title>CannaVis Saket<\/title>\n<meta name=\"description\" content=\"CannaVis Saket vas poziva da budete ekolo\u0161ki osvije\u0161teni i da o\u010duvate planet od plastike. Zeleni otok Vis podr\u017eite akciju CannaVis Saket\" \/>\n<meta name=\"robots\" content=\"index, follow, max-snippet:-1, max-image-preview:large, max-video-preview:-1\" \/>\n<link rel=\"canonical\" href=\"https:\/\/cannavis.eu\/de\/proizvodi\/cannavis-tasche\/\" \/>\n<meta property=\"og:locale\" content=\"de_DE\" \/>\n<meta property=\"og:type\" content=\"article\" \/>\n<meta property=\"og:title\" content=\"CannaVis Saket\" \/>\n<meta property=\"og:description\" content=\"CannaVis Saket vas poziva da budete ekolo\u0161ki osvije\u0161teni i da o\u010duvate planet od plastike. Zeleni otok Vis podr\u017eite akciju CannaVis Saket\" \/>\n<meta property=\"og:url\" content=\"https:\/\/cannavis.eu\/de\/proizvodi\/cannavis-tasche\/\" \/>\n<meta property=\"og:site_name\" content=\"Cannavis konoplja sa otoka Visa\" \/>\n<meta property=\"article:modified_time\" content=\"2024-02-28T19:22:46+00:00\" \/>\n<meta property=\"og:image\" content=\"https:\/\/cannavis.eu\/wp-content\/uploads\/2023\/08\/CannaVis-saket.png\" \/>\n\t<meta property=\"og:image:width\" content=\"1000\" \/>\n\t<meta property=\"og:image:height\" content=\"1000\" \/>\n\t<meta property=\"og:image:type\" content=\"image\/png\" \/>\n<meta name=\"twitter:card\" content=\"summary_large_image\" \/>\n<meta name=\"twitter:label1\" content=\"Gesch\u00e4tzte Lesezeit\" \/>\n\t<meta name=\"twitter:data1\" content=\"2\u00a0Minuten\" \/>\n<script type=\"application\/ld+json\" class=\"yoast-schema-graph\">{\"@context\":\"https:\\\/\\\/schema.org\",\"@graph\":[{\"@type\":\"WebPage\",\"@id\":\"https:\\\/\\\/cannavis.eu\\\/de\\\/proizvodi\\\/cannavis-tasche\\\/\",\"url\":\"https:\\\/\\\/cannavis.eu\\\/de\\\/proizvodi\\\/cannavis-tasche\\\/\",\"name\":\"CannaVis Saket\",\"isPartOf\":{\"@id\":\"https:\\\/\\\/cannavis.eu\\\/de\\\/#website\"},\"primaryImageOfPage\":{\"@id\":\"https:\\\/\\\/cannavis.eu\\\/de\\\/proizvodi\\\/cannavis-tasche\\\/#primaryimage\"},\"image\":{\"@id\":\"https:\\\/\\\/cannavis.eu\\\/de\\\/proizvodi\\\/cannavis-tasche\\\/#primaryimage\"},\"thumbnailUrl\":\"https:\\\/\\\/cannavis.eu\\\/wp-content\\\/uploads\\\/2023\\\/08\\\/CannaVis-saket.png\",\"datePublished\":\"2023-08-06T19:36:55+00:00\",\"dateModified\":\"2024-02-28T19:22:46+00:00\",\"description\":\"CannaVis Saket vas poziva da budete ekolo\u0161ki osvije\u0161teni i da o\u010duvate planet od plastike. Zeleni otok Vis podr\u017eite akciju CannaVis Saket\",\"breadcrumb\":{\"@id\":\"https:\\\/\\\/cannavis.eu\\\/de\\\/proizvodi\\\/cannavis-tasche\\\/#breadcrumb\"},\"inLanguage\":\"de\",\"potentialAction\":[{\"@type\":\"ReadAction\",\"target\":[\"https:\\\/\\\/cannavis.eu\\\/de\\\/proizvodi\\\/cannavis-tasche\\\/\"]}]},{\"@type\":\"ImageObject\",\"inLanguage\":\"de\",\"@id\":\"https:\\\/\\\/cannavis.eu\\\/de\\\/proizvodi\\\/cannavis-tasche\\\/#primaryimage\",\"url\":\"https:\\\/\\\/cannavis.eu\\\/wp-content\\\/uploads\\\/2023\\\/08\\\/CannaVis-saket.png\",\"contentUrl\":\"https:\\\/\\\/cannavis.eu\\\/wp-content\\\/uploads\\\/2023\\\/08\\\/CannaVis-saket.png\",\"width\":1000,\"height\":1000,\"caption\":\"CannaVis vre\u0107ica\"},{\"@type\":\"BreadcrumbList\",\"@id\":\"https:\\\/\\\/cannavis.eu\\\/de\\\/proizvodi\\\/cannavis-tasche\\\/#breadcrumb\",\"itemListElement\":[{\"@type\":\"ListItem\",\"position\":1,\"name\":\"Home\",\"item\":\"https:\\\/\\\/cannavis.eu\\\/de\\\/\"},{\"@type\":\"ListItem\",\"position\":2,\"name\":\"Produkte\",\"item\":\"https:\\\/\\\/cannavis.eu\\\/de\\\/produkte\\\/\"},{\"@type\":\"ListItem\",\"position\":3,\"name\":\"CannaVis-Tasche\"}]},{\"@type\":\"WebSite\",\"@id\":\"https:\\\/\\\/cannavis.eu\\\/de\\\/#website\",\"url\":\"https:\\\/\\\/cannavis.eu\\\/de\\\/\",\"name\":\"Cannavis konoplja sa otoka Visa\",\"description\":\"CannaVis industrijska konoplja cvijet sa otoka Visa\",\"publisher\":{\"@id\":\"https:\\\/\\\/cannavis.eu\\\/de\\\/#organization\"},\"potentialAction\":[{\"@type\":\"SearchAction\",\"target\":{\"@type\":\"EntryPoint\",\"urlTemplate\":\"https:\\\/\\\/cannavis.eu\\\/de\\\/?s={search_term_string}\"},\"query-input\":{\"@type\":\"PropertyValueSpecification\",\"valueRequired\":true,\"valueName\":\"search_term_string\"}}],\"inLanguage\":\"de\"},{\"@type\":\"Organization\",\"@id\":\"https:\\\/\\\/cannavis.eu\\\/de\\\/#organization\",\"name\":\"Cannavis konoplja sa otoka Visa\",\"url\":\"https:\\\/\\\/cannavis.eu\\\/de\\\/\",\"logo\":{\"@type\":\"ImageObject\",\"inLanguage\":\"de\",\"@id\":\"https:\\\/\\\/cannavis.eu\\\/de\\\/#\\\/schema\\\/logo\\\/image\\\/\",\"url\":\"https:\\\/\\\/cannavis.eu\\\/wp-content\\\/uploads\\\/2021\\\/06\\\/CannaVis-logo.png\",\"contentUrl\":\"https:\\\/\\\/cannavis.eu\\\/wp-content\\\/uploads\\\/2021\\\/06\\\/CannaVis-logo.png\",\"width\":160,\"height\":65,\"caption\":\"Cannavis konoplja sa otoka Visa\"},\"image\":{\"@id\":\"https:\\\/\\\/cannavis.eu\\\/de\\\/#\\\/schema\\\/logo\\\/image\\\/\"}}]}<\/script>\n<!-- \/ Yoast SEO plugin. -->","yoast_head_json":{"title":"CannaVis Saket","description":"CannaVis Saket vas poziva da budete ekolo\u0161ki osvije\u0161teni i da o\u010duvate planet od plastike. Zeleni otok Vis podr\u017eite akciju CannaVis Saket","robots":{"index":"index","follow":"follow","max-snippet":"max-snippet:-1","max-image-preview":"max-image-preview:large","max-video-preview":"max-video-preview:-1"},"canonical":"https:\/\/cannavis.eu\/de\/proizvodi\/cannavis-tasche\/","og_locale":"de_DE","og_type":"article","og_title":"CannaVis Saket","og_description":"CannaVis Saket vas poziva da budete ekolo\u0161ki osvije\u0161teni i da o\u010duvate planet od plastike. Zeleni otok Vis podr\u017eite akciju CannaVis Saket","og_url":"https:\/\/cannavis.eu\/de\/proizvodi\/cannavis-tasche\/","og_site_name":"Cannavis konoplja sa otoka Visa","article_modified_time":"2024-02-28T19:22:46+00:00","og_image":[{"width":1000,"height":1000,"url":"https:\/\/cannavis.eu\/wp-content\/uploads\/2023\/08\/CannaVis-saket.png","type":"image\/png"}],"twitter_card":"summary_large_image","twitter_misc":{"Gesch\u00e4tzte Lesezeit":"2\u00a0Minuten"},"schema":{"@context":"https:\/\/schema.org","@graph":[{"@type":"WebPage","@id":"https:\/\/cannavis.eu\/de\/proizvodi\/cannavis-tasche\/","url":"https:\/\/cannavis.eu\/de\/proizvodi\/cannavis-tasche\/","name":"CannaVis Saket","isPartOf":{"@id":"https:\/\/cannavis.eu\/de\/#website"},"primaryImageOfPage":{"@id":"https:\/\/cannavis.eu\/de\/proizvodi\/cannavis-tasche\/#primaryimage"},"image":{"@id":"https:\/\/cannavis.eu\/de\/proizvodi\/cannavis-tasche\/#primaryimage"},"thumbnailUrl":"https:\/\/cannavis.eu\/wp-content\/uploads\/2023\/08\/CannaVis-saket.png","datePublished":"2023-08-06T19:36:55+00:00","dateModified":"2024-02-28T19:22:46+00:00","description":"CannaVis Saket vas poziva da budete ekolo\u0161ki osvije\u0161teni i da o\u010duvate planet od plastike. Zeleni otok Vis podr\u017eite akciju CannaVis Saket","breadcrumb":{"@id":"https:\/\/cannavis.eu\/de\/proizvodi\/cannavis-tasche\/#breadcrumb"},"inLanguage":"de","potentialAction":[{"@type":"ReadAction","target":["https:\/\/cannavis.eu\/de\/proizvodi\/cannavis-tasche\/"]}]},{"@type":"ImageObject","inLanguage":"de","@id":"https:\/\/cannavis.eu\/de\/proizvodi\/cannavis-tasche\/#primaryimage","url":"https:\/\/cannavis.eu\/wp-content\/uploads\/2023\/08\/CannaVis-saket.png","contentUrl":"https:\/\/cannavis.eu\/wp-content\/uploads\/2023\/08\/CannaVis-saket.png","width":1000,"height":1000,"caption":"CannaVis vre\u0107ica"},{"@type":"BreadcrumbList","@id":"https:\/\/cannavis.eu\/de\/proizvodi\/cannavis-tasche\/#breadcrumb","itemListElement":[{"@type":"ListItem","position":1,"name":"Home","item":"https:\/\/cannavis.eu\/de\/"},{"@type":"ListItem","position":2,"name":"Produkte","item":"https:\/\/cannavis.eu\/de\/produkte\/"},{"@type":"ListItem","position":3,"name":"CannaVis-Tasche"}]},{"@type":"WebSite","@id":"https:\/\/cannavis.eu\/de\/#website","url":"https:\/\/cannavis.eu\/de\/","name":"Cannavis konoplja sa otoka Visa","description":"CannaVis industrijska konoplja cvijet sa otoka Visa","publisher":{"@id":"https:\/\/cannavis.eu\/de\/#organization"},"potentialAction":[{"@type":"SearchAction","target":{"@type":"EntryPoint","urlTemplate":"https:\/\/cannavis.eu\/de\/?s={search_term_string}"},"query-input":{"@type":"PropertyValueSpecification","valueRequired":true,"valueName":"search_term_string"}}],"inLanguage":"de"},{"@type":"Organization","@id":"https:\/\/cannavis.eu\/de\/#organization","name":"Cannavis konoplja sa otoka Visa","url":"https:\/\/cannavis.eu\/de\/","logo":{"@type":"ImageObject","inLanguage":"de","@id":"https:\/\/cannavis.eu\/de\/#\/schema\/logo\/image\/","url":"https:\/\/cannavis.eu\/wp-content\/uploads\/2021\/06\/CannaVis-logo.png","contentUrl":"https:\/\/cannavis.eu\/wp-content\/uploads\/2021\/06\/CannaVis-logo.png","width":160,"height":65,"caption":"Cannavis konoplja sa otoka Visa"},"image":{"@id":"https:\/\/cannavis.eu\/de\/#\/schema\/logo\/image\/"}}]}},"jetpack_sharing_enabled":true,"_links":{"self":[{"href":"https:\/\/cannavis.eu\/de\/wp-json\/wp\/v2\/product\/2917","targetHints":{"allow":["GET"]}}],"collection":[{"href":"https:\/\/cannavis.eu\/de\/wp-json\/wp\/v2\/product"}],"about":[{"href":"https:\/\/cannavis.eu\/de\/wp-json\/wp\/v2\/types\/product"}],"replies":[{"embeddable":true,"href":"https:\/\/cannavis.eu\/de\/wp-json\/wp\/v2\/comments?post=2917"}],"wp:featuredmedia":[{"embeddable":true,"href":"https:\/\/cannavis.eu\/de\/wp-json\/wp\/v2\/media\/6720"}],"wp:attachment":[{"href":"https:\/\/cannavis.eu\/de\/wp-json\/wp\/v2\/media?parent=2917"}],"wp:term":[{"taxonomy":"product_brand","embeddable":true,"href":"https:\/\/cannavis.eu\/de\/wp-json\/wp\/v2\/product_brand?post=2917"},{"taxonomy":"product_cat","embeddable":true,"href":"https:\/\/cannavis.eu\/de\/wp-json\/wp\/v2\/product_cat?post=2917"},{"taxonomy":"product_tag","embeddable":true,"href":"https:\/\/cannavis.eu\/de\/wp-json\/wp\/v2\/product_tag?post=2917"}],"curies":[{"name":"wp","href":"https:\/\/api.w.org\/{rel}","templated":true}]}}