{"id":2966,"date":"2023-01-09T19:09:53","date_gmt":"2023-01-09T19:09:53","guid":{"rendered":"https:\/\/cannavis.eu\/proizvod\/cannavis-massagelotion\/"},"modified":"2025-08-11T18:22:03","modified_gmt":"2025-08-11T16:22:03","slug":"cannavis-massagelotion","status":"publish","type":"product","link":"https:\/\/cannavis.eu\/de\/proizvodi\/cannavis-massagelotion\/","title":{"rendered":"CannaVis Massagelotion"},"content":{"rendered":"<pre id=\"tw-target-text\" class=\"tw-data-text tw-text-large tw-ta\" dir=\"ltr\" data-placeholder=\"Prijevod\" data-ved=\"2ahUKEwjqnYXbjcGEAxVrhf0HHajRCO8Q3ewLegQIBRAU\"><span class=\"Y2IQFc\" lang=\"de\">CannaVis Massagelotion\r\nDie CannaVis-Massagelotion ist eines der beliebtesten Produkte aus der CannaVis-Palette, die Ihre Muskeln am Ende des Tages entspannt und Ihren K\u00f6rper auf einen perfekten Schlaf vorbereitet\r\n\r\nHersteller: OPG AgroVis, Ulica Vlaha Paljetka 5, 21480 Vis\r\n\r\nAuf den Markt gebracht von: Karika Vis doo, Donje Kunjanovo 6, 21480 Vis\r\n\r\nZutaten: Extra natives Bio-Oliven\u00f6l, \u00e4therisches Lavendel\u00f6l, CBD-Harz CannaVis 89,84 %\r\n\r\nCBD-\u00d6l und Massage\r\nEs gibt nichts Besseres als eine sanfte Massage, die R\u00fcckenschmerzen oder Verspannungen in Muskeln und Gelenken lindert. L\u00f6sen Sie Verspannungen mit einer entspannenden Massage, mit unserem Massage\u00f6l, das CBD-Harz mit einem hohen CBD-Anteil enth\u00e4lt, \u00e4therisches Lavendel\u00f6l, eines der beliebtesten \u00e4therischen \u00d6le in der Welt der Aromatherapie, das sich durch seinen angenehmen Geruch und seine entspannende Wirkung auszeichnet und Oliven\u00f6l mit \u00f6kologischem Zertifikat sorgen daf\u00fcr, dass Ihre Haut weich und gesund bleibt. Das Ziel der Cannavis-Massagelotion besteht darin, Entz\u00fcndungen zu reduzieren, chronische Schmerzen zu lindern, Gelenkschmerzen zu lindern und die Muskeln zu entspannen.<\/span><\/pre>\n","protected":false},"excerpt":{"rendered":"<p>CannaVis Massagelotion Die CannaVis-Massagelotion ist eines der beliebtesten Produkte aus der CannaVis-Palette, die Ihre Muskeln am Ende des Tages entspannt und Ihren K\u00f6rper auf einen perfekten Schlaf vorbereitet Hersteller: OPG AgroVis, Ulica Vlaha Paljetka 5, 21480 Vis Auf den Markt gebracht von: Karika Vis doo, Donje Kunjanovo 6, 21480 Vis Zutaten: Extra natives Bio-Oliven\u00f6l, \u00e4therisches [&hellip;]<\/p>\n","protected":false},"featured_media":4406,"comment_status":"open","ping_status":"closed","template":"","meta":{"_eb_attr":"","_joinchat":[]},"product_brand":[],"product_cat":[143],"product_tag":[1080,1120,169,643,645],"class_list":{"0":"post-2966","1":"product","2":"type-product","3":"status-publish","4":"has-post-thumbnail","6":"product_cat-cannavis-kosmetik","7":"product_tag-cbd-lotion-de","8":"product_tag-hanfloison","9":"product_tag-kosmetika","10":"product_tag-lotion-de","11":"product_tag-massage-de","13":"first","14":"instock","15":"sale","16":"shipping-taxable","17":"purchasable","18":"product-type-simple"},"yoast_head":"<!-- This site is optimized with the Yoast SEO plugin v27.4 - https:\/\/yoast.com\/product\/yoast-seo-wordpress\/ -->\n<title>CannaVis Massagelotion<\/title>\n<meta name=\"robots\" content=\"index, follow, max-snippet:-1, max-image-preview:large, max-video-preview:-1\" \/>\n<link rel=\"canonical\" href=\"https:\/\/cannavis.eu\/de\/proizvodi\/cannavis-massagelotion\/\" \/>\n<meta property=\"og:locale\" content=\"de_DE\" \/>\n<meta property=\"og:type\" content=\"article\" \/>\n<meta property=\"og:title\" content=\"CannaVis Massagelotion\" \/>\n<meta property=\"og:description\" content=\"CannaVis Massagelotion Die CannaVis-Massagelotion ist eines der beliebtesten Produkte aus der CannaVis-Palette, die Ihre Muskeln am Ende des Tages entspannt und Ihren K\u00f6rper auf einen perfekten Schlaf vorbereitet Hersteller: OPG AgroVis, Ulica Vlaha Paljetka 5, 21480 Vis Auf den Markt gebracht von: Karika Vis doo, Donje Kunjanovo 6, 21480 Vis Zutaten: Extra natives Bio-Oliven\u00f6l, \u00e4therisches [&hellip;]\" \/>\n<meta property=\"og:url\" content=\"https:\/\/cannavis.eu\/de\/proizvodi\/cannavis-massagelotion\/\" \/>\n<meta property=\"og:site_name\" content=\"Cannavis konoplja sa otoka Visa\" \/>\n<meta property=\"article:modified_time\" content=\"2025-08-11T16:22:03+00:00\" \/>\n<meta property=\"og:image\" content=\"https:\/\/cannavis.eu\/wp-content\/uploads\/2023\/01\/CannaVis-losion-194x300.jpg\" \/>\n<meta name=\"twitter:card\" content=\"summary_large_image\" \/>\n<meta name=\"twitter:label1\" content=\"Gesch\u00e4tzte Lesezeit\" \/>\n\t<meta name=\"twitter:data1\" content=\"1\u00a0Minute\" \/>\n<script type=\"application\/ld+json\" class=\"yoast-schema-graph\">{\"@context\":\"https:\\\/\\\/schema.org\",\"@graph\":[{\"@type\":\"WebPage\",\"@id\":\"https:\\\/\\\/cannavis.eu\\\/de\\\/proizvodi\\\/cannavis-massagelotion\\\/\",\"url\":\"https:\\\/\\\/cannavis.eu\\\/de\\\/proizvodi\\\/cannavis-massagelotion\\\/\",\"name\":\"CannaVis Massagelotion\",\"isPartOf\":{\"@id\":\"https:\\\/\\\/cannavis.eu\\\/de\\\/#website\"},\"primaryImageOfPage\":{\"@id\":\"https:\\\/\\\/cannavis.eu\\\/de\\\/proizvodi\\\/cannavis-massagelotion\\\/#primaryimage\"},\"image\":{\"@id\":\"https:\\\/\\\/cannavis.eu\\\/de\\\/proizvodi\\\/cannavis-massagelotion\\\/#primaryimage\"},\"thumbnailUrl\":\"https:\\\/\\\/cannavis.eu\\\/wp-content\\\/uploads\\\/2023\\\/01\\\/CannaVis-CBD-losion-za-masazu.png\",\"datePublished\":\"2023-01-09T19:09:53+00:00\",\"dateModified\":\"2025-08-11T16:22:03+00:00\",\"breadcrumb\":{\"@id\":\"https:\\\/\\\/cannavis.eu\\\/de\\\/proizvodi\\\/cannavis-massagelotion\\\/#breadcrumb\"},\"inLanguage\":\"de\",\"potentialAction\":[{\"@type\":\"ReadAction\",\"target\":[\"https:\\\/\\\/cannavis.eu\\\/de\\\/proizvodi\\\/cannavis-massagelotion\\\/\"]}]},{\"@type\":\"ImageObject\",\"inLanguage\":\"de\",\"@id\":\"https:\\\/\\\/cannavis.eu\\\/de\\\/proizvodi\\\/cannavis-massagelotion\\\/#primaryimage\",\"url\":\"https:\\\/\\\/cannavis.eu\\\/wp-content\\\/uploads\\\/2023\\\/01\\\/CannaVis-CBD-losion-za-masazu.png\",\"contentUrl\":\"https:\\\/\\\/cannavis.eu\\\/wp-content\\\/uploads\\\/2023\\\/01\\\/CannaVis-CBD-losion-za-masazu.png\",\"width\":800,\"height\":800},{\"@type\":\"BreadcrumbList\",\"@id\":\"https:\\\/\\\/cannavis.eu\\\/de\\\/proizvodi\\\/cannavis-massagelotion\\\/#breadcrumb\",\"itemListElement\":[{\"@type\":\"ListItem\",\"position\":1,\"name\":\"Home\",\"item\":\"https:\\\/\\\/cannavis.eu\\\/de\\\/\"},{\"@type\":\"ListItem\",\"position\":2,\"name\":\"Produkte\",\"item\":\"https:\\\/\\\/cannavis.eu\\\/de\\\/produkte\\\/\"},{\"@type\":\"ListItem\",\"position\":3,\"name\":\"CannaVis Massagelotion\"}]},{\"@type\":\"WebSite\",\"@id\":\"https:\\\/\\\/cannavis.eu\\\/de\\\/#website\",\"url\":\"https:\\\/\\\/cannavis.eu\\\/de\\\/\",\"name\":\"Cannavis konoplja sa otoka Visa\",\"description\":\"CannaVis industrijska konoplja cvijet sa otoka Visa\",\"publisher\":{\"@id\":\"https:\\\/\\\/cannavis.eu\\\/de\\\/#organization\"},\"potentialAction\":[{\"@type\":\"SearchAction\",\"target\":{\"@type\":\"EntryPoint\",\"urlTemplate\":\"https:\\\/\\\/cannavis.eu\\\/de\\\/?s={search_term_string}\"},\"query-input\":{\"@type\":\"PropertyValueSpecification\",\"valueRequired\":true,\"valueName\":\"search_term_string\"}}],\"inLanguage\":\"de\"},{\"@type\":\"Organization\",\"@id\":\"https:\\\/\\\/cannavis.eu\\\/de\\\/#organization\",\"name\":\"Cannavis konoplja sa otoka Visa\",\"url\":\"https:\\\/\\\/cannavis.eu\\\/de\\\/\",\"logo\":{\"@type\":\"ImageObject\",\"inLanguage\":\"de\",\"@id\":\"https:\\\/\\\/cannavis.eu\\\/de\\\/#\\\/schema\\\/logo\\\/image\\\/\",\"url\":\"https:\\\/\\\/cannavis.eu\\\/wp-content\\\/uploads\\\/2021\\\/06\\\/CannaVis-logo.png\",\"contentUrl\":\"https:\\\/\\\/cannavis.eu\\\/wp-content\\\/uploads\\\/2021\\\/06\\\/CannaVis-logo.png\",\"width\":160,\"height\":65,\"caption\":\"Cannavis konoplja sa otoka Visa\"},\"image\":{\"@id\":\"https:\\\/\\\/cannavis.eu\\\/de\\\/#\\\/schema\\\/logo\\\/image\\\/\"}}]}<\/script>\n<!-- \/ Yoast SEO plugin. -->","yoast_head_json":{"title":"CannaVis Massagelotion","robots":{"index":"index","follow":"follow","max-snippet":"max-snippet:-1","max-image-preview":"max-image-preview:large","max-video-preview":"max-video-preview:-1"},"canonical":"https:\/\/cannavis.eu\/de\/proizvodi\/cannavis-massagelotion\/","og_locale":"de_DE","og_type":"article","og_title":"CannaVis Massagelotion","og_description":"CannaVis Massagelotion Die CannaVis-Massagelotion ist eines der beliebtesten Produkte aus der CannaVis-Palette, die Ihre Muskeln am Ende des Tages entspannt und Ihren K\u00f6rper auf einen perfekten Schlaf vorbereitet Hersteller: OPG AgroVis, Ulica Vlaha Paljetka 5, 21480 Vis Auf den Markt gebracht von: Karika Vis doo, Donje Kunjanovo 6, 21480 Vis Zutaten: Extra natives Bio-Oliven\u00f6l, \u00e4therisches [&hellip;]","og_url":"https:\/\/cannavis.eu\/de\/proizvodi\/cannavis-massagelotion\/","og_site_name":"Cannavis konoplja sa otoka Visa","article_modified_time":"2025-08-11T16:22:03+00:00","og_image":[{"url":"https:\/\/cannavis.eu\/wp-content\/uploads\/2023\/01\/CannaVis-losion-194x300.jpg","type":"","width":"","height":""}],"twitter_card":"summary_large_image","twitter_misc":{"Gesch\u00e4tzte Lesezeit":"1\u00a0Minute"},"schema":{"@context":"https:\/\/schema.org","@graph":[{"@type":"WebPage","@id":"https:\/\/cannavis.eu\/de\/proizvodi\/cannavis-massagelotion\/","url":"https:\/\/cannavis.eu\/de\/proizvodi\/cannavis-massagelotion\/","name":"CannaVis Massagelotion","isPartOf":{"@id":"https:\/\/cannavis.eu\/de\/#website"},"primaryImageOfPage":{"@id":"https:\/\/cannavis.eu\/de\/proizvodi\/cannavis-massagelotion\/#primaryimage"},"image":{"@id":"https:\/\/cannavis.eu\/de\/proizvodi\/cannavis-massagelotion\/#primaryimage"},"thumbnailUrl":"https:\/\/cannavis.eu\/wp-content\/uploads\/2023\/01\/CannaVis-CBD-losion-za-masazu.png","datePublished":"2023-01-09T19:09:53+00:00","dateModified":"2025-08-11T16:22:03+00:00","breadcrumb":{"@id":"https:\/\/cannavis.eu\/de\/proizvodi\/cannavis-massagelotion\/#breadcrumb"},"inLanguage":"de","potentialAction":[{"@type":"ReadAction","target":["https:\/\/cannavis.eu\/de\/proizvodi\/cannavis-massagelotion\/"]}]},{"@type":"ImageObject","inLanguage":"de","@id":"https:\/\/cannavis.eu\/de\/proizvodi\/cannavis-massagelotion\/#primaryimage","url":"https:\/\/cannavis.eu\/wp-content\/uploads\/2023\/01\/CannaVis-CBD-losion-za-masazu.png","contentUrl":"https:\/\/cannavis.eu\/wp-content\/uploads\/2023\/01\/CannaVis-CBD-losion-za-masazu.png","width":800,"height":800},{"@type":"BreadcrumbList","@id":"https:\/\/cannavis.eu\/de\/proizvodi\/cannavis-massagelotion\/#breadcrumb","itemListElement":[{"@type":"ListItem","position":1,"name":"Home","item":"https:\/\/cannavis.eu\/de\/"},{"@type":"ListItem","position":2,"name":"Produkte","item":"https:\/\/cannavis.eu\/de\/produkte\/"},{"@type":"ListItem","position":3,"name":"CannaVis Massagelotion"}]},{"@type":"WebSite","@id":"https:\/\/cannavis.eu\/de\/#website","url":"https:\/\/cannavis.eu\/de\/","name":"Cannavis konoplja sa otoka Visa","description":"CannaVis industrijska konoplja cvijet sa otoka Visa","publisher":{"@id":"https:\/\/cannavis.eu\/de\/#organization"},"potentialAction":[{"@type":"SearchAction","target":{"@type":"EntryPoint","urlTemplate":"https:\/\/cannavis.eu\/de\/?s={search_term_string}"},"query-input":{"@type":"PropertyValueSpecification","valueRequired":true,"valueName":"search_term_string"}}],"inLanguage":"de"},{"@type":"Organization","@id":"https:\/\/cannavis.eu\/de\/#organization","name":"Cannavis konoplja sa otoka Visa","url":"https:\/\/cannavis.eu\/de\/","logo":{"@type":"ImageObject","inLanguage":"de","@id":"https:\/\/cannavis.eu\/de\/#\/schema\/logo\/image\/","url":"https:\/\/cannavis.eu\/wp-content\/uploads\/2021\/06\/CannaVis-logo.png","contentUrl":"https:\/\/cannavis.eu\/wp-content\/uploads\/2021\/06\/CannaVis-logo.png","width":160,"height":65,"caption":"Cannavis konoplja sa otoka Visa"},"image":{"@id":"https:\/\/cannavis.eu\/de\/#\/schema\/logo\/image\/"}}]}},"jetpack_sharing_enabled":true,"_links":{"self":[{"href":"https:\/\/cannavis.eu\/de\/wp-json\/wp\/v2\/product\/2966","targetHints":{"allow":["GET"]}}],"collection":[{"href":"https:\/\/cannavis.eu\/de\/wp-json\/wp\/v2\/product"}],"about":[{"href":"https:\/\/cannavis.eu\/de\/wp-json\/wp\/v2\/types\/product"}],"replies":[{"embeddable":true,"href":"https:\/\/cannavis.eu\/de\/wp-json\/wp\/v2\/comments?post=2966"}],"wp:featuredmedia":[{"embeddable":true,"href":"https:\/\/cannavis.eu\/de\/wp-json\/wp\/v2\/media\/4406"}],"wp:attachment":[{"href":"https:\/\/cannavis.eu\/de\/wp-json\/wp\/v2\/media?parent=2966"}],"wp:term":[{"taxonomy":"product_brand","embeddable":true,"href":"https:\/\/cannavis.eu\/de\/wp-json\/wp\/v2\/product_brand?post=2966"},{"taxonomy":"product_cat","embeddable":true,"href":"https:\/\/cannavis.eu\/de\/wp-json\/wp\/v2\/product_cat?post=2966"},{"taxonomy":"product_tag","embeddable":true,"href":"https:\/\/cannavis.eu\/de\/wp-json\/wp\/v2\/product_tag?post=2966"}],"curies":[{"name":"wp","href":"https:\/\/api.w.org\/{rel}","templated":true}]}}