{"id":2969,"date":"2023-01-06T20:40:59","date_gmt":"2023-01-06T20:40:59","guid":{"rendered":"https:\/\/cannavis.eu\/proizvod\/cannavis-industriehanfsamen\/"},"modified":"2026-04-03T21:54:17","modified_gmt":"2026-04-03T19:54:17","slug":"cannavis-industriehanfsamen","status":"publish","type":"product","link":"https:\/\/cannavis.eu\/de\/proizvodi\/cannavis-industriehanfsamen\/","title":{"rendered":"CannaVis Industriehanfsamen"},"content":{"rendered":"<p>CannaVis Industriehanfsamen<br \/>\nVorteile von CannaVis-Industriehanfsamen<\/p>\n<p>Vegetarier und insbesondere Veganer sind gro\u00dfe Fans von Hanfsamen, da sie pflanzlichen Ursprungs und reich an Proteinen sind. Erfahren Sie in der folgenden N\u00e4hrwerttabelle alles, was Sie \u00fcber die gesundheitlichen Vorteile von Hanfsamen wissen m\u00fcssen.<\/p>\n<p>&nbsp;<\/p>\n<p>Gesch\u00e4lte Hanfsamen (100 Gramm)<\/p>\n<p>Kalorien 553<br \/>\nEiwei\u00df 31g<br \/>\nKohlenhydrate 9g<br \/>\nFaser 4g<br \/>\nZucker 1,5 g<br \/>\nFett 49g<br \/>\nGes\u00e4ttigtes Fett 4,5 g<br \/>\nEinfach unges\u00e4ttigte Fetts\u00e4uren 5g<br \/>\nMehrfach unges\u00e4ttigte Fetts\u00e4uren 38g<br \/>\nWenn Sie Veganer oder Vegetarier sind und auf der Suche nach pflanzlichen Proteinquellen sind, sind unsere CannaVis-Samen die ideale Erg\u00e4nzung zu Ihrer Ern\u00e4hrung.<\/p>\n<p>Hanfsamen gelten aufgrund der Menge an N\u00e4hrstoffen, die sie enthalten, als das neueste \u201eSuperfood\u201c.<\/p>\n<p>Hanfsamen enthalten au\u00dferdem eine Vielzahl wertvoller Vitamine, Ballaststoffe und Mineralstoffe, darunter reichlich Kalzium und Magnesium. Diese Samen sind au\u00dferdem reich an Vitamin E und Vitamin B und au\u00dferdem eine ausgezeichnete Quelle f\u00fcr Omega-3 und Omega-6.<\/p>\n<p>CannaVis-Industriehanfsamen k\u00f6nnen pur verzehrt oder zum Dekorieren verschiedener Gerichte verwendet werden.<br \/>\nSie enthalten kein THC und sind daher im Handel erh\u00e4ltlich.<br \/>\nSie sind vollgepackt mit N\u00e4hrstoffen, einschlie\u00dflich, aber nicht beschr\u00e4nkt auf, Aminos\u00e4uren wie Omega-3 und Omega-6.<br \/>\nHierbei handelt es sich um eine zertifizierte EU-Hanfsorte, die im EU-Katalog aufgef\u00fchrt ist.<\/p>\n<p>Es erzeugt keine psychoaktiven Wirkungen.<\/p>\n<p>Hersteller: OPG AgroVis, Ulica Vlaha Paljetka 5, 21480 Vis<\/p>\n<p>Auf den Markt gebracht von: Karika Vis d.o.o., Donje Kunjanovo 6, 21480 Dra\u010devo polje<\/p>\n<p>&nbsp;<\/p>\n<p>&nbsp;<\/p>\n<p>&nbsp;<\/p>\n<p>&nbsp;<\/p>\n<p>&nbsp;<\/p>\n<p>&nbsp;<\/p>\n","protected":false},"excerpt":{"rendered":"<p>CannaVis Industriehanfsamen Vorteile von CannaVis-Industriehanfsamen Vegetarier und insbesondere Veganer sind gro\u00dfe Fans von Hanfsamen, da sie pflanzlichen Ursprungs und reich an Proteinen sind. Erfahren Sie in der folgenden N\u00e4hrwerttabelle alles, was Sie \u00fcber die gesundheitlichen Vorteile von Hanfsamen wissen m\u00fcssen. &nbsp; Gesch\u00e4lte Hanfsamen (100 Gramm) Kalorien 553 Eiwei\u00df 31g Kohlenhydrate 9g Faser 4g Zucker 1,5 [&hellip;]<\/p>\n","protected":false},"featured_media":4486,"comment_status":"open","ping_status":"closed","template":"","meta":{"_eb_attr":"","_joinchat":[]},"product_brand":[],"product_cat":[164],"product_tag":[1188,627,655],"class_list":{"0":"post-2969","1":"product","2":"type-product","3":"status-publish","4":"has-post-thumbnail","6":"product_cat-hanfsamen","7":"product_tag-cannabissamen","8":"product_tag-cbd-de","9":"product_tag-industriehanfsamen","11":"first","12":"outofstock","13":"sale","14":"shipping-taxable","15":"purchasable","16":"product-type-simple"},"yoast_head":"<!-- This site is optimized with the Yoast SEO plugin v27.4 - https:\/\/yoast.com\/product\/yoast-seo-wordpress\/ -->\n<title>CannaVis Industriehanfsamen - Cannavis konoplja sa otoka Visa<\/title>\n<meta name=\"robots\" content=\"index, follow, max-snippet:-1, max-image-preview:large, max-video-preview:-1\" \/>\n<link rel=\"canonical\" href=\"https:\/\/cannavis.eu\/de\/proizvodi\/cannavis-industriehanfsamen\/\" \/>\n<meta property=\"og:locale\" content=\"de_DE\" \/>\n<meta property=\"og:type\" content=\"article\" \/>\n<meta property=\"og:title\" content=\"CannaVis Industriehanfsamen - Cannavis konoplja sa otoka Visa\" \/>\n<meta property=\"og:description\" content=\"CannaVis Industriehanfsamen Vorteile von CannaVis-Industriehanfsamen Vegetarier und insbesondere Veganer sind gro\u00dfe Fans von Hanfsamen, da sie pflanzlichen Ursprungs und reich an Proteinen sind. Erfahren Sie in der folgenden N\u00e4hrwerttabelle alles, was Sie \u00fcber die gesundheitlichen Vorteile von Hanfsamen wissen m\u00fcssen. &nbsp; Gesch\u00e4lte Hanfsamen (100 Gramm) Kalorien 553 Eiwei\u00df 31g Kohlenhydrate 9g Faser 4g Zucker 1,5 [&hellip;]\" \/>\n<meta property=\"og:url\" content=\"https:\/\/cannavis.eu\/de\/proizvodi\/cannavis-industriehanfsamen\/\" \/>\n<meta property=\"og:site_name\" content=\"Cannavis konoplja sa otoka Visa\" \/>\n<meta property=\"article:modified_time\" content=\"2026-04-03T19:54:17+00:00\" \/>\n<meta property=\"og:image\" content=\"https:\/\/cannavis.eu\/wp-content\/uploads\/2023\/01\/CannaVis-sjemenke-konoplje-CBD-260x300.jpg\" \/>\n<meta name=\"twitter:card\" content=\"summary_large_image\" \/>\n<meta name=\"twitter:label1\" content=\"Gesch\u00e4tzte Lesezeit\" \/>\n\t<meta name=\"twitter:data1\" content=\"1\u00a0Minute\" \/>\n<script type=\"application\/ld+json\" class=\"yoast-schema-graph\">{\"@context\":\"https:\\\/\\\/schema.org\",\"@graph\":[{\"@type\":\"WebPage\",\"@id\":\"https:\\\/\\\/cannavis.eu\\\/de\\\/proizvodi\\\/cannavis-industriehanfsamen\\\/\",\"url\":\"https:\\\/\\\/cannavis.eu\\\/de\\\/proizvodi\\\/cannavis-industriehanfsamen\\\/\",\"name\":\"CannaVis Industriehanfsamen - Cannavis konoplja sa otoka Visa\",\"isPartOf\":{\"@id\":\"https:\\\/\\\/cannavis.eu\\\/de\\\/#website\"},\"primaryImageOfPage\":{\"@id\":\"https:\\\/\\\/cannavis.eu\\\/de\\\/proizvodi\\\/cannavis-industriehanfsamen\\\/#primaryimage\"},\"image\":{\"@id\":\"https:\\\/\\\/cannavis.eu\\\/de\\\/proizvodi\\\/cannavis-industriehanfsamen\\\/#primaryimage\"},\"thumbnailUrl\":\"https:\\\/\\\/cannavis.eu\\\/wp-content\\\/uploads\\\/2023\\\/01\\\/CannaVis-sjemenke-konoplje.png\",\"datePublished\":\"2023-01-06T20:40:59+00:00\",\"dateModified\":\"2026-04-03T19:54:17+00:00\",\"breadcrumb\":{\"@id\":\"https:\\\/\\\/cannavis.eu\\\/de\\\/proizvodi\\\/cannavis-industriehanfsamen\\\/#breadcrumb\"},\"inLanguage\":\"de\",\"potentialAction\":[{\"@type\":\"ReadAction\",\"target\":[\"https:\\\/\\\/cannavis.eu\\\/de\\\/proizvodi\\\/cannavis-industriehanfsamen\\\/\"]}]},{\"@type\":\"ImageObject\",\"inLanguage\":\"de\",\"@id\":\"https:\\\/\\\/cannavis.eu\\\/de\\\/proizvodi\\\/cannavis-industriehanfsamen\\\/#primaryimage\",\"url\":\"https:\\\/\\\/cannavis.eu\\\/wp-content\\\/uploads\\\/2023\\\/01\\\/CannaVis-sjemenke-konoplje.png\",\"contentUrl\":\"https:\\\/\\\/cannavis.eu\\\/wp-content\\\/uploads\\\/2023\\\/01\\\/CannaVis-sjemenke-konoplje.png\",\"width\":800,\"height\":800,\"caption\":\"sjemenke industrijske konoplje\"},{\"@type\":\"BreadcrumbList\",\"@id\":\"https:\\\/\\\/cannavis.eu\\\/de\\\/proizvodi\\\/cannavis-industriehanfsamen\\\/#breadcrumb\",\"itemListElement\":[{\"@type\":\"ListItem\",\"position\":1,\"name\":\"Home\",\"item\":\"https:\\\/\\\/cannavis.eu\\\/de\\\/\"},{\"@type\":\"ListItem\",\"position\":2,\"name\":\"Produkte\",\"item\":\"https:\\\/\\\/cannavis.eu\\\/de\\\/produkte\\\/\"},{\"@type\":\"ListItem\",\"position\":3,\"name\":\"Privatno: CannaVis Industriehanfsamen\"}]},{\"@type\":\"WebSite\",\"@id\":\"https:\\\/\\\/cannavis.eu\\\/de\\\/#website\",\"url\":\"https:\\\/\\\/cannavis.eu\\\/de\\\/\",\"name\":\"Cannavis konoplja sa otoka Visa\",\"description\":\"CannaVis industrijska konoplja cvijet sa otoka Visa\",\"publisher\":{\"@id\":\"https:\\\/\\\/cannavis.eu\\\/de\\\/#organization\"},\"potentialAction\":[{\"@type\":\"SearchAction\",\"target\":{\"@type\":\"EntryPoint\",\"urlTemplate\":\"https:\\\/\\\/cannavis.eu\\\/de\\\/?s={search_term_string}\"},\"query-input\":{\"@type\":\"PropertyValueSpecification\",\"valueRequired\":true,\"valueName\":\"search_term_string\"}}],\"inLanguage\":\"de\"},{\"@type\":\"Organization\",\"@id\":\"https:\\\/\\\/cannavis.eu\\\/de\\\/#organization\",\"name\":\"Cannavis konoplja sa otoka Visa\",\"url\":\"https:\\\/\\\/cannavis.eu\\\/de\\\/\",\"logo\":{\"@type\":\"ImageObject\",\"inLanguage\":\"de\",\"@id\":\"https:\\\/\\\/cannavis.eu\\\/de\\\/#\\\/schema\\\/logo\\\/image\\\/\",\"url\":\"https:\\\/\\\/cannavis.eu\\\/wp-content\\\/uploads\\\/2021\\\/06\\\/CannaVis-logo.png\",\"contentUrl\":\"https:\\\/\\\/cannavis.eu\\\/wp-content\\\/uploads\\\/2021\\\/06\\\/CannaVis-logo.png\",\"width\":160,\"height\":65,\"caption\":\"Cannavis konoplja sa otoka Visa\"},\"image\":{\"@id\":\"https:\\\/\\\/cannavis.eu\\\/de\\\/#\\\/schema\\\/logo\\\/image\\\/\"}}]}<\/script>\n<!-- \/ Yoast SEO plugin. -->","yoast_head_json":{"title":"CannaVis Industriehanfsamen - Cannavis konoplja sa otoka Visa","robots":{"index":"index","follow":"follow","max-snippet":"max-snippet:-1","max-image-preview":"max-image-preview:large","max-video-preview":"max-video-preview:-1"},"canonical":"https:\/\/cannavis.eu\/de\/proizvodi\/cannavis-industriehanfsamen\/","og_locale":"de_DE","og_type":"article","og_title":"CannaVis Industriehanfsamen - Cannavis konoplja sa otoka Visa","og_description":"CannaVis Industriehanfsamen Vorteile von CannaVis-Industriehanfsamen Vegetarier und insbesondere Veganer sind gro\u00dfe Fans von Hanfsamen, da sie pflanzlichen Ursprungs und reich an Proteinen sind. Erfahren Sie in der folgenden N\u00e4hrwerttabelle alles, was Sie \u00fcber die gesundheitlichen Vorteile von Hanfsamen wissen m\u00fcssen. &nbsp; Gesch\u00e4lte Hanfsamen (100 Gramm) Kalorien 553 Eiwei\u00df 31g Kohlenhydrate 9g Faser 4g Zucker 1,5 [&hellip;]","og_url":"https:\/\/cannavis.eu\/de\/proizvodi\/cannavis-industriehanfsamen\/","og_site_name":"Cannavis konoplja sa otoka Visa","article_modified_time":"2026-04-03T19:54:17+00:00","og_image":[{"url":"https:\/\/cannavis.eu\/wp-content\/uploads\/2023\/01\/CannaVis-sjemenke-konoplje-CBD-260x300.jpg","type":"","width":"","height":""}],"twitter_card":"summary_large_image","twitter_misc":{"Gesch\u00e4tzte Lesezeit":"1\u00a0Minute"},"schema":{"@context":"https:\/\/schema.org","@graph":[{"@type":"WebPage","@id":"https:\/\/cannavis.eu\/de\/proizvodi\/cannavis-industriehanfsamen\/","url":"https:\/\/cannavis.eu\/de\/proizvodi\/cannavis-industriehanfsamen\/","name":"CannaVis Industriehanfsamen - Cannavis konoplja sa otoka Visa","isPartOf":{"@id":"https:\/\/cannavis.eu\/de\/#website"},"primaryImageOfPage":{"@id":"https:\/\/cannavis.eu\/de\/proizvodi\/cannavis-industriehanfsamen\/#primaryimage"},"image":{"@id":"https:\/\/cannavis.eu\/de\/proizvodi\/cannavis-industriehanfsamen\/#primaryimage"},"thumbnailUrl":"https:\/\/cannavis.eu\/wp-content\/uploads\/2023\/01\/CannaVis-sjemenke-konoplje.png","datePublished":"2023-01-06T20:40:59+00:00","dateModified":"2026-04-03T19:54:17+00:00","breadcrumb":{"@id":"https:\/\/cannavis.eu\/de\/proizvodi\/cannavis-industriehanfsamen\/#breadcrumb"},"inLanguage":"de","potentialAction":[{"@type":"ReadAction","target":["https:\/\/cannavis.eu\/de\/proizvodi\/cannavis-industriehanfsamen\/"]}]},{"@type":"ImageObject","inLanguage":"de","@id":"https:\/\/cannavis.eu\/de\/proizvodi\/cannavis-industriehanfsamen\/#primaryimage","url":"https:\/\/cannavis.eu\/wp-content\/uploads\/2023\/01\/CannaVis-sjemenke-konoplje.png","contentUrl":"https:\/\/cannavis.eu\/wp-content\/uploads\/2023\/01\/CannaVis-sjemenke-konoplje.png","width":800,"height":800,"caption":"sjemenke industrijske konoplje"},{"@type":"BreadcrumbList","@id":"https:\/\/cannavis.eu\/de\/proizvodi\/cannavis-industriehanfsamen\/#breadcrumb","itemListElement":[{"@type":"ListItem","position":1,"name":"Home","item":"https:\/\/cannavis.eu\/de\/"},{"@type":"ListItem","position":2,"name":"Produkte","item":"https:\/\/cannavis.eu\/de\/produkte\/"},{"@type":"ListItem","position":3,"name":"Privatno: CannaVis Industriehanfsamen"}]},{"@type":"WebSite","@id":"https:\/\/cannavis.eu\/de\/#website","url":"https:\/\/cannavis.eu\/de\/","name":"Cannavis konoplja sa otoka Visa","description":"CannaVis industrijska konoplja cvijet sa otoka Visa","publisher":{"@id":"https:\/\/cannavis.eu\/de\/#organization"},"potentialAction":[{"@type":"SearchAction","target":{"@type":"EntryPoint","urlTemplate":"https:\/\/cannavis.eu\/de\/?s={search_term_string}"},"query-input":{"@type":"PropertyValueSpecification","valueRequired":true,"valueName":"search_term_string"}}],"inLanguage":"de"},{"@type":"Organization","@id":"https:\/\/cannavis.eu\/de\/#organization","name":"Cannavis konoplja sa otoka Visa","url":"https:\/\/cannavis.eu\/de\/","logo":{"@type":"ImageObject","inLanguage":"de","@id":"https:\/\/cannavis.eu\/de\/#\/schema\/logo\/image\/","url":"https:\/\/cannavis.eu\/wp-content\/uploads\/2021\/06\/CannaVis-logo.png","contentUrl":"https:\/\/cannavis.eu\/wp-content\/uploads\/2021\/06\/CannaVis-logo.png","width":160,"height":65,"caption":"Cannavis konoplja sa otoka Visa"},"image":{"@id":"https:\/\/cannavis.eu\/de\/#\/schema\/logo\/image\/"}}]}},"jetpack_sharing_enabled":true,"_links":{"self":[{"href":"https:\/\/cannavis.eu\/de\/wp-json\/wp\/v2\/product\/2969","targetHints":{"allow":["GET"]}}],"collection":[{"href":"https:\/\/cannavis.eu\/de\/wp-json\/wp\/v2\/product"}],"about":[{"href":"https:\/\/cannavis.eu\/de\/wp-json\/wp\/v2\/types\/product"}],"replies":[{"embeddable":true,"href":"https:\/\/cannavis.eu\/de\/wp-json\/wp\/v2\/comments?post=2969"}],"wp:featuredmedia":[{"embeddable":true,"href":"https:\/\/cannavis.eu\/de\/wp-json\/wp\/v2\/media\/4486"}],"wp:attachment":[{"href":"https:\/\/cannavis.eu\/de\/wp-json\/wp\/v2\/media?parent=2969"}],"wp:term":[{"taxonomy":"product_brand","embeddable":true,"href":"https:\/\/cannavis.eu\/de\/wp-json\/wp\/v2\/product_brand?post=2969"},{"taxonomy":"product_cat","embeddable":true,"href":"https:\/\/cannavis.eu\/de\/wp-json\/wp\/v2\/product_cat?post=2969"},{"taxonomy":"product_tag","embeddable":true,"href":"https:\/\/cannavis.eu\/de\/wp-json\/wp\/v2\/product_tag?post=2969"}],"curies":[{"name":"wp","href":"https:\/\/api.w.org\/{rel}","templated":true}]}}