{"id":2975,"date":"2023-01-06T18:49:21","date_gmt":"2023-01-06T18:49:21","guid":{"rendered":"https:\/\/cannavis.eu\/proizvod\/cannavis-hanfbluete-1g\/"},"modified":"2026-04-05T20:28:51","modified_gmt":"2026-04-05T18:28:51","slug":"cannavis-hanfbluete-1g","status":"publish","type":"product","link":"https:\/\/cannavis.eu\/de\/proizvodi\/cannavis-hanfbluete-1g\/","title":{"rendered":"CannaVis Hanfbl\u00fcte 1g"},"content":{"rendered":"<pre id=\"tw-target-text\" class=\"tw-data-text tw-text-large tw-ta\" dir=\"ltr\" data-placeholder=\"Prijevod\" data-ved=\"2ahUKEwjqnYXbjcGEAxVrhf0HHajRCO8Q3ewLegQIBRAU\"><span class=\"Y2IQFc\" lang=\"de\">Eletta Campana hat einen hohen CBD-Anteil. Die dominierenden Terpene sind Zitrus- und Kiefernterpene. Es hat einen \u00e4u\u00dferst angenehmen Geruch und ein dunkelgr\u00fcnes Aussehen.\r\nCBD-Anteil: &lt;10 %\r\n\r\nTHC-Anteil: &lt;0,2 %\r\n\r\nHergestellt im Einklang mit der Natur auf einem Familienbauernhof auf der Insel Vis.\r\n\r\nZusammensetzung: Getrocknete Hanfbl\u00fcte Sativa L.\r\n\r\nHierbei handelt es sich um eine zertifizierte EU-Hanfsorte, die im EU-Katalog aufgef\u00fchrt ist.\r\n\r\nEs erzeugt keine psychoaktiven Wirkungen.\r\n\r\nHersteller: OPG AgroVis, Ulica Vlaha Paljetka 5, 21480 Vis\r\n\r\nAuf den Markt gebracht von: Karika Vis d.o.o., Donje Kunjanovo 6, 21480 Dra\u010devo polje<\/span><\/pre>\n","protected":false},"excerpt":{"rendered":"<p>Eletta Campana hat einen hohen CBD-Anteil. Die dominierenden Terpene sind Zitrus- und Kiefernterpene. Es hat einen \u00e4u\u00dferst angenehmen Geruch und ein dunkelgr\u00fcnes Aussehen. CBD-Anteil: &lt;10 % THC-Anteil: &lt;0,2 % Hergestellt im Einklang mit der Natur auf einem Familienbauernhof auf der Insel Vis. Zusammensetzung: Getrocknete Hanfbl\u00fcte Sativa L. Hierbei handelt es sich um eine zertifizierte EU-Hanfsorte, [&hellip;]<\/p>\n","protected":false},"featured_media":2976,"comment_status":"open","ping_status":"closed","template":"","meta":{"_eb_attr":"","_joinchat":[]},"product_brand":[],"product_cat":[147],"product_tag":[],"class_list":{"0":"post-2975","1":"product","2":"type-product","3":"status-publish","4":"has-post-thumbnail","6":"product_cat-cannavis-blueten","8":"first","9":"outofstock","10":"sale","11":"shipping-taxable","12":"purchasable","13":"product-type-variable"},"yoast_head":"<!-- This site is optimized with the Yoast SEO plugin v27.4 - https:\/\/yoast.com\/product\/yoast-seo-wordpress\/ -->\n<title>CannaVis Hanfbl\u00fcte 1g - Cannavis konoplja sa otoka Visa<\/title>\n<meta name=\"robots\" content=\"index, follow, max-snippet:-1, max-image-preview:large, max-video-preview:-1\" \/>\n<link rel=\"canonical\" href=\"https:\/\/cannavis.eu\/de\/proizvodi\/cannavis-hanfbluete-1g\/\" \/>\n<meta property=\"og:locale\" content=\"de_DE\" \/>\n<meta property=\"og:type\" content=\"article\" \/>\n<meta property=\"og:title\" content=\"CannaVis Hanfbl\u00fcte 1g\" \/>\n<meta property=\"og:description\" content=\"CannaVis Hanfbl\u00fcte 1g\" \/>\n<meta property=\"og:url\" content=\"https:\/\/cannavis.eu\/de\/proizvodi\/cannavis-hanfbluete-1g\/\" \/>\n<meta property=\"og:site_name\" content=\"Cannavis konoplja sa otoka Visa\" \/>\n<meta property=\"article:modified_time\" content=\"2026-04-05T18:28:51+00:00\" \/>\n<meta property=\"og:image\" content=\"https:\/\/cannavis.eu\/wp-content\/uploads\/2023\/01\/CannaVis-cvijet-konoplje-1g-270x300.jpg\" \/>\n<meta name=\"twitter:card\" content=\"summary_large_image\" \/>\n<script type=\"application\/ld+json\" class=\"yoast-schema-graph\">{\"@context\":\"https:\\\/\\\/schema.org\",\"@graph\":[{\"@type\":\"WebPage\",\"@id\":\"https:\\\/\\\/cannavis.eu\\\/de\\\/proizvodi\\\/cannavis-hanfbluete-1g\\\/\",\"url\":\"https:\\\/\\\/cannavis.eu\\\/de\\\/proizvodi\\\/cannavis-hanfbluete-1g\\\/\",\"name\":\"CannaVis Hanfbl\u00fcte 1g - Cannavis konoplja sa otoka Visa\",\"isPartOf\":{\"@id\":\"https:\\\/\\\/cannavis.eu\\\/de\\\/#website\"},\"primaryImageOfPage\":{\"@id\":\"https:\\\/\\\/cannavis.eu\\\/de\\\/proizvodi\\\/cannavis-hanfbluete-1g\\\/#primaryimage\"},\"image\":{\"@id\":\"https:\\\/\\\/cannavis.eu\\\/de\\\/proizvodi\\\/cannavis-hanfbluete-1g\\\/#primaryimage\"},\"thumbnailUrl\":\"https:\\\/\\\/cannavis.eu\\\/wp-content\\\/uploads\\\/2023\\\/01\\\/CannaVis-cvijet-konoplje-1g.jpg\",\"datePublished\":\"2023-01-06T18:49:21+00:00\",\"dateModified\":\"2026-04-05T18:28:51+00:00\",\"breadcrumb\":{\"@id\":\"https:\\\/\\\/cannavis.eu\\\/de\\\/proizvodi\\\/cannavis-hanfbluete-1g\\\/#breadcrumb\"},\"inLanguage\":\"de\",\"potentialAction\":[{\"@type\":\"ReadAction\",\"target\":[\"https:\\\/\\\/cannavis.eu\\\/de\\\/proizvodi\\\/cannavis-hanfbluete-1g\\\/\"]}]},{\"@type\":\"ImageObject\",\"inLanguage\":\"de\",\"@id\":\"https:\\\/\\\/cannavis.eu\\\/de\\\/proizvodi\\\/cannavis-hanfbluete-1g\\\/#primaryimage\",\"url\":\"https:\\\/\\\/cannavis.eu\\\/wp-content\\\/uploads\\\/2023\\\/01\\\/CannaVis-cvijet-konoplje-1g.jpg\",\"contentUrl\":\"https:\\\/\\\/cannavis.eu\\\/wp-content\\\/uploads\\\/2023\\\/01\\\/CannaVis-cvijet-konoplje-1g.jpg\",\"width\":673,\"height\":748},{\"@type\":\"BreadcrumbList\",\"@id\":\"https:\\\/\\\/cannavis.eu\\\/de\\\/proizvodi\\\/cannavis-hanfbluete-1g\\\/#breadcrumb\",\"itemListElement\":[{\"@type\":\"ListItem\",\"position\":1,\"name\":\"Home\",\"item\":\"https:\\\/\\\/cannavis.eu\\\/de\\\/\"},{\"@type\":\"ListItem\",\"position\":2,\"name\":\"Produkte\",\"item\":\"https:\\\/\\\/cannavis.eu\\\/de\\\/produkte\\\/\"},{\"@type\":\"ListItem\",\"position\":3,\"name\":\"CannaVis Hanfbl\u00fcte 1g\"}]},{\"@type\":\"WebSite\",\"@id\":\"https:\\\/\\\/cannavis.eu\\\/de\\\/#website\",\"url\":\"https:\\\/\\\/cannavis.eu\\\/de\\\/\",\"name\":\"Cannavis konoplja sa otoka Visa\",\"description\":\"CannaVis industrijska konoplja cvijet sa otoka Visa\",\"publisher\":{\"@id\":\"https:\\\/\\\/cannavis.eu\\\/de\\\/#organization\"},\"potentialAction\":[{\"@type\":\"SearchAction\",\"target\":{\"@type\":\"EntryPoint\",\"urlTemplate\":\"https:\\\/\\\/cannavis.eu\\\/de\\\/?s={search_term_string}\"},\"query-input\":{\"@type\":\"PropertyValueSpecification\",\"valueRequired\":true,\"valueName\":\"search_term_string\"}}],\"inLanguage\":\"de\"},{\"@type\":\"Organization\",\"@id\":\"https:\\\/\\\/cannavis.eu\\\/de\\\/#organization\",\"name\":\"Cannavis konoplja sa otoka Visa\",\"url\":\"https:\\\/\\\/cannavis.eu\\\/de\\\/\",\"logo\":{\"@type\":\"ImageObject\",\"inLanguage\":\"de\",\"@id\":\"https:\\\/\\\/cannavis.eu\\\/de\\\/#\\\/schema\\\/logo\\\/image\\\/\",\"url\":\"https:\\\/\\\/cannavis.eu\\\/wp-content\\\/uploads\\\/2021\\\/06\\\/CannaVis-logo.png\",\"contentUrl\":\"https:\\\/\\\/cannavis.eu\\\/wp-content\\\/uploads\\\/2021\\\/06\\\/CannaVis-logo.png\",\"width\":160,\"height\":65,\"caption\":\"Cannavis konoplja sa otoka Visa\"},\"image\":{\"@id\":\"https:\\\/\\\/cannavis.eu\\\/de\\\/#\\\/schema\\\/logo\\\/image\\\/\"}}]}<\/script>\n<!-- \/ Yoast SEO plugin. -->","yoast_head_json":{"title":"CannaVis Hanfbl\u00fcte 1g - Cannavis konoplja sa otoka Visa","robots":{"index":"index","follow":"follow","max-snippet":"max-snippet:-1","max-image-preview":"max-image-preview:large","max-video-preview":"max-video-preview:-1"},"canonical":"https:\/\/cannavis.eu\/de\/proizvodi\/cannavis-hanfbluete-1g\/","og_locale":"de_DE","og_type":"article","og_title":"CannaVis Hanfbl\u00fcte 1g","og_description":"CannaVis Hanfbl\u00fcte 1g","og_url":"https:\/\/cannavis.eu\/de\/proizvodi\/cannavis-hanfbluete-1g\/","og_site_name":"Cannavis konoplja sa otoka Visa","article_modified_time":"2026-04-05T18:28:51+00:00","og_image":[{"url":"https:\/\/cannavis.eu\/wp-content\/uploads\/2023\/01\/CannaVis-cvijet-konoplje-1g-270x300.jpg","type":"","width":"","height":""}],"twitter_card":"summary_large_image","schema":{"@context":"https:\/\/schema.org","@graph":[{"@type":"WebPage","@id":"https:\/\/cannavis.eu\/de\/proizvodi\/cannavis-hanfbluete-1g\/","url":"https:\/\/cannavis.eu\/de\/proizvodi\/cannavis-hanfbluete-1g\/","name":"CannaVis Hanfbl\u00fcte 1g - Cannavis konoplja sa otoka Visa","isPartOf":{"@id":"https:\/\/cannavis.eu\/de\/#website"},"primaryImageOfPage":{"@id":"https:\/\/cannavis.eu\/de\/proizvodi\/cannavis-hanfbluete-1g\/#primaryimage"},"image":{"@id":"https:\/\/cannavis.eu\/de\/proizvodi\/cannavis-hanfbluete-1g\/#primaryimage"},"thumbnailUrl":"https:\/\/cannavis.eu\/wp-content\/uploads\/2023\/01\/CannaVis-cvijet-konoplje-1g.jpg","datePublished":"2023-01-06T18:49:21+00:00","dateModified":"2026-04-05T18:28:51+00:00","breadcrumb":{"@id":"https:\/\/cannavis.eu\/de\/proizvodi\/cannavis-hanfbluete-1g\/#breadcrumb"},"inLanguage":"de","potentialAction":[{"@type":"ReadAction","target":["https:\/\/cannavis.eu\/de\/proizvodi\/cannavis-hanfbluete-1g\/"]}]},{"@type":"ImageObject","inLanguage":"de","@id":"https:\/\/cannavis.eu\/de\/proizvodi\/cannavis-hanfbluete-1g\/#primaryimage","url":"https:\/\/cannavis.eu\/wp-content\/uploads\/2023\/01\/CannaVis-cvijet-konoplje-1g.jpg","contentUrl":"https:\/\/cannavis.eu\/wp-content\/uploads\/2023\/01\/CannaVis-cvijet-konoplje-1g.jpg","width":673,"height":748},{"@type":"BreadcrumbList","@id":"https:\/\/cannavis.eu\/de\/proizvodi\/cannavis-hanfbluete-1g\/#breadcrumb","itemListElement":[{"@type":"ListItem","position":1,"name":"Home","item":"https:\/\/cannavis.eu\/de\/"},{"@type":"ListItem","position":2,"name":"Produkte","item":"https:\/\/cannavis.eu\/de\/produkte\/"},{"@type":"ListItem","position":3,"name":"CannaVis Hanfbl\u00fcte 1g"}]},{"@type":"WebSite","@id":"https:\/\/cannavis.eu\/de\/#website","url":"https:\/\/cannavis.eu\/de\/","name":"Cannavis konoplja sa otoka Visa","description":"CannaVis industrijska konoplja cvijet sa otoka Visa","publisher":{"@id":"https:\/\/cannavis.eu\/de\/#organization"},"potentialAction":[{"@type":"SearchAction","target":{"@type":"EntryPoint","urlTemplate":"https:\/\/cannavis.eu\/de\/?s={search_term_string}"},"query-input":{"@type":"PropertyValueSpecification","valueRequired":true,"valueName":"search_term_string"}}],"inLanguage":"de"},{"@type":"Organization","@id":"https:\/\/cannavis.eu\/de\/#organization","name":"Cannavis konoplja sa otoka Visa","url":"https:\/\/cannavis.eu\/de\/","logo":{"@type":"ImageObject","inLanguage":"de","@id":"https:\/\/cannavis.eu\/de\/#\/schema\/logo\/image\/","url":"https:\/\/cannavis.eu\/wp-content\/uploads\/2021\/06\/CannaVis-logo.png","contentUrl":"https:\/\/cannavis.eu\/wp-content\/uploads\/2021\/06\/CannaVis-logo.png","width":160,"height":65,"caption":"Cannavis konoplja sa otoka Visa"},"image":{"@id":"https:\/\/cannavis.eu\/de\/#\/schema\/logo\/image\/"}}]}},"jetpack_sharing_enabled":true,"_links":{"self":[{"href":"https:\/\/cannavis.eu\/de\/wp-json\/wp\/v2\/product\/2975","targetHints":{"allow":["GET"]}}],"collection":[{"href":"https:\/\/cannavis.eu\/de\/wp-json\/wp\/v2\/product"}],"about":[{"href":"https:\/\/cannavis.eu\/de\/wp-json\/wp\/v2\/types\/product"}],"replies":[{"embeddable":true,"href":"https:\/\/cannavis.eu\/de\/wp-json\/wp\/v2\/comments?post=2975"}],"wp:featuredmedia":[{"embeddable":true,"href":"https:\/\/cannavis.eu\/de\/wp-json\/wp\/v2\/media\/2976"}],"wp:attachment":[{"href":"https:\/\/cannavis.eu\/de\/wp-json\/wp\/v2\/media?parent=2975"}],"wp:term":[{"taxonomy":"product_brand","embeddable":true,"href":"https:\/\/cannavis.eu\/de\/wp-json\/wp\/v2\/product_brand?post=2975"},{"taxonomy":"product_cat","embeddable":true,"href":"https:\/\/cannavis.eu\/de\/wp-json\/wp\/v2\/product_cat?post=2975"},{"taxonomy":"product_tag","embeddable":true,"href":"https:\/\/cannavis.eu\/de\/wp-json\/wp\/v2\/product_tag?post=2975"}],"curies":[{"name":"wp","href":"https:\/\/api.w.org\/{rel}","templated":true}]}}