{"id":2984,"date":"2023-01-04T21:32:01","date_gmt":"2023-01-04T21:32:01","guid":{"rendered":"https:\/\/cannavis.eu\/proizvod\/cannavis-industriehanfblaetter\/"},"modified":"2026-01-16T04:09:12","modified_gmt":"2026-01-16T02:09:12","slug":"cannavis-industriehanfblaetter","status":"publish","type":"product","link":"https:\/\/cannavis.eu\/de\/proizvodi\/cannavis-industriehanfblaetter\/","title":{"rendered":"CannaVis Industriehanfbl\u00e4tter"},"content":{"rendered":"<p>CannaVis Industriehanfbl\u00e4tter<br \/>\nCannaVis-Industriehanfbl\u00e4tter helfen Ihnen, besser einzuschlafen.<\/p>\n<p>Mit CannaVis Industriehanfbl\u00e4ttern schlafen Sie besser, besser, entspannter.<\/p>\n<p>CBD-Tee kann sowohl hei\u00df als auch kalt getrunken werden und ist somit das ganze Jahr \u00fcber das perfekte Getr\u00e4nk.<\/p>\n<p>Da sich CBD und andere Cannabinoide viel besser aufl\u00f6sen, wenn sie in eine Fettquelle hineingegossen werden, ist dies die beste Art, CBD-Tee zuzubereiten. Manche Menschen f\u00fcgen ihrem Tee geschmolzene Butter oder Kokosnuss\u00f6l hinzu, um eine Fettbasis zu schaffen, die die Cannabinoide absorbiert.<\/p>\n<p>Andere entscheiden sich daf\u00fcr, CBD-\u00d6l zu bereits aufgebr\u00fchtem Tee hinzuzuf\u00fcgen. Dies gew\u00e4hrleistet eine genaue und effiziente Dosierung, sodass jede Tasse genau das Erlebnis bietet, das Sie sich w\u00fcnschen.<\/p>\n<p>Bei der Zubereitung von CBD-Tee ist es au\u00dferdem wichtig, immer warmes Wasser zu verwenden. Um die n\u00fctzlichen Verbindungen in CBD zu aktivieren, ist W\u00e4rme erforderlich. Sobald der CBD-Tee jedoch aufgebr\u00fcht ist, kann er gek\u00fchlt oder auf Eis serviert werden.<\/p>\n<p>CBD und Kamille<br \/>\nCBD und Kamille beruhigen Ihre N\u00e4chte<br \/>\nDie entspannende und beruhigende Wirkung von Kamille und CBD-Produkten, die Sie auf einen erholsamen Schlaf vorbereiten, steht au\u00dfer Zweifel.<\/p>\n<p>Wenn Sie vor dem Schlafengehen eine Tasse CBD-Tee und Kamille genie\u00dfen, haben Sie alle Chancen, leicht einzuschlafen und eine gute Nacht zu genie\u00dfen.<\/p>\n<p>&nbsp;<\/p>\n<p>CBD-Anteil: &lt;5 %<\/p>\n<p>THC-Anteil: &lt;0,2 %<\/p>\n<p>Hergestellt im Einklang mit der Natur auf einem Familienbauernhof auf der Insel Vis<\/p>\n<p>Zusammensetzung: Getrocknetes Hanfblatt Sativa L.<\/p>\n<p>Hierbei handelt es sich um eine zertifizierte EU-Hanfsorte, die im EU-Katalog aufgef\u00fchrt ist.<\/p>\n<p>Es erzeugt keine psychoaktiven Wirkungen.<\/p>\n<p>Hersteller: OPG AgroVis, Ulica Vlaha Paljetka 5, 21480 Vis<\/p>\n<p>Auf den Markt gebracht von: Karika Vis d.o.o., Donje Kunjanovo 6, 21480 Dra\u010devo polje<\/p>\n<p>&nbsp;<\/p>\n<p>&nbsp;<\/p>\n<p>&nbsp;<\/p>\n<p>&nbsp;<\/p>\n<p>&nbsp;<\/p>\n<p>&nbsp;<\/p>\n","protected":false},"excerpt":{"rendered":"<p>CannaVis Industriehanfbl\u00e4tter CannaVis-Industriehanfbl\u00e4tter helfen Ihnen, besser einzuschlafen. Mit CannaVis Industriehanfbl\u00e4ttern schlafen Sie besser, besser, entspannter. CBD-Tee kann sowohl hei\u00df als auch kalt getrunken werden und ist somit das ganze Jahr \u00fcber das perfekte Getr\u00e4nk. Da sich CBD und andere Cannabinoide viel besser aufl\u00f6sen, wenn sie in eine Fettquelle hineingegossen werden, ist dies die beste Art, [&hellip;]<\/p>\n","protected":false},"featured_media":4489,"comment_status":"open","ping_status":"closed","template":"","meta":{"_eb_attr":"","_joinchat":[]},"product_brand":[],"product_cat":[167],"product_tag":[627,641,1202,1204],"class_list":{"0":"post-2984","1":"product","2":"type-product","3":"status-publish","4":"has-post-thumbnail","6":"product_cat-hanfblaetter","7":"product_tag-cbd-de","8":"product_tag-hanfblatter","9":"product_tag-hanftee","10":"product_tag-hanftee-de","12":"first","13":"outofstock","14":"shipping-taxable","15":"purchasable","16":"product-type-simple"},"yoast_head":"<!-- This site is optimized with the Yoast SEO plugin v27.4 - https:\/\/yoast.com\/product\/yoast-seo-wordpress\/ -->\n<title>CannaVis listovi industrijske konoplje<\/title>\n<meta name=\"description\" content=\"CannaVis listovi industrijske konoplje poma\u017eu da bolje utonete u san. Uz CannaVis listove industrijske konoplje spavajte bolje, kvalitetnije, opu\u0161tenije...\" \/>\n<meta name=\"robots\" content=\"index, follow, max-snippet:-1, max-image-preview:large, max-video-preview:-1\" \/>\n<link rel=\"canonical\" href=\"https:\/\/cannavis.eu\/de\/proizvodi\/cannavis-industriehanfblaetter\/\" \/>\n<meta property=\"og:locale\" content=\"de_DE\" \/>\n<meta property=\"og:type\" content=\"article\" \/>\n<meta property=\"og:title\" content=\"CannaVis listovi industrijske konoplje\" \/>\n<meta property=\"og:description\" content=\"CannaVis listovi industrijske konoplje poma\u017eu da bolje utonete u san. Uz CannaVis listove industrijske konoplje spavajte bolje, kvalitetnije, opu\u0161tenije...\" \/>\n<meta property=\"og:url\" content=\"https:\/\/cannavis.eu\/de\/proizvodi\/cannavis-industriehanfblaetter\/\" \/>\n<meta property=\"og:site_name\" content=\"Cannavis konoplja sa otoka Visa\" \/>\n<meta property=\"article:modified_time\" content=\"2026-01-16T02:09:12+00:00\" \/>\n<meta property=\"og:image\" content=\"https:\/\/cannavis.eu\/wp-content\/uploads\/2023\/01\/CannaVis-listovi-konoplje.png\" \/>\n\t<meta property=\"og:image:width\" content=\"800\" \/>\n\t<meta property=\"og:image:height\" content=\"800\" \/>\n\t<meta property=\"og:image:type\" content=\"image\/png\" \/>\n<meta name=\"twitter:card\" content=\"summary_large_image\" \/>\n<meta name=\"twitter:label1\" content=\"Gesch\u00e4tzte Lesezeit\" \/>\n\t<meta name=\"twitter:data1\" content=\"1\u00a0Minute\" \/>\n<script type=\"application\/ld+json\" class=\"yoast-schema-graph\">{\"@context\":\"https:\\\/\\\/schema.org\",\"@graph\":[{\"@type\":\"WebPage\",\"@id\":\"https:\\\/\\\/cannavis.eu\\\/de\\\/proizvodi\\\/cannavis-industriehanfblaetter\\\/\",\"url\":\"https:\\\/\\\/cannavis.eu\\\/de\\\/proizvodi\\\/cannavis-industriehanfblaetter\\\/\",\"name\":\"CannaVis listovi industrijske konoplje\",\"isPartOf\":{\"@id\":\"https:\\\/\\\/cannavis.eu\\\/de\\\/#website\"},\"primaryImageOfPage\":{\"@id\":\"https:\\\/\\\/cannavis.eu\\\/de\\\/proizvodi\\\/cannavis-industriehanfblaetter\\\/#primaryimage\"},\"image\":{\"@id\":\"https:\\\/\\\/cannavis.eu\\\/de\\\/proizvodi\\\/cannavis-industriehanfblaetter\\\/#primaryimage\"},\"thumbnailUrl\":\"https:\\\/\\\/cannavis.eu\\\/wp-content\\\/uploads\\\/2023\\\/01\\\/CannaVis-listovi-konoplje.png\",\"datePublished\":\"2023-01-04T21:32:01+00:00\",\"dateModified\":\"2026-01-16T02:09:12+00:00\",\"description\":\"CannaVis listovi industrijske konoplje poma\u017eu da bolje utonete u san. Uz CannaVis listove industrijske konoplje spavajte bolje, kvalitetnije, opu\u0161tenije...\",\"breadcrumb\":{\"@id\":\"https:\\\/\\\/cannavis.eu\\\/de\\\/proizvodi\\\/cannavis-industriehanfblaetter\\\/#breadcrumb\"},\"inLanguage\":\"de\",\"potentialAction\":[{\"@type\":\"ReadAction\",\"target\":[\"https:\\\/\\\/cannavis.eu\\\/de\\\/proizvodi\\\/cannavis-industriehanfblaetter\\\/\"]}]},{\"@type\":\"ImageObject\",\"inLanguage\":\"de\",\"@id\":\"https:\\\/\\\/cannavis.eu\\\/de\\\/proizvodi\\\/cannavis-industriehanfblaetter\\\/#primaryimage\",\"url\":\"https:\\\/\\\/cannavis.eu\\\/wp-content\\\/uploads\\\/2023\\\/01\\\/CannaVis-listovi-konoplje.png\",\"contentUrl\":\"https:\\\/\\\/cannavis.eu\\\/wp-content\\\/uploads\\\/2023\\\/01\\\/CannaVis-listovi-konoplje.png\",\"width\":800,\"height\":800},{\"@type\":\"BreadcrumbList\",\"@id\":\"https:\\\/\\\/cannavis.eu\\\/de\\\/proizvodi\\\/cannavis-industriehanfblaetter\\\/#breadcrumb\",\"itemListElement\":[{\"@type\":\"ListItem\",\"position\":1,\"name\":\"Home\",\"item\":\"https:\\\/\\\/cannavis.eu\\\/de\\\/\"},{\"@type\":\"ListItem\",\"position\":2,\"name\":\"Produkte\",\"item\":\"https:\\\/\\\/cannavis.eu\\\/de\\\/produkte\\\/\"},{\"@type\":\"ListItem\",\"position\":3,\"name\":\"CannaVis Industriehanfbl\u00e4tter\"}]},{\"@type\":\"WebSite\",\"@id\":\"https:\\\/\\\/cannavis.eu\\\/de\\\/#website\",\"url\":\"https:\\\/\\\/cannavis.eu\\\/de\\\/\",\"name\":\"Cannavis konoplja sa otoka Visa\",\"description\":\"CannaVis industrijska konoplja cvijet sa otoka Visa\",\"publisher\":{\"@id\":\"https:\\\/\\\/cannavis.eu\\\/de\\\/#organization\"},\"potentialAction\":[{\"@type\":\"SearchAction\",\"target\":{\"@type\":\"EntryPoint\",\"urlTemplate\":\"https:\\\/\\\/cannavis.eu\\\/de\\\/?s={search_term_string}\"},\"query-input\":{\"@type\":\"PropertyValueSpecification\",\"valueRequired\":true,\"valueName\":\"search_term_string\"}}],\"inLanguage\":\"de\"},{\"@type\":\"Organization\",\"@id\":\"https:\\\/\\\/cannavis.eu\\\/de\\\/#organization\",\"name\":\"Cannavis konoplja sa otoka Visa\",\"url\":\"https:\\\/\\\/cannavis.eu\\\/de\\\/\",\"logo\":{\"@type\":\"ImageObject\",\"inLanguage\":\"de\",\"@id\":\"https:\\\/\\\/cannavis.eu\\\/de\\\/#\\\/schema\\\/logo\\\/image\\\/\",\"url\":\"https:\\\/\\\/cannavis.eu\\\/wp-content\\\/uploads\\\/2021\\\/06\\\/CannaVis-logo.png\",\"contentUrl\":\"https:\\\/\\\/cannavis.eu\\\/wp-content\\\/uploads\\\/2021\\\/06\\\/CannaVis-logo.png\",\"width\":160,\"height\":65,\"caption\":\"Cannavis konoplja sa otoka Visa\"},\"image\":{\"@id\":\"https:\\\/\\\/cannavis.eu\\\/de\\\/#\\\/schema\\\/logo\\\/image\\\/\"}}]}<\/script>\n<!-- \/ Yoast SEO plugin. -->","yoast_head_json":{"title":"CannaVis listovi industrijske konoplje","description":"CannaVis listovi industrijske konoplje poma\u017eu da bolje utonete u san. Uz CannaVis listove industrijske konoplje spavajte bolje, kvalitetnije, opu\u0161tenije...","robots":{"index":"index","follow":"follow","max-snippet":"max-snippet:-1","max-image-preview":"max-image-preview:large","max-video-preview":"max-video-preview:-1"},"canonical":"https:\/\/cannavis.eu\/de\/proizvodi\/cannavis-industriehanfblaetter\/","og_locale":"de_DE","og_type":"article","og_title":"CannaVis listovi industrijske konoplje","og_description":"CannaVis listovi industrijske konoplje poma\u017eu da bolje utonete u san. Uz CannaVis listove industrijske konoplje spavajte bolje, kvalitetnije, opu\u0161tenije...","og_url":"https:\/\/cannavis.eu\/de\/proizvodi\/cannavis-industriehanfblaetter\/","og_site_name":"Cannavis konoplja sa otoka Visa","article_modified_time":"2026-01-16T02:09:12+00:00","og_image":[{"width":800,"height":800,"url":"https:\/\/cannavis.eu\/wp-content\/uploads\/2023\/01\/CannaVis-listovi-konoplje.png","type":"image\/png"}],"twitter_card":"summary_large_image","twitter_misc":{"Gesch\u00e4tzte Lesezeit":"1\u00a0Minute"},"schema":{"@context":"https:\/\/schema.org","@graph":[{"@type":"WebPage","@id":"https:\/\/cannavis.eu\/de\/proizvodi\/cannavis-industriehanfblaetter\/","url":"https:\/\/cannavis.eu\/de\/proizvodi\/cannavis-industriehanfblaetter\/","name":"CannaVis listovi industrijske konoplje","isPartOf":{"@id":"https:\/\/cannavis.eu\/de\/#website"},"primaryImageOfPage":{"@id":"https:\/\/cannavis.eu\/de\/proizvodi\/cannavis-industriehanfblaetter\/#primaryimage"},"image":{"@id":"https:\/\/cannavis.eu\/de\/proizvodi\/cannavis-industriehanfblaetter\/#primaryimage"},"thumbnailUrl":"https:\/\/cannavis.eu\/wp-content\/uploads\/2023\/01\/CannaVis-listovi-konoplje.png","datePublished":"2023-01-04T21:32:01+00:00","dateModified":"2026-01-16T02:09:12+00:00","description":"CannaVis listovi industrijske konoplje poma\u017eu da bolje utonete u san. Uz CannaVis listove industrijske konoplje spavajte bolje, kvalitetnije, opu\u0161tenije...","breadcrumb":{"@id":"https:\/\/cannavis.eu\/de\/proizvodi\/cannavis-industriehanfblaetter\/#breadcrumb"},"inLanguage":"de","potentialAction":[{"@type":"ReadAction","target":["https:\/\/cannavis.eu\/de\/proizvodi\/cannavis-industriehanfblaetter\/"]}]},{"@type":"ImageObject","inLanguage":"de","@id":"https:\/\/cannavis.eu\/de\/proizvodi\/cannavis-industriehanfblaetter\/#primaryimage","url":"https:\/\/cannavis.eu\/wp-content\/uploads\/2023\/01\/CannaVis-listovi-konoplje.png","contentUrl":"https:\/\/cannavis.eu\/wp-content\/uploads\/2023\/01\/CannaVis-listovi-konoplje.png","width":800,"height":800},{"@type":"BreadcrumbList","@id":"https:\/\/cannavis.eu\/de\/proizvodi\/cannavis-industriehanfblaetter\/#breadcrumb","itemListElement":[{"@type":"ListItem","position":1,"name":"Home","item":"https:\/\/cannavis.eu\/de\/"},{"@type":"ListItem","position":2,"name":"Produkte","item":"https:\/\/cannavis.eu\/de\/produkte\/"},{"@type":"ListItem","position":3,"name":"CannaVis Industriehanfbl\u00e4tter"}]},{"@type":"WebSite","@id":"https:\/\/cannavis.eu\/de\/#website","url":"https:\/\/cannavis.eu\/de\/","name":"Cannavis konoplja sa otoka Visa","description":"CannaVis industrijska konoplja cvijet sa otoka Visa","publisher":{"@id":"https:\/\/cannavis.eu\/de\/#organization"},"potentialAction":[{"@type":"SearchAction","target":{"@type":"EntryPoint","urlTemplate":"https:\/\/cannavis.eu\/de\/?s={search_term_string}"},"query-input":{"@type":"PropertyValueSpecification","valueRequired":true,"valueName":"search_term_string"}}],"inLanguage":"de"},{"@type":"Organization","@id":"https:\/\/cannavis.eu\/de\/#organization","name":"Cannavis konoplja sa otoka Visa","url":"https:\/\/cannavis.eu\/de\/","logo":{"@type":"ImageObject","inLanguage":"de","@id":"https:\/\/cannavis.eu\/de\/#\/schema\/logo\/image\/","url":"https:\/\/cannavis.eu\/wp-content\/uploads\/2021\/06\/CannaVis-logo.png","contentUrl":"https:\/\/cannavis.eu\/wp-content\/uploads\/2021\/06\/CannaVis-logo.png","width":160,"height":65,"caption":"Cannavis konoplja sa otoka Visa"},"image":{"@id":"https:\/\/cannavis.eu\/de\/#\/schema\/logo\/image\/"}}]}},"jetpack_sharing_enabled":true,"_links":{"self":[{"href":"https:\/\/cannavis.eu\/de\/wp-json\/wp\/v2\/product\/2984","targetHints":{"allow":["GET"]}}],"collection":[{"href":"https:\/\/cannavis.eu\/de\/wp-json\/wp\/v2\/product"}],"about":[{"href":"https:\/\/cannavis.eu\/de\/wp-json\/wp\/v2\/types\/product"}],"replies":[{"embeddable":true,"href":"https:\/\/cannavis.eu\/de\/wp-json\/wp\/v2\/comments?post=2984"}],"wp:featuredmedia":[{"embeddable":true,"href":"https:\/\/cannavis.eu\/de\/wp-json\/wp\/v2\/media\/4489"}],"wp:attachment":[{"href":"https:\/\/cannavis.eu\/de\/wp-json\/wp\/v2\/media?parent=2984"}],"wp:term":[{"taxonomy":"product_brand","embeddable":true,"href":"https:\/\/cannavis.eu\/de\/wp-json\/wp\/v2\/product_brand?post=2984"},{"taxonomy":"product_cat","embeddable":true,"href":"https:\/\/cannavis.eu\/de\/wp-json\/wp\/v2\/product_cat?post=2984"},{"taxonomy":"product_tag","embeddable":true,"href":"https:\/\/cannavis.eu\/de\/wp-json\/wp\/v2\/product_tag?post=2984"}],"curies":[{"name":"wp","href":"https:\/\/api.w.org\/{rel}","templated":true}]}}