{"id":2997,"date":"2022-10-26T13:06:35","date_gmt":"2022-10-26T13:06:35","guid":{"rendered":"https:\/\/cannavis.eu\/proizvod\/cannavis-pesetka-hanfbluete-50g\/"},"modified":"2026-03-26T22:42:33","modified_gmt":"2026-03-26T20:42:33","slug":"cannavis-pesetka-hanfbluete-50g","status":"publish","type":"product","link":"https:\/\/cannavis.eu\/de\/proizvodi\/cannavis-pesetka-hanfbluete-50g\/","title":{"rendered":"CannaVis Hanfbl\u00fcte 50g"},"content":{"rendered":"<p>CannaVis Hanfbl\u00fcten bieten Ihnen CBD-Bl\u00fcten h\u00f6chster Qualit\u00e4t zum besten Preis auf dem Markt und den ultimativen Hanfbl\u00fctengenuss.<\/p>\n<p>&nbsp;<\/p>\n<p>Was ist CBD-Bl\u00fcte?<\/p>\n<p>Die CBD-Bl\u00fcte ist der Teil der Hanfpflanze, der einen hohen Anteil an CBD oder Cannabidiol enth\u00e4lt.<\/p>\n<p>Seit 2019 ist CBD in Kroatien v\u00f6llig legal und wird am h\u00e4ufigsten zur Behandlung gesundheitlicher Probleme eingesetzt. Es ist wichtig zu wissen, dass die CBD-Bl\u00fcte, die Sie konsumieren, vollst\u00e4ndig aus \u00f6kologischem Anbau und ohne jegliche D\u00fcngemittel stammt, denn nur so kann sie ihre volle Wirkung bei gesundheitlichen Problemen entfalten. CannaVis-Blumen werden auf der Insel Vis, genauer gesagt in der Mitte der Insel, auf v\u00f6llig biologische Weise (Sonne und Wasser) angebaut. Deshalb sind sie die hochwertigsten Blumen auf dem Markt. Von den vielen auf dem Markt angebotenen Blumen werden die meisten mit D\u00fcngemitteln angebaut oder mit k\u00fcnstlichen Terpenen bestreut. Solche Produkte haben Nebenwirkungen wie \u00dcbelkeit, Durchfall und Magenschmerzen.<\/p>\n<p>CannaVis-Bl\u00fcten verursachen keine Nebenwirkungen, da sie im Einklang mit der Natur hergestellt werden. Wenn Sie auf die Insel Vis kommen, k\u00f6nnen Sie die CannaVis-Farm besuchen und die Ruhe inmitten der Natur genie\u00dfen, mit den besten Hanfprodukten, die Sie je probiert haben.<\/p>\n<p>Die Vorteile der CannaVis Fifty Hanfbl\u00fcte<br \/>\nEs hilft bei der Raucherentw\u00f6hnung<\/p>\n<p>Es entspannt die Muskeln<\/p>\n<p>Es reduziert Stress<\/p>\n<p>Es lindert Schmerzen<\/p>\n<p>Es verbessert die Schlafqualit\u00e4t<\/p>\n<p>Dies sind nur einige der Vorteile der Hanfbl\u00fcte, die durch Rauchen oder Tee konsumiert werden kann. Es ist wichtig zu beachten, dass bei der Teezubereitung ein Tropfen \u00d6l in das kochende Wasser gegeben werden muss, damit die Bl\u00fcte ihre heilenden Eigenschaften entfalten kann. CBD ist nicht nur wasserl\u00f6slich. Solange Sie CBD-Produkte aus Hanf kaufen, werden Sie keine berauschende Wirkung versp\u00fcren.<\/p>\n<p>Hanfbl\u00fcten sind reich an CBD und haben einen niedrigen THC-Gehalt (unter 0,2 %), was ein beruhigendes und entspannendes Gef\u00fchl vermittelt, ohne die Wahrnehmung zu beeintr\u00e4chtigen. Einer der Hauptvorteile des Rauchens von CBD besteht darin, die Vorteile der Cannabinoide ohne psychoaktive Wirkung zu nutzen.<\/p>\n<p>Mehr \u00fcber Hanf k\u00f6nnen Sie in unserem Blog lesen<\/p>\n<p>Hergestellt von OPG AgroVis<\/p>\n<p>Auf den Markt gebracht von Karika Vis d.o.o.<\/p>\n","protected":false},"excerpt":{"rendered":"<p>Warum CannaVis five kaufen?<\/p>\n<ul>\n<li>CannaVis f\u00fcnfzig, weil es sich um Blumen von bester Qualit\u00e4t handelt<\/li>\n<li>CannaVis ist f\u00fcnfzig, weil es aus biologischem Anbau stammt<\/li>\n<li>CannaVis Fifty, weil es das g\u00fcnstigste auf dem Markt ist<\/li>\n<li>CannaVis ist f\u00fcnfzig, weil es von der Insel Vis stammt<\/li>\n<\/ul>\n","protected":false},"featured_media":4318,"comment_status":"open","ping_status":"closed","template":"","meta":{"_eb_attr":"","_joinchat":[]},"product_brand":[],"product_cat":[147],"product_tag":[897,898,896],"class_list":{"0":"post-2997","1":"product","2":"type-product","3":"status-publish","4":"has-post-thumbnail","6":"product_cat-cannavis-blueten","7":"product_tag-cvijetovi-konoplje-de","8":"product_tag-cvitovi-konoplje-de","9":"product_tag-pedesetka-de","11":"first","12":"instock","13":"sale","14":"shipping-taxable","15":"purchasable","16":"product-type-variable"},"yoast_head":"<!-- This site is optimized with the Yoast SEO plugin v27.4 - https:\/\/yoast.com\/product\/yoast-seo-wordpress\/ -->\n<title>CannaVis Pedesetka cvijet konoplje 50g<\/title>\n<meta name=\"description\" content=\"CannaVis Pedesetka cvijet konoplje 50g kupite po najpovoljnijoj cijeni na tr\u017ei\u0161tu. CannaVis prva vi\u0161ka \u010dokolada uskoro na tr\u017ei\u0161tu-CBD\" \/>\n<meta name=\"robots\" content=\"index, follow, max-snippet:-1, max-image-preview:large, max-video-preview:-1\" \/>\n<link rel=\"canonical\" href=\"https:\/\/cannavis.eu\/de\/proizvodi\/cannavis-pesetka-hanfbluete-50g\/\" \/>\n<meta property=\"og:locale\" content=\"de_DE\" \/>\n<meta property=\"og:type\" content=\"article\" \/>\n<meta property=\"og:title\" content=\"CannaVis Pedesetka cvijet konoplje 50g\" \/>\n<meta property=\"og:description\" content=\"CannaVis Pedesetka cvijet konoplje 50g\" \/>\n<meta property=\"og:url\" content=\"https:\/\/cannavis.eu\/de\/proizvodi\/cannavis-pesetka-hanfbluete-50g\/\" \/>\n<meta property=\"og:site_name\" content=\"Cannavis konoplja sa otoka Visa\" \/>\n<meta property=\"article:modified_time\" content=\"2026-03-26T20:42:33+00:00\" \/>\n<meta property=\"og:image\" content=\"https:\/\/cannavis.eu\/wp-content\/uploads\/2022\/10\/CannaVis-Pedesetka-cvijet-konoplje-50g-256x300.jpg\" \/>\n<meta name=\"twitter:card\" content=\"summary_large_image\" \/>\n<meta name=\"twitter:label1\" content=\"Gesch\u00e4tzte Lesezeit\" \/>\n\t<meta name=\"twitter:data1\" content=\"2\u00a0Minuten\" \/>\n<script type=\"application\/ld+json\" class=\"yoast-schema-graph\">{\"@context\":\"https:\\\/\\\/schema.org\",\"@graph\":[{\"@type\":\"WebPage\",\"@id\":\"https:\\\/\\\/cannavis.eu\\\/de\\\/proizvodi\\\/cannavis-pesetka-hanfbluete-50g\\\/\",\"url\":\"https:\\\/\\\/cannavis.eu\\\/de\\\/proizvodi\\\/cannavis-pesetka-hanfbluete-50g\\\/\",\"name\":\"CannaVis Pedesetka cvijet konoplje 50g\",\"isPartOf\":{\"@id\":\"https:\\\/\\\/cannavis.eu\\\/de\\\/#website\"},\"primaryImageOfPage\":{\"@id\":\"https:\\\/\\\/cannavis.eu\\\/de\\\/proizvodi\\\/cannavis-pesetka-hanfbluete-50g\\\/#primaryimage\"},\"image\":{\"@id\":\"https:\\\/\\\/cannavis.eu\\\/de\\\/proizvodi\\\/cannavis-pesetka-hanfbluete-50g\\\/#primaryimage\"},\"thumbnailUrl\":\"https:\\\/\\\/cannavis.eu\\\/wp-content\\\/uploads\\\/2022\\\/10\\\/CannaVis-Pedesetka.png\",\"datePublished\":\"2022-10-26T13:06:35+00:00\",\"dateModified\":\"2026-03-26T20:42:33+00:00\",\"description\":\"CannaVis Pedesetka cvijet konoplje 50g kupite po najpovoljnijoj cijeni na tr\u017ei\u0161tu. CannaVis prva vi\u0161ka \u010dokolada uskoro na tr\u017ei\u0161tu-CBD\",\"breadcrumb\":{\"@id\":\"https:\\\/\\\/cannavis.eu\\\/de\\\/proizvodi\\\/cannavis-pesetka-hanfbluete-50g\\\/#breadcrumb\"},\"inLanguage\":\"de\",\"potentialAction\":[{\"@type\":\"ReadAction\",\"target\":[\"https:\\\/\\\/cannavis.eu\\\/de\\\/proizvodi\\\/cannavis-pesetka-hanfbluete-50g\\\/\"]}]},{\"@type\":\"ImageObject\",\"inLanguage\":\"de\",\"@id\":\"https:\\\/\\\/cannavis.eu\\\/de\\\/proizvodi\\\/cannavis-pesetka-hanfbluete-50g\\\/#primaryimage\",\"url\":\"https:\\\/\\\/cannavis.eu\\\/wp-content\\\/uploads\\\/2022\\\/10\\\/CannaVis-Pedesetka.png\",\"contentUrl\":\"https:\\\/\\\/cannavis.eu\\\/wp-content\\\/uploads\\\/2022\\\/10\\\/CannaVis-Pedesetka.png\",\"width\":800,\"height\":800},{\"@type\":\"BreadcrumbList\",\"@id\":\"https:\\\/\\\/cannavis.eu\\\/de\\\/proizvodi\\\/cannavis-pesetka-hanfbluete-50g\\\/#breadcrumb\",\"itemListElement\":[{\"@type\":\"ListItem\",\"position\":1,\"name\":\"Home\",\"item\":\"https:\\\/\\\/cannavis.eu\\\/de\\\/\"},{\"@type\":\"ListItem\",\"position\":2,\"name\":\"Produkte\",\"item\":\"https:\\\/\\\/cannavis.eu\\\/de\\\/produkte\\\/\"},{\"@type\":\"ListItem\",\"position\":3,\"name\":\"CannaVis Hanfbl\u00fcte 50g\"}]},{\"@type\":\"WebSite\",\"@id\":\"https:\\\/\\\/cannavis.eu\\\/de\\\/#website\",\"url\":\"https:\\\/\\\/cannavis.eu\\\/de\\\/\",\"name\":\"Cannavis konoplja sa otoka Visa\",\"description\":\"CannaVis industrijska konoplja cvijet sa otoka Visa\",\"publisher\":{\"@id\":\"https:\\\/\\\/cannavis.eu\\\/de\\\/#organization\"},\"potentialAction\":[{\"@type\":\"SearchAction\",\"target\":{\"@type\":\"EntryPoint\",\"urlTemplate\":\"https:\\\/\\\/cannavis.eu\\\/de\\\/?s={search_term_string}\"},\"query-input\":{\"@type\":\"PropertyValueSpecification\",\"valueRequired\":true,\"valueName\":\"search_term_string\"}}],\"inLanguage\":\"de\"},{\"@type\":\"Organization\",\"@id\":\"https:\\\/\\\/cannavis.eu\\\/de\\\/#organization\",\"name\":\"Cannavis konoplja sa otoka Visa\",\"url\":\"https:\\\/\\\/cannavis.eu\\\/de\\\/\",\"logo\":{\"@type\":\"ImageObject\",\"inLanguage\":\"de\",\"@id\":\"https:\\\/\\\/cannavis.eu\\\/de\\\/#\\\/schema\\\/logo\\\/image\\\/\",\"url\":\"https:\\\/\\\/cannavis.eu\\\/wp-content\\\/uploads\\\/2021\\\/06\\\/CannaVis-logo.png\",\"contentUrl\":\"https:\\\/\\\/cannavis.eu\\\/wp-content\\\/uploads\\\/2021\\\/06\\\/CannaVis-logo.png\",\"width\":160,\"height\":65,\"caption\":\"Cannavis konoplja sa otoka Visa\"},\"image\":{\"@id\":\"https:\\\/\\\/cannavis.eu\\\/de\\\/#\\\/schema\\\/logo\\\/image\\\/\"}}]}<\/script>\n<!-- \/ Yoast SEO plugin. -->","yoast_head_json":{"title":"CannaVis Pedesetka cvijet konoplje 50g","description":"CannaVis Pedesetka cvijet konoplje 50g kupite po najpovoljnijoj cijeni na tr\u017ei\u0161tu. CannaVis prva vi\u0161ka \u010dokolada uskoro na tr\u017ei\u0161tu-CBD","robots":{"index":"index","follow":"follow","max-snippet":"max-snippet:-1","max-image-preview":"max-image-preview:large","max-video-preview":"max-video-preview:-1"},"canonical":"https:\/\/cannavis.eu\/de\/proizvodi\/cannavis-pesetka-hanfbluete-50g\/","og_locale":"de_DE","og_type":"article","og_title":"CannaVis Pedesetka cvijet konoplje 50g","og_description":"CannaVis Pedesetka cvijet konoplje 50g","og_url":"https:\/\/cannavis.eu\/de\/proizvodi\/cannavis-pesetka-hanfbluete-50g\/","og_site_name":"Cannavis konoplja sa otoka Visa","article_modified_time":"2026-03-26T20:42:33+00:00","og_image":[{"url":"https:\/\/cannavis.eu\/wp-content\/uploads\/2022\/10\/CannaVis-Pedesetka-cvijet-konoplje-50g-256x300.jpg","type":"","width":"","height":""}],"twitter_card":"summary_large_image","twitter_misc":{"Gesch\u00e4tzte Lesezeit":"2\u00a0Minuten"},"schema":{"@context":"https:\/\/schema.org","@graph":[{"@type":"WebPage","@id":"https:\/\/cannavis.eu\/de\/proizvodi\/cannavis-pesetka-hanfbluete-50g\/","url":"https:\/\/cannavis.eu\/de\/proizvodi\/cannavis-pesetka-hanfbluete-50g\/","name":"CannaVis Pedesetka cvijet konoplje 50g","isPartOf":{"@id":"https:\/\/cannavis.eu\/de\/#website"},"primaryImageOfPage":{"@id":"https:\/\/cannavis.eu\/de\/proizvodi\/cannavis-pesetka-hanfbluete-50g\/#primaryimage"},"image":{"@id":"https:\/\/cannavis.eu\/de\/proizvodi\/cannavis-pesetka-hanfbluete-50g\/#primaryimage"},"thumbnailUrl":"https:\/\/cannavis.eu\/wp-content\/uploads\/2022\/10\/CannaVis-Pedesetka.png","datePublished":"2022-10-26T13:06:35+00:00","dateModified":"2026-03-26T20:42:33+00:00","description":"CannaVis Pedesetka cvijet konoplje 50g kupite po najpovoljnijoj cijeni na tr\u017ei\u0161tu. CannaVis prva vi\u0161ka \u010dokolada uskoro na tr\u017ei\u0161tu-CBD","breadcrumb":{"@id":"https:\/\/cannavis.eu\/de\/proizvodi\/cannavis-pesetka-hanfbluete-50g\/#breadcrumb"},"inLanguage":"de","potentialAction":[{"@type":"ReadAction","target":["https:\/\/cannavis.eu\/de\/proizvodi\/cannavis-pesetka-hanfbluete-50g\/"]}]},{"@type":"ImageObject","inLanguage":"de","@id":"https:\/\/cannavis.eu\/de\/proizvodi\/cannavis-pesetka-hanfbluete-50g\/#primaryimage","url":"https:\/\/cannavis.eu\/wp-content\/uploads\/2022\/10\/CannaVis-Pedesetka.png","contentUrl":"https:\/\/cannavis.eu\/wp-content\/uploads\/2022\/10\/CannaVis-Pedesetka.png","width":800,"height":800},{"@type":"BreadcrumbList","@id":"https:\/\/cannavis.eu\/de\/proizvodi\/cannavis-pesetka-hanfbluete-50g\/#breadcrumb","itemListElement":[{"@type":"ListItem","position":1,"name":"Home","item":"https:\/\/cannavis.eu\/de\/"},{"@type":"ListItem","position":2,"name":"Produkte","item":"https:\/\/cannavis.eu\/de\/produkte\/"},{"@type":"ListItem","position":3,"name":"CannaVis Hanfbl\u00fcte 50g"}]},{"@type":"WebSite","@id":"https:\/\/cannavis.eu\/de\/#website","url":"https:\/\/cannavis.eu\/de\/","name":"Cannavis konoplja sa otoka Visa","description":"CannaVis industrijska konoplja cvijet sa otoka Visa","publisher":{"@id":"https:\/\/cannavis.eu\/de\/#organization"},"potentialAction":[{"@type":"SearchAction","target":{"@type":"EntryPoint","urlTemplate":"https:\/\/cannavis.eu\/de\/?s={search_term_string}"},"query-input":{"@type":"PropertyValueSpecification","valueRequired":true,"valueName":"search_term_string"}}],"inLanguage":"de"},{"@type":"Organization","@id":"https:\/\/cannavis.eu\/de\/#organization","name":"Cannavis konoplja sa otoka Visa","url":"https:\/\/cannavis.eu\/de\/","logo":{"@type":"ImageObject","inLanguage":"de","@id":"https:\/\/cannavis.eu\/de\/#\/schema\/logo\/image\/","url":"https:\/\/cannavis.eu\/wp-content\/uploads\/2021\/06\/CannaVis-logo.png","contentUrl":"https:\/\/cannavis.eu\/wp-content\/uploads\/2021\/06\/CannaVis-logo.png","width":160,"height":65,"caption":"Cannavis konoplja sa otoka Visa"},"image":{"@id":"https:\/\/cannavis.eu\/de\/#\/schema\/logo\/image\/"}}]}},"jetpack_sharing_enabled":true,"_links":{"self":[{"href":"https:\/\/cannavis.eu\/de\/wp-json\/wp\/v2\/product\/2997","targetHints":{"allow":["GET"]}}],"collection":[{"href":"https:\/\/cannavis.eu\/de\/wp-json\/wp\/v2\/product"}],"about":[{"href":"https:\/\/cannavis.eu\/de\/wp-json\/wp\/v2\/types\/product"}],"replies":[{"embeddable":true,"href":"https:\/\/cannavis.eu\/de\/wp-json\/wp\/v2\/comments?post=2997"}],"wp:featuredmedia":[{"embeddable":true,"href":"https:\/\/cannavis.eu\/de\/wp-json\/wp\/v2\/media\/4318"}],"wp:attachment":[{"href":"https:\/\/cannavis.eu\/de\/wp-json\/wp\/v2\/media?parent=2997"}],"wp:term":[{"taxonomy":"product_brand","embeddable":true,"href":"https:\/\/cannavis.eu\/de\/wp-json\/wp\/v2\/product_brand?post=2997"},{"taxonomy":"product_cat","embeddable":true,"href":"https:\/\/cannavis.eu\/de\/wp-json\/wp\/v2\/product_cat?post=2997"},{"taxonomy":"product_tag","embeddable":true,"href":"https:\/\/cannavis.eu\/de\/wp-json\/wp\/v2\/product_tag?post=2997"}],"curies":[{"name":"wp","href":"https:\/\/api.w.org\/{rel}","templated":true}]}}