{"id":3007,"date":"2022-05-31T16:24:39","date_gmt":"2022-05-31T16:24:39","guid":{"rendered":"https:\/\/cannavis.eu\/proizvod\/cannavis-cbd-pastenoel\/"},"modified":"2025-11-25T18:49:45","modified_gmt":"2025-11-25T16:49:45","slug":"cannavis-cbd-pastenoel","status":"publish","type":"product","link":"https:\/\/cannavis.eu\/de\/proizvodi\/cannavis-cbd-pastenoel\/","title":{"rendered":"CannaVis CBD-Pasten\u00f6l"},"content":{"rendered":"<pre class=\"tw-data-text tw-text-large tw-ta\" dir=\"ltr\" data-placeholder=\"Prijevod\" data-ved=\"2ahUKEwjtlpmwgceEAxWm7QIHHRdxBA0Q3ewLegQIBRAU\"><span class=\"Y2IQFc\" lang=\"de\">CannaVis CBD-Harz\u00f6l enth\u00e4lt 89,84 % CBD-Cannabinoide. Aufgrund der extrem hei\u00dfen Sommer auf der Insel Vis ist der Cannabinoidgehalt in unserer Paste hoch.\r\n\r\nCBD-Harz\u00f6l ist ein Produkt, das aus Hanfkonzentrat gewonnen wird, das nach der Verarbeitung industrieller Hanfbl\u00fcten entsteht.\r\n\r\nCBD-Harz\u00f6l entfaltet seine Wirkung nach 15-min\u00fctiger Einnahme und alles wird auf der Insel Vis nat\u00fcrlich und \u00f6kologisch angebaut.\r\n\r\nDas CBD-Pasten\u00f6l von CannaVis hat keine psychoaktive Wirkung, sodass Sie es zu jeder Tageszeit verwenden und alle t\u00e4glichen Aufgaben erledigen k\u00f6nnen.\r\n\r\nCBD-Harz\u00f6l hilft bei gesundheitlichen Problemen wie:\r\n\r\n<\/span><\/pre>\n<pre id=\"tw-target-text\" class=\"tw-data-text tw-text-large tw-ta\" dir=\"ltr\" data-placeholder=\"Prijevod\" data-ved=\"2ahUKEwjtlpmwgceEAxWm7QIHHRdxBA0Q3ewLegQIBRAU\"><span class=\"Y2IQFc\" lang=\"de\">Es hilft bei der Konzentration\r\n\r\nReduziert den Appetit\r\n\r\nEs hilft bei der Raucherentw\u00f6hnung\r\n\r\nEs kann bei der Behandlung von Epilepsie helfen\r\n\r\nEs reduziert die Symptome der Alzheimer-Krankheit\r\n\r\nEs hat eine entz\u00fcndungshemmende Wirkung\r\n\r\nLindert Stress\r\n\r\n\u00c4ngste\r\n\r\nBei chronischen Schmerzen\r\n\r\nIn Abh\u00e4ngigkeit von Alkohol, Opiaten und Stimulanzien\r\n\r\nWenn Sie Schlafprobleme haben\r\n\r\nMultiple Sklerose\r\n\r\nSie verhindern das Wachstum von Krebszellen\r\n\r\nArthrose\r\n\r\nSchuppenflechte\r\n\r\nDepression\r\n\r\nHier sind einige allgemeine Richtlinien f\u00fcr die Dosierung von CBD-Harz\u00f6l:\r\nBeginnen Sie mit einer niedrigen Dosis: Wenn Sie zum ersten Mal CBD-Harz oder Pasten\u00f6l verwenden, wird empfohlen, mit einer niedrigen Dosis zu beginnen, normalerweise etwa 5\u201310 mg CBD pro Tag. Dadurch k\u00f6nnen Sie testen, wie Ihr K\u00f6rper auf das Cannabinoid reagiert.\r\nErh\u00f6hen Sie die Dosis schrittweise: Wenn Sie nach einigen Tagen der Anwendung einer niedrigen Dosis nicht die gew\u00fcnschten Wirkungen bemerken, k\u00f6nnen Sie die Dosis schrittweise alle paar Tage erh\u00f6hen. Beobachten Sie die Reaktionen und Symptome Ihres K\u00f6rpers, um die optimale Dosis zu bestimmen.\r\nIndividueller Unterschied: Es ist wichtig zu beachten, dass jeder Mensch anders auf CBD reagieren kann, daher ist die Dosierung individuell. Je nach Verwendungszweck (z. B. zur Schmerz- oder Angstbehandlung) kann die Dosierung variieren.\r\n\r\n\r\nDie Wahl eines CBD-Produkts mit einem h\u00f6heren Konzentrationsprozentsatz kann sich im Hinblick auf die St\u00e4rke seiner Wirkung als Vorteil und als kosteng\u00fcnstigere L\u00f6sung erweisen.\r\n\r\nEs ist wichtig zu betonen, dass es immer mehr synthetisches CBD auf dem Markt gibt, das mit k\u00fcnstlichen Terpenen versetzt ist und daraus \u00d6l und Harz hergestellt werden.\r\n\r\nSolches Harz und \u00d6l helfen in keiner Weise bei Beschwerden, im Gegenteil, sie verursachen \u00dcbelkeit, Durchfall, Kopfschmerzen usw.\r\n\r\n Nat\u00fcrlich angebautes CBD hat keine Nebenwirkungen.\r\n\r\nEs ist wichtig zu beachten, dass auf dem Markt Harze oder Pasten mit Bienenwachs verkauft werden, die ebenfalls keine Vorteile f\u00fcr Ihren K\u00f6rper haben.\r\n\r\nAchten Sie daher beim Kauf von Harz\u00f6l darauf, dass CBD \u00fcber ein Umweltzertifikat verf\u00fcgt und dass das Harz aus einer solchen Bl\u00fcte gewonnen wird, die sauber und sicher in der Anwendung ist.\r\n\r\nHanf\u00f6l wird auf der ganzen Welt verwendet und es gibt viele Studien \u00fcber die Wirkung von Hanf.\r\n\r\nCannaVis hat biologisch angebauten Hanf, das hei\u00dft keine k\u00fcnstlichen D\u00fcngemittel, nur Sonne und Wasser.\r\n\r\n\r\n\r\nMehr \u00fcber Hanf\u00f6l finden Sie auf der Seite cannavis.eu\/hr\/blog<\/span><\/pre>\n<pre id=\"tw-target-text\" class=\"tw-data-text tw-text-large tw-ta\" dir=\"ltr\" data-placeholder=\"Prijevod\" data-ved=\"2ahUKEwjtlpmwgceEAxWm7QIHHRdxBA0Q3ewLegQIBRAU\"><span class=\"Y2IQFc\" lang=\"de\">\r\n<\/span><\/pre>\n","protected":false},"excerpt":{"rendered":"<div id=\"tw-target-text-container\" class=\"tw-ta-container F0azHf tw-nfl\" tabindex=\"0\">\n<pre id=\"tw-target-text\" class=\"tw-data-text tw-text-large tw-ta\" dir=\"ltr\" data-placeholder=\"Prijevod\" data-ved=\"2ahUKEwjtlpmwgceEAxWm7QIHHRdxBA0Q3ewLegQIBRAU\"><span class=\"Y2IQFc\" lang=\"de\">CannaVis CBD-Harz\u00f6l enth\u00e4lt 89,84 % CBD-Cannabinoide.\r\n\r\n CannaVis CBD-Harz\u00f6l entfaltet seine Wirkung bereits nach 15 Minuten.\r\n\r\nCannaVis cbd wird auf der Insel VIs vollst\u00e4ndig biologisch angebaut.\r\n\r\nENTH\u00c4LT KEIN BIENENWACHS.<\/span><\/pre>\n<\/div>\n<div id=\"tw-target-rmn-container\" class=\"tw-target-rmn tw-ta-container F0azHf tw-nfl\">\n<pre id=\"tw-target-rmn\" class=\"tw-data-placeholder tw-text-small tw-ta\" dir=\"ltr\" data-placeholder=\"\"><\/pre>\n<\/div>\n<div class=\"iYB33c\">\n<div class=\"dlJLJe\">\n<div data-cviv=\"false\" data-ved=\"2ahUKEwjqnYXbjcGEAxVrhf0HHajRCO8Qz_AEegQIBRAV\">\n<div class=\"U9URNb\"><img decoding=\"async\" id=\"dimg_3\" class=\"YQ4gaf zr758c wA1Bge\" src=\"data:image\/png;base64,iVBORw0KGgoAAAANSUhEUgAAABQAAAAUCAQAAAAngNWGAAABDUlEQVR4AYXRgUZDYRjH4TegFTKgpEqiFJgoWAoMEQGBgBboChaaAKxLKAhAhQqAdAmpBIQolkCFqp2nITvNKXuA7+\/Hhzey5OWjE4Nq3rzY1f9\/NGHPB549492+8Ww060iCS2XdctZdI3GsECmb+HJoIX6x6EgDm+lURTH+YB7V9nAqE5WNme4YKuOiY6iMe6PaQxUUIuTbswgFVNJwA8sO3Bn6yR6bWZMSNtJwDtuWfHpQxaPx9C9zadil7jrCigbq6UXceNIVKTWUIqypm2ytJdTiNyNeXclF6GttOVfeDEc7qzjR23r3OMFqZKng1kw0mXGLrfibHTScOZWgGv9TdC6ROFeMTgwYiIxvJzMRWQbeGZUAAAAASUVORK5CYII=\" alt=\"Ikona Potvrdila zajednica\" width=\"16\" height=\"16\" data-csiid=\"13\" data-atf=\"0\" \/><\/div>\n<\/div>\n<\/div>\n<\/div>\n","protected":false},"featured_media":4419,"comment_status":"open","ping_status":"closed","template":"","meta":{"_eb_attr":"","_joinchat":[]},"product_brand":[],"product_cat":[146],"product_tag":[625,623,633,629,657,639],"class_list":{"0":"post-3007","1":"product","2":"type-product","3":"status-publish","4":"has-post-thumbnail","6":"product_cat-cbd-cbg-ol-und-paste","7":"product_tag-cannabisharz","8":"product_tag-cannabispaste","9":"product_tag-cbd-harz","10":"product_tag-cbd-paste-de","11":"product_tag-hanfol","12":"product_tag-hemp-resin-de","14":"first","15":"instock","16":"sale","17":"shipping-taxable","18":"purchasable","19":"product-type-simple"},"yoast_head":"<!-- This site is optimized with the Yoast SEO plugin v27.3 - https:\/\/yoast.com\/product\/yoast-seo-wordpress\/ -->\n<title>CannaVis CBD pasta ulje<\/title>\n<meta name=\"description\" content=\"CannaVis CBD pasta ulje proizvod dobiven od\u00a0 CBD koncentrata\u00a0 konoplje. \u017delite sebi najbolje birajte CannaVis smolu sa Visa me\u0111u 3 najbolje u svijetu.\" \/>\n<meta name=\"robots\" content=\"index, follow, max-snippet:-1, max-image-preview:large, max-video-preview:-1\" \/>\n<link rel=\"canonical\" href=\"https:\/\/cannavis.eu\/de\/proizvodi\/cannavis-cbd-pastenoel\/\" \/>\n<meta property=\"og:locale\" content=\"de_DE\" \/>\n<meta property=\"og:type\" content=\"article\" \/>\n<meta property=\"og:title\" content=\"CannaVis CBD pasta ulje\" \/>\n<meta property=\"og:description\" content=\"CannaVis CBD pasta ulje proizvod dobiven od\u00a0 CBD koncentrata\u00a0 konoplje. \u017delite sebi najbolje birajte CannaVis smolu sa Visa me\u0111u 3 najbolje u svijetu.\" \/>\n<meta property=\"og:url\" content=\"https:\/\/cannavis.eu\/de\/proizvodi\/cannavis-cbd-pastenoel\/\" \/>\n<meta property=\"og:site_name\" content=\"Cannavis konoplja sa otoka Visa\" \/>\n<meta property=\"article:modified_time\" content=\"2025-11-25T16:49:45+00:00\" \/>\n<meta property=\"og:image\" content=\"https:\/\/cannavis.eu\/wp-content\/uploads\/2022\/05\/CannaVis-CBD-smola.png\" \/>\n\t<meta property=\"og:image:width\" content=\"800\" \/>\n\t<meta property=\"og:image:height\" content=\"800\" \/>\n\t<meta property=\"og:image:type\" content=\"image\/png\" \/>\n<meta name=\"twitter:card\" content=\"summary_large_image\" \/>\n<meta name=\"twitter:label1\" content=\"Gesch\u00e4tzte Lesezeit\" \/>\n\t<meta name=\"twitter:data1\" content=\"2\u00a0Minuten\" \/>\n<script type=\"application\/ld+json\" class=\"yoast-schema-graph\">{\"@context\":\"https:\\\/\\\/schema.org\",\"@graph\":[{\"@type\":\"WebPage\",\"@id\":\"https:\\\/\\\/cannavis.eu\\\/de\\\/proizvodi\\\/cannavis-cbd-pastenoel\\\/\",\"url\":\"https:\\\/\\\/cannavis.eu\\\/de\\\/proizvodi\\\/cannavis-cbd-pastenoel\\\/\",\"name\":\"CannaVis CBD pasta ulje\",\"isPartOf\":{\"@id\":\"https:\\\/\\\/cannavis.eu\\\/de\\\/#website\"},\"primaryImageOfPage\":{\"@id\":\"https:\\\/\\\/cannavis.eu\\\/de\\\/proizvodi\\\/cannavis-cbd-pastenoel\\\/#primaryimage\"},\"image\":{\"@id\":\"https:\\\/\\\/cannavis.eu\\\/de\\\/proizvodi\\\/cannavis-cbd-pastenoel\\\/#primaryimage\"},\"thumbnailUrl\":\"https:\\\/\\\/cannavis.eu\\\/wp-content\\\/uploads\\\/2022\\\/05\\\/CannaVis-CBD-smola.png\",\"datePublished\":\"2022-05-31T16:24:39+00:00\",\"dateModified\":\"2025-11-25T16:49:45+00:00\",\"description\":\"CannaVis CBD pasta ulje proizvod dobiven od\u00a0 CBD koncentrata\u00a0 konoplje. \u017delite sebi najbolje birajte CannaVis smolu sa Visa me\u0111u 3 najbolje u svijetu.\",\"breadcrumb\":{\"@id\":\"https:\\\/\\\/cannavis.eu\\\/de\\\/proizvodi\\\/cannavis-cbd-pastenoel\\\/#breadcrumb\"},\"inLanguage\":\"de\",\"potentialAction\":[{\"@type\":\"ReadAction\",\"target\":[\"https:\\\/\\\/cannavis.eu\\\/de\\\/proizvodi\\\/cannavis-cbd-pastenoel\\\/\"]}]},{\"@type\":\"ImageObject\",\"inLanguage\":\"de\",\"@id\":\"https:\\\/\\\/cannavis.eu\\\/de\\\/proizvodi\\\/cannavis-cbd-pastenoel\\\/#primaryimage\",\"url\":\"https:\\\/\\\/cannavis.eu\\\/wp-content\\\/uploads\\\/2022\\\/05\\\/CannaVis-CBD-smola.png\",\"contentUrl\":\"https:\\\/\\\/cannavis.eu\\\/wp-content\\\/uploads\\\/2022\\\/05\\\/CannaVis-CBD-smola.png\",\"width\":800,\"height\":800,\"caption\":\"CannaVis CBD smola\"},{\"@type\":\"BreadcrumbList\",\"@id\":\"https:\\\/\\\/cannavis.eu\\\/de\\\/proizvodi\\\/cannavis-cbd-pastenoel\\\/#breadcrumb\",\"itemListElement\":[{\"@type\":\"ListItem\",\"position\":1,\"name\":\"Home\",\"item\":\"https:\\\/\\\/cannavis.eu\\\/de\\\/\"},{\"@type\":\"ListItem\",\"position\":2,\"name\":\"Produkte\",\"item\":\"https:\\\/\\\/cannavis.eu\\\/de\\\/produkte\\\/\"},{\"@type\":\"ListItem\",\"position\":3,\"name\":\"CannaVis CBD-Pasten\u00f6l\"}]},{\"@type\":\"WebSite\",\"@id\":\"https:\\\/\\\/cannavis.eu\\\/de\\\/#website\",\"url\":\"https:\\\/\\\/cannavis.eu\\\/de\\\/\",\"name\":\"Cannavis konoplja sa otoka Visa\",\"description\":\"CannaVis industrijska konoplja cvijet sa otoka Visa\",\"publisher\":{\"@id\":\"https:\\\/\\\/cannavis.eu\\\/de\\\/#organization\"},\"potentialAction\":[{\"@type\":\"SearchAction\",\"target\":{\"@type\":\"EntryPoint\",\"urlTemplate\":\"https:\\\/\\\/cannavis.eu\\\/de\\\/?s={search_term_string}\"},\"query-input\":{\"@type\":\"PropertyValueSpecification\",\"valueRequired\":true,\"valueName\":\"search_term_string\"}}],\"inLanguage\":\"de\"},{\"@type\":\"Organization\",\"@id\":\"https:\\\/\\\/cannavis.eu\\\/de\\\/#organization\",\"name\":\"Cannavis konoplja sa otoka Visa\",\"url\":\"https:\\\/\\\/cannavis.eu\\\/de\\\/\",\"logo\":{\"@type\":\"ImageObject\",\"inLanguage\":\"de\",\"@id\":\"https:\\\/\\\/cannavis.eu\\\/de\\\/#\\\/schema\\\/logo\\\/image\\\/\",\"url\":\"https:\\\/\\\/cannavis.eu\\\/wp-content\\\/uploads\\\/2021\\\/06\\\/CannaVis-logo.png\",\"contentUrl\":\"https:\\\/\\\/cannavis.eu\\\/wp-content\\\/uploads\\\/2021\\\/06\\\/CannaVis-logo.png\",\"width\":160,\"height\":65,\"caption\":\"Cannavis konoplja sa otoka Visa\"},\"image\":{\"@id\":\"https:\\\/\\\/cannavis.eu\\\/de\\\/#\\\/schema\\\/logo\\\/image\\\/\"}}]}<\/script>\n<!-- \/ Yoast SEO plugin. -->","yoast_head_json":{"title":"CannaVis CBD pasta ulje","description":"CannaVis CBD pasta ulje proizvod dobiven od\u00a0 CBD koncentrata\u00a0 konoplje. \u017delite sebi najbolje birajte CannaVis smolu sa Visa me\u0111u 3 najbolje u svijetu.","robots":{"index":"index","follow":"follow","max-snippet":"max-snippet:-1","max-image-preview":"max-image-preview:large","max-video-preview":"max-video-preview:-1"},"canonical":"https:\/\/cannavis.eu\/de\/proizvodi\/cannavis-cbd-pastenoel\/","og_locale":"de_DE","og_type":"article","og_title":"CannaVis CBD pasta ulje","og_description":"CannaVis CBD pasta ulje proizvod dobiven od\u00a0 CBD koncentrata\u00a0 konoplje. \u017delite sebi najbolje birajte CannaVis smolu sa Visa me\u0111u 3 najbolje u svijetu.","og_url":"https:\/\/cannavis.eu\/de\/proizvodi\/cannavis-cbd-pastenoel\/","og_site_name":"Cannavis konoplja sa otoka Visa","article_modified_time":"2025-11-25T16:49:45+00:00","og_image":[{"width":800,"height":800,"url":"https:\/\/cannavis.eu\/wp-content\/uploads\/2022\/05\/CannaVis-CBD-smola.png","type":"image\/png"}],"twitter_card":"summary_large_image","twitter_misc":{"Gesch\u00e4tzte Lesezeit":"2\u00a0Minuten"},"schema":{"@context":"https:\/\/schema.org","@graph":[{"@type":"WebPage","@id":"https:\/\/cannavis.eu\/de\/proizvodi\/cannavis-cbd-pastenoel\/","url":"https:\/\/cannavis.eu\/de\/proizvodi\/cannavis-cbd-pastenoel\/","name":"CannaVis CBD pasta ulje","isPartOf":{"@id":"https:\/\/cannavis.eu\/de\/#website"},"primaryImageOfPage":{"@id":"https:\/\/cannavis.eu\/de\/proizvodi\/cannavis-cbd-pastenoel\/#primaryimage"},"image":{"@id":"https:\/\/cannavis.eu\/de\/proizvodi\/cannavis-cbd-pastenoel\/#primaryimage"},"thumbnailUrl":"https:\/\/cannavis.eu\/wp-content\/uploads\/2022\/05\/CannaVis-CBD-smola.png","datePublished":"2022-05-31T16:24:39+00:00","dateModified":"2025-11-25T16:49:45+00:00","description":"CannaVis CBD pasta ulje proizvod dobiven od\u00a0 CBD koncentrata\u00a0 konoplje. \u017delite sebi najbolje birajte CannaVis smolu sa Visa me\u0111u 3 najbolje u svijetu.","breadcrumb":{"@id":"https:\/\/cannavis.eu\/de\/proizvodi\/cannavis-cbd-pastenoel\/#breadcrumb"},"inLanguage":"de","potentialAction":[{"@type":"ReadAction","target":["https:\/\/cannavis.eu\/de\/proizvodi\/cannavis-cbd-pastenoel\/"]}]},{"@type":"ImageObject","inLanguage":"de","@id":"https:\/\/cannavis.eu\/de\/proizvodi\/cannavis-cbd-pastenoel\/#primaryimage","url":"https:\/\/cannavis.eu\/wp-content\/uploads\/2022\/05\/CannaVis-CBD-smola.png","contentUrl":"https:\/\/cannavis.eu\/wp-content\/uploads\/2022\/05\/CannaVis-CBD-smola.png","width":800,"height":800,"caption":"CannaVis CBD smola"},{"@type":"BreadcrumbList","@id":"https:\/\/cannavis.eu\/de\/proizvodi\/cannavis-cbd-pastenoel\/#breadcrumb","itemListElement":[{"@type":"ListItem","position":1,"name":"Home","item":"https:\/\/cannavis.eu\/de\/"},{"@type":"ListItem","position":2,"name":"Produkte","item":"https:\/\/cannavis.eu\/de\/produkte\/"},{"@type":"ListItem","position":3,"name":"CannaVis CBD-Pasten\u00f6l"}]},{"@type":"WebSite","@id":"https:\/\/cannavis.eu\/de\/#website","url":"https:\/\/cannavis.eu\/de\/","name":"Cannavis konoplja sa otoka Visa","description":"CannaVis industrijska konoplja cvijet sa otoka Visa","publisher":{"@id":"https:\/\/cannavis.eu\/de\/#organization"},"potentialAction":[{"@type":"SearchAction","target":{"@type":"EntryPoint","urlTemplate":"https:\/\/cannavis.eu\/de\/?s={search_term_string}"},"query-input":{"@type":"PropertyValueSpecification","valueRequired":true,"valueName":"search_term_string"}}],"inLanguage":"de"},{"@type":"Organization","@id":"https:\/\/cannavis.eu\/de\/#organization","name":"Cannavis konoplja sa otoka Visa","url":"https:\/\/cannavis.eu\/de\/","logo":{"@type":"ImageObject","inLanguage":"de","@id":"https:\/\/cannavis.eu\/de\/#\/schema\/logo\/image\/","url":"https:\/\/cannavis.eu\/wp-content\/uploads\/2021\/06\/CannaVis-logo.png","contentUrl":"https:\/\/cannavis.eu\/wp-content\/uploads\/2021\/06\/CannaVis-logo.png","width":160,"height":65,"caption":"Cannavis konoplja sa otoka Visa"},"image":{"@id":"https:\/\/cannavis.eu\/de\/#\/schema\/logo\/image\/"}}]}},"jetpack_sharing_enabled":true,"_links":{"self":[{"href":"https:\/\/cannavis.eu\/de\/wp-json\/wp\/v2\/product\/3007","targetHints":{"allow":["GET"]}}],"collection":[{"href":"https:\/\/cannavis.eu\/de\/wp-json\/wp\/v2\/product"}],"about":[{"href":"https:\/\/cannavis.eu\/de\/wp-json\/wp\/v2\/types\/product"}],"replies":[{"embeddable":true,"href":"https:\/\/cannavis.eu\/de\/wp-json\/wp\/v2\/comments?post=3007"}],"wp:featuredmedia":[{"embeddable":true,"href":"https:\/\/cannavis.eu\/de\/wp-json\/wp\/v2\/media\/4419"}],"wp:attachment":[{"href":"https:\/\/cannavis.eu\/de\/wp-json\/wp\/v2\/media?parent=3007"}],"wp:term":[{"taxonomy":"product_brand","embeddable":true,"href":"https:\/\/cannavis.eu\/de\/wp-json\/wp\/v2\/product_brand?post=3007"},{"taxonomy":"product_cat","embeddable":true,"href":"https:\/\/cannavis.eu\/de\/wp-json\/wp\/v2\/product_cat?post=3007"},{"taxonomy":"product_tag","embeddable":true,"href":"https:\/\/cannavis.eu\/de\/wp-json\/wp\/v2\/product_tag?post=3007"}],"curies":[{"name":"wp","href":"https:\/\/api.w.org\/{rel}","templated":true}]}}