{"id":3011,"date":"2021-11-15T14:09:39","date_gmt":"2021-11-15T14:09:39","guid":{"rendered":"https:\/\/cannavis.eu\/proizvod\/cannavis-petica-hanfbluete-5g\/"},"modified":"2026-03-21T08:41:19","modified_gmt":"2026-03-21T06:41:19","slug":"cannavis-petica-hanfbluete-5g","status":"publish","type":"product","link":"https:\/\/cannavis.eu\/de\/proizvodi\/cannavis-petica-hanfbluete-5g\/","title":{"rendered":"CannaVis Petica Hanfbl\u00fcte 5g"},"content":{"rendered":"<p>CannaVis petica Hanfbl\u00fcten enthalten sorgf\u00e4ltig ausgew\u00e4hlte Bl\u00fcten, die auf der Insel Vis biologisch angebaut werden.<\/p>\n<p>Die Hanfpflanze enth\u00e4lt viele medizinische Eigenschaften, die langsam entdeckt werden.<\/p>\n<p>Nach der Entdeckung des Endocannabinoidsystems wurde die Verbindung zwischen dem menschlichen K\u00f6rper und der Hanfpflanze hergestellt. Daher ist Hanf kein Opiat, wie es im Gesundheitssystem dargestellt wird, sondern ein Hilfsmittel bei gesundheitlichen Problemen. CBD-Bl\u00fcten k\u00f6nnen m\u00e4nnlich oder weiblich sein, w\u00e4hrend die weiblichen Bl\u00fcten medizinisch wirken, werden die m\u00e4nnlichen eher in der Lebensmittelindustrie verwendet.<\/p>\n<p>CannaVis f\u00fcnf Hanfbl\u00fcten gibt es in den Varianten CBD und CBG, bei denen es sich um zwei verschiedene Cannabinoide handelt.<br \/>\nCbd und cbg sind in ihrer Struktur sehr \u00e4hnlich, aber ihre Wirkung ist unterschiedlich, zum Beispiel regt cbg den Appetit an und cbd stoppt den Appetit.<\/p>\n<p>Bei CannaVis finden Sie beide Hanfarten, es kommt darauf an, was Sie ben\u00f6tigen.<\/p>\n<p>Sie sind sich nicht sicher, was f\u00fcr Sie die richtige Wahl ist, kein Problem, wir sind f\u00fcr Sie da und Sie k\u00f6nnen uns um Rat fragen.<\/p>\n<p>Allerdings sind nicht alle auf dem Markt angebotenen CBD-Bl\u00fcten gut f\u00fcr die Gesundheit, insbesondere diejenigen, die in Innenr\u00e4umen unter Licht angebaut werden und denen verschiedene D\u00fcngemittel zugesetzt werden, um den Ertrag und damit die Gesundheit zu steigern Die Qualit\u00e4t der Bl\u00fcte geht verloren.<\/p>\n<p>\u00d6kologisch nachhaltiger Hanf ben\u00f6tigt beim Anbau keine Herbizide und Pestizide. Es baut Humus auf, reinigt den Boden von Schwermineralien und nimmt enorme Mengen Kohlenstoff aus der Atmosph\u00e4re auf. Hanf kann bei geringerem Wasserverbrauch mehr Fasern als Baumwolle und auf derselben Oberfl\u00e4che mehr Fasern als Flachs liefern.<\/p>\n<p>CannaVisa-Blumen werden auf der Insel Vis im Einklang mit der Natur angebaut und sind daher die besten Blumen, die der EU-Markt zu bieten hat. Deshalb m\u00fcssen sie Ihre erste Wahl sein, wenn Sie das perfekte Preis-Leistungs-Verh\u00e4ltnis w\u00fcnschen. CannaVis-Bl\u00fcten versetzen Sie in einen entspannenden und beruhigenden Zustand und beseitigen jeglichen Stress.<\/p>\n<p>Sei gesund und gl\u00fccklich<\/p>\n<p>Hersteller OPG AgroVis<\/p>\n<p>Produktionsort: Insel Vis (Dra\u010devo polje)<\/p>\n<p>Auf den Markt gebracht von Karika Vis d.o.o.<\/p>\n<p>Zusammensetzung: Getrocknete Hanfbl\u00fcte Sativa L.<\/p>\n","protected":false},"excerpt":{"rendered":"<p>Warum CannaVis five kaufen?<\/p>\n<ul>\n<li>Die CannaVis five hat eine \u00f6kologische Bl\u00fcte<\/li>\n<li>CannaVis five reduziert Stress<\/li>\n<li>CannaVis five hat den besten Preis<\/li>\n<li>CannaVis five ist die Nummer 1 in der EU<\/li>\n<li>CannaVis five wurde ausschlie\u00dflich mit Hilfe von Sonne und Wasser angebaut<\/li>\n<\/ul>\n","protected":false},"featured_media":3285,"comment_status":"open","ping_status":"closed","template":"","meta":{"_eb_attr":"","_joinchat":[]},"product_brand":[],"product_cat":[147],"product_tag":[],"class_list":{"0":"post-3011","1":"product","2":"type-product","3":"status-publish","4":"has-post-thumbnail","6":"product_cat-cannavis-blueten","8":"first","9":"instock","10":"shipping-taxable","11":"purchasable","12":"product-type-variable"},"yoast_head":"<!-- This site is optimized with the Yoast SEO plugin v27.3 - https:\/\/yoast.com\/product\/yoast-seo-wordpress\/ -->\n<title>CannaVis Petica cvijet konoplje<\/title>\n<meta name=\"description\" content=\"CannaVis Petica dolazi sa najsun\u010danijeg otoka Visa \u0161to je zapravo i formula koja garantira kvalitetu.CannaVis Petica cvijet konoplje 5g\u00a0najbolja cijena\" \/>\n<meta name=\"robots\" content=\"index, follow, max-snippet:-1, max-image-preview:large, max-video-preview:-1\" \/>\n<link rel=\"canonical\" href=\"https:\/\/cannavis.eu\/de\/proizvodi\/cannavis-petica-hanfbluete-5g\/\" \/>\n<meta property=\"og:locale\" content=\"de_DE\" \/>\n<meta property=\"og:type\" content=\"article\" \/>\n<meta property=\"og:title\" content=\"CannaVis Petica Hanfbl\u00fcte 5g\" \/>\n<meta property=\"og:description\" content=\"CannaVis Petica Hanfbl\u00fcte 5g\" \/>\n<meta property=\"og:url\" content=\"https:\/\/cannavis.eu\/de\/proizvodi\/cannavis-petica-hanfbluete-5g\/\" \/>\n<meta property=\"og:site_name\" content=\"Cannavis konoplja sa otoka Visa\" \/>\n<meta property=\"article:modified_time\" content=\"2026-03-21T06:41:19+00:00\" \/>\n<meta property=\"og:image\" content=\"https:\/\/cannavis.eu\/wp-content\/uploads\/2021\/11\/CannaVis-Petica-cvijet-konoplje-5g-247x300.jpg\" \/>\n<meta name=\"twitter:card\" content=\"summary_large_image\" \/>\n<meta name=\"twitter:label1\" content=\"Gesch\u00e4tzte Lesezeit\" \/>\n\t<meta name=\"twitter:data1\" content=\"2\u00a0Minuten\" \/>\n<script type=\"application\/ld+json\" class=\"yoast-schema-graph\">{\"@context\":\"https:\\\/\\\/schema.org\",\"@graph\":[{\"@type\":\"WebPage\",\"@id\":\"https:\\\/\\\/cannavis.eu\\\/de\\\/proizvodi\\\/cannavis-petica-hanfbluete-5g\\\/\",\"url\":\"https:\\\/\\\/cannavis.eu\\\/de\\\/proizvodi\\\/cannavis-petica-hanfbluete-5g\\\/\",\"name\":\"CannaVis Petica cvijet konoplje\",\"isPartOf\":{\"@id\":\"https:\\\/\\\/cannavis.eu\\\/de\\\/#website\"},\"primaryImageOfPage\":{\"@id\":\"https:\\\/\\\/cannavis.eu\\\/de\\\/proizvodi\\\/cannavis-petica-hanfbluete-5g\\\/#primaryimage\"},\"image\":{\"@id\":\"https:\\\/\\\/cannavis.eu\\\/de\\\/proizvodi\\\/cannavis-petica-hanfbluete-5g\\\/#primaryimage\"},\"thumbnailUrl\":\"https:\\\/\\\/cannavis.eu\\\/wp-content\\\/uploads\\\/2021\\\/11\\\/PETICA-FINAL.png\",\"datePublished\":\"2021-11-15T14:09:39+00:00\",\"dateModified\":\"2026-03-21T06:41:19+00:00\",\"description\":\"CannaVis Petica dolazi sa najsun\u010danijeg otoka Visa \u0161to je zapravo i formula koja garantira kvalitetu.CannaVis Petica cvijet konoplje 5g\u00a0najbolja cijena\",\"breadcrumb\":{\"@id\":\"https:\\\/\\\/cannavis.eu\\\/de\\\/proizvodi\\\/cannavis-petica-hanfbluete-5g\\\/#breadcrumb\"},\"inLanguage\":\"de\",\"potentialAction\":[{\"@type\":\"ReadAction\",\"target\":[\"https:\\\/\\\/cannavis.eu\\\/de\\\/proizvodi\\\/cannavis-petica-hanfbluete-5g\\\/\"]}]},{\"@type\":\"ImageObject\",\"inLanguage\":\"de\",\"@id\":\"https:\\\/\\\/cannavis.eu\\\/de\\\/proizvodi\\\/cannavis-petica-hanfbluete-5g\\\/#primaryimage\",\"url\":\"https:\\\/\\\/cannavis.eu\\\/wp-content\\\/uploads\\\/2021\\\/11\\\/PETICA-FINAL.png\",\"contentUrl\":\"https:\\\/\\\/cannavis.eu\\\/wp-content\\\/uploads\\\/2021\\\/11\\\/PETICA-FINAL.png\",\"width\":800,\"height\":800,\"caption\":\"Najbolji omjer cijene i kvalitete na tr\u017ei\u0161tu\"},{\"@type\":\"BreadcrumbList\",\"@id\":\"https:\\\/\\\/cannavis.eu\\\/de\\\/proizvodi\\\/cannavis-petica-hanfbluete-5g\\\/#breadcrumb\",\"itemListElement\":[{\"@type\":\"ListItem\",\"position\":1,\"name\":\"Home\",\"item\":\"https:\\\/\\\/cannavis.eu\\\/de\\\/\"},{\"@type\":\"ListItem\",\"position\":2,\"name\":\"Produkte\",\"item\":\"https:\\\/\\\/cannavis.eu\\\/de\\\/produkte\\\/\"},{\"@type\":\"ListItem\",\"position\":3,\"name\":\"CannaVis Petica Hanfbl\u00fcte 5g\"}]},{\"@type\":\"WebSite\",\"@id\":\"https:\\\/\\\/cannavis.eu\\\/de\\\/#website\",\"url\":\"https:\\\/\\\/cannavis.eu\\\/de\\\/\",\"name\":\"Cannavis konoplja sa otoka Visa\",\"description\":\"CannaVis industrijska konoplja cvijet sa otoka Visa\",\"publisher\":{\"@id\":\"https:\\\/\\\/cannavis.eu\\\/de\\\/#organization\"},\"potentialAction\":[{\"@type\":\"SearchAction\",\"target\":{\"@type\":\"EntryPoint\",\"urlTemplate\":\"https:\\\/\\\/cannavis.eu\\\/de\\\/?s={search_term_string}\"},\"query-input\":{\"@type\":\"PropertyValueSpecification\",\"valueRequired\":true,\"valueName\":\"search_term_string\"}}],\"inLanguage\":\"de\"},{\"@type\":\"Organization\",\"@id\":\"https:\\\/\\\/cannavis.eu\\\/de\\\/#organization\",\"name\":\"Cannavis konoplja sa otoka Visa\",\"url\":\"https:\\\/\\\/cannavis.eu\\\/de\\\/\",\"logo\":{\"@type\":\"ImageObject\",\"inLanguage\":\"de\",\"@id\":\"https:\\\/\\\/cannavis.eu\\\/de\\\/#\\\/schema\\\/logo\\\/image\\\/\",\"url\":\"https:\\\/\\\/cannavis.eu\\\/wp-content\\\/uploads\\\/2021\\\/06\\\/CannaVis-logo.png\",\"contentUrl\":\"https:\\\/\\\/cannavis.eu\\\/wp-content\\\/uploads\\\/2021\\\/06\\\/CannaVis-logo.png\",\"width\":160,\"height\":65,\"caption\":\"Cannavis konoplja sa otoka Visa\"},\"image\":{\"@id\":\"https:\\\/\\\/cannavis.eu\\\/de\\\/#\\\/schema\\\/logo\\\/image\\\/\"}}]}<\/script>\n<!-- \/ Yoast SEO plugin. -->","yoast_head_json":{"title":"CannaVis Petica cvijet konoplje","description":"CannaVis Petica dolazi sa najsun\u010danijeg otoka Visa \u0161to je zapravo i formula koja garantira kvalitetu.CannaVis Petica cvijet konoplje 5g\u00a0najbolja cijena","robots":{"index":"index","follow":"follow","max-snippet":"max-snippet:-1","max-image-preview":"max-image-preview:large","max-video-preview":"max-video-preview:-1"},"canonical":"https:\/\/cannavis.eu\/de\/proizvodi\/cannavis-petica-hanfbluete-5g\/","og_locale":"de_DE","og_type":"article","og_title":"CannaVis Petica Hanfbl\u00fcte 5g","og_description":"CannaVis Petica Hanfbl\u00fcte 5g","og_url":"https:\/\/cannavis.eu\/de\/proizvodi\/cannavis-petica-hanfbluete-5g\/","og_site_name":"Cannavis konoplja sa otoka Visa","article_modified_time":"2026-03-21T06:41:19+00:00","og_image":[{"url":"https:\/\/cannavis.eu\/wp-content\/uploads\/2021\/11\/CannaVis-Petica-cvijet-konoplje-5g-247x300.jpg","type":"","width":"","height":""}],"twitter_card":"summary_large_image","twitter_misc":{"Gesch\u00e4tzte Lesezeit":"2\u00a0Minuten"},"schema":{"@context":"https:\/\/schema.org","@graph":[{"@type":"WebPage","@id":"https:\/\/cannavis.eu\/de\/proizvodi\/cannavis-petica-hanfbluete-5g\/","url":"https:\/\/cannavis.eu\/de\/proizvodi\/cannavis-petica-hanfbluete-5g\/","name":"CannaVis Petica cvijet konoplje","isPartOf":{"@id":"https:\/\/cannavis.eu\/de\/#website"},"primaryImageOfPage":{"@id":"https:\/\/cannavis.eu\/de\/proizvodi\/cannavis-petica-hanfbluete-5g\/#primaryimage"},"image":{"@id":"https:\/\/cannavis.eu\/de\/proizvodi\/cannavis-petica-hanfbluete-5g\/#primaryimage"},"thumbnailUrl":"https:\/\/cannavis.eu\/wp-content\/uploads\/2021\/11\/PETICA-FINAL.png","datePublished":"2021-11-15T14:09:39+00:00","dateModified":"2026-03-21T06:41:19+00:00","description":"CannaVis Petica dolazi sa najsun\u010danijeg otoka Visa \u0161to je zapravo i formula koja garantira kvalitetu.CannaVis Petica cvijet konoplje 5g\u00a0najbolja cijena","breadcrumb":{"@id":"https:\/\/cannavis.eu\/de\/proizvodi\/cannavis-petica-hanfbluete-5g\/#breadcrumb"},"inLanguage":"de","potentialAction":[{"@type":"ReadAction","target":["https:\/\/cannavis.eu\/de\/proizvodi\/cannavis-petica-hanfbluete-5g\/"]}]},{"@type":"ImageObject","inLanguage":"de","@id":"https:\/\/cannavis.eu\/de\/proizvodi\/cannavis-petica-hanfbluete-5g\/#primaryimage","url":"https:\/\/cannavis.eu\/wp-content\/uploads\/2021\/11\/PETICA-FINAL.png","contentUrl":"https:\/\/cannavis.eu\/wp-content\/uploads\/2021\/11\/PETICA-FINAL.png","width":800,"height":800,"caption":"Najbolji omjer cijene i kvalitete na tr\u017ei\u0161tu"},{"@type":"BreadcrumbList","@id":"https:\/\/cannavis.eu\/de\/proizvodi\/cannavis-petica-hanfbluete-5g\/#breadcrumb","itemListElement":[{"@type":"ListItem","position":1,"name":"Home","item":"https:\/\/cannavis.eu\/de\/"},{"@type":"ListItem","position":2,"name":"Produkte","item":"https:\/\/cannavis.eu\/de\/produkte\/"},{"@type":"ListItem","position":3,"name":"CannaVis Petica Hanfbl\u00fcte 5g"}]},{"@type":"WebSite","@id":"https:\/\/cannavis.eu\/de\/#website","url":"https:\/\/cannavis.eu\/de\/","name":"Cannavis konoplja sa otoka Visa","description":"CannaVis industrijska konoplja cvijet sa otoka Visa","publisher":{"@id":"https:\/\/cannavis.eu\/de\/#organization"},"potentialAction":[{"@type":"SearchAction","target":{"@type":"EntryPoint","urlTemplate":"https:\/\/cannavis.eu\/de\/?s={search_term_string}"},"query-input":{"@type":"PropertyValueSpecification","valueRequired":true,"valueName":"search_term_string"}}],"inLanguage":"de"},{"@type":"Organization","@id":"https:\/\/cannavis.eu\/de\/#organization","name":"Cannavis konoplja sa otoka Visa","url":"https:\/\/cannavis.eu\/de\/","logo":{"@type":"ImageObject","inLanguage":"de","@id":"https:\/\/cannavis.eu\/de\/#\/schema\/logo\/image\/","url":"https:\/\/cannavis.eu\/wp-content\/uploads\/2021\/06\/CannaVis-logo.png","contentUrl":"https:\/\/cannavis.eu\/wp-content\/uploads\/2021\/06\/CannaVis-logo.png","width":160,"height":65,"caption":"Cannavis konoplja sa otoka Visa"},"image":{"@id":"https:\/\/cannavis.eu\/de\/#\/schema\/logo\/image\/"}}]}},"jetpack_sharing_enabled":true,"_links":{"self":[{"href":"https:\/\/cannavis.eu\/de\/wp-json\/wp\/v2\/product\/3011","targetHints":{"allow":["GET"]}}],"collection":[{"href":"https:\/\/cannavis.eu\/de\/wp-json\/wp\/v2\/product"}],"about":[{"href":"https:\/\/cannavis.eu\/de\/wp-json\/wp\/v2\/types\/product"}],"replies":[{"embeddable":true,"href":"https:\/\/cannavis.eu\/de\/wp-json\/wp\/v2\/comments?post=3011"}],"wp:featuredmedia":[{"embeddable":true,"href":"https:\/\/cannavis.eu\/de\/wp-json\/wp\/v2\/media\/3285"}],"wp:attachment":[{"href":"https:\/\/cannavis.eu\/de\/wp-json\/wp\/v2\/media?parent=3011"}],"wp:term":[{"taxonomy":"product_brand","embeddable":true,"href":"https:\/\/cannavis.eu\/de\/wp-json\/wp\/v2\/product_brand?post=3011"},{"taxonomy":"product_cat","embeddable":true,"href":"https:\/\/cannavis.eu\/de\/wp-json\/wp\/v2\/product_cat?post=3011"},{"taxonomy":"product_tag","embeddable":true,"href":"https:\/\/cannavis.eu\/de\/wp-json\/wp\/v2\/product_tag?post=3011"}],"curies":[{"name":"wp","href":"https:\/\/api.w.org\/{rel}","templated":true}]}}