{"id":4511,"date":"2024-05-28T10:39:22","date_gmt":"2024-05-28T08:39:22","guid":{"rendered":"https:\/\/cannavis.eu\/proizvod\/cannavis-lippenbalsam\/"},"modified":"2026-04-14T22:29:24","modified_gmt":"2026-04-14T20:29:24","slug":"cannavis-lippenbalsam","status":"publish","type":"product","link":"https:\/\/cannavis.eu\/de\/proizvodi\/cannavis-lippenbalsam\/","title":{"rendered":"CannaVis Lippenbalsam"},"content":{"rendered":"<div id=\"tw-target-text-container\" class=\"tw-ta-container F0azHf tw-nfl\" tabindex=\"0\">\n<div id=\"tw-target-text-container\" class=\"tw-ta-container F0azHf tw-nfl\" tabindex=\"0\">\n<pre id=\"tw-target-text\" class=\"tw-data-text tw-text-large tw-ta\" dir=\"ltr\" data-placeholder=\"Translation\" aria-label=\"Translated text\" data-ved=\"2ahUKEwiSq8mdi-CGAxVD8bsIHZi_CtwQ3ewLegQIDxAU\"><span class=\"Y2IQFc\" lang=\"de\">Lernen Sie CannaVis Lippenbalsam kennen, die perfekte Wahl f\u00fcr alle, die das ganze Jahr \u00fcber weiche, hydratisierte und gesunde Lippen haben m\u00f6chten. Unsere sorgf\u00e4ltig zusammengestellte Mischung aus nat\u00fcrlichen Inhaltsstoffen pflegt und sch\u00fctzt Ihre Lippen intensiv und macht sie geschmeidig und vor \u00e4u\u00dferen Einfl\u00fcssen gesch\u00fctzt.\r\n\r\nHauptvorteile des CannaVis Lippenbalsams:\r\n\r\nNat\u00fcrliche Inhaltsstoffe: CannaVis Lippenbalsam enth\u00e4lt nur die hochwertigsten nat\u00fcrlichen Inhaltsstoffe wie Sheabutter, Kokos\u00f6l und Bienenwachs, die Ihre Lippen intensiv pflegen und sch\u00fctzen.\r\nTiefenwirksame Feuchtigkeitsversorgung: Unsere Formel sorgt f\u00fcr eine tiefe Feuchtigkeitsversorgung und beugt Trockenheit und Rissbildung der Lippen vor, selbst bei h\u00e4rtesten Wetterbedingungen.\r\nSchutz vor \u00e4u\u00dferen Einfl\u00fcssen: CannaVis Lip Balm bildet eine Schutzschicht, die Ihre Lippen vor sch\u00e4dlichen Einfl\u00fcssen wie Wind, K\u00e4lte und UV-Strahlen sch\u00fctzt.\r\nAngenehmer Geruch und Geschmack: Der milde Geruch und Geschmack unseres Balsams machen ihn angenehm f\u00fcr die t\u00e4gliche Anwendung und sorgen gleichzeitig f\u00fcr eine hervorragende Pflege.\r\nFrei von sch\u00e4dlichen Chemikalien: Unser Balsam ist frei von Parabenen, Sulfaten und k\u00fcnstlichen Zusatzstoffen und sorgt so f\u00fcr eine nat\u00fcrliche und sichere Pflege Ihrer Lippen.\r\nSo verwenden Sie CannaVis Lippenbalsam:\r\n\r\nTragen Sie eine d\u00fcnne Schicht Balsam auf die sauberen Lippen auf.\r\nWiederholen Sie die Anwendung nach Bedarf, insbesondere vor Sonneneinstrahlung, Wind oder K\u00e4lte.\r\nF\u00fcr beste Ergebnisse und immer weiche und glatte Lippen t\u00e4glich anwenden.\r\nWarum CannaVis Lippenbalsam w\u00e4hlen?\r\n\r\nUnser Balsam wurde mit dem Ziel entwickelt, eine erstklassige Lippenpflege mit nat\u00fcrlichen Inhaltsstoffen zu bieten, die sanft und wirksam sind. Der CannaVis Lippenbalsam eignet sich perfekt f\u00fcr den t\u00e4glichen Gebrauch und versorgt Ihre Lippen mit der n\u00f6tigen Feuchtigkeit und dem n\u00f6tigen Schutz sowie einem angenehmen Gef\u00fchl und Duft.\r\n\r\nBestellung und Lieferung:\r\n\r\nCannaVis Lippenbalsam kann \u00fcber unsere Website bestellt werden. Wir sorgen f\u00fcr eine schnelle und sichere Lieferung, sodass Sie sofort von den Vorteilen unseres Produkts profitieren k\u00f6nnen.\r\n\r\nHalten Sie Ihre Lippen gesund, weich und gesch\u00fctzt mit CannaVis Lippenbalsam \u2013 der nat\u00fcrlichen Pflege, die Sie verdienen! Bestellen Sie noch heute Ihren Balsam und sp\u00fcren Sie den Unterschied!<\/span><\/pre>\n<\/div>\n<div id=\"tw-target-rmn-container\" class=\"tw-target-rmn tw-ta-container F0azHf tw-nfl\">\n<pre id=\"tw-target-rmn\" class=\"tw-data-placeholder tw-text-small tw-ta\" dir=\"ltr\" data-placeholder=\"\"><\/pre>\n<\/div>\n<div class=\"iYB33c\">\n<div class=\"dlJLJe\">\n<div data-cviv=\"false\" data-ved=\"2ahUKEwiSq8mdi-CGAxVD8bsIHZi_CtwQz_AEegQIDxAV\">\n<div class=\"U9URNb\"><img decoding=\"async\" id=\"dimg_3\" class=\"YQ4gaf zr758c wA1Bge\" src=\"data:image\/png;base64,iVBORw0KGgoAAAANSUhEUgAAABQAAAAUCAQAAAAngNWGAAABDUlEQVR4AYXRgUZDYRjH4TegFTKgpEqiFJgoWAoMEQGBgBboChaaAKxLKAhAhQqAdAmpBIQolkCFqp2nITvNKXuA7+\/Hhzey5OWjE4Nq3rzY1f9\/NGHPB549492+8Ww060iCS2XdctZdI3GsECmb+HJoIX6x6EgDm+lURTH+YB7V9nAqE5WNme4YKuOiY6iMe6PaQxUUIuTbswgFVNJwA8sO3Bn6yR6bWZMSNtJwDtuWfHpQxaPx9C9zadil7jrCigbq6UXceNIVKTWUIqypm2ytJdTiNyNeXclF6GttOVfeDEc7qzjR23r3OMFqZKng1kw0mXGLrfibHTScOZWgGv9TdC6ROFeMTgwYiIxvJzMRWQbeGZUAAAAASUVORK5CYII=\" alt=\"Community Verified icon\" width=\"16\" height=\"16\" data-csiid=\"10\" data-atf=\"0\" \/><\/div>\n<\/div>\n<\/div>\n<div id=\"tw-tmenu\" class=\"tw-menu\"><\/div>\n<\/div>\n<\/div>\n<div id=\"tw-target-rmn-container\" class=\"tw-target-rmn tw-ta-container F0azHf tw-nfl\">\n<pre id=\"tw-target-rmn\" class=\"tw-data-placeholder tw-text-small tw-ta\" dir=\"ltr\" data-placeholder=\"\"><\/pre>\n<\/div>\n<div class=\"iYB33c\">\n<div class=\"dlJLJe\">\n<div data-cviv=\"false\" data-ved=\"2ahUKEwiSq8mdi-CGAxVD8bsIHZi_CtwQz_AEegQIDxAV\">\n<div class=\"U9URNb\"><img decoding=\"async\" id=\"dimg_3\" class=\"YQ4gaf zr758c wA1Bge\" src=\"data:image\/png;base64,iVBORw0KGgoAAAANSUhEUgAAABQAAAAUCAQAAAAngNWGAAABDUlEQVR4AYXRgUZDYRjH4TegFTKgpEqiFJgoWAoMEQGBgBboChaaAKxLKAhAhQqAdAmpBIQolkCFqp2nITvNKXuA7+\/Hhzey5OWjE4Nq3rzY1f9\/NGHPB549492+8Ww060iCS2XdctZdI3GsECmb+HJoIX6x6EgDm+lURTH+YB7V9nAqE5WNme4YKuOiY6iMe6PaQxUUIuTbswgFVNJwA8sO3Bn6yR6bWZMSNtJwDtuWfHpQxaPx9C9zadil7jrCigbq6UXceNIVKTWUIqypm2ytJdTiNyNeXclF6GttOVfeDEc7qzjR23r3OMFqZKng1kw0mXGLrfibHTScOZWgGv9TdC6ROFeMTgwYiIxvJzMRWQbeGZUAAAAASUVORK5CYII=\" alt=\"Community Verified icon\" width=\"16\" height=\"16\" data-csiid=\"10\" data-atf=\"0\" \/><\/div>\n<\/div>\n<\/div>\n<div id=\"tw-tmenu\" class=\"tw-menu\"><\/div>\n<\/div>\n","protected":false},"excerpt":{"rendered":"<pre id=\"tw-target-text\" class=\"tw-data-text tw-text-large tw-ta\" dir=\"ltr\" data-placeholder=\"Translation\" aria-label=\"Translated text\" data-ved=\"2ahUKEwiSq8mdi-CGAxVD8bsIHZi_CtwQ3ewLegQIDxAU\"><span class=\"Y2IQFc\" lang=\"de\">Entdecken Sie die perfekte Pflege f\u00fcr Ihre Lippen mit CannaVis Lip Balm! Unsere Formel mit nat\u00fcrlichen Inhaltsstoffen wie Sheabutter, Kokos\u00f6l und Bienenwachs spendet intensive Feuchtigkeit und sch\u00fctzt vor \u00e4u\u00dferen Einfl\u00fcssen. Frei von Parabenen und k\u00fcnstlichen Zusatzstoffen h\u00e4lt unser Balsam Ihre Lippen das ganze Jahr \u00fcber weich und geschmeidig. Bestellen Sie noch heute Ihren CannaVis Lippenbalsam und genie\u00dfen Sie gesunde, hydratisierte Lippen!<\/span><\/pre>\n","protected":false},"featured_media":4204,"comment_status":"open","ping_status":"closed","template":"","meta":{"_eb_attr":"","_joinchat":[]},"product_brand":[],"product_cat":[143],"product_tag":[910,313,920,1078,918],"class_list":{"0":"post-4511","1":"product","2":"type-product","3":"status-publish","4":"has-post-thumbnail","6":"product_cat-cannavis-kosmetik","7":"product_tag-feuchtigkeitsspendender-lippenbalsam","8":"product_tag-lippenbalsam","9":"product_tag-lippenpeeling-zu-hause","10":"product_tag-naturliche-lippenbalsame","11":"product_tag-pflege-rissiger-lippen","13":"first","14":"outofstock","15":"shipping-taxable","16":"purchasable","17":"product-type-simple"},"yoast_head":"<!-- This site is optimized with the Yoast SEO plugin v27.4 - https:\/\/yoast.com\/product\/yoast-seo-wordpress\/ -->\n<title>CannaVis Lippenbalsam - Cannavis konoplja sa otoka Visa<\/title>\n<meta name=\"robots\" content=\"index, follow, max-snippet:-1, max-image-preview:large, max-video-preview:-1\" \/>\n<link rel=\"canonical\" href=\"https:\/\/cannavis.eu\/de\/proizvodi\/cannavis-lippenbalsam\/\" \/>\n<meta property=\"og:locale\" content=\"de_DE\" \/>\n<meta property=\"og:type\" content=\"article\" \/>\n<meta property=\"og:title\" content=\"CannaVis Lippenbalsam - Cannavis konoplja sa otoka Visa\" \/>\n<meta property=\"og:description\" content=\"Entdecken Sie die perfekte Pflege f\u00fcr Ihre Lippen mit CannaVis Lip Balm! Unsere Formel mit nat\u00fcrlichen Inhaltsstoffen wie Sheabutter, Kokos\u00f6l und Bienenwachs spendet intensive Feuchtigkeit und sch\u00fctzt vor \u00e4u\u00dferen Einfl\u00fcssen. Frei von Parabenen und k\u00fcnstlichen Zusatzstoffen h\u00e4lt unser Balsam Ihre Lippen das ganze Jahr \u00fcber weich und geschmeidig. Bestellen Sie noch heute Ihren CannaVis Lippenbalsam und genie\u00dfen Sie gesunde, hydratisierte Lippen!\" \/>\n<meta property=\"og:url\" content=\"https:\/\/cannavis.eu\/de\/proizvodi\/cannavis-lippenbalsam\/\" \/>\n<meta property=\"og:site_name\" content=\"Cannavis konoplja sa otoka Visa\" \/>\n<meta property=\"article:modified_time\" content=\"2026-04-14T20:29:24+00:00\" \/>\n<meta property=\"og:image\" content=\"https:\/\/cannavis.eu\/wp-content\/uploads\/2024\/05\/CannaVis-balzam-za-usne.png\" \/>\n\t<meta property=\"og:image:width\" content=\"800\" \/>\n\t<meta property=\"og:image:height\" content=\"800\" \/>\n\t<meta property=\"og:image:type\" content=\"image\/png\" \/>\n<meta name=\"twitter:card\" content=\"summary_large_image\" \/>\n<meta name=\"twitter:label1\" content=\"Gesch\u00e4tzte Lesezeit\" \/>\n\t<meta name=\"twitter:data1\" content=\"2\u00a0Minuten\" \/>\n<script type=\"application\/ld+json\" class=\"yoast-schema-graph\">{\"@context\":\"https:\\\/\\\/schema.org\",\"@graph\":[{\"@type\":\"WebPage\",\"@id\":\"https:\\\/\\\/cannavis.eu\\\/de\\\/proizvodi\\\/cannavis-lippenbalsam\\\/\",\"url\":\"https:\\\/\\\/cannavis.eu\\\/de\\\/proizvodi\\\/cannavis-lippenbalsam\\\/\",\"name\":\"CannaVis Lippenbalsam - Cannavis konoplja sa otoka Visa\",\"isPartOf\":{\"@id\":\"https:\\\/\\\/cannavis.eu\\\/de\\\/#website\"},\"primaryImageOfPage\":{\"@id\":\"https:\\\/\\\/cannavis.eu\\\/de\\\/proizvodi\\\/cannavis-lippenbalsam\\\/#primaryimage\"},\"image\":{\"@id\":\"https:\\\/\\\/cannavis.eu\\\/de\\\/proizvodi\\\/cannavis-lippenbalsam\\\/#primaryimage\"},\"thumbnailUrl\":\"https:\\\/\\\/cannavis.eu\\\/wp-content\\\/uploads\\\/2024\\\/05\\\/CannaVis-balzam-za-usne.png\",\"datePublished\":\"2024-05-28T08:39:22+00:00\",\"dateModified\":\"2026-04-14T20:29:24+00:00\",\"breadcrumb\":{\"@id\":\"https:\\\/\\\/cannavis.eu\\\/de\\\/proizvodi\\\/cannavis-lippenbalsam\\\/#breadcrumb\"},\"inLanguage\":\"de\",\"potentialAction\":[{\"@type\":\"ReadAction\",\"target\":[\"https:\\\/\\\/cannavis.eu\\\/de\\\/proizvodi\\\/cannavis-lippenbalsam\\\/\"]}]},{\"@type\":\"ImageObject\",\"inLanguage\":\"de\",\"@id\":\"https:\\\/\\\/cannavis.eu\\\/de\\\/proizvodi\\\/cannavis-lippenbalsam\\\/#primaryimage\",\"url\":\"https:\\\/\\\/cannavis.eu\\\/wp-content\\\/uploads\\\/2024\\\/05\\\/CannaVis-balzam-za-usne.png\",\"contentUrl\":\"https:\\\/\\\/cannavis.eu\\\/wp-content\\\/uploads\\\/2024\\\/05\\\/CannaVis-balzam-za-usne.png\",\"width\":800,\"height\":800},{\"@type\":\"BreadcrumbList\",\"@id\":\"https:\\\/\\\/cannavis.eu\\\/de\\\/proizvodi\\\/cannavis-lippenbalsam\\\/#breadcrumb\",\"itemListElement\":[{\"@type\":\"ListItem\",\"position\":1,\"name\":\"Home\",\"item\":\"https:\\\/\\\/cannavis.eu\\\/de\\\/\"},{\"@type\":\"ListItem\",\"position\":2,\"name\":\"Produkte\",\"item\":\"https:\\\/\\\/cannavis.eu\\\/de\\\/produkte\\\/\"},{\"@type\":\"ListItem\",\"position\":3,\"name\":\"CannaVis Lippenbalsam\"}]},{\"@type\":\"WebSite\",\"@id\":\"https:\\\/\\\/cannavis.eu\\\/de\\\/#website\",\"url\":\"https:\\\/\\\/cannavis.eu\\\/de\\\/\",\"name\":\"Cannavis konoplja sa otoka Visa\",\"description\":\"CannaVis industrijska konoplja cvijet sa otoka Visa\",\"publisher\":{\"@id\":\"https:\\\/\\\/cannavis.eu\\\/de\\\/#organization\"},\"potentialAction\":[{\"@type\":\"SearchAction\",\"target\":{\"@type\":\"EntryPoint\",\"urlTemplate\":\"https:\\\/\\\/cannavis.eu\\\/de\\\/?s={search_term_string}\"},\"query-input\":{\"@type\":\"PropertyValueSpecification\",\"valueRequired\":true,\"valueName\":\"search_term_string\"}}],\"inLanguage\":\"de\"},{\"@type\":\"Organization\",\"@id\":\"https:\\\/\\\/cannavis.eu\\\/de\\\/#organization\",\"name\":\"Cannavis konoplja sa otoka Visa\",\"url\":\"https:\\\/\\\/cannavis.eu\\\/de\\\/\",\"logo\":{\"@type\":\"ImageObject\",\"inLanguage\":\"de\",\"@id\":\"https:\\\/\\\/cannavis.eu\\\/de\\\/#\\\/schema\\\/logo\\\/image\\\/\",\"url\":\"https:\\\/\\\/cannavis.eu\\\/wp-content\\\/uploads\\\/2021\\\/06\\\/CannaVis-logo.png\",\"contentUrl\":\"https:\\\/\\\/cannavis.eu\\\/wp-content\\\/uploads\\\/2021\\\/06\\\/CannaVis-logo.png\",\"width\":160,\"height\":65,\"caption\":\"Cannavis konoplja sa otoka Visa\"},\"image\":{\"@id\":\"https:\\\/\\\/cannavis.eu\\\/de\\\/#\\\/schema\\\/logo\\\/image\\\/\"}}]}<\/script>\n<!-- \/ Yoast SEO plugin. -->","yoast_head_json":{"title":"CannaVis Lippenbalsam - Cannavis konoplja sa otoka Visa","robots":{"index":"index","follow":"follow","max-snippet":"max-snippet:-1","max-image-preview":"max-image-preview:large","max-video-preview":"max-video-preview:-1"},"canonical":"https:\/\/cannavis.eu\/de\/proizvodi\/cannavis-lippenbalsam\/","og_locale":"de_DE","og_type":"article","og_title":"CannaVis Lippenbalsam - Cannavis konoplja sa otoka Visa","og_description":"Entdecken Sie die perfekte Pflege f\u00fcr Ihre Lippen mit CannaVis Lip Balm! Unsere Formel mit nat\u00fcrlichen Inhaltsstoffen wie Sheabutter, Kokos\u00f6l und Bienenwachs spendet intensive Feuchtigkeit und sch\u00fctzt vor \u00e4u\u00dferen Einfl\u00fcssen. Frei von Parabenen und k\u00fcnstlichen Zusatzstoffen h\u00e4lt unser Balsam Ihre Lippen das ganze Jahr \u00fcber weich und geschmeidig. Bestellen Sie noch heute Ihren CannaVis Lippenbalsam und genie\u00dfen Sie gesunde, hydratisierte Lippen!","og_url":"https:\/\/cannavis.eu\/de\/proizvodi\/cannavis-lippenbalsam\/","og_site_name":"Cannavis konoplja sa otoka Visa","article_modified_time":"2026-04-14T20:29:24+00:00","og_image":[{"width":800,"height":800,"url":"https:\/\/cannavis.eu\/wp-content\/uploads\/2024\/05\/CannaVis-balzam-za-usne.png","type":"image\/png"}],"twitter_card":"summary_large_image","twitter_misc":{"Gesch\u00e4tzte Lesezeit":"2\u00a0Minuten"},"schema":{"@context":"https:\/\/schema.org","@graph":[{"@type":"WebPage","@id":"https:\/\/cannavis.eu\/de\/proizvodi\/cannavis-lippenbalsam\/","url":"https:\/\/cannavis.eu\/de\/proizvodi\/cannavis-lippenbalsam\/","name":"CannaVis Lippenbalsam - Cannavis konoplja sa otoka Visa","isPartOf":{"@id":"https:\/\/cannavis.eu\/de\/#website"},"primaryImageOfPage":{"@id":"https:\/\/cannavis.eu\/de\/proizvodi\/cannavis-lippenbalsam\/#primaryimage"},"image":{"@id":"https:\/\/cannavis.eu\/de\/proizvodi\/cannavis-lippenbalsam\/#primaryimage"},"thumbnailUrl":"https:\/\/cannavis.eu\/wp-content\/uploads\/2024\/05\/CannaVis-balzam-za-usne.png","datePublished":"2024-05-28T08:39:22+00:00","dateModified":"2026-04-14T20:29:24+00:00","breadcrumb":{"@id":"https:\/\/cannavis.eu\/de\/proizvodi\/cannavis-lippenbalsam\/#breadcrumb"},"inLanguage":"de","potentialAction":[{"@type":"ReadAction","target":["https:\/\/cannavis.eu\/de\/proizvodi\/cannavis-lippenbalsam\/"]}]},{"@type":"ImageObject","inLanguage":"de","@id":"https:\/\/cannavis.eu\/de\/proizvodi\/cannavis-lippenbalsam\/#primaryimage","url":"https:\/\/cannavis.eu\/wp-content\/uploads\/2024\/05\/CannaVis-balzam-za-usne.png","contentUrl":"https:\/\/cannavis.eu\/wp-content\/uploads\/2024\/05\/CannaVis-balzam-za-usne.png","width":800,"height":800},{"@type":"BreadcrumbList","@id":"https:\/\/cannavis.eu\/de\/proizvodi\/cannavis-lippenbalsam\/#breadcrumb","itemListElement":[{"@type":"ListItem","position":1,"name":"Home","item":"https:\/\/cannavis.eu\/de\/"},{"@type":"ListItem","position":2,"name":"Produkte","item":"https:\/\/cannavis.eu\/de\/produkte\/"},{"@type":"ListItem","position":3,"name":"CannaVis Lippenbalsam"}]},{"@type":"WebSite","@id":"https:\/\/cannavis.eu\/de\/#website","url":"https:\/\/cannavis.eu\/de\/","name":"Cannavis konoplja sa otoka Visa","description":"CannaVis industrijska konoplja cvijet sa otoka Visa","publisher":{"@id":"https:\/\/cannavis.eu\/de\/#organization"},"potentialAction":[{"@type":"SearchAction","target":{"@type":"EntryPoint","urlTemplate":"https:\/\/cannavis.eu\/de\/?s={search_term_string}"},"query-input":{"@type":"PropertyValueSpecification","valueRequired":true,"valueName":"search_term_string"}}],"inLanguage":"de"},{"@type":"Organization","@id":"https:\/\/cannavis.eu\/de\/#organization","name":"Cannavis konoplja sa otoka Visa","url":"https:\/\/cannavis.eu\/de\/","logo":{"@type":"ImageObject","inLanguage":"de","@id":"https:\/\/cannavis.eu\/de\/#\/schema\/logo\/image\/","url":"https:\/\/cannavis.eu\/wp-content\/uploads\/2021\/06\/CannaVis-logo.png","contentUrl":"https:\/\/cannavis.eu\/wp-content\/uploads\/2021\/06\/CannaVis-logo.png","width":160,"height":65,"caption":"Cannavis konoplja sa otoka Visa"},"image":{"@id":"https:\/\/cannavis.eu\/de\/#\/schema\/logo\/image\/"}}]}},"jetpack_sharing_enabled":true,"_links":{"self":[{"href":"https:\/\/cannavis.eu\/de\/wp-json\/wp\/v2\/product\/4511","targetHints":{"allow":["GET"]}}],"collection":[{"href":"https:\/\/cannavis.eu\/de\/wp-json\/wp\/v2\/product"}],"about":[{"href":"https:\/\/cannavis.eu\/de\/wp-json\/wp\/v2\/types\/product"}],"replies":[{"embeddable":true,"href":"https:\/\/cannavis.eu\/de\/wp-json\/wp\/v2\/comments?post=4511"}],"wp:featuredmedia":[{"embeddable":true,"href":"https:\/\/cannavis.eu\/de\/wp-json\/wp\/v2\/media\/4204"}],"wp:attachment":[{"href":"https:\/\/cannavis.eu\/de\/wp-json\/wp\/v2\/media?parent=4511"}],"wp:term":[{"taxonomy":"product_brand","embeddable":true,"href":"https:\/\/cannavis.eu\/de\/wp-json\/wp\/v2\/product_brand?post=4511"},{"taxonomy":"product_cat","embeddable":true,"href":"https:\/\/cannavis.eu\/de\/wp-json\/wp\/v2\/product_cat?post=4511"},{"taxonomy":"product_tag","embeddable":true,"href":"https:\/\/cannavis.eu\/de\/wp-json\/wp\/v2\/product_tag?post=4511"}],"curies":[{"name":"wp","href":"https:\/\/api.w.org\/{rel}","templated":true}]}}