{"id":4513,"date":"2024-05-24T21:51:42","date_gmt":"2024-05-24T19:51:42","guid":{"rendered":"https:\/\/cannavis.eu\/proizvod\/cannavis-anti-akne-serum\/"},"modified":"2025-10-17T10:09:00","modified_gmt":"2025-10-17T08:09:00","slug":"cannavis-anti-akne-serum","status":"publish","type":"product","link":"https:\/\/cannavis.eu\/de\/proizvodi\/cannavis-anti-akne-serum\/","title":{"rendered":"CannaVis Anti-Akne-Serum"},"content":{"rendered":"<div id=\"tw-target-text-container\" class=\"tw-ta-container F0azHf tw-nfl\" tabindex=\"0\">\n<pre id=\"tw-target-text\" class=\"tw-data-text tw-text-large tw-ta\" dir=\"ltr\" data-placeholder=\"Translation\" aria-label=\"Translated text\" data-ved=\"2ahUKEwiSq8mdi-CGAxVD8bsIHZi_CtwQ3ewLegQIDxAU\"><span class=\"Y2IQFc\" lang=\"de\">Lernen Sie das CannaVis Anti-Akne-Serum mit CBD-\u00d6l kennen, ein innovatives Produkt, das Ihnen dabei helfen soll, eine klare und gesunde Haut zu erreichen. Unsere Formel enth\u00e4lt hochwertiges CBD-\u00d6l, das f\u00fcr seine entz\u00fcndungshemmenden und beruhigenden Eigenschaften bekannt ist. Wenn Sie mit Akne zu k\u00e4mpfen haben, ist unser Serum Ihr idealer Partner f\u00fcr die t\u00e4gliche Hautpflege.\r\n\r\nHauptvorteile des CannaVis Anti-Akne-Serums:\r\n\r\nNat\u00fcrliche Inhaltsstoffe: Unser Serum enth\u00e4lt nat\u00fcrliche Inhaltsstoffe, die sanft zu Ihrer Haut sind. CBD-\u00d6l stammt aus biologisch angebauten Pflanzen, was Qualit\u00e4t und Sicherheit garantiert.\r\nEntz\u00fcndungshemmende Eigenschaften: CBD-\u00d6l ist f\u00fcr seine entz\u00fcndungshemmenden Eigenschaften bekannt, die dazu beitragen, durch Akne verursachte R\u00f6tungen und Entz\u00fcndungen zu reduzieren.\r\nFeuchtigkeit und Pflege: Unser Serum bek\u00e4mpft nicht nur Akne, sondern spendet der Haut auch Feuchtigkeit und macht sie weicher und glatter.\r\nReduziert das Auftreten von Narben: Die regelm\u00e4\u00dfige Anwendung des Serums kann dank der regenerierenden Eigenschaften von CBD-\u00d6l dazu beitragen, das Auftreten von Aknenarben zu reduzieren.\r\nFrei von sch\u00e4dlichen Chemikalien: Unser Serum ist frei von Parabenen, Sulfaten und k\u00fcnstlichen Duftstoffen und kann auch auf der empfindlichsten Haut t\u00e4glich angewendet werden.\r\nSo verwenden Sie das CannaVis Anti-Akne-Serum:\r\n\r\nReinigen Sie Ihr Gesicht mit einem sanften Reinigungsmittel.\r\nTragen Sie eine kleine Menge Serum auf die Problemzonen oder auf das gesamte Gesicht auf und vermeiden Sie dabei die Augenpartie.\r\nMassieren Sie das Serum mit kreisenden Bewegungen sanft in die Haut ein, bis es vollst\u00e4ndig eingezogen ist.\r\nF\u00fcr optimale Ergebnisse verwenden Sie das Serum zweimal t\u00e4glich, morgens und abends.\r\nWarum CannaVis Anti-Akne-Serum w\u00e4hlen?\r\n\r\nUnser Serum ist das Ergebnis umfangreicher Forschung und des Engagements f\u00fcr die Bereitstellung der besten Hautpflegel\u00f6sungen. Wir glauben an die Kraft nat\u00fcrlicher Inhaltsstoffe und ihre F\u00e4higkeit, Ihre Haut zu ver\u00e4ndern. Bei regelm\u00e4\u00dfiger Anwendung unseres Serums werden Sie eine Verringerung der Akneausbr\u00fcche, weniger R\u00f6tungen und eine glattere, ges\u00fcndere Haut bemerken.\r\n\r\nProbieren Sie CannaVis Anti-Akne-Serum mit CBD-\u00d6l und entdecken Sie, warum so viele Anwender auf der ganzen Welt von unserem Produkt begeistert sind. Ihre Haut verdient die beste Pflege und CannaVis ist hier, um Ihnen diese zu bieten.\r\n\r\nBestellung und Lieferung:\r\n\r\nCannaVis Anti-Akne-Serum kann \u00fcber unsere Website bestellt werden. Wir sorgen f\u00fcr eine schnelle und sichere Lieferung, sodass Sie die Vorteile unseres Serums in k\u00fcrzester Zeit genie\u00dfen k\u00f6nnen.\r\n\r\nLassen Sie Ihre Haut strahlen mit dem CannaVis Anti-Akne-Serum mit CBD-\u00d6l \u2013 eine nat\u00fcrliche L\u00f6sung f\u00fcr klare und gesunde Haut!<\/span><\/pre>\n<\/div>\n<div id=\"tw-target-rmn-container\" class=\"tw-target-rmn tw-ta-container F0azHf tw-nfl\">\n<pre id=\"tw-target-rmn\" class=\"tw-data-placeholder tw-text-small tw-ta\" dir=\"ltr\" data-placeholder=\"\"><\/pre>\n<\/div>\n<div class=\"iYB33c\">\n<div class=\"dlJLJe\">\n<div data-cviv=\"false\" data-ved=\"2ahUKEwiSq8mdi-CGAxVD8bsIHZi_CtwQz_AEegQIDxAV\">\n<div class=\"U9URNb\"><img decoding=\"async\" id=\"dimg_3\" class=\"YQ4gaf zr758c wA1Bge\" src=\"data:image\/png;base64,iVBORw0KGgoAAAANSUhEUgAAABQAAAAUCAQAAAAngNWGAAABDUlEQVR4AYXRgUZDYRjH4TegFTKgpEqiFJgoWAoMEQGBgBboChaaAKxLKAhAhQqAdAmpBIQolkCFqp2nITvNKXuA7+\/Hhzey5OWjE4Nq3rzY1f9\/NGHPB549492+8Ww060iCS2XdctZdI3GsECmb+HJoIX6x6EgDm+lURTH+YB7V9nAqE5WNme4YKuOiY6iMe6PaQxUUIuTbswgFVNJwA8sO3Bn6yR6bWZMSNtJwDtuWfHpQxaPx9C9zadil7jrCigbq6UXceNIVKTWUIqypm2ytJdTiNyNeXclF6GttOVfeDEc7qzjR23r3OMFqZKng1kw0mXGLrfibHTScOZWgGv9TdC6ROFeMTgwYiIxvJzMRWQbeGZUAAAAASUVORK5CYII=\" alt=\"Community Verified icon\" width=\"16\" height=\"16\" data-csiid=\"10\" data-atf=\"0\" \/><\/div>\n<\/div>\n<\/div>\n<div id=\"tw-tmenu\" class=\"tw-menu\"><\/div>\n<\/div>\n","protected":false},"excerpt":{"rendered":"<pre id=\"tw-target-text\" class=\"tw-data-text tw-text-large tw-ta\" dir=\"ltr\" data-placeholder=\"Translation\" aria-label=\"Translated text\" data-ved=\"2ahUKEwiSq8mdi-CGAxVD8bsIHZi_CtwQ3ewLegQIDxAU\"><span class=\"Y2IQFc\" lang=\"de\">\u00d6ffnen Sie die T\u00fcr zu sauberer und gesunder Haut mit CannaVis Anti-Akne-Serum mit CBD-\u00d6l. Unsere einzigartige Formel kombiniert nat\u00fcrliches CBD-\u00d6l, das f\u00fcr seine entz\u00fcndungshemmenden und beruhigenden Eigenschaften bekannt ist, und bietet so eine wirksame L\u00f6sung f\u00fcr problematische, zu Akne neigende Haut.\r\n\r\nZu den Hauptvorteilen geh\u00f6ren die Reduzierung von R\u00f6tungen, die Befeuchtung und Pflege der Haut sowie die Verringerung der Sichtbarkeit von Narben. Unser Serum ist frei von Parabenen, Sulfaten und k\u00fcnstlichen Duftstoffen und sicher f\u00fcr den t\u00e4glichen Gebrauch. Probieren Sie das CannaVis Anti-Akne-Serum aus und genie\u00dfen Sie glatte, gesunde Haut!\r\n\r\nBestellen Sie noch heute Ihr Serum und sp\u00fcren Sie den Unterschied!<\/span><\/pre>\n","protected":false},"featured_media":6280,"comment_status":"open","ping_status":"closed","template":"","meta":{"_eb_attr":"","_joinchat":[]},"product_brand":[],"product_cat":[143],"product_tag":[1184,653,649,1166,542,914],"class_list":{"0":"post-4513","1":"product","2":"type-product","3":"status-publish","4":"has-post-thumbnail","6":"product_cat-cannavis-kosmetik","7":"product_tag-akne-losung","8":"product_tag-anti-acne-serum-de","9":"product_tag-gegen-akne","10":"product_tag-gegen-pickel","11":"product_tag-naturkosmetik","12":"product_tag-wie-man-akne-loswird","14":"first","15":"instock","16":"sale","17":"shipping-taxable","18":"purchasable","19":"product-type-simple"},"yoast_head":"<!-- This site is optimized with the Yoast SEO plugin v27.4 - https:\/\/yoast.com\/product\/yoast-seo-wordpress\/ -->\n<title>CannaVis Anti-Akne-Serum - Cannavis konoplja sa otoka Visa<\/title>\n<meta name=\"description\" content=\"CannaVis Anti-akne serum idealan je izbor za problemati\u010dnu ko\u017eu - CannaVis Anti-Akne-Serum - Cannavis konoplja sa otoka Visa\" \/>\n<meta name=\"robots\" content=\"index, follow, max-snippet:-1, max-image-preview:large, max-video-preview:-1\" \/>\n<link rel=\"canonical\" href=\"https:\/\/cannavis.eu\/de\/proizvodi\/cannavis-anti-akne-serum\/\" \/>\n<meta property=\"og:locale\" content=\"de_DE\" \/>\n<meta property=\"og:type\" content=\"article\" \/>\n<meta property=\"og:title\" content=\"CannaVis Anti-Akne-Serum - Cannavis konoplja sa otoka Visa\" \/>\n<meta property=\"og:description\" content=\"CannaVis Anti-akne serum idealan je izbor za problemati\u010dnu ko\u017eu - CannaVis Anti-Akne-Serum - Cannavis konoplja sa otoka Visa\" \/>\n<meta property=\"og:url\" content=\"https:\/\/cannavis.eu\/de\/proizvodi\/cannavis-anti-akne-serum\/\" \/>\n<meta property=\"og:site_name\" content=\"Cannavis konoplja sa otoka Visa\" \/>\n<meta property=\"article:modified_time\" content=\"2025-10-17T08:09:00+00:00\" \/>\n<meta property=\"og:image\" content=\"https:\/\/cannavis.eu\/wp-content\/uploads\/2024\/05\/Anti-akne-serum-CannaVis.png\" \/>\n\t<meta property=\"og:image:width\" content=\"1000\" \/>\n\t<meta property=\"og:image:height\" content=\"1000\" \/>\n\t<meta property=\"og:image:type\" content=\"image\/png\" \/>\n<meta name=\"twitter:card\" content=\"summary_large_image\" \/>\n<meta name=\"twitter:label1\" content=\"Gesch\u00e4tzte Lesezeit\" \/>\n\t<meta name=\"twitter:data1\" content=\"2\u00a0Minuten\" \/>\n<script type=\"application\/ld+json\" class=\"yoast-schema-graph\">{\"@context\":\"https:\\\/\\\/schema.org\",\"@graph\":[{\"@type\":\"WebPage\",\"@id\":\"https:\\\/\\\/cannavis.eu\\\/de\\\/proizvodi\\\/cannavis-anti-akne-serum\\\/\",\"url\":\"https:\\\/\\\/cannavis.eu\\\/de\\\/proizvodi\\\/cannavis-anti-akne-serum\\\/\",\"name\":\"CannaVis Anti-Akne-Serum - Cannavis konoplja sa otoka Visa\",\"isPartOf\":{\"@id\":\"https:\\\/\\\/cannavis.eu\\\/de\\\/#website\"},\"primaryImageOfPage\":{\"@id\":\"https:\\\/\\\/cannavis.eu\\\/de\\\/proizvodi\\\/cannavis-anti-akne-serum\\\/#primaryimage\"},\"image\":{\"@id\":\"https:\\\/\\\/cannavis.eu\\\/de\\\/proizvodi\\\/cannavis-anti-akne-serum\\\/#primaryimage\"},\"thumbnailUrl\":\"https:\\\/\\\/cannavis.eu\\\/wp-content\\\/uploads\\\/2024\\\/05\\\/Anti-akne-serum-CannaVis.png\",\"datePublished\":\"2024-05-24T19:51:42+00:00\",\"dateModified\":\"2025-10-17T08:09:00+00:00\",\"description\":\"CannaVis Anti-akne serum idealan je izbor za problemati\u010dnu ko\u017eu - CannaVis Anti-Akne-Serum - Cannavis konoplja sa otoka Visa\",\"breadcrumb\":{\"@id\":\"https:\\\/\\\/cannavis.eu\\\/de\\\/proizvodi\\\/cannavis-anti-akne-serum\\\/#breadcrumb\"},\"inLanguage\":\"de\",\"potentialAction\":[{\"@type\":\"ReadAction\",\"target\":[\"https:\\\/\\\/cannavis.eu\\\/de\\\/proizvodi\\\/cannavis-anti-akne-serum\\\/\"]}]},{\"@type\":\"ImageObject\",\"inLanguage\":\"de\",\"@id\":\"https:\\\/\\\/cannavis.eu\\\/de\\\/proizvodi\\\/cannavis-anti-akne-serum\\\/#primaryimage\",\"url\":\"https:\\\/\\\/cannavis.eu\\\/wp-content\\\/uploads\\\/2024\\\/05\\\/Anti-akne-serum-CannaVis.png\",\"contentUrl\":\"https:\\\/\\\/cannavis.eu\\\/wp-content\\\/uploads\\\/2024\\\/05\\\/Anti-akne-serum-CannaVis.png\",\"width\":1000,\"height\":1000,\"caption\":\"Serum protiv akni za \u010disto lice\"},{\"@type\":\"BreadcrumbList\",\"@id\":\"https:\\\/\\\/cannavis.eu\\\/de\\\/proizvodi\\\/cannavis-anti-akne-serum\\\/#breadcrumb\",\"itemListElement\":[{\"@type\":\"ListItem\",\"position\":1,\"name\":\"Home\",\"item\":\"https:\\\/\\\/cannavis.eu\\\/de\\\/\"},{\"@type\":\"ListItem\",\"position\":2,\"name\":\"Produkte\",\"item\":\"https:\\\/\\\/cannavis.eu\\\/de\\\/produkte\\\/\"},{\"@type\":\"ListItem\",\"position\":3,\"name\":\"CannaVis Anti-Akne-Serum\"}]},{\"@type\":\"WebSite\",\"@id\":\"https:\\\/\\\/cannavis.eu\\\/de\\\/#website\",\"url\":\"https:\\\/\\\/cannavis.eu\\\/de\\\/\",\"name\":\"Cannavis konoplja sa otoka Visa\",\"description\":\"CannaVis industrijska konoplja cvijet sa otoka Visa\",\"publisher\":{\"@id\":\"https:\\\/\\\/cannavis.eu\\\/de\\\/#organization\"},\"potentialAction\":[{\"@type\":\"SearchAction\",\"target\":{\"@type\":\"EntryPoint\",\"urlTemplate\":\"https:\\\/\\\/cannavis.eu\\\/de\\\/?s={search_term_string}\"},\"query-input\":{\"@type\":\"PropertyValueSpecification\",\"valueRequired\":true,\"valueName\":\"search_term_string\"}}],\"inLanguage\":\"de\"},{\"@type\":\"Organization\",\"@id\":\"https:\\\/\\\/cannavis.eu\\\/de\\\/#organization\",\"name\":\"Cannavis konoplja sa otoka Visa\",\"url\":\"https:\\\/\\\/cannavis.eu\\\/de\\\/\",\"logo\":{\"@type\":\"ImageObject\",\"inLanguage\":\"de\",\"@id\":\"https:\\\/\\\/cannavis.eu\\\/de\\\/#\\\/schema\\\/logo\\\/image\\\/\",\"url\":\"https:\\\/\\\/cannavis.eu\\\/wp-content\\\/uploads\\\/2021\\\/06\\\/CannaVis-logo.png\",\"contentUrl\":\"https:\\\/\\\/cannavis.eu\\\/wp-content\\\/uploads\\\/2021\\\/06\\\/CannaVis-logo.png\",\"width\":160,\"height\":65,\"caption\":\"Cannavis konoplja sa otoka Visa\"},\"image\":{\"@id\":\"https:\\\/\\\/cannavis.eu\\\/de\\\/#\\\/schema\\\/logo\\\/image\\\/\"}}]}<\/script>\n<!-- \/ Yoast SEO plugin. -->","yoast_head_json":{"title":"CannaVis Anti-Akne-Serum - Cannavis konoplja sa otoka Visa","description":"CannaVis Anti-akne serum idealan je izbor za problemati\u010dnu ko\u017eu - CannaVis Anti-Akne-Serum - Cannavis konoplja sa otoka Visa","robots":{"index":"index","follow":"follow","max-snippet":"max-snippet:-1","max-image-preview":"max-image-preview:large","max-video-preview":"max-video-preview:-1"},"canonical":"https:\/\/cannavis.eu\/de\/proizvodi\/cannavis-anti-akne-serum\/","og_locale":"de_DE","og_type":"article","og_title":"CannaVis Anti-Akne-Serum - Cannavis konoplja sa otoka Visa","og_description":"CannaVis Anti-akne serum idealan je izbor za problemati\u010dnu ko\u017eu - CannaVis Anti-Akne-Serum - Cannavis konoplja sa otoka Visa","og_url":"https:\/\/cannavis.eu\/de\/proizvodi\/cannavis-anti-akne-serum\/","og_site_name":"Cannavis konoplja sa otoka Visa","article_modified_time":"2025-10-17T08:09:00+00:00","og_image":[{"width":1000,"height":1000,"url":"https:\/\/cannavis.eu\/wp-content\/uploads\/2024\/05\/Anti-akne-serum-CannaVis.png","type":"image\/png"}],"twitter_card":"summary_large_image","twitter_misc":{"Gesch\u00e4tzte Lesezeit":"2\u00a0Minuten"},"schema":{"@context":"https:\/\/schema.org","@graph":[{"@type":"WebPage","@id":"https:\/\/cannavis.eu\/de\/proizvodi\/cannavis-anti-akne-serum\/","url":"https:\/\/cannavis.eu\/de\/proizvodi\/cannavis-anti-akne-serum\/","name":"CannaVis Anti-Akne-Serum - Cannavis konoplja sa otoka Visa","isPartOf":{"@id":"https:\/\/cannavis.eu\/de\/#website"},"primaryImageOfPage":{"@id":"https:\/\/cannavis.eu\/de\/proizvodi\/cannavis-anti-akne-serum\/#primaryimage"},"image":{"@id":"https:\/\/cannavis.eu\/de\/proizvodi\/cannavis-anti-akne-serum\/#primaryimage"},"thumbnailUrl":"https:\/\/cannavis.eu\/wp-content\/uploads\/2024\/05\/Anti-akne-serum-CannaVis.png","datePublished":"2024-05-24T19:51:42+00:00","dateModified":"2025-10-17T08:09:00+00:00","description":"CannaVis Anti-akne serum idealan je izbor za problemati\u010dnu ko\u017eu - CannaVis Anti-Akne-Serum - Cannavis konoplja sa otoka Visa","breadcrumb":{"@id":"https:\/\/cannavis.eu\/de\/proizvodi\/cannavis-anti-akne-serum\/#breadcrumb"},"inLanguage":"de","potentialAction":[{"@type":"ReadAction","target":["https:\/\/cannavis.eu\/de\/proizvodi\/cannavis-anti-akne-serum\/"]}]},{"@type":"ImageObject","inLanguage":"de","@id":"https:\/\/cannavis.eu\/de\/proizvodi\/cannavis-anti-akne-serum\/#primaryimage","url":"https:\/\/cannavis.eu\/wp-content\/uploads\/2024\/05\/Anti-akne-serum-CannaVis.png","contentUrl":"https:\/\/cannavis.eu\/wp-content\/uploads\/2024\/05\/Anti-akne-serum-CannaVis.png","width":1000,"height":1000,"caption":"Serum protiv akni za \u010disto lice"},{"@type":"BreadcrumbList","@id":"https:\/\/cannavis.eu\/de\/proizvodi\/cannavis-anti-akne-serum\/#breadcrumb","itemListElement":[{"@type":"ListItem","position":1,"name":"Home","item":"https:\/\/cannavis.eu\/de\/"},{"@type":"ListItem","position":2,"name":"Produkte","item":"https:\/\/cannavis.eu\/de\/produkte\/"},{"@type":"ListItem","position":3,"name":"CannaVis Anti-Akne-Serum"}]},{"@type":"WebSite","@id":"https:\/\/cannavis.eu\/de\/#website","url":"https:\/\/cannavis.eu\/de\/","name":"Cannavis konoplja sa otoka Visa","description":"CannaVis industrijska konoplja cvijet sa otoka Visa","publisher":{"@id":"https:\/\/cannavis.eu\/de\/#organization"},"potentialAction":[{"@type":"SearchAction","target":{"@type":"EntryPoint","urlTemplate":"https:\/\/cannavis.eu\/de\/?s={search_term_string}"},"query-input":{"@type":"PropertyValueSpecification","valueRequired":true,"valueName":"search_term_string"}}],"inLanguage":"de"},{"@type":"Organization","@id":"https:\/\/cannavis.eu\/de\/#organization","name":"Cannavis konoplja sa otoka Visa","url":"https:\/\/cannavis.eu\/de\/","logo":{"@type":"ImageObject","inLanguage":"de","@id":"https:\/\/cannavis.eu\/de\/#\/schema\/logo\/image\/","url":"https:\/\/cannavis.eu\/wp-content\/uploads\/2021\/06\/CannaVis-logo.png","contentUrl":"https:\/\/cannavis.eu\/wp-content\/uploads\/2021\/06\/CannaVis-logo.png","width":160,"height":65,"caption":"Cannavis konoplja sa otoka Visa"},"image":{"@id":"https:\/\/cannavis.eu\/de\/#\/schema\/logo\/image\/"}}]}},"jetpack_sharing_enabled":true,"_links":{"self":[{"href":"https:\/\/cannavis.eu\/de\/wp-json\/wp\/v2\/product\/4513","targetHints":{"allow":["GET"]}}],"collection":[{"href":"https:\/\/cannavis.eu\/de\/wp-json\/wp\/v2\/product"}],"about":[{"href":"https:\/\/cannavis.eu\/de\/wp-json\/wp\/v2\/types\/product"}],"replies":[{"embeddable":true,"href":"https:\/\/cannavis.eu\/de\/wp-json\/wp\/v2\/comments?post=4513"}],"wp:featuredmedia":[{"embeddable":true,"href":"https:\/\/cannavis.eu\/de\/wp-json\/wp\/v2\/media\/6280"}],"wp:attachment":[{"href":"https:\/\/cannavis.eu\/de\/wp-json\/wp\/v2\/media?parent=4513"}],"wp:term":[{"taxonomy":"product_brand","embeddable":true,"href":"https:\/\/cannavis.eu\/de\/wp-json\/wp\/v2\/product_brand?post=4513"},{"taxonomy":"product_cat","embeddable":true,"href":"https:\/\/cannavis.eu\/de\/wp-json\/wp\/v2\/product_cat?post=4513"},{"taxonomy":"product_tag","embeddable":true,"href":"https:\/\/cannavis.eu\/de\/wp-json\/wp\/v2\/product_tag?post=4513"}],"curies":[{"name":"wp","href":"https:\/\/api.w.org\/{rel}","templated":true}]}}