{"id":5212,"date":"2024-08-15T13:42:27","date_gmt":"2024-08-15T11:42:27","guid":{"rendered":"https:\/\/cannavis.eu\/proizvod\/tiefschlafoel\/"},"modified":"2025-09-27T10:21:15","modified_gmt":"2025-09-27T08:21:15","slug":"tiefschlafoel","status":"publish","type":"product","link":"https:\/\/cannavis.eu\/de\/proizvodi\/tiefschlafoel\/","title":{"rendered":"Tiefschlaf\u00f6l"},"content":{"rendered":"<p>CannaVis Deep Sleep Oil \u2013 \u00d6l gegen Schlaflosigkeit von der Insel Vis<\/p>\n<p>Bringen Sie Frieden und tiefen Schlaf in Ihren Nachtrhythmus<\/p>\n<p>Lassen Sie Ihre Tr\u00e4ume ruhig und tief werden mit CannaVis Deep Sleep Oil, einem Premiumprodukt aus dem Herzen der magischen Insel Vis. Unsere Formel, die speziell f\u00fcr eine hervorragende Unterst\u00fctzung im Kampf gegen Schlaflosigkeit entwickelt wurde, nutzt die Kraft nat\u00fcrlicher Inhaltsstoffe, um Ihnen zu helfen, sich jede Nacht zu entspannen und einen guten Schlaf zu genie\u00dfen.<\/p>\n<p>Nat\u00fcrliche Inhaltsstoffe f\u00fcr tiefen Schlaf<\/p>\n<p>CannaVis Deep Sleep Oil verwendet nur die hochwertigsten nat\u00fcrlichen Extrakte, um Ihnen maximale Wirksamkeit im Kampf gegen Schlaflosigkeit zu bieten.<\/p>\n<p>Wie wirkt \u00d6l gegen Schlaflosigkeit?<\/p>\n<p>CannaVis-\u00d6l wurde entwickelt, um auf mehreren Ebenen zu wirken und Ihnen dabei zu helfen, Schlaflosigkeit loszuwerden. Unser sorgf\u00e4ltig formuliertes Produkt wirkt beruhigend auf Geist und K\u00f6rper und hilft Ihnen, sich zu entspannen und sich auf einen erholsamen Schlaf vorzubereiten. Bei regelm\u00e4\u00dfiger Anwendung k\u00f6nnen Sie eine Verbesserung der Schlafqualit\u00e4t, eine l\u00e4ngere Schlafdauer und eine Verringerung der H\u00e4ufigkeit des n\u00e4chtlichen Aufwachens feststellen.<\/p>\n<p>Gebrauchsanweisung<\/p>\n<p>F\u00fcr optimale Ergebnisse empfehlen wir die Einnahme von 2-3 Tropfen des \u00d6ls vor dem Schlafengehen. Das \u00d6l kann direkt eingenommen oder zu Ihrem Lieblingsgetr\u00e4nk hinzugef\u00fcgt werden. Vor Gebrauch gr\u00fcndlich mischen, um ein ausgewogenes Verh\u00e4ltnis der Zutaten zu gew\u00e4hrleisten.<\/p>\n<p>Verpackung<\/p>\n<p>Verpackung: 10 ml Flasche mit Pipette zur pr\u00e4zisen Dosierung<br \/>\nTipps und Empfehlungen<\/p>\n<p>Obwohl CannaVis Tiefschlaf\u00f6l eine nat\u00fcrliche Unterst\u00fctzung im Kampf gegen Schlaflosigkeit bietet, ist es immer ratsam, vor Beginn einer neuen Therapie einen Arzt zu konsultieren, insbesondere wenn Sie gesundheitliche Probleme haben oder andere Medikamente einnehmen.<\/p>\n<p>Warum CannaVis w\u00e4hlen?<\/p>\n<p>CannaVis widmet sich der Bereitstellung von Produkten h\u00f6chster Qualit\u00e4t von der Insel Vis, wo reine Natur und Tradition die Schaffung einzigartiger und wirksamer L\u00f6sungen f\u00fcr die Gesundheit erm\u00f6glichen. Unser Engagement f\u00fcr Qualit\u00e4t und nat\u00fcrliche Inhaltsstoffe stellt sicher, dass jedes Produkt den h\u00f6chsten Standards entspricht.<\/p>\n<p>Beginnen Sie noch heute Ihre Reise zu besserem Schlaf mit CannaVis Deep Sleep Oil \u2013 Ihrem nat\u00fcrlichen Verb\u00fcndeten im Kampf gegen Schlaflosigkeit.<\/p>\n<p>Zutaten: CBN 20 %, CBD 5 %, Hanfsamen\u00f6l.<\/p>\n<p>Sei gesund und gl\u00fccklich!<\/p>\n<p>Gr\u00fc\u00dfe von der Insel Vis!<\/p>\n<p>F\u00fcr weitere Informationen rufen Sie +385 98 197 39 82 an<\/p>\n","protected":false},"excerpt":{"rendered":"<p>Erleben Sie einen ruhigen und tiefen Schlaf mit CannaVis Deep Sleep Oil, einer nat\u00fcrlichen Formel, die bei der Bek\u00e4mpfung von Schlaflosigkeit hilft. Dieses einzigartige Produkt von der Insel Vis unterst\u00fctzt wirksam die Entspannung und verbessert die Schlafqualit\u00e4t. Ideal f\u00fcr die t\u00e4gliche Anwendung vor dem Schlafengehen, hilft es Ihnen, sich zu entspannen und v\u00f6llige Ruhe zu genie\u00dfen. Die perfekte L\u00f6sung f\u00fcr erholsamen Schlaf und Revitalisierung von K\u00f6rper und Geist.<\/p>\n","protected":false},"featured_media":5090,"comment_status":"open","ping_status":"closed","template":"","meta":{"_eb_attr":"","_joinchat":[]},"product_brand":[],"product_cat":[146],"product_tag":[526,1112,528,527,1094,529,1118],"class_list":{"0":"post-5212","1":"product","2":"type-product","3":"status-publish","4":"has-post-thumbnail","6":"product_cat-cbd-cbg-ol-und-paste","7":"product_tag-cannavis-de","8":"product_tag-insomnia-de","9":"product_tag-schlafen","10":"product_tag-schlaflosigkeit","11":"product_tag-tiefer-schlaf-de","12":"product_tag-tiefer-schlaf","13":"product_tag-wie-man-einschlaft","15":"first","16":"instock","17":"sale","18":"shipping-taxable","19":"purchasable","20":"product-type-simple"},"yoast_head":"<!-- This site is optimized with the Yoast SEO plugin v27.4 - https:\/\/yoast.com\/product\/yoast-seo-wordpress\/ -->\n<title>Tiefschlaf\u00f6l - Cannavis konoplja sa otoka Visa<\/title>\n<meta name=\"description\" content=\"CannaVis Deep Sleep Oil \u2013 nat\u00fcrliches \u00d6l f\u00fcr tiefen Schlaf und den Kampf gegen Schlaflosigkeit. Entdecken Sie die wohltuende und entspannende Wirkung unseres \u00d6ls von der Insel Vis.\" \/>\n<meta name=\"robots\" content=\"index, follow, max-snippet:-1, max-image-preview:large, max-video-preview:-1\" \/>\n<link rel=\"canonical\" href=\"https:\/\/cannavis.eu\/de\/proizvodi\/tiefschlafoel\/\" \/>\n<meta property=\"og:locale\" content=\"de_DE\" \/>\n<meta property=\"og:type\" content=\"article\" \/>\n<meta property=\"og:title\" content=\"Tiefschlaf\u00f6l - Cannavis konoplja sa otoka Visa\" \/>\n<meta property=\"og:description\" content=\"CannaVis Deep Sleep Oil \u2013 nat\u00fcrliches \u00d6l f\u00fcr tiefen Schlaf und den Kampf gegen Schlaflosigkeit. Entdecken Sie die wohltuende und entspannende Wirkung unseres \u00d6ls von der Insel Vis.\" \/>\n<meta property=\"og:url\" content=\"https:\/\/cannavis.eu\/de\/proizvodi\/tiefschlafoel\/\" \/>\n<meta property=\"og:site_name\" content=\"Cannavis konoplja sa otoka Visa\" \/>\n<meta property=\"article:modified_time\" content=\"2025-09-27T08:21:15+00:00\" \/>\n<meta property=\"og:image\" content=\"https:\/\/cannavis.eu\/wp-content\/uploads\/2024\/08\/10-ml-2.png\" \/>\n\t<meta property=\"og:image:width\" content=\"800\" \/>\n\t<meta property=\"og:image:height\" content=\"800\" \/>\n\t<meta property=\"og:image:type\" content=\"image\/png\" \/>\n<meta name=\"twitter:card\" content=\"summary_large_image\" \/>\n<meta name=\"twitter:label1\" content=\"Gesch\u00e4tzte Lesezeit\" \/>\n\t<meta name=\"twitter:data1\" content=\"2\u00a0Minuten\" \/>\n<script type=\"application\/ld+json\" class=\"yoast-schema-graph\">{\"@context\":\"https:\\\/\\\/schema.org\",\"@graph\":[{\"@type\":\"WebPage\",\"@id\":\"https:\\\/\\\/cannavis.eu\\\/de\\\/proizvodi\\\/tiefschlafoel\\\/\",\"url\":\"https:\\\/\\\/cannavis.eu\\\/de\\\/proizvodi\\\/tiefschlafoel\\\/\",\"name\":\"Tiefschlaf\u00f6l - Cannavis konoplja sa otoka Visa\",\"isPartOf\":{\"@id\":\"https:\\\/\\\/cannavis.eu\\\/de\\\/#website\"},\"primaryImageOfPage\":{\"@id\":\"https:\\\/\\\/cannavis.eu\\\/de\\\/proizvodi\\\/tiefschlafoel\\\/#primaryimage\"},\"image\":{\"@id\":\"https:\\\/\\\/cannavis.eu\\\/de\\\/proizvodi\\\/tiefschlafoel\\\/#primaryimage\"},\"thumbnailUrl\":\"https:\\\/\\\/cannavis.eu\\\/wp-content\\\/uploads\\\/2024\\\/08\\\/10-ml-2.png\",\"datePublished\":\"2024-08-15T11:42:27+00:00\",\"dateModified\":\"2025-09-27T08:21:15+00:00\",\"description\":\"CannaVis Deep Sleep Oil \u2013 nat\u00fcrliches \u00d6l f\u00fcr tiefen Schlaf und den Kampf gegen Schlaflosigkeit. Entdecken Sie die wohltuende und entspannende Wirkung unseres \u00d6ls von der Insel Vis.\",\"breadcrumb\":{\"@id\":\"https:\\\/\\\/cannavis.eu\\\/de\\\/proizvodi\\\/tiefschlafoel\\\/#breadcrumb\"},\"inLanguage\":\"de\",\"potentialAction\":[{\"@type\":\"ReadAction\",\"target\":[\"https:\\\/\\\/cannavis.eu\\\/de\\\/proizvodi\\\/tiefschlafoel\\\/\"]}]},{\"@type\":\"ImageObject\",\"inLanguage\":\"de\",\"@id\":\"https:\\\/\\\/cannavis.eu\\\/de\\\/proizvodi\\\/tiefschlafoel\\\/#primaryimage\",\"url\":\"https:\\\/\\\/cannavis.eu\\\/wp-content\\\/uploads\\\/2024\\\/08\\\/10-ml-2.png\",\"contentUrl\":\"https:\\\/\\\/cannavis.eu\\\/wp-content\\\/uploads\\\/2024\\\/08\\\/10-ml-2.png\",\"width\":800,\"height\":800,\"caption\":\"Deep Sleep\"},{\"@type\":\"BreadcrumbList\",\"@id\":\"https:\\\/\\\/cannavis.eu\\\/de\\\/proizvodi\\\/tiefschlafoel\\\/#breadcrumb\",\"itemListElement\":[{\"@type\":\"ListItem\",\"position\":1,\"name\":\"Home\",\"item\":\"https:\\\/\\\/cannavis.eu\\\/de\\\/\"},{\"@type\":\"ListItem\",\"position\":2,\"name\":\"Produkte\",\"item\":\"https:\\\/\\\/cannavis.eu\\\/de\\\/produkte\\\/\"},{\"@type\":\"ListItem\",\"position\":3,\"name\":\"Tiefschlaf\u00f6l\"}]},{\"@type\":\"WebSite\",\"@id\":\"https:\\\/\\\/cannavis.eu\\\/de\\\/#website\",\"url\":\"https:\\\/\\\/cannavis.eu\\\/de\\\/\",\"name\":\"Cannavis konoplja sa otoka Visa\",\"description\":\"CannaVis industrijska konoplja cvijet sa otoka Visa\",\"publisher\":{\"@id\":\"https:\\\/\\\/cannavis.eu\\\/de\\\/#organization\"},\"potentialAction\":[{\"@type\":\"SearchAction\",\"target\":{\"@type\":\"EntryPoint\",\"urlTemplate\":\"https:\\\/\\\/cannavis.eu\\\/de\\\/?s={search_term_string}\"},\"query-input\":{\"@type\":\"PropertyValueSpecification\",\"valueRequired\":true,\"valueName\":\"search_term_string\"}}],\"inLanguage\":\"de\"},{\"@type\":\"Organization\",\"@id\":\"https:\\\/\\\/cannavis.eu\\\/de\\\/#organization\",\"name\":\"Cannavis konoplja sa otoka Visa\",\"url\":\"https:\\\/\\\/cannavis.eu\\\/de\\\/\",\"logo\":{\"@type\":\"ImageObject\",\"inLanguage\":\"de\",\"@id\":\"https:\\\/\\\/cannavis.eu\\\/de\\\/#\\\/schema\\\/logo\\\/image\\\/\",\"url\":\"https:\\\/\\\/cannavis.eu\\\/wp-content\\\/uploads\\\/2021\\\/06\\\/CannaVis-logo.png\",\"contentUrl\":\"https:\\\/\\\/cannavis.eu\\\/wp-content\\\/uploads\\\/2021\\\/06\\\/CannaVis-logo.png\",\"width\":160,\"height\":65,\"caption\":\"Cannavis konoplja sa otoka Visa\"},\"image\":{\"@id\":\"https:\\\/\\\/cannavis.eu\\\/de\\\/#\\\/schema\\\/logo\\\/image\\\/\"}}]}<\/script>\n<!-- \/ Yoast SEO plugin. -->","yoast_head_json":{"title":"Tiefschlaf\u00f6l - Cannavis konoplja sa otoka Visa","description":"CannaVis Deep Sleep Oil \u2013 nat\u00fcrliches \u00d6l f\u00fcr tiefen Schlaf und den Kampf gegen Schlaflosigkeit. Entdecken Sie die wohltuende und entspannende Wirkung unseres \u00d6ls von der Insel Vis.","robots":{"index":"index","follow":"follow","max-snippet":"max-snippet:-1","max-image-preview":"max-image-preview:large","max-video-preview":"max-video-preview:-1"},"canonical":"https:\/\/cannavis.eu\/de\/proizvodi\/tiefschlafoel\/","og_locale":"de_DE","og_type":"article","og_title":"Tiefschlaf\u00f6l - Cannavis konoplja sa otoka Visa","og_description":"CannaVis Deep Sleep Oil \u2013 nat\u00fcrliches \u00d6l f\u00fcr tiefen Schlaf und den Kampf gegen Schlaflosigkeit. Entdecken Sie die wohltuende und entspannende Wirkung unseres \u00d6ls von der Insel Vis.","og_url":"https:\/\/cannavis.eu\/de\/proizvodi\/tiefschlafoel\/","og_site_name":"Cannavis konoplja sa otoka Visa","article_modified_time":"2025-09-27T08:21:15+00:00","og_image":[{"width":800,"height":800,"url":"https:\/\/cannavis.eu\/wp-content\/uploads\/2024\/08\/10-ml-2.png","type":"image\/png"}],"twitter_card":"summary_large_image","twitter_misc":{"Gesch\u00e4tzte Lesezeit":"2\u00a0Minuten"},"schema":{"@context":"https:\/\/schema.org","@graph":[{"@type":"WebPage","@id":"https:\/\/cannavis.eu\/de\/proizvodi\/tiefschlafoel\/","url":"https:\/\/cannavis.eu\/de\/proizvodi\/tiefschlafoel\/","name":"Tiefschlaf\u00f6l - Cannavis konoplja sa otoka Visa","isPartOf":{"@id":"https:\/\/cannavis.eu\/de\/#website"},"primaryImageOfPage":{"@id":"https:\/\/cannavis.eu\/de\/proizvodi\/tiefschlafoel\/#primaryimage"},"image":{"@id":"https:\/\/cannavis.eu\/de\/proizvodi\/tiefschlafoel\/#primaryimage"},"thumbnailUrl":"https:\/\/cannavis.eu\/wp-content\/uploads\/2024\/08\/10-ml-2.png","datePublished":"2024-08-15T11:42:27+00:00","dateModified":"2025-09-27T08:21:15+00:00","description":"CannaVis Deep Sleep Oil \u2013 nat\u00fcrliches \u00d6l f\u00fcr tiefen Schlaf und den Kampf gegen Schlaflosigkeit. Entdecken Sie die wohltuende und entspannende Wirkung unseres \u00d6ls von der Insel Vis.","breadcrumb":{"@id":"https:\/\/cannavis.eu\/de\/proizvodi\/tiefschlafoel\/#breadcrumb"},"inLanguage":"de","potentialAction":[{"@type":"ReadAction","target":["https:\/\/cannavis.eu\/de\/proizvodi\/tiefschlafoel\/"]}]},{"@type":"ImageObject","inLanguage":"de","@id":"https:\/\/cannavis.eu\/de\/proizvodi\/tiefschlafoel\/#primaryimage","url":"https:\/\/cannavis.eu\/wp-content\/uploads\/2024\/08\/10-ml-2.png","contentUrl":"https:\/\/cannavis.eu\/wp-content\/uploads\/2024\/08\/10-ml-2.png","width":800,"height":800,"caption":"Deep Sleep"},{"@type":"BreadcrumbList","@id":"https:\/\/cannavis.eu\/de\/proizvodi\/tiefschlafoel\/#breadcrumb","itemListElement":[{"@type":"ListItem","position":1,"name":"Home","item":"https:\/\/cannavis.eu\/de\/"},{"@type":"ListItem","position":2,"name":"Produkte","item":"https:\/\/cannavis.eu\/de\/produkte\/"},{"@type":"ListItem","position":3,"name":"Tiefschlaf\u00f6l"}]},{"@type":"WebSite","@id":"https:\/\/cannavis.eu\/de\/#website","url":"https:\/\/cannavis.eu\/de\/","name":"Cannavis konoplja sa otoka Visa","description":"CannaVis industrijska konoplja cvijet sa otoka Visa","publisher":{"@id":"https:\/\/cannavis.eu\/de\/#organization"},"potentialAction":[{"@type":"SearchAction","target":{"@type":"EntryPoint","urlTemplate":"https:\/\/cannavis.eu\/de\/?s={search_term_string}"},"query-input":{"@type":"PropertyValueSpecification","valueRequired":true,"valueName":"search_term_string"}}],"inLanguage":"de"},{"@type":"Organization","@id":"https:\/\/cannavis.eu\/de\/#organization","name":"Cannavis konoplja sa otoka Visa","url":"https:\/\/cannavis.eu\/de\/","logo":{"@type":"ImageObject","inLanguage":"de","@id":"https:\/\/cannavis.eu\/de\/#\/schema\/logo\/image\/","url":"https:\/\/cannavis.eu\/wp-content\/uploads\/2021\/06\/CannaVis-logo.png","contentUrl":"https:\/\/cannavis.eu\/wp-content\/uploads\/2021\/06\/CannaVis-logo.png","width":160,"height":65,"caption":"Cannavis konoplja sa otoka Visa"},"image":{"@id":"https:\/\/cannavis.eu\/de\/#\/schema\/logo\/image\/"}}]}},"jetpack_sharing_enabled":true,"_links":{"self":[{"href":"https:\/\/cannavis.eu\/de\/wp-json\/wp\/v2\/product\/5212","targetHints":{"allow":["GET"]}}],"collection":[{"href":"https:\/\/cannavis.eu\/de\/wp-json\/wp\/v2\/product"}],"about":[{"href":"https:\/\/cannavis.eu\/de\/wp-json\/wp\/v2\/types\/product"}],"replies":[{"embeddable":true,"href":"https:\/\/cannavis.eu\/de\/wp-json\/wp\/v2\/comments?post=5212"}],"wp:featuredmedia":[{"embeddable":true,"href":"https:\/\/cannavis.eu\/de\/wp-json\/wp\/v2\/media\/5090"}],"wp:attachment":[{"href":"https:\/\/cannavis.eu\/de\/wp-json\/wp\/v2\/media?parent=5212"}],"wp:term":[{"taxonomy":"product_brand","embeddable":true,"href":"https:\/\/cannavis.eu\/de\/wp-json\/wp\/v2\/product_brand?post=5212"},{"taxonomy":"product_cat","embeddable":true,"href":"https:\/\/cannavis.eu\/de\/wp-json\/wp\/v2\/product_cat?post=5212"},{"taxonomy":"product_tag","embeddable":true,"href":"https:\/\/cannavis.eu\/de\/wp-json\/wp\/v2\/product_tag?post=5212"}],"curies":[{"name":"wp","href":"https:\/\/api.w.org\/{rel}","templated":true}]}}