{"id":5250,"date":"2024-07-26T09:26:07","date_gmt":"2024-07-26T07:26:07","guid":{"rendered":"https:\/\/cannavis.eu\/proizvod\/cannavis-duschgel\/"},"modified":"2026-02-12T13:51:50","modified_gmt":"2026-02-12T11:51:50","slug":"cannavis-duschgel","status":"publish","type":"product","link":"https:\/\/cannavis.eu\/de\/proizvodi\/cannavis-duschgel\/","title":{"rendered":"CannaVis Duschgel"},"content":{"rendered":"<p>CannaVis Duschgel: Nat\u00fcrliche Frische mit Hanf\u00f6l<\/p>\n<p>Entdecken Sie den Zauber der Natur mit CannaVis Duschgel, der perfekten L\u00f6sung f\u00fcr alle, die eine nat\u00fcrliche Hautpflege suchen. Dieses Duschgel besteht aus hochwertigem Hanf\u00f6l, das f\u00fcr seine hervorragenden feuchtigkeitsspendenden und pflegenden Eigenschaften bekannt ist. Die t\u00e4gliche Anwendung des CannaVis-Duschgels tr\u00e4gt dazu bei, die nat\u00fcrliche Feuchtigkeit der Haut zu bewahren und sie weich, glatt und erfrischt zu machen.<\/p>\n<p>Das CannaVis-Duschgel ist sorgf\u00e4ltig formuliert, um f\u00fcr alle Hauttypen geeignet zu sein, auch f\u00fcr die empfindlichste. Hanf\u00f6l, der Hauptbestandteil dieses Gels, ist reich an essentiellen Fetts\u00e4uren, Vitaminen und Antioxidantien, die die Haut intensiv pflegen. Bei regelm\u00e4\u00dfiger Anwendung wird Ihre Haut vor Austrocknung und sch\u00e4dlichen \u00e4u\u00dferen Einfl\u00fcssen gesch\u00fctzt, w\u00e4hrend der nat\u00fcrliche Hanfduft f\u00fcr ein Gef\u00fchl der Entspannung und des Wohlbefindens sorgt.<\/p>\n<p>Vorteile von CannaVis Duschgel<br \/>\nEiner der Hauptvorteile des CannaVis-Duschgels ist seine F\u00e4higkeit, die Haut zu beruhigen und zu regenerieren. Dank der entz\u00fcndungshemmenden Eigenschaften von Hanf\u00f6l hilft dieses Gel, R\u00f6tungen und Reizungen zu reduzieren und ist daher ideal f\u00fcr Menschen mit empfindlicher Haut, die zu Allergien oder Ekzemen neigt. Nat\u00fcrliche Inhaltsstoffe reinigen die Haut sanft, ohne nat\u00fcrliche \u00d6le zu entfernen, und sorgen so f\u00fcr einen optimalen Feuchtigkeitshaushalt.<\/p>\n<p>CannaVis Duschgel enth\u00e4lt keine sch\u00e4dlichen Chemikalien, Parabene, Sulfite oder k\u00fcnstliche Duftstoffe, was es zu einer sicheren Wahl f\u00fcr die ganze Familie macht. Seine nat\u00fcrliche Formel sorgt f\u00fcr eine gr\u00fcndliche Reinigung und Feuchtigkeitsversorgung, ohne sch\u00e4dliche Auswirkungen auf die Umwelt. Genie\u00dfen Sie die t\u00e4gliche Pflege mit einem Gel, das Ihre Haut und die Natur respektiert.<\/p>\n<p>Wie verwende ich CannaVis Duschgel? Tragen Sie einfach eine kleine Menge Gel auf die feuchte Haut auf, massieren Sie es sanft ein, bis es schaumig wird, und sp\u00fclen Sie es anschlie\u00dfend gr\u00fcndlich aus. Um optimale Ergebnisse zu erzielen, verwenden Sie es t\u00e4glich und sp\u00fcren Sie, wie Ihre Haut weicher und strahlender wird. Kombinieren Sie es mit anderen Produkten aus der CannaVis-Linie f\u00fcr umfassende Pflege und Feuchtigkeitsversorgung.<\/p>\n<p>Bestellen Sie noch heute Ihr CannaVis Duschgel und erleben Sie die nat\u00fcrliche Frische, die aus dem Herzen der Natur kommt. G\u00f6nnen Sie Ihrer Haut die Pflege, die sie verdient, mit diesem Premiumprodukt aus Hanf\u00f6l. Ihre Haut wird es Ihnen danken!<\/p>\n<p>Zutaten<br \/>\nZutaten: Aqua, Natriummyrethsulfat, Propylenglykol, Cocamid-Mipa, Cocoglucosid, Natriumcocoamphoacetat, Glyceryloleat, Cocamidopropylbetain, Peg7-Glycerylcocoat, Cannabis-Sativa-Samen\u00f6l, l\u00f6sliches Kollagen, Panthenol, Phenoxyethanol, Natriumchlorid, Parf\u00fcm, Milchs\u00e4ure, Zitronens\u00e4ure S\u00e4ure, Hydroxypropylguarhydroxypropyltrimoniumchlorid, Ethylhexylglycerin, Dinatrium-EDTA, Glycerin, Kokoss\u00e4ure, Biosaccharid Gum-1, Tocopherol, hydriertes Palmglyceridcitrat, Lecithin, Ascorbylpalmitat.<\/p>\n<p>Sei gesund und gl\u00fccklich! Gr\u00fc\u00dfe von der Insel Vis<\/p>\n","protected":false},"excerpt":{"rendered":"<p>Entdecken Sie den Zauber nat\u00fcrlicher Pflege mit CannaVis Duschgel. Dieses aus hochwertigem Hanf\u00f6l hergestellte Gel spendet der Haut tiefe Feuchtigkeit, pflegt sie und macht sie weich und erfrischt. CannaVis-Gel ist ideal f\u00fcr alle Hauttypen, auch f\u00fcr die empfindlichsten, und lindert dank seiner entz\u00fcndungshemmenden Eigenschaften Reizungen. Ohne Parabene, Sulfate und k\u00fcnstliche Duftstoffe ist es sicher f\u00fcr die ganze Familie. Genie\u00dfen Sie eine t\u00e4gliche Pflege, die Ihre Haut und Natur respektiert.<\/p>\n","protected":false},"featured_media":4983,"comment_status":"open","ping_status":"closed","template":"","meta":{"_eb_attr":"","_joinchat":[]},"product_brand":[],"product_cat":[143],"product_tag":[579,577,576,578,542,1158],"class_list":{"0":"post-5250","1":"product","2":"type-product","3":"status-publish","4":"has-post-thumbnail","6":"product_cat-cannavis-kosmetik","7":"product_tag-cannavis-duschgel","8":"product_tag-duschgel","9":"product_tag-gel-de","10":"product_tag-hanf-duschgel","11":"product_tag-naturkosmetik","12":"product_tag-naturliches-shampoo","14":"first","15":"instock","16":"shipping-taxable","17":"purchasable","18":"product-type-simple"},"yoast_head":"<!-- This site is optimized with the Yoast SEO plugin v27.3 - https:\/\/yoast.com\/product\/yoast-seo-wordpress\/ -->\n<title>Gel za tu\u0161iranje - Cannavis konoplja sa otoka Visa<\/title>\n<meta name=\"description\" content=\"CannaVis gel za tu\u0161iranje s uljem konoplje pru\u017ea prirodnu njegu i hidrataciju za sve tipove ko\u017ee. Cannavis konoplja sa otoka Visa\" \/>\n<meta name=\"robots\" content=\"index, follow, max-snippet:-1, max-image-preview:large, max-video-preview:-1\" \/>\n<link rel=\"canonical\" href=\"https:\/\/cannavis.eu\/de\/proizvodi\/cannavis-duschgel\/\" \/>\n<meta property=\"og:locale\" content=\"de_DE\" \/>\n<meta property=\"og:type\" content=\"article\" \/>\n<meta property=\"og:title\" content=\"Gel za tu\u0161iranje - Cannavis konoplja sa otoka Visa\" \/>\n<meta property=\"og:description\" content=\"CannaVis gel za tu\u0161iranje s uljem konoplje pru\u017ea prirodnu njegu i hidrataciju za sve tipove ko\u017ee. Cannavis konoplja sa otoka Visa\" \/>\n<meta property=\"og:url\" content=\"https:\/\/cannavis.eu\/de\/proizvodi\/cannavis-duschgel\/\" \/>\n<meta property=\"og:site_name\" content=\"Cannavis konoplja sa otoka Visa\" \/>\n<meta property=\"article:modified_time\" content=\"2026-02-12T11:51:50+00:00\" \/>\n<meta property=\"og:image\" content=\"https:\/\/cannavis.eu\/wp-content\/uploads\/2024\/07\/CannaVis-gel-za-tusiranje.png\" \/>\n\t<meta property=\"og:image:width\" content=\"800\" \/>\n\t<meta property=\"og:image:height\" content=\"800\" \/>\n\t<meta property=\"og:image:type\" content=\"image\/png\" \/>\n<meta name=\"twitter:card\" content=\"summary_large_image\" \/>\n<meta name=\"twitter:label1\" content=\"Gesch\u00e4tzte Lesezeit\" \/>\n\t<meta name=\"twitter:data1\" content=\"2\u00a0Minuten\" \/>\n<script type=\"application\/ld+json\" class=\"yoast-schema-graph\">{\"@context\":\"https:\\\/\\\/schema.org\",\"@graph\":[{\"@type\":\"WebPage\",\"@id\":\"https:\\\/\\\/cannavis.eu\\\/de\\\/proizvodi\\\/cannavis-duschgel\\\/\",\"url\":\"https:\\\/\\\/cannavis.eu\\\/de\\\/proizvodi\\\/cannavis-duschgel\\\/\",\"name\":\"Gel za tu\u0161iranje - Cannavis konoplja sa otoka Visa\",\"isPartOf\":{\"@id\":\"https:\\\/\\\/cannavis.eu\\\/de\\\/#website\"},\"primaryImageOfPage\":{\"@id\":\"https:\\\/\\\/cannavis.eu\\\/de\\\/proizvodi\\\/cannavis-duschgel\\\/#primaryimage\"},\"image\":{\"@id\":\"https:\\\/\\\/cannavis.eu\\\/de\\\/proizvodi\\\/cannavis-duschgel\\\/#primaryimage\"},\"thumbnailUrl\":\"https:\\\/\\\/cannavis.eu\\\/wp-content\\\/uploads\\\/2024\\\/07\\\/CannaVis-gel-za-tusiranje.png\",\"datePublished\":\"2024-07-26T07:26:07+00:00\",\"dateModified\":\"2026-02-12T11:51:50+00:00\",\"description\":\"CannaVis gel za tu\u0161iranje s uljem konoplje pru\u017ea prirodnu njegu i hidrataciju za sve tipove ko\u017ee. Cannavis konoplja sa otoka Visa\",\"breadcrumb\":{\"@id\":\"https:\\\/\\\/cannavis.eu\\\/de\\\/proizvodi\\\/cannavis-duschgel\\\/#breadcrumb\"},\"inLanguage\":\"de\",\"potentialAction\":[{\"@type\":\"ReadAction\",\"target\":[\"https:\\\/\\\/cannavis.eu\\\/de\\\/proizvodi\\\/cannavis-duschgel\\\/\"]}]},{\"@type\":\"ImageObject\",\"inLanguage\":\"de\",\"@id\":\"https:\\\/\\\/cannavis.eu\\\/de\\\/proizvodi\\\/cannavis-duschgel\\\/#primaryimage\",\"url\":\"https:\\\/\\\/cannavis.eu\\\/wp-content\\\/uploads\\\/2024\\\/07\\\/CannaVis-gel-za-tusiranje.png\",\"contentUrl\":\"https:\\\/\\\/cannavis.eu\\\/wp-content\\\/uploads\\\/2024\\\/07\\\/CannaVis-gel-za-tusiranje.png\",\"width\":800,\"height\":800,\"caption\":\"CannaVis Duschgel\"},{\"@type\":\"BreadcrumbList\",\"@id\":\"https:\\\/\\\/cannavis.eu\\\/de\\\/proizvodi\\\/cannavis-duschgel\\\/#breadcrumb\",\"itemListElement\":[{\"@type\":\"ListItem\",\"position\":1,\"name\":\"Home\",\"item\":\"https:\\\/\\\/cannavis.eu\\\/de\\\/\"},{\"@type\":\"ListItem\",\"position\":2,\"name\":\"Produkte\",\"item\":\"https:\\\/\\\/cannavis.eu\\\/de\\\/produkte\\\/\"},{\"@type\":\"ListItem\",\"position\":3,\"name\":\"CannaVis Duschgel\"}]},{\"@type\":\"WebSite\",\"@id\":\"https:\\\/\\\/cannavis.eu\\\/de\\\/#website\",\"url\":\"https:\\\/\\\/cannavis.eu\\\/de\\\/\",\"name\":\"Cannavis konoplja sa otoka Visa\",\"description\":\"CannaVis industrijska konoplja cvijet sa otoka Visa\",\"publisher\":{\"@id\":\"https:\\\/\\\/cannavis.eu\\\/de\\\/#organization\"},\"potentialAction\":[{\"@type\":\"SearchAction\",\"target\":{\"@type\":\"EntryPoint\",\"urlTemplate\":\"https:\\\/\\\/cannavis.eu\\\/de\\\/?s={search_term_string}\"},\"query-input\":{\"@type\":\"PropertyValueSpecification\",\"valueRequired\":true,\"valueName\":\"search_term_string\"}}],\"inLanguage\":\"de\"},{\"@type\":\"Organization\",\"@id\":\"https:\\\/\\\/cannavis.eu\\\/de\\\/#organization\",\"name\":\"Cannavis konoplja sa otoka Visa\",\"url\":\"https:\\\/\\\/cannavis.eu\\\/de\\\/\",\"logo\":{\"@type\":\"ImageObject\",\"inLanguage\":\"de\",\"@id\":\"https:\\\/\\\/cannavis.eu\\\/de\\\/#\\\/schema\\\/logo\\\/image\\\/\",\"url\":\"https:\\\/\\\/cannavis.eu\\\/wp-content\\\/uploads\\\/2021\\\/06\\\/CannaVis-logo.png\",\"contentUrl\":\"https:\\\/\\\/cannavis.eu\\\/wp-content\\\/uploads\\\/2021\\\/06\\\/CannaVis-logo.png\",\"width\":160,\"height\":65,\"caption\":\"Cannavis konoplja sa otoka Visa\"},\"image\":{\"@id\":\"https:\\\/\\\/cannavis.eu\\\/de\\\/#\\\/schema\\\/logo\\\/image\\\/\"}}]}<\/script>\n<!-- \/ Yoast SEO plugin. -->","yoast_head_json":{"title":"Gel za tu\u0161iranje - Cannavis konoplja sa otoka Visa","description":"CannaVis gel za tu\u0161iranje s uljem konoplje pru\u017ea prirodnu njegu i hidrataciju za sve tipove ko\u017ee. Cannavis konoplja sa otoka Visa","robots":{"index":"index","follow":"follow","max-snippet":"max-snippet:-1","max-image-preview":"max-image-preview:large","max-video-preview":"max-video-preview:-1"},"canonical":"https:\/\/cannavis.eu\/de\/proizvodi\/cannavis-duschgel\/","og_locale":"de_DE","og_type":"article","og_title":"Gel za tu\u0161iranje - Cannavis konoplja sa otoka Visa","og_description":"CannaVis gel za tu\u0161iranje s uljem konoplje pru\u017ea prirodnu njegu i hidrataciju za sve tipove ko\u017ee. Cannavis konoplja sa otoka Visa","og_url":"https:\/\/cannavis.eu\/de\/proizvodi\/cannavis-duschgel\/","og_site_name":"Cannavis konoplja sa otoka Visa","article_modified_time":"2026-02-12T11:51:50+00:00","og_image":[{"width":800,"height":800,"url":"https:\/\/cannavis.eu\/wp-content\/uploads\/2024\/07\/CannaVis-gel-za-tusiranje.png","type":"image\/png"}],"twitter_card":"summary_large_image","twitter_misc":{"Gesch\u00e4tzte Lesezeit":"2\u00a0Minuten"},"schema":{"@context":"https:\/\/schema.org","@graph":[{"@type":"WebPage","@id":"https:\/\/cannavis.eu\/de\/proizvodi\/cannavis-duschgel\/","url":"https:\/\/cannavis.eu\/de\/proizvodi\/cannavis-duschgel\/","name":"Gel za tu\u0161iranje - Cannavis konoplja sa otoka Visa","isPartOf":{"@id":"https:\/\/cannavis.eu\/de\/#website"},"primaryImageOfPage":{"@id":"https:\/\/cannavis.eu\/de\/proizvodi\/cannavis-duschgel\/#primaryimage"},"image":{"@id":"https:\/\/cannavis.eu\/de\/proizvodi\/cannavis-duschgel\/#primaryimage"},"thumbnailUrl":"https:\/\/cannavis.eu\/wp-content\/uploads\/2024\/07\/CannaVis-gel-za-tusiranje.png","datePublished":"2024-07-26T07:26:07+00:00","dateModified":"2026-02-12T11:51:50+00:00","description":"CannaVis gel za tu\u0161iranje s uljem konoplje pru\u017ea prirodnu njegu i hidrataciju za sve tipove ko\u017ee. Cannavis konoplja sa otoka Visa","breadcrumb":{"@id":"https:\/\/cannavis.eu\/de\/proizvodi\/cannavis-duschgel\/#breadcrumb"},"inLanguage":"de","potentialAction":[{"@type":"ReadAction","target":["https:\/\/cannavis.eu\/de\/proizvodi\/cannavis-duschgel\/"]}]},{"@type":"ImageObject","inLanguage":"de","@id":"https:\/\/cannavis.eu\/de\/proizvodi\/cannavis-duschgel\/#primaryimage","url":"https:\/\/cannavis.eu\/wp-content\/uploads\/2024\/07\/CannaVis-gel-za-tusiranje.png","contentUrl":"https:\/\/cannavis.eu\/wp-content\/uploads\/2024\/07\/CannaVis-gel-za-tusiranje.png","width":800,"height":800,"caption":"CannaVis Duschgel"},{"@type":"BreadcrumbList","@id":"https:\/\/cannavis.eu\/de\/proizvodi\/cannavis-duschgel\/#breadcrumb","itemListElement":[{"@type":"ListItem","position":1,"name":"Home","item":"https:\/\/cannavis.eu\/de\/"},{"@type":"ListItem","position":2,"name":"Produkte","item":"https:\/\/cannavis.eu\/de\/produkte\/"},{"@type":"ListItem","position":3,"name":"CannaVis Duschgel"}]},{"@type":"WebSite","@id":"https:\/\/cannavis.eu\/de\/#website","url":"https:\/\/cannavis.eu\/de\/","name":"Cannavis konoplja sa otoka Visa","description":"CannaVis industrijska konoplja cvijet sa otoka Visa","publisher":{"@id":"https:\/\/cannavis.eu\/de\/#organization"},"potentialAction":[{"@type":"SearchAction","target":{"@type":"EntryPoint","urlTemplate":"https:\/\/cannavis.eu\/de\/?s={search_term_string}"},"query-input":{"@type":"PropertyValueSpecification","valueRequired":true,"valueName":"search_term_string"}}],"inLanguage":"de"},{"@type":"Organization","@id":"https:\/\/cannavis.eu\/de\/#organization","name":"Cannavis konoplja sa otoka Visa","url":"https:\/\/cannavis.eu\/de\/","logo":{"@type":"ImageObject","inLanguage":"de","@id":"https:\/\/cannavis.eu\/de\/#\/schema\/logo\/image\/","url":"https:\/\/cannavis.eu\/wp-content\/uploads\/2021\/06\/CannaVis-logo.png","contentUrl":"https:\/\/cannavis.eu\/wp-content\/uploads\/2021\/06\/CannaVis-logo.png","width":160,"height":65,"caption":"Cannavis konoplja sa otoka Visa"},"image":{"@id":"https:\/\/cannavis.eu\/de\/#\/schema\/logo\/image\/"}}]}},"jetpack_sharing_enabled":true,"_links":{"self":[{"href":"https:\/\/cannavis.eu\/de\/wp-json\/wp\/v2\/product\/5250","targetHints":{"allow":["GET"]}}],"collection":[{"href":"https:\/\/cannavis.eu\/de\/wp-json\/wp\/v2\/product"}],"about":[{"href":"https:\/\/cannavis.eu\/de\/wp-json\/wp\/v2\/types\/product"}],"replies":[{"embeddable":true,"href":"https:\/\/cannavis.eu\/de\/wp-json\/wp\/v2\/comments?post=5250"}],"wp:featuredmedia":[{"embeddable":true,"href":"https:\/\/cannavis.eu\/de\/wp-json\/wp\/v2\/media\/4983"}],"wp:attachment":[{"href":"https:\/\/cannavis.eu\/de\/wp-json\/wp\/v2\/media?parent=5250"}],"wp:term":[{"taxonomy":"product_brand","embeddable":true,"href":"https:\/\/cannavis.eu\/de\/wp-json\/wp\/v2\/product_brand?post=5250"},{"taxonomy":"product_cat","embeddable":true,"href":"https:\/\/cannavis.eu\/de\/wp-json\/wp\/v2\/product_cat?post=5250"},{"taxonomy":"product_tag","embeddable":true,"href":"https:\/\/cannavis.eu\/de\/wp-json\/wp\/v2\/product_tag?post=5250"}],"curies":[{"name":"wp","href":"https:\/\/api.w.org\/{rel}","templated":true}]}}