{"id":5261,"date":"2024-07-22T11:54:34","date_gmt":"2024-07-22T09:54:34","guid":{"rendered":"https:\/\/cannavis.eu\/proizvod\/cannavis-mueckenlotion\/"},"modified":"2025-02-06T10:07:39","modified_gmt":"2025-02-06T08:07:39","slug":"cannavis-mueckenlotion","status":"publish","type":"product","link":"https:\/\/cannavis.eu\/de\/proizvodi\/cannavis-mueckenlotion\/","title":{"rendered":"CannaVis M\u00fcckenlotion"},"content":{"rendered":"<p>CannaVis Mosquito Lotion \u2013 Nat\u00fcrliches M\u00fcckenschutzmittel mit CBD-\u00d6l, Citronella und Lavendel<\/p>\n<p>Entdecken Sie die Kraft der Natur mit der CannaVis Mosquito Repellent Lotion, der perfekten Wahl f\u00fcr umweltbewusste Menschen, die einen wirksamen M\u00fcckenschutz suchen. Diese Lotion wurde sorgf\u00e4ltig aus 100 % nat\u00fcrlichen Inhaltsstoffen zusammengestellt, die auf der wundersch\u00f6nen Insel Vis angebaut werden und Ihnen eine sichere und umweltfreundliche Alternative zu chemischen Abwehrmitteln bieten.<\/p>\n<p>Hauptmerkmale:<br \/>\nNat\u00fcrliche Inhaltsstoffe: Die CannaVis-Lotion enth\u00e4lt CBD-\u00d6l, Citronella und Lavendel, die f\u00fcr ihre nat\u00fcrlichen m\u00fcckenabweisenden Eigenschaften bekannt sind.<br \/>\n\u00d6kologisches Produkt: Alle Zutaten werden ohne den Einsatz von Pestiziden und anderen sch\u00e4dlichen Chemikalien angebaut und sorgen so f\u00fcr \u00f6kologische Nachhaltigkeit.<br \/>\nSicher f\u00fcr die Haut: Die milde Formel ist f\u00fcr alle Hauttypen geeignet, auch f\u00fcr die empfindliche Haut von Kindern.<br \/>\nAngenehmer Geruch: Die Kombination aus Lavendel und Citronella hinterl\u00e4sst einen angenehmen Geruch auf der Haut, im Gegensatz zu synthetischen Produkten, die oft einen starken chemischen Geruch haben.<br \/>\nHergestellt auf Vis: Die Lotion ist ein im Inland hergestelltes Produkt, das die lokale Wirtschaft und \u00f6kologische Praktiken unterst\u00fctzt.<br \/>\nAnwendung:<br \/>\nTragen Sie es gleichm\u00e4\u00dfig auf freiliegende K\u00f6rperteile auf, bevor Sie nach drau\u00dfen gehen. Wiederholen Sie die Anwendung alle paar Stunden oder nach Kontakt mit Wasser, um einen optimalen Schutz zu gew\u00e4hrleisten.<\/p>\n<p>Warum CannaVis Lotion gegen M\u00fccken w\u00e4hlen?<br \/>\nCannaVis Mosquito Repellent Lotion bietet nicht nur einen wirksamen Schutz vor M\u00fccken, sondern auch auf eine f\u00fcr Sie und die Umwelt sichere Weise. Im Gegensatz zu vielen herk\u00f6mmlichen Produkten, die sch\u00e4dliche Chemikalien enthalten, verwendet unsere Lotion wohltuende nat\u00fcrliche Inhaltsstoffe, die Ihre Haut n\u00e4hren und Sie gleichzeitig vor unangenehmen Bissen sch\u00fctzen.<\/p>\n<p>Probieren Sie die Anti-M\u00fccken-Lotion von CannaVis und sp\u00fcren Sie den Unterschied, den der nat\u00fcrliche Schutz mit sich bringt. Verabschieden Sie sich von M\u00fccken und genie\u00dfen Sie Sommerabende ohne Sorgen.<\/p>\n<p>Zutaten: Cannabis Sativa-Samen\u00f6l, Prunus Amygdalus Dulcis-\u00d6l, Citrus Limon-Schalen\u00f6l, Citrus Aurantium Dulcis-Schalen\u00f6l, Prunus Armeniaca-Kern\u00f6l, Persea gratissima-\u00d6l, Sesamum Indicum-Samen\u00f6l, Citrullus Vulgaris-Samen\u00f6l, Mentha Piperita-\u00d6l, \u00e4therisches Lavendel\u00f6l.<\/p>\n<p>Produziert f\u00fcr:<\/p>\n<p>Karika Vis d.o.o<\/p>\n<p>Donje Kunjanovo 6,<\/p>\n<p>21480 Vis<\/p>\n<p>Kroatien<\/p>\n<p>Sei gesund und gl\u00fccklich!<\/p>\n","protected":false},"excerpt":{"rendered":"<p>CannaVis M\u00fcckenschutzlotion \u2013 Nat\u00fcrlicher Schutz mit CBD-\u00d6l, Citronella und Lavendel<\/p>\n<p>Genie\u00dfen Sie einen sicheren und wirksamen M\u00fcckenschutz mit der CannaVis-Lotion. Dieses auf der Insel Vis angebaute \u00f6kologische Produkt enth\u00e4lt 100 % nat\u00fcrliche Inhaltsstoffe: CBD-\u00d6l, Citronella und Lavendel. Ohne sch\u00e4dliche Chemikalien ist die milde Formel f\u00fcr alle Hauttypen geeignet, auch f\u00fcr empfindliche Kinderhaut. Genie\u00dfen Sie den angenehmen Duft und den nat\u00fcrlichen Schutz. Probieren Sie die M\u00fcckenlotion von CannaVis und verabschieden Sie sich von unangenehmen Stichen.<\/p>\n","protected":false},"featured_media":4934,"comment_status":"open","ping_status":"closed","template":"","meta":{"_eb_attr":"","_joinchat":[]},"product_brand":[],"product_cat":[143],"product_tag":[526,617,618,619,615,616,620],"class_list":{"0":"post-5261","1":"product","2":"type-product","3":"status-publish","4":"has-post-thumbnail","6":"product_cat-cannavis-kosmetik","7":"product_tag-cannavis-de","8":"product_tag-cbd-ol","9":"product_tag-citronella-de","10":"product_tag-lavanda-de","11":"product_tag-naturliches-abwehrmittel","12":"product_tag-schutz-vor-mucken","13":"product_tag-sicher-fur-kinder","15":"first","16":"outofstock","17":"sale","18":"shipping-taxable","19":"purchasable","20":"product-type-simple"},"yoast_head":"<!-- This site is optimized with the Yoast SEO plugin v27.3 - https:\/\/yoast.com\/product\/yoast-seo-wordpress\/ -->\n<title>Prirodni repelent protiv komaraca - CannaVis M\u00fcckenlotion<\/title>\n<meta name=\"description\" content=\"Otkrijte CannaVis losion protiv komaraca s CBD uljem, citronelom i lavandom. 100% prirodni repelent protiv komaraca s otoka Visa\" \/>\n<meta name=\"robots\" content=\"index, follow, max-snippet:-1, max-image-preview:large, max-video-preview:-1\" \/>\n<link rel=\"canonical\" href=\"https:\/\/cannavis.eu\/de\/proizvodi\/cannavis-mueckenlotion\/\" \/>\n<meta property=\"og:locale\" content=\"de_DE\" \/>\n<meta property=\"og:type\" content=\"article\" \/>\n<meta property=\"og:title\" content=\"Prirodni repelent protiv komaraca - CannaVis M\u00fcckenlotion\" \/>\n<meta property=\"og:description\" content=\"Otkrijte CannaVis losion protiv komaraca s CBD uljem, citronelom i lavandom. 100% prirodni repelent protiv komaraca s otoka Visa\" \/>\n<meta property=\"og:url\" content=\"https:\/\/cannavis.eu\/de\/proizvodi\/cannavis-mueckenlotion\/\" \/>\n<meta property=\"og:site_name\" content=\"Cannavis konoplja sa otoka Visa\" \/>\n<meta property=\"article:modified_time\" content=\"2025-02-06T08:07:39+00:00\" \/>\n<meta property=\"og:image\" content=\"https:\/\/cannavis.eu\/wp-content\/uploads\/2024\/07\/Losion-protiv-komaraca-final.png\" \/>\n\t<meta property=\"og:image:width\" content=\"1024\" \/>\n\t<meta property=\"og:image:height\" content=\"1024\" \/>\n\t<meta property=\"og:image:type\" content=\"image\/png\" \/>\n<meta name=\"twitter:card\" content=\"summary_large_image\" \/>\n<meta name=\"twitter:label1\" content=\"Gesch\u00e4tzte Lesezeit\" \/>\n\t<meta name=\"twitter:data1\" content=\"2\u00a0Minuten\" \/>\n<script type=\"application\/ld+json\" class=\"yoast-schema-graph\">{\"@context\":\"https:\\\/\\\/schema.org\",\"@graph\":[{\"@type\":\"WebPage\",\"@id\":\"https:\\\/\\\/cannavis.eu\\\/de\\\/proizvodi\\\/cannavis-mueckenlotion\\\/\",\"url\":\"https:\\\/\\\/cannavis.eu\\\/de\\\/proizvodi\\\/cannavis-mueckenlotion\\\/\",\"name\":\"Prirodni repelent protiv komaraca - CannaVis M\u00fcckenlotion\",\"isPartOf\":{\"@id\":\"https:\\\/\\\/cannavis.eu\\\/de\\\/#website\"},\"primaryImageOfPage\":{\"@id\":\"https:\\\/\\\/cannavis.eu\\\/de\\\/proizvodi\\\/cannavis-mueckenlotion\\\/#primaryimage\"},\"image\":{\"@id\":\"https:\\\/\\\/cannavis.eu\\\/de\\\/proizvodi\\\/cannavis-mueckenlotion\\\/#primaryimage\"},\"thumbnailUrl\":\"https:\\\/\\\/cannavis.eu\\\/wp-content\\\/uploads\\\/2024\\\/07\\\/Losion-protiv-komaraca-final.png\",\"datePublished\":\"2024-07-22T09:54:34+00:00\",\"dateModified\":\"2025-02-06T08:07:39+00:00\",\"description\":\"Otkrijte CannaVis losion protiv komaraca s CBD uljem, citronelom i lavandom. 100% prirodni repelent protiv komaraca s otoka Visa\",\"breadcrumb\":{\"@id\":\"https:\\\/\\\/cannavis.eu\\\/de\\\/proizvodi\\\/cannavis-mueckenlotion\\\/#breadcrumb\"},\"inLanguage\":\"de\",\"potentialAction\":[{\"@type\":\"ReadAction\",\"target\":[\"https:\\\/\\\/cannavis.eu\\\/de\\\/proizvodi\\\/cannavis-mueckenlotion\\\/\"]}]},{\"@type\":\"ImageObject\",\"inLanguage\":\"de\",\"@id\":\"https:\\\/\\\/cannavis.eu\\\/de\\\/proizvodi\\\/cannavis-mueckenlotion\\\/#primaryimage\",\"url\":\"https:\\\/\\\/cannavis.eu\\\/wp-content\\\/uploads\\\/2024\\\/07\\\/Losion-protiv-komaraca-final.png\",\"contentUrl\":\"https:\\\/\\\/cannavis.eu\\\/wp-content\\\/uploads\\\/2024\\\/07\\\/Losion-protiv-komaraca-final.png\",\"width\":1024,\"height\":1024,\"caption\":\"Nat\u00fcrliches M\u00fcckenschutzmittel\"},{\"@type\":\"BreadcrumbList\",\"@id\":\"https:\\\/\\\/cannavis.eu\\\/de\\\/proizvodi\\\/cannavis-mueckenlotion\\\/#breadcrumb\",\"itemListElement\":[{\"@type\":\"ListItem\",\"position\":1,\"name\":\"Home\",\"item\":\"https:\\\/\\\/cannavis.eu\\\/de\\\/\"},{\"@type\":\"ListItem\",\"position\":2,\"name\":\"Produkte\",\"item\":\"https:\\\/\\\/cannavis.eu\\\/de\\\/produkte\\\/\"},{\"@type\":\"ListItem\",\"position\":3,\"name\":\"CannaVis M\u00fcckenlotion\"}]},{\"@type\":\"WebSite\",\"@id\":\"https:\\\/\\\/cannavis.eu\\\/de\\\/#website\",\"url\":\"https:\\\/\\\/cannavis.eu\\\/de\\\/\",\"name\":\"Cannavis konoplja sa otoka Visa\",\"description\":\"CannaVis industrijska konoplja cvijet sa otoka Visa\",\"publisher\":{\"@id\":\"https:\\\/\\\/cannavis.eu\\\/de\\\/#organization\"},\"potentialAction\":[{\"@type\":\"SearchAction\",\"target\":{\"@type\":\"EntryPoint\",\"urlTemplate\":\"https:\\\/\\\/cannavis.eu\\\/de\\\/?s={search_term_string}\"},\"query-input\":{\"@type\":\"PropertyValueSpecification\",\"valueRequired\":true,\"valueName\":\"search_term_string\"}}],\"inLanguage\":\"de\"},{\"@type\":\"Organization\",\"@id\":\"https:\\\/\\\/cannavis.eu\\\/de\\\/#organization\",\"name\":\"Cannavis konoplja sa otoka Visa\",\"url\":\"https:\\\/\\\/cannavis.eu\\\/de\\\/\",\"logo\":{\"@type\":\"ImageObject\",\"inLanguage\":\"de\",\"@id\":\"https:\\\/\\\/cannavis.eu\\\/de\\\/#\\\/schema\\\/logo\\\/image\\\/\",\"url\":\"https:\\\/\\\/cannavis.eu\\\/wp-content\\\/uploads\\\/2021\\\/06\\\/CannaVis-logo.png\",\"contentUrl\":\"https:\\\/\\\/cannavis.eu\\\/wp-content\\\/uploads\\\/2021\\\/06\\\/CannaVis-logo.png\",\"width\":160,\"height\":65,\"caption\":\"Cannavis konoplja sa otoka Visa\"},\"image\":{\"@id\":\"https:\\\/\\\/cannavis.eu\\\/de\\\/#\\\/schema\\\/logo\\\/image\\\/\"}}]}<\/script>\n<!-- \/ Yoast SEO plugin. -->","yoast_head_json":{"title":"Prirodni repelent protiv komaraca - CannaVis M\u00fcckenlotion","description":"Otkrijte CannaVis losion protiv komaraca s CBD uljem, citronelom i lavandom. 100% prirodni repelent protiv komaraca s otoka Visa","robots":{"index":"index","follow":"follow","max-snippet":"max-snippet:-1","max-image-preview":"max-image-preview:large","max-video-preview":"max-video-preview:-1"},"canonical":"https:\/\/cannavis.eu\/de\/proizvodi\/cannavis-mueckenlotion\/","og_locale":"de_DE","og_type":"article","og_title":"Prirodni repelent protiv komaraca - CannaVis M\u00fcckenlotion","og_description":"Otkrijte CannaVis losion protiv komaraca s CBD uljem, citronelom i lavandom. 100% prirodni repelent protiv komaraca s otoka Visa","og_url":"https:\/\/cannavis.eu\/de\/proizvodi\/cannavis-mueckenlotion\/","og_site_name":"Cannavis konoplja sa otoka Visa","article_modified_time":"2025-02-06T08:07:39+00:00","og_image":[{"width":1024,"height":1024,"url":"https:\/\/cannavis.eu\/wp-content\/uploads\/2024\/07\/Losion-protiv-komaraca-final.png","type":"image\/png"}],"twitter_card":"summary_large_image","twitter_misc":{"Gesch\u00e4tzte Lesezeit":"2\u00a0Minuten"},"schema":{"@context":"https:\/\/schema.org","@graph":[{"@type":"WebPage","@id":"https:\/\/cannavis.eu\/de\/proizvodi\/cannavis-mueckenlotion\/","url":"https:\/\/cannavis.eu\/de\/proizvodi\/cannavis-mueckenlotion\/","name":"Prirodni repelent protiv komaraca - CannaVis M\u00fcckenlotion","isPartOf":{"@id":"https:\/\/cannavis.eu\/de\/#website"},"primaryImageOfPage":{"@id":"https:\/\/cannavis.eu\/de\/proizvodi\/cannavis-mueckenlotion\/#primaryimage"},"image":{"@id":"https:\/\/cannavis.eu\/de\/proizvodi\/cannavis-mueckenlotion\/#primaryimage"},"thumbnailUrl":"https:\/\/cannavis.eu\/wp-content\/uploads\/2024\/07\/Losion-protiv-komaraca-final.png","datePublished":"2024-07-22T09:54:34+00:00","dateModified":"2025-02-06T08:07:39+00:00","description":"Otkrijte CannaVis losion protiv komaraca s CBD uljem, citronelom i lavandom. 100% prirodni repelent protiv komaraca s otoka Visa","breadcrumb":{"@id":"https:\/\/cannavis.eu\/de\/proizvodi\/cannavis-mueckenlotion\/#breadcrumb"},"inLanguage":"de","potentialAction":[{"@type":"ReadAction","target":["https:\/\/cannavis.eu\/de\/proizvodi\/cannavis-mueckenlotion\/"]}]},{"@type":"ImageObject","inLanguage":"de","@id":"https:\/\/cannavis.eu\/de\/proizvodi\/cannavis-mueckenlotion\/#primaryimage","url":"https:\/\/cannavis.eu\/wp-content\/uploads\/2024\/07\/Losion-protiv-komaraca-final.png","contentUrl":"https:\/\/cannavis.eu\/wp-content\/uploads\/2024\/07\/Losion-protiv-komaraca-final.png","width":1024,"height":1024,"caption":"Nat\u00fcrliches M\u00fcckenschutzmittel"},{"@type":"BreadcrumbList","@id":"https:\/\/cannavis.eu\/de\/proizvodi\/cannavis-mueckenlotion\/#breadcrumb","itemListElement":[{"@type":"ListItem","position":1,"name":"Home","item":"https:\/\/cannavis.eu\/de\/"},{"@type":"ListItem","position":2,"name":"Produkte","item":"https:\/\/cannavis.eu\/de\/produkte\/"},{"@type":"ListItem","position":3,"name":"CannaVis M\u00fcckenlotion"}]},{"@type":"WebSite","@id":"https:\/\/cannavis.eu\/de\/#website","url":"https:\/\/cannavis.eu\/de\/","name":"Cannavis konoplja sa otoka Visa","description":"CannaVis industrijska konoplja cvijet sa otoka Visa","publisher":{"@id":"https:\/\/cannavis.eu\/de\/#organization"},"potentialAction":[{"@type":"SearchAction","target":{"@type":"EntryPoint","urlTemplate":"https:\/\/cannavis.eu\/de\/?s={search_term_string}"},"query-input":{"@type":"PropertyValueSpecification","valueRequired":true,"valueName":"search_term_string"}}],"inLanguage":"de"},{"@type":"Organization","@id":"https:\/\/cannavis.eu\/de\/#organization","name":"Cannavis konoplja sa otoka Visa","url":"https:\/\/cannavis.eu\/de\/","logo":{"@type":"ImageObject","inLanguage":"de","@id":"https:\/\/cannavis.eu\/de\/#\/schema\/logo\/image\/","url":"https:\/\/cannavis.eu\/wp-content\/uploads\/2021\/06\/CannaVis-logo.png","contentUrl":"https:\/\/cannavis.eu\/wp-content\/uploads\/2021\/06\/CannaVis-logo.png","width":160,"height":65,"caption":"Cannavis konoplja sa otoka Visa"},"image":{"@id":"https:\/\/cannavis.eu\/de\/#\/schema\/logo\/image\/"}}]}},"jetpack_sharing_enabled":true,"_links":{"self":[{"href":"https:\/\/cannavis.eu\/de\/wp-json\/wp\/v2\/product\/5261","targetHints":{"allow":["GET"]}}],"collection":[{"href":"https:\/\/cannavis.eu\/de\/wp-json\/wp\/v2\/product"}],"about":[{"href":"https:\/\/cannavis.eu\/de\/wp-json\/wp\/v2\/types\/product"}],"replies":[{"embeddable":true,"href":"https:\/\/cannavis.eu\/de\/wp-json\/wp\/v2\/comments?post=5261"}],"wp:featuredmedia":[{"embeddable":true,"href":"https:\/\/cannavis.eu\/de\/wp-json\/wp\/v2\/media\/4934"}],"wp:attachment":[{"href":"https:\/\/cannavis.eu\/de\/wp-json\/wp\/v2\/media?parent=5261"}],"wp:term":[{"taxonomy":"product_brand","embeddable":true,"href":"https:\/\/cannavis.eu\/de\/wp-json\/wp\/v2\/product_brand?post=5261"},{"taxonomy":"product_cat","embeddable":true,"href":"https:\/\/cannavis.eu\/de\/wp-json\/wp\/v2\/product_cat?post=5261"},{"taxonomy":"product_tag","embeddable":true,"href":"https:\/\/cannavis.eu\/de\/wp-json\/wp\/v2\/product_tag?post=5261"}],"curies":[{"name":"wp","href":"https:\/\/api.w.org\/{rel}","templated":true}]}}