{"id":5909,"date":"2024-10-25T12:49:09","date_gmt":"2024-10-25T10:49:09","guid":{"rendered":"https:\/\/cannavis.eu\/proizvod\/cbd-oel-fuer-katzen-5\/"},"modified":"2026-04-18T09:34:00","modified_gmt":"2026-04-18T07:34:00","slug":"cbd-oel-fuer-katzen-5","status":"publish","type":"product","link":"https:\/\/cannavis.eu\/de\/proizvodi\/cbd-oel-fuer-katzen-5\/","title":{"rendered":"CBD-\u00d6l f\u00fcr Katzen 5 %"},"content":{"rendered":"<p>CBD-\u00d6l f\u00fcr Katzen CannaVis 5 % \u2013 Nat\u00fcrliche Unterst\u00fctzung f\u00fcr die Gesundheit und das Gl\u00fcck Ihrer Katze<br \/>\nCBD-\u00d6l \u2013 ein nat\u00fcrlicher Verb\u00fcndeter bei der Erhaltung der Gesundheit und der Reduzierung von Stress<br \/>\nCannaVis CBD-\u00d6l mit 5 % CBD bietet hochwertige und nat\u00fcrliche Hilfe f\u00fcr die umfassende Pflege der Gesundheit Ihrer Katze. Dieses auf der \u00f6kologisch gesch\u00fctzten Insel Vis hergestellte \u00d6l enth\u00e4lt sorgf\u00e4ltig ausgew\u00e4hlte Inhaltsstoffe aus zertifizierten Quellen und bietet das beste Verh\u00e4ltnis von Sicherheit und Wirksamkeit. CBD (Cannabidiol) stammt aus der Hanfpflanze und ist f\u00fcr viele positive Wirkungen bekannt, wie z. B. Stressabbau, Schmerzlinderung und Stimulierung der Vitalit\u00e4t und Immunabwehr. Dieses \u00d6l wurde speziell f\u00fcr die empfindlichen Bed\u00fcrfnisse von Katzen entwickelt und enth\u00e4lt die optimale Dosis CBD, um die Gesundheit ohne negative Auswirkungen zu unterst\u00fctzen.<\/p>\n<p>Warum sollten Sie sich f\u00fcr CannaVis CBD-\u00d6l f\u00fcr Katzen entscheiden?<br \/>\nCannaVis CBD-\u00d6l mit 5 % CBD wird nach h\u00f6chsten Qualit\u00e4tsstandards hergestellt und ist unbedenklich f\u00fcr den t\u00e4glichen Gebrauch. Dieses Produkt wurde speziell f\u00fcr die spezifischen Bed\u00fcrfnisse von Katzen entwickelt, die f\u00fcr ihren empfindlichen Organismus bekannt sind und eine sorgf\u00e4ltige Auswahl der Inhaltsstoffe erfordern. Das \u00d6l enth\u00e4lt kein THC, verursacht daher keine psychoaktive Wirkung und ist f\u00fcr Ihr Haustier v\u00f6llig sicher. CBD-\u00d6l f\u00fcr Katzen kann sehr hilfreich sein, um Stress zu reduzieren, der durch Umweltver\u00e4nderungen wie Reisen, Tierarztbesuche oder die Ankunft neuer Familienmitglieder verursacht wird. Dar\u00fcber hinaus kann es f\u00fcr \u00e4ltere Katzen mit Mobilit\u00e4tsproblemen oder chronischen Schmerzen von Vorteil sein.<\/p>\n<p>Vorteile von CannaVis CBD-\u00d6l f\u00fcr Katzen 5 %<\/p>\n<p>Reduziert Stress und Angst \u2013 CBD-\u00d6l hilft, Nervosit\u00e4t und Angst in Stresssituationen zu reduzieren, wie z. B. bei \u00c4nderungen in der Routine, neuen R\u00e4umen oder der Interaktion mit unbekannten Menschen und Haustieren.<br \/>\nLindert Schmerzen und verbessert die Beweglichkeit \u2013 Dieses \u00d6l kann f\u00fcr Katzen mit Gelenkproblemen von Vorteil sein, was besonders wichtig f\u00fcr \u00e4ltere Katzen ist, die oft unter Steifheit und Beschwerden leiden.<br \/>\nUnterst\u00fctzt das Immunsystem und die Verdauung \u2013 CBD-\u00d6l hilft, die Widerstandskraft des K\u00f6rpers zu st\u00e4rken und unterst\u00fctzt eine gesunde Verdauung, was zur allgemeinen Verfassung und Vitalit\u00e4t beitr\u00e4gt.<br \/>\nWie wendet man CBD-\u00d6l bei Katzen an und dosiert es?<br \/>\nDie Anwendung von CannaVis CBD-\u00d6l ist einfach und flexibel. Geben Sie die empfohlene Anzahl Tropfen in das Futter oder Wasser Ihrer Katze. Da jede Katze anders reagieren kann, ist es wichtig, mit einer niedrigeren Dosis zu beginnen und diese schrittweise anzupassen. Vor Beginn der Anwendung ist eine R\u00fccksprache mit einem Tierarzt empfehlenswert, insbesondere wenn Ihre Katze besondere gesundheitliche Probleme hat oder andere Medikamente einnimmt.<\/p>\n<p>Geben Sie Ihrer Katze nat\u00fcrliche und sichere Unterst\u00fctzung mit CannaVis CBD-\u00d6l 5 % \u2013 hergestellt mit Liebe und Fachwissen auf der Insel Vis, speziell entwickelt, um Ihre Katze gesund, gl\u00fccklich und entspannt zu halten.<\/p>\n","protected":false},"excerpt":{"rendered":"<p>CannaVis CBD-\u00d6l f\u00fcr Katzen 5 % \u2013 eine nat\u00fcrliche L\u00f6sung zur Stressreduzierung, Schmerzlinderung und Unterst\u00fctzung der Immungesundheit Ihrer Katze. Dieses sichere und wirksame \u00d6l wird auf der Insel Vis hergestellt und ist ideal zur Verbesserung der Lebensqualit\u00e4t von Katzen jeden Alters.<\/p>\n","protected":false},"featured_media":6300,"comment_status":"open","ping_status":"closed","template":"","meta":{"_eb_attr":"","_joinchat":[]},"product_brand":[],"product_cat":[195,146],"product_tag":[677,676,1086,1192],"class_list":{"0":"post-5909","1":"product","2":"type-product","3":"status-publish","4":"has-post-thumbnail","6":"product_cat-cannavis-pets-de","7":"product_cat-cbd-cbg-ol-und-paste","8":"product_tag-cbd-fur-katzen","9":"product_tag-cbd-fur-tiere","10":"product_tag-cbd-ol-fur-katzen","11":"product_tag-stress-bei-katzen","13":"first","14":"instock","15":"shipping-taxable","16":"purchasable","17":"product-type-simple"},"yoast_head":"<!-- This site is optimized with the Yoast SEO plugin v27.4 - https:\/\/yoast.com\/product\/yoast-seo-wordpress\/ -->\n<title>CBD ulje za ma\u010dke - Cannavis konoplja sa otoka Visa<\/title>\n<meta name=\"description\" content=\"Otkrijte CannaVis CBD ulje za ma\u010dke 5% \u2013 prirodna podr\u0161ka za smanjenje stresa, ubla\u017eavanje bolova i ja\u010danje zdravlja. Zdravi i veseli bili!\" \/>\n<meta name=\"robots\" content=\"index, follow, max-snippet:-1, max-image-preview:large, max-video-preview:-1\" \/>\n<link rel=\"canonical\" href=\"https:\/\/cannavis.eu\/de\/proizvodi\/cbd-oel-fuer-katzen-5\/\" \/>\n<meta property=\"og:locale\" content=\"de_DE\" \/>\n<meta property=\"og:type\" content=\"article\" \/>\n<meta property=\"og:title\" content=\"CBD ulje za ma\u010dke - Cannavis konoplja sa otoka Visa\" \/>\n<meta property=\"og:description\" content=\"Otkrijte CannaVis CBD ulje za ma\u010dke 5% \u2013 prirodna podr\u0161ka za smanjenje stresa, ubla\u017eavanje bolova i ja\u010danje zdravlja. Zdravi i veseli bili!\" \/>\n<meta property=\"og:url\" content=\"https:\/\/cannavis.eu\/de\/proizvodi\/cbd-oel-fuer-katzen-5\/\" \/>\n<meta property=\"og:site_name\" content=\"Cannavis konoplja sa otoka Visa\" \/>\n<meta property=\"article:modified_time\" content=\"2026-04-18T07:34:00+00:00\" \/>\n<meta property=\"og:image\" content=\"https:\/\/cannavis.eu\/wp-content\/uploads\/2024\/10\/CBD-ulje-za-macke.png\" \/>\n\t<meta property=\"og:image:width\" content=\"1000\" \/>\n\t<meta property=\"og:image:height\" content=\"1000\" \/>\n\t<meta property=\"og:image:type\" content=\"image\/png\" \/>\n<meta name=\"twitter:card\" content=\"summary_large_image\" \/>\n<meta name=\"twitter:label1\" content=\"Gesch\u00e4tzte Lesezeit\" \/>\n\t<meta name=\"twitter:data1\" content=\"2\u00a0Minuten\" \/>\n<script type=\"application\/ld+json\" class=\"yoast-schema-graph\">{\"@context\":\"https:\\\/\\\/schema.org\",\"@graph\":[{\"@type\":\"WebPage\",\"@id\":\"https:\\\/\\\/cannavis.eu\\\/de\\\/proizvodi\\\/cbd-oel-fuer-katzen-5\\\/\",\"url\":\"https:\\\/\\\/cannavis.eu\\\/de\\\/proizvodi\\\/cbd-oel-fuer-katzen-5\\\/\",\"name\":\"CBD ulje za ma\u010dke - Cannavis konoplja sa otoka Visa\",\"isPartOf\":{\"@id\":\"https:\\\/\\\/cannavis.eu\\\/de\\\/#website\"},\"primaryImageOfPage\":{\"@id\":\"https:\\\/\\\/cannavis.eu\\\/de\\\/proizvodi\\\/cbd-oel-fuer-katzen-5\\\/#primaryimage\"},\"image\":{\"@id\":\"https:\\\/\\\/cannavis.eu\\\/de\\\/proizvodi\\\/cbd-oel-fuer-katzen-5\\\/#primaryimage\"},\"thumbnailUrl\":\"https:\\\/\\\/cannavis.eu\\\/wp-content\\\/uploads\\\/2024\\\/10\\\/CBD-ulje-za-macke.png\",\"datePublished\":\"2024-10-25T10:49:09+00:00\",\"dateModified\":\"2026-04-18T07:34:00+00:00\",\"description\":\"Otkrijte CannaVis CBD ulje za ma\u010dke 5% \u2013 prirodna podr\u0161ka za smanjenje stresa, ubla\u017eavanje bolova i ja\u010danje zdravlja. Zdravi i veseli bili!\",\"breadcrumb\":{\"@id\":\"https:\\\/\\\/cannavis.eu\\\/de\\\/proizvodi\\\/cbd-oel-fuer-katzen-5\\\/#breadcrumb\"},\"inLanguage\":\"de\",\"potentialAction\":[{\"@type\":\"ReadAction\",\"target\":[\"https:\\\/\\\/cannavis.eu\\\/de\\\/proizvodi\\\/cbd-oel-fuer-katzen-5\\\/\"]}]},{\"@type\":\"ImageObject\",\"inLanguage\":\"de\",\"@id\":\"https:\\\/\\\/cannavis.eu\\\/de\\\/proizvodi\\\/cbd-oel-fuer-katzen-5\\\/#primaryimage\",\"url\":\"https:\\\/\\\/cannavis.eu\\\/wp-content\\\/uploads\\\/2024\\\/10\\\/CBD-ulje-za-macke.png\",\"contentUrl\":\"https:\\\/\\\/cannavis.eu\\\/wp-content\\\/uploads\\\/2024\\\/10\\\/CBD-ulje-za-macke.png\",\"width\":1000,\"height\":1000,\"caption\":\"CBD ulje za ma\u010dke iskustva\"},{\"@type\":\"BreadcrumbList\",\"@id\":\"https:\\\/\\\/cannavis.eu\\\/de\\\/proizvodi\\\/cbd-oel-fuer-katzen-5\\\/#breadcrumb\",\"itemListElement\":[{\"@type\":\"ListItem\",\"position\":1,\"name\":\"Home\",\"item\":\"https:\\\/\\\/cannavis.eu\\\/de\\\/\"},{\"@type\":\"ListItem\",\"position\":2,\"name\":\"Produkte\",\"item\":\"https:\\\/\\\/cannavis.eu\\\/de\\\/produkte\\\/\"},{\"@type\":\"ListItem\",\"position\":3,\"name\":\"CBD-\u00d6l f\u00fcr Katzen 5 %\"}]},{\"@type\":\"WebSite\",\"@id\":\"https:\\\/\\\/cannavis.eu\\\/de\\\/#website\",\"url\":\"https:\\\/\\\/cannavis.eu\\\/de\\\/\",\"name\":\"Cannavis konoplja sa otoka Visa\",\"description\":\"CannaVis industrijska konoplja cvijet sa otoka Visa\",\"publisher\":{\"@id\":\"https:\\\/\\\/cannavis.eu\\\/de\\\/#organization\"},\"potentialAction\":[{\"@type\":\"SearchAction\",\"target\":{\"@type\":\"EntryPoint\",\"urlTemplate\":\"https:\\\/\\\/cannavis.eu\\\/de\\\/?s={search_term_string}\"},\"query-input\":{\"@type\":\"PropertyValueSpecification\",\"valueRequired\":true,\"valueName\":\"search_term_string\"}}],\"inLanguage\":\"de\"},{\"@type\":\"Organization\",\"@id\":\"https:\\\/\\\/cannavis.eu\\\/de\\\/#organization\",\"name\":\"Cannavis konoplja sa otoka Visa\",\"url\":\"https:\\\/\\\/cannavis.eu\\\/de\\\/\",\"logo\":{\"@type\":\"ImageObject\",\"inLanguage\":\"de\",\"@id\":\"https:\\\/\\\/cannavis.eu\\\/de\\\/#\\\/schema\\\/logo\\\/image\\\/\",\"url\":\"https:\\\/\\\/cannavis.eu\\\/wp-content\\\/uploads\\\/2021\\\/06\\\/CannaVis-logo.png\",\"contentUrl\":\"https:\\\/\\\/cannavis.eu\\\/wp-content\\\/uploads\\\/2021\\\/06\\\/CannaVis-logo.png\",\"width\":160,\"height\":65,\"caption\":\"Cannavis konoplja sa otoka Visa\"},\"image\":{\"@id\":\"https:\\\/\\\/cannavis.eu\\\/de\\\/#\\\/schema\\\/logo\\\/image\\\/\"}}]}<\/script>\n<!-- \/ Yoast SEO plugin. -->","yoast_head_json":{"title":"CBD ulje za ma\u010dke - Cannavis konoplja sa otoka Visa","description":"Otkrijte CannaVis CBD ulje za ma\u010dke 5% \u2013 prirodna podr\u0161ka za smanjenje stresa, ubla\u017eavanje bolova i ja\u010danje zdravlja. Zdravi i veseli bili!","robots":{"index":"index","follow":"follow","max-snippet":"max-snippet:-1","max-image-preview":"max-image-preview:large","max-video-preview":"max-video-preview:-1"},"canonical":"https:\/\/cannavis.eu\/de\/proizvodi\/cbd-oel-fuer-katzen-5\/","og_locale":"de_DE","og_type":"article","og_title":"CBD ulje za ma\u010dke - Cannavis konoplja sa otoka Visa","og_description":"Otkrijte CannaVis CBD ulje za ma\u010dke 5% \u2013 prirodna podr\u0161ka za smanjenje stresa, ubla\u017eavanje bolova i ja\u010danje zdravlja. Zdravi i veseli bili!","og_url":"https:\/\/cannavis.eu\/de\/proizvodi\/cbd-oel-fuer-katzen-5\/","og_site_name":"Cannavis konoplja sa otoka Visa","article_modified_time":"2026-04-18T07:34:00+00:00","og_image":[{"width":1000,"height":1000,"url":"https:\/\/cannavis.eu\/wp-content\/uploads\/2024\/10\/CBD-ulje-za-macke.png","type":"image\/png"}],"twitter_card":"summary_large_image","twitter_misc":{"Gesch\u00e4tzte Lesezeit":"2\u00a0Minuten"},"schema":{"@context":"https:\/\/schema.org","@graph":[{"@type":"WebPage","@id":"https:\/\/cannavis.eu\/de\/proizvodi\/cbd-oel-fuer-katzen-5\/","url":"https:\/\/cannavis.eu\/de\/proizvodi\/cbd-oel-fuer-katzen-5\/","name":"CBD ulje za ma\u010dke - Cannavis konoplja sa otoka Visa","isPartOf":{"@id":"https:\/\/cannavis.eu\/de\/#website"},"primaryImageOfPage":{"@id":"https:\/\/cannavis.eu\/de\/proizvodi\/cbd-oel-fuer-katzen-5\/#primaryimage"},"image":{"@id":"https:\/\/cannavis.eu\/de\/proizvodi\/cbd-oel-fuer-katzen-5\/#primaryimage"},"thumbnailUrl":"https:\/\/cannavis.eu\/wp-content\/uploads\/2024\/10\/CBD-ulje-za-macke.png","datePublished":"2024-10-25T10:49:09+00:00","dateModified":"2026-04-18T07:34:00+00:00","description":"Otkrijte CannaVis CBD ulje za ma\u010dke 5% \u2013 prirodna podr\u0161ka za smanjenje stresa, ubla\u017eavanje bolova i ja\u010danje zdravlja. Zdravi i veseli bili!","breadcrumb":{"@id":"https:\/\/cannavis.eu\/de\/proizvodi\/cbd-oel-fuer-katzen-5\/#breadcrumb"},"inLanguage":"de","potentialAction":[{"@type":"ReadAction","target":["https:\/\/cannavis.eu\/de\/proizvodi\/cbd-oel-fuer-katzen-5\/"]}]},{"@type":"ImageObject","inLanguage":"de","@id":"https:\/\/cannavis.eu\/de\/proizvodi\/cbd-oel-fuer-katzen-5\/#primaryimage","url":"https:\/\/cannavis.eu\/wp-content\/uploads\/2024\/10\/CBD-ulje-za-macke.png","contentUrl":"https:\/\/cannavis.eu\/wp-content\/uploads\/2024\/10\/CBD-ulje-za-macke.png","width":1000,"height":1000,"caption":"CBD ulje za ma\u010dke iskustva"},{"@type":"BreadcrumbList","@id":"https:\/\/cannavis.eu\/de\/proizvodi\/cbd-oel-fuer-katzen-5\/#breadcrumb","itemListElement":[{"@type":"ListItem","position":1,"name":"Home","item":"https:\/\/cannavis.eu\/de\/"},{"@type":"ListItem","position":2,"name":"Produkte","item":"https:\/\/cannavis.eu\/de\/produkte\/"},{"@type":"ListItem","position":3,"name":"CBD-\u00d6l f\u00fcr Katzen 5 %"}]},{"@type":"WebSite","@id":"https:\/\/cannavis.eu\/de\/#website","url":"https:\/\/cannavis.eu\/de\/","name":"Cannavis konoplja sa otoka Visa","description":"CannaVis industrijska konoplja cvijet sa otoka Visa","publisher":{"@id":"https:\/\/cannavis.eu\/de\/#organization"},"potentialAction":[{"@type":"SearchAction","target":{"@type":"EntryPoint","urlTemplate":"https:\/\/cannavis.eu\/de\/?s={search_term_string}"},"query-input":{"@type":"PropertyValueSpecification","valueRequired":true,"valueName":"search_term_string"}}],"inLanguage":"de"},{"@type":"Organization","@id":"https:\/\/cannavis.eu\/de\/#organization","name":"Cannavis konoplja sa otoka Visa","url":"https:\/\/cannavis.eu\/de\/","logo":{"@type":"ImageObject","inLanguage":"de","@id":"https:\/\/cannavis.eu\/de\/#\/schema\/logo\/image\/","url":"https:\/\/cannavis.eu\/wp-content\/uploads\/2021\/06\/CannaVis-logo.png","contentUrl":"https:\/\/cannavis.eu\/wp-content\/uploads\/2021\/06\/CannaVis-logo.png","width":160,"height":65,"caption":"Cannavis konoplja sa otoka Visa"},"image":{"@id":"https:\/\/cannavis.eu\/de\/#\/schema\/logo\/image\/"}}]}},"jetpack_sharing_enabled":true,"_links":{"self":[{"href":"https:\/\/cannavis.eu\/de\/wp-json\/wp\/v2\/product\/5909","targetHints":{"allow":["GET"]}}],"collection":[{"href":"https:\/\/cannavis.eu\/de\/wp-json\/wp\/v2\/product"}],"about":[{"href":"https:\/\/cannavis.eu\/de\/wp-json\/wp\/v2\/types\/product"}],"replies":[{"embeddable":true,"href":"https:\/\/cannavis.eu\/de\/wp-json\/wp\/v2\/comments?post=5909"}],"wp:featuredmedia":[{"embeddable":true,"href":"https:\/\/cannavis.eu\/de\/wp-json\/wp\/v2\/media\/6300"}],"wp:attachment":[{"href":"https:\/\/cannavis.eu\/de\/wp-json\/wp\/v2\/media?parent=5909"}],"wp:term":[{"taxonomy":"product_brand","embeddable":true,"href":"https:\/\/cannavis.eu\/de\/wp-json\/wp\/v2\/product_brand?post=5909"},{"taxonomy":"product_cat","embeddable":true,"href":"https:\/\/cannavis.eu\/de\/wp-json\/wp\/v2\/product_cat?post=5909"},{"taxonomy":"product_tag","embeddable":true,"href":"https:\/\/cannavis.eu\/de\/wp-json\/wp\/v2\/product_tag?post=5909"}],"curies":[{"name":"wp","href":"https:\/\/api.w.org\/{rel}","templated":true}]}}