{"id":5910,"date":"2024-10-21T20:15:03","date_gmt":"2024-10-21T18:15:03","guid":{"rendered":"https:\/\/cannavis.eu\/proizvod\/cbd-oel-fuer-hunde-10\/"},"modified":"2026-04-18T09:34:10","modified_gmt":"2026-04-18T07:34:10","slug":"cbd-oel-fuer-hunde-10","status":"publish","type":"product","link":"https:\/\/cannavis.eu\/de\/proizvodi\/cbd-oel-fuer-hunde-10\/","title":{"rendered":"CBD-\u00d6l f\u00fcr Hunde 10 %"},"content":{"rendered":"<p>CBD-\u00d6l f\u00fcr Hunde CannaVis 10 % \u2013 Nat\u00fcrliche Unterst\u00fctzung f\u00fcr Ihr Haustier<br \/>\nCBD-\u00d6l f\u00fcr Hunde \u2013 ein nat\u00fcrliches Hilfsmittel in der t\u00e4glichen Gesundheitspflege<br \/>\nDas CBD-\u00d6l CannaVis mit 10 % CBD unterst\u00fctzt Ihr Haustier auf nat\u00fcrliche Weise bei der Erhaltung von Gesundheit und Vitalit\u00e4t. Dieses auf der Insel Vis hergestellte \u00d6l verwendet hochwertige Zutaten, die sorgf\u00e4ltig angebaut und nach h\u00f6chsten Standards verarbeitet werden. CBD (Cannabidiol) ist eine nicht psychoaktive Verbindung aus der Hanfpflanze, die f\u00fcr ihre vielen positiven Wirkungen bekannt ist, darunter die Reduzierung von Stress, die Linderung von Schmerzen und die Verbesserung des allgemeinen Wohlbefindens.<\/p>\n<p>Warum CannaVis-\u00d6l f\u00fcr Hunde w\u00e4hlen?<br \/>\nCannaVis CBD-\u00d6l f\u00fcr Hunde mit 10 % CBD wurde speziell f\u00fcr Haustiere entwickelt und bietet eine nat\u00fcrliche L\u00f6sung zur Reduzierung von Angstzust\u00e4nden, zur Verbesserung der Mobilit\u00e4t und zur Unterst\u00fctzung des Immunsystems. Die regelm\u00e4\u00dfige Anwendung dieses \u00d6ls kann helfen, Symptome wie Gelenkentz\u00fcndungen, Verdauungsst\u00f6rungen oder Nervosit\u00e4t zu lindern. Das \u00d6l enth\u00e4lt kein THC, was bedeutet, dass es f\u00fcr Ihren Hund v\u00f6llig sicher ist.<\/p>\n<p>Vorteile von CannaVis-\u00d6l f\u00fcr Hunde<\/p>\n<p>Lindert \u00c4ngste und Stress \u2013 N\u00fctzlich in Situationen wie Reisen, Tierarztbesuchen oder lauten Ger\u00e4uschen.<br \/>\nHilft bei Schmerzen und Entz\u00fcndungen \u2013 Ideal f\u00fcr \u00e4ltere Hunde mit Gelenkproblemen oder allgemeinem Unwohlsein.<br \/>\nUnterst\u00fctzt die allgemeine Gesundheit \u2013 St\u00e4rkt das Immunsystem und verbessert den Allgemeinzustand des K\u00f6rpers.<br \/>\nEinfach zu bedienen<br \/>\nCannaVis-\u00d6l f\u00fcr Hunde ist einfach zu dosieren. F\u00fcgen Sie es direkt dem Futter oder dem Lieblingsleckerli Ihres Haustiers hinzu. Wir empfehlen, vor Beginn der Anwendung einen Tierarzt zu konsultieren, insbesondere wenn Ihr Hund besondere gesundheitliche Probleme hat.<\/p>\n<p>CannaVis CBD-\u00d6l 10 % zeichnet sich au\u00dferdem durch seine reine und nat\u00fcrliche Formulierung aus, ohne k\u00fcnstliche Zusatz- oder Konservierungsstoffe. Es wird aus kaltgepresstem Hanf\u00f6l hergestellt, das eine maximale Aufnahme von CBD gew\u00e4hrleistet und Ihrem Hund optimale Pflege und Unterst\u00fctzung bietet. Die regelm\u00e4\u00dfige Anwendung kann Hunden mit chronischen Schmerzen, Schlafst\u00f6rungen oder Appetitlosigkeit helfen und ihr Gleichgewicht und eine bessere Lebensqualit\u00e4t wiederherstellen. Mit Liebe f\u00fcr Ihr Haustier ausgew\u00e4hlt.<\/p>\n<p>Mit CannaVis CBD-\u00d6l f\u00fcr Hunde bieten Sie Ihrem Haustier die beste nat\u00fcrliche Pflege \u2013 aus dem Herzen der Insel Vis.<\/p>\n","protected":false},"excerpt":{"rendered":"<p>CannaVis CBD-\u00d6l f\u00fcr Hunde 10 % bietet eine nat\u00fcrliche Unterst\u00fctzung f\u00fcr Ihr Haustier. Dieses hochwertige \u00d6l wird auf der Insel Vis hergestellt und tr\u00e4gt dazu bei, Stress abzubauen, Schmerzen und Entz\u00fcndungen zu lindern und die allgemeine Gesundheit und das Immunsystem zu unterst\u00fctzen. Es ist sicher und einfach zu verwenden und ideal f\u00fcr Hunde jeden Alters.<\/p>\n","protected":false},"featured_media":6283,"comment_status":"open","ping_status":"closed","template":"","meta":{"_eb_attr":"","_joinchat":[]},"product_brand":[],"product_cat":[195,146],"product_tag":[1088,617,678,680,1172,679],"class_list":{"0":"post-5910","1":"product","2":"type-product","3":"status-publish","4":"has-post-thumbnail","6":"product_cat-cannavis-pets-de","7":"product_cat-cbd-cbg-ol-und-paste","8":"product_tag-cbd-fur-hunde","9":"product_tag-cbd-ol","10":"product_tag-fur-hunde","11":"product_tag-fur-tiere","12":"product_tag-gegen-feuerwerkskorper","13":"product_tag-haustiere","15":"first","16":"instock","17":"shipping-taxable","18":"purchasable","19":"product-type-simple"},"yoast_head":"<!-- This site is optimized with the Yoast SEO plugin v27.4 - https:\/\/yoast.com\/product\/yoast-seo-wordpress\/ -->\n<title>CBD-\u00d6l f\u00fcr Hunde 10 % - Cannavis konoplja sa otoka Visa<\/title>\n<meta name=\"description\" content=\"Isprobajte CannaVis CBD ulje za pse 10% s otoka Visa \u2013 prirodno rje\u0161enje za smanjenje stresa, ubla\u017eavanje bolova i podr\u0161ku zdravlju va\u0161eg ljubimca.\" \/>\n<meta name=\"robots\" content=\"index, follow, max-snippet:-1, max-image-preview:large, max-video-preview:-1\" \/>\n<link rel=\"canonical\" href=\"https:\/\/cannavis.eu\/de\/proizvodi\/cbd-oel-fuer-hunde-10\/\" \/>\n<meta property=\"og:locale\" content=\"de_DE\" \/>\n<meta property=\"og:type\" content=\"article\" \/>\n<meta property=\"og:title\" content=\"CBD-\u00d6l f\u00fcr Hunde 10 % - Cannavis konoplja sa otoka Visa\" \/>\n<meta property=\"og:description\" content=\"Isprobajte CannaVis CBD ulje za pse 10% s otoka Visa \u2013 prirodno rje\u0161enje za smanjenje stresa, ubla\u017eavanje bolova i podr\u0161ku zdravlju va\u0161eg ljubimca.\" \/>\n<meta property=\"og:url\" content=\"https:\/\/cannavis.eu\/de\/proizvodi\/cbd-oel-fuer-hunde-10\/\" \/>\n<meta property=\"og:site_name\" content=\"Cannavis konoplja sa otoka Visa\" \/>\n<meta property=\"article:modified_time\" content=\"2026-04-18T07:34:10+00:00\" \/>\n<meta property=\"og:image\" content=\"https:\/\/cannavis.eu\/wp-content\/uploads\/2024\/10\/CBD-ulje-za-pse.png\" \/>\n\t<meta property=\"og:image:width\" content=\"1000\" \/>\n\t<meta property=\"og:image:height\" content=\"1000\" \/>\n\t<meta property=\"og:image:type\" content=\"image\/png\" \/>\n<meta name=\"twitter:card\" content=\"summary_large_image\" \/>\n<meta name=\"twitter:label1\" content=\"Gesch\u00e4tzte Lesezeit\" \/>\n\t<meta name=\"twitter:data1\" content=\"2\u00a0Minuten\" \/>\n<script type=\"application\/ld+json\" class=\"yoast-schema-graph\">{\"@context\":\"https:\\\/\\\/schema.org\",\"@graph\":[{\"@type\":\"WebPage\",\"@id\":\"https:\\\/\\\/cannavis.eu\\\/de\\\/proizvodi\\\/cbd-oel-fuer-hunde-10\\\/\",\"url\":\"https:\\\/\\\/cannavis.eu\\\/de\\\/proizvodi\\\/cbd-oel-fuer-hunde-10\\\/\",\"name\":\"CBD-\u00d6l f\u00fcr Hunde 10 % - Cannavis konoplja sa otoka Visa\",\"isPartOf\":{\"@id\":\"https:\\\/\\\/cannavis.eu\\\/de\\\/#website\"},\"primaryImageOfPage\":{\"@id\":\"https:\\\/\\\/cannavis.eu\\\/de\\\/proizvodi\\\/cbd-oel-fuer-hunde-10\\\/#primaryimage\"},\"image\":{\"@id\":\"https:\\\/\\\/cannavis.eu\\\/de\\\/proizvodi\\\/cbd-oel-fuer-hunde-10\\\/#primaryimage\"},\"thumbnailUrl\":\"https:\\\/\\\/cannavis.eu\\\/wp-content\\\/uploads\\\/2024\\\/10\\\/CBD-ulje-za-pse.png\",\"datePublished\":\"2024-10-21T18:15:03+00:00\",\"dateModified\":\"2026-04-18T07:34:10+00:00\",\"description\":\"Isprobajte CannaVis CBD ulje za pse 10% s otoka Visa \u2013 prirodno rje\u0161enje za smanjenje stresa, ubla\u017eavanje bolova i podr\u0161ku zdravlju va\u0161eg ljubimca.\",\"breadcrumb\":{\"@id\":\"https:\\\/\\\/cannavis.eu\\\/de\\\/proizvodi\\\/cbd-oel-fuer-hunde-10\\\/#breadcrumb\"},\"inLanguage\":\"de\",\"potentialAction\":[{\"@type\":\"ReadAction\",\"target\":[\"https:\\\/\\\/cannavis.eu\\\/de\\\/proizvodi\\\/cbd-oel-fuer-hunde-10\\\/\"]}]},{\"@type\":\"ImageObject\",\"inLanguage\":\"de\",\"@id\":\"https:\\\/\\\/cannavis.eu\\\/de\\\/proizvodi\\\/cbd-oel-fuer-hunde-10\\\/#primaryimage\",\"url\":\"https:\\\/\\\/cannavis.eu\\\/wp-content\\\/uploads\\\/2024\\\/10\\\/CBD-ulje-za-pse.png\",\"contentUrl\":\"https:\\\/\\\/cannavis.eu\\\/wp-content\\\/uploads\\\/2024\\\/10\\\/CBD-ulje-za-pse.png\",\"width\":1000,\"height\":1000,\"caption\":\"CBD ulje za pse\"},{\"@type\":\"BreadcrumbList\",\"@id\":\"https:\\\/\\\/cannavis.eu\\\/de\\\/proizvodi\\\/cbd-oel-fuer-hunde-10\\\/#breadcrumb\",\"itemListElement\":[{\"@type\":\"ListItem\",\"position\":1,\"name\":\"Home\",\"item\":\"https:\\\/\\\/cannavis.eu\\\/de\\\/\"},{\"@type\":\"ListItem\",\"position\":2,\"name\":\"Produkte\",\"item\":\"https:\\\/\\\/cannavis.eu\\\/de\\\/produkte\\\/\"},{\"@type\":\"ListItem\",\"position\":3,\"name\":\"CBD-\u00d6l f\u00fcr Hunde 10 %\"}]},{\"@type\":\"WebSite\",\"@id\":\"https:\\\/\\\/cannavis.eu\\\/de\\\/#website\",\"url\":\"https:\\\/\\\/cannavis.eu\\\/de\\\/\",\"name\":\"Cannavis konoplja sa otoka Visa\",\"description\":\"CannaVis industrijska konoplja cvijet sa otoka Visa\",\"publisher\":{\"@id\":\"https:\\\/\\\/cannavis.eu\\\/de\\\/#organization\"},\"potentialAction\":[{\"@type\":\"SearchAction\",\"target\":{\"@type\":\"EntryPoint\",\"urlTemplate\":\"https:\\\/\\\/cannavis.eu\\\/de\\\/?s={search_term_string}\"},\"query-input\":{\"@type\":\"PropertyValueSpecification\",\"valueRequired\":true,\"valueName\":\"search_term_string\"}}],\"inLanguage\":\"de\"},{\"@type\":\"Organization\",\"@id\":\"https:\\\/\\\/cannavis.eu\\\/de\\\/#organization\",\"name\":\"Cannavis konoplja sa otoka Visa\",\"url\":\"https:\\\/\\\/cannavis.eu\\\/de\\\/\",\"logo\":{\"@type\":\"ImageObject\",\"inLanguage\":\"de\",\"@id\":\"https:\\\/\\\/cannavis.eu\\\/de\\\/#\\\/schema\\\/logo\\\/image\\\/\",\"url\":\"https:\\\/\\\/cannavis.eu\\\/wp-content\\\/uploads\\\/2021\\\/06\\\/CannaVis-logo.png\",\"contentUrl\":\"https:\\\/\\\/cannavis.eu\\\/wp-content\\\/uploads\\\/2021\\\/06\\\/CannaVis-logo.png\",\"width\":160,\"height\":65,\"caption\":\"Cannavis konoplja sa otoka Visa\"},\"image\":{\"@id\":\"https:\\\/\\\/cannavis.eu\\\/de\\\/#\\\/schema\\\/logo\\\/image\\\/\"}}]}<\/script>\n<!-- \/ Yoast SEO plugin. -->","yoast_head_json":{"title":"CBD-\u00d6l f\u00fcr Hunde 10 % - Cannavis konoplja sa otoka Visa","description":"Isprobajte CannaVis CBD ulje za pse 10% s otoka Visa \u2013 prirodno rje\u0161enje za smanjenje stresa, ubla\u017eavanje bolova i podr\u0161ku zdravlju va\u0161eg ljubimca.","robots":{"index":"index","follow":"follow","max-snippet":"max-snippet:-1","max-image-preview":"max-image-preview:large","max-video-preview":"max-video-preview:-1"},"canonical":"https:\/\/cannavis.eu\/de\/proizvodi\/cbd-oel-fuer-hunde-10\/","og_locale":"de_DE","og_type":"article","og_title":"CBD-\u00d6l f\u00fcr Hunde 10 % - Cannavis konoplja sa otoka Visa","og_description":"Isprobajte CannaVis CBD ulje za pse 10% s otoka Visa \u2013 prirodno rje\u0161enje za smanjenje stresa, ubla\u017eavanje bolova i podr\u0161ku zdravlju va\u0161eg ljubimca.","og_url":"https:\/\/cannavis.eu\/de\/proizvodi\/cbd-oel-fuer-hunde-10\/","og_site_name":"Cannavis konoplja sa otoka Visa","article_modified_time":"2026-04-18T07:34:10+00:00","og_image":[{"width":1000,"height":1000,"url":"https:\/\/cannavis.eu\/wp-content\/uploads\/2024\/10\/CBD-ulje-za-pse.png","type":"image\/png"}],"twitter_card":"summary_large_image","twitter_misc":{"Gesch\u00e4tzte Lesezeit":"2\u00a0Minuten"},"schema":{"@context":"https:\/\/schema.org","@graph":[{"@type":"WebPage","@id":"https:\/\/cannavis.eu\/de\/proizvodi\/cbd-oel-fuer-hunde-10\/","url":"https:\/\/cannavis.eu\/de\/proizvodi\/cbd-oel-fuer-hunde-10\/","name":"CBD-\u00d6l f\u00fcr Hunde 10 % - Cannavis konoplja sa otoka Visa","isPartOf":{"@id":"https:\/\/cannavis.eu\/de\/#website"},"primaryImageOfPage":{"@id":"https:\/\/cannavis.eu\/de\/proizvodi\/cbd-oel-fuer-hunde-10\/#primaryimage"},"image":{"@id":"https:\/\/cannavis.eu\/de\/proizvodi\/cbd-oel-fuer-hunde-10\/#primaryimage"},"thumbnailUrl":"https:\/\/cannavis.eu\/wp-content\/uploads\/2024\/10\/CBD-ulje-za-pse.png","datePublished":"2024-10-21T18:15:03+00:00","dateModified":"2026-04-18T07:34:10+00:00","description":"Isprobajte CannaVis CBD ulje za pse 10% s otoka Visa \u2013 prirodno rje\u0161enje za smanjenje stresa, ubla\u017eavanje bolova i podr\u0161ku zdravlju va\u0161eg ljubimca.","breadcrumb":{"@id":"https:\/\/cannavis.eu\/de\/proizvodi\/cbd-oel-fuer-hunde-10\/#breadcrumb"},"inLanguage":"de","potentialAction":[{"@type":"ReadAction","target":["https:\/\/cannavis.eu\/de\/proizvodi\/cbd-oel-fuer-hunde-10\/"]}]},{"@type":"ImageObject","inLanguage":"de","@id":"https:\/\/cannavis.eu\/de\/proizvodi\/cbd-oel-fuer-hunde-10\/#primaryimage","url":"https:\/\/cannavis.eu\/wp-content\/uploads\/2024\/10\/CBD-ulje-za-pse.png","contentUrl":"https:\/\/cannavis.eu\/wp-content\/uploads\/2024\/10\/CBD-ulje-za-pse.png","width":1000,"height":1000,"caption":"CBD ulje za pse"},{"@type":"BreadcrumbList","@id":"https:\/\/cannavis.eu\/de\/proizvodi\/cbd-oel-fuer-hunde-10\/#breadcrumb","itemListElement":[{"@type":"ListItem","position":1,"name":"Home","item":"https:\/\/cannavis.eu\/de\/"},{"@type":"ListItem","position":2,"name":"Produkte","item":"https:\/\/cannavis.eu\/de\/produkte\/"},{"@type":"ListItem","position":3,"name":"CBD-\u00d6l f\u00fcr Hunde 10 %"}]},{"@type":"WebSite","@id":"https:\/\/cannavis.eu\/de\/#website","url":"https:\/\/cannavis.eu\/de\/","name":"Cannavis konoplja sa otoka Visa","description":"CannaVis industrijska konoplja cvijet sa otoka Visa","publisher":{"@id":"https:\/\/cannavis.eu\/de\/#organization"},"potentialAction":[{"@type":"SearchAction","target":{"@type":"EntryPoint","urlTemplate":"https:\/\/cannavis.eu\/de\/?s={search_term_string}"},"query-input":{"@type":"PropertyValueSpecification","valueRequired":true,"valueName":"search_term_string"}}],"inLanguage":"de"},{"@type":"Organization","@id":"https:\/\/cannavis.eu\/de\/#organization","name":"Cannavis konoplja sa otoka Visa","url":"https:\/\/cannavis.eu\/de\/","logo":{"@type":"ImageObject","inLanguage":"de","@id":"https:\/\/cannavis.eu\/de\/#\/schema\/logo\/image\/","url":"https:\/\/cannavis.eu\/wp-content\/uploads\/2021\/06\/CannaVis-logo.png","contentUrl":"https:\/\/cannavis.eu\/wp-content\/uploads\/2021\/06\/CannaVis-logo.png","width":160,"height":65,"caption":"Cannavis konoplja sa otoka Visa"},"image":{"@id":"https:\/\/cannavis.eu\/de\/#\/schema\/logo\/image\/"}}]}},"jetpack_sharing_enabled":true,"_links":{"self":[{"href":"https:\/\/cannavis.eu\/de\/wp-json\/wp\/v2\/product\/5910","targetHints":{"allow":["GET"]}}],"collection":[{"href":"https:\/\/cannavis.eu\/de\/wp-json\/wp\/v2\/product"}],"about":[{"href":"https:\/\/cannavis.eu\/de\/wp-json\/wp\/v2\/types\/product"}],"replies":[{"embeddable":true,"href":"https:\/\/cannavis.eu\/de\/wp-json\/wp\/v2\/comments?post=5910"}],"wp:featuredmedia":[{"embeddable":true,"href":"https:\/\/cannavis.eu\/de\/wp-json\/wp\/v2\/media\/6283"}],"wp:attachment":[{"href":"https:\/\/cannavis.eu\/de\/wp-json\/wp\/v2\/media?parent=5910"}],"wp:term":[{"taxonomy":"product_brand","embeddable":true,"href":"https:\/\/cannavis.eu\/de\/wp-json\/wp\/v2\/product_brand?post=5910"},{"taxonomy":"product_cat","embeddable":true,"href":"https:\/\/cannavis.eu\/de\/wp-json\/wp\/v2\/product_cat?post=5910"},{"taxonomy":"product_tag","embeddable":true,"href":"https:\/\/cannavis.eu\/de\/wp-json\/wp\/v2\/product_tag?post=5910"}],"curies":[{"name":"wp","href":"https:\/\/api.w.org\/{rel}","templated":true}]}}