{"id":7910,"date":"2025-02-11T20:05:37","date_gmt":"2025-02-11T18:05:37","guid":{"rendered":"https:\/\/cannavis.eu\/proizvodi\/cannavis-grinder-biokunststoff\/"},"modified":"2025-02-11T20:05:37","modified_gmt":"2025-02-11T18:05:37","slug":"cannavis-grinder-biokunststoff","status":"publish","type":"product","link":"https:\/\/cannavis.eu\/de\/proizvodi\/cannavis-grinder-biokunststoff\/","title":{"rendered":"CannaVis Grinder Biokunststoff"},"content":{"rendered":"<p>Wenn Sie nach einer innovativen, praktischen und umweltfreundlichen M\u00f6glichkeit zum Mahlen von Cannabisbl\u00fcten und anderen Pflanzen suchen, ist der CannaVis-Grinder die perfekte Wahl. Dieses Produkt wird mithilfe einer 3D-Drucktechnik aus Biokunststoff auf Hanfbasis hergestellt und bietet die perfekte Balance zwischen Funktionalit\u00e4t, Haltbarkeit und Umweltfreundlichkeit.<\/p>\n<p>\u00d6kologische Nachhaltigkeit an erster Stelle<br \/>\nEiner der Hauptvorteile des CannaVis-Grinders ist seine Umweltvertr\u00e4glichkeit. Da dieser Grinder aus Biokunststoff auf Hanfbasis hergestellt ist, tr\u00e4gt er nicht zur Plastikverschmutzung bei, sondern stellt einen Schritt in Richtung eines gr\u00fcneren und nachhaltigeren Lebensstils dar. Der Rohstoff Hanf ben\u00f6tigt beim Anbau keine Pestizide, w\u00e4chst schnell und erneuert den Boden auf nat\u00fcrliche Weise, was ihn zu einem der nachhaltigsten Pflanzenmaterialien macht.<\/p>\n<p>Innovative 3D-Drucktechnologie<br \/>\nDie Herstellung des CannaVis Grinders erfolgt mittels moderner 3D-Drucktechnologie, welche eine pr\u00e4zise Herstellung aller Bauteile ohne Abfall in der Produktion erm\u00f6glicht. Dies bedeutet, dass jedes Detail der M\u00fchle, vom Getriebe bis zu den Griffen, optimale Funktionalit\u00e4t und Haltbarkeit bietet.<\/p>\n<p>Praktisches Design und einfache Handhabung<br \/>\nDank seines durchdachten Designs erm\u00f6glicht der CannaVis Grinder ein einfaches und schnelles Mahlen von Cannabisbl\u00fcten und anderen Pflanzen. Seine pr\u00e4zisionsgefertigten Zahnr\u00e4der erm\u00f6glichen ein gleichm\u00e4\u00dfiges Mahlen ohne Verklemmen, w\u00e4hrend seine kompakte Gr\u00f6\u00dfe f\u00fcr bequemes Tragen und Aufbewahren sorgt.<\/p>\n<p>Ergonomisches Design: Liegt bequem in der Hand und erm\u00f6glicht eine einfache Handhabung.<br \/>\nEffizientes Mahlen: Ideal f\u00fcr Hanfbl\u00fcten und andere Pflanzenmaterialien.<br \/>\nEinfache Reinigung: Das Material bindet keine Pflanzenreste und ist somit hygienisch und pflegeleicht.<br \/>\nWarum sollten Sie sich f\u00fcr den CannaVis Grinder entscheiden?<br \/>\nNachhaltigkeit: Hergestellt aus nachwachsenden Rohstoffen.<br \/>\nInnovation: Herstellung im 3D-Druckverfahren f\u00fcr h\u00f6chste Pr\u00e4zision.<br \/>\nFunktionsweise: Effizientes Zerkleinern von Pflanzen ohne Komplikationen.<br \/>\nWenn Ihnen Umweltbewusstsein, Qualit\u00e4t und Komfort wichtig sind, ist die CannaVis-M\u00fchle Ihr idealer Verb\u00fcndeter in Mahlwerken. Probieren Sie es aus und \u00fcberzeugen Sie sich selbst, wie die Kombination aus Innovation und Natur zu hervorragenden Ergebnissen f\u00fchrt.<\/p>\n<p>Weitere Produkte aus der Lifestyle-Kategorie CannaVis finden Sie hier.<\/p>\n<p>Dieses Produkt ist in der Kreativwerkstatt von OPG AgroVis entstanden.<\/p>\n","protected":false},"excerpt":{"rendered":"<p>CannaVis Grinder ist ein umweltfreundliches, innovatives Produkt, das mithilfe von 3D-Druckverfahren aus Biokunststoffen auf Hanfbasis hergestellt wird. Entwickelt f\u00fcr das effiziente Zerkleinern von Hanfbl\u00fcten und anderen Pflanzen, bietet es Komfort, Haltbarkeit und Nachhaltigkeit im t\u00e4glichen Gebrauch.<\/p>\n","protected":false},"featured_media":7726,"comment_status":"open","ping_status":"closed","template":"","meta":{"_eb_attr":"","_joinchat":[]},"product_brand":[],"product_cat":[314],"product_tag":[1229,1228,1230],"class_list":{"0":"post-7910","1":"product","2":"type-product","3":"status-publish","4":"has-post-thumbnail","6":"product_cat-cannavis-lifestyle-de","7":"product_tag-bioplastika-od-konoplje-de","8":"product_tag-grinder-de","9":"product_tag-mrvilica-de","11":"first","12":"instock","13":"shipping-taxable","14":"purchasable","15":"product-type-simple"},"yoast_head":"<!-- This site is optimized with the Yoast SEO plugin v27.3 - https:\/\/yoast.com\/product\/yoast-seo-wordpress\/ -->\n<title>CannaVis Grinder Biokunststoff - Cannavis konoplja sa otoka Visa<\/title>\n<meta name=\"description\" content=\"Der CannaVis Grinder ist ein umweltfreundlicher Grinder aus 3D-gedrucktem Biokunststoff auf Hanfbasis, perfekt zum effizienten Mahlen von Cannabisbl\u00fcten.\" \/>\n<meta name=\"robots\" content=\"index, follow, max-snippet:-1, max-image-preview:large, max-video-preview:-1\" \/>\n<link rel=\"canonical\" href=\"https:\/\/cannavis.eu\/de\/proizvodi\/cannavis-grinder-biokunststoff\/\" \/>\n<meta property=\"og:locale\" content=\"de_DE\" \/>\n<meta property=\"og:type\" content=\"article\" \/>\n<meta property=\"og:title\" content=\"CannaVis Grinder Biokunststoff - Cannavis konoplja sa otoka Visa\" \/>\n<meta property=\"og:description\" content=\"Der CannaVis Grinder ist ein umweltfreundlicher Grinder aus 3D-gedrucktem Biokunststoff auf Hanfbasis, perfekt zum effizienten Mahlen von Cannabisbl\u00fcten.\" \/>\n<meta property=\"og:url\" content=\"https:\/\/cannavis.eu\/de\/proizvodi\/cannavis-grinder-biokunststoff\/\" \/>\n<meta property=\"og:site_name\" content=\"Cannavis konoplja sa otoka Visa\" \/>\n<meta property=\"og:image\" content=\"https:\/\/cannavis.eu\/wp-content\/uploads\/2025\/02\/CannaVis-grinder-bioplastika.png\" \/>\n\t<meta property=\"og:image:width\" content=\"1000\" \/>\n\t<meta property=\"og:image:height\" content=\"1000\" \/>\n\t<meta property=\"og:image:type\" content=\"image\/png\" \/>\n<meta name=\"twitter:card\" content=\"summary_large_image\" \/>\n<meta name=\"twitter:label1\" content=\"Gesch\u00e4tzte Lesezeit\" \/>\n\t<meta name=\"twitter:data1\" content=\"2\u00a0Minuten\" \/>\n<script type=\"application\/ld+json\" class=\"yoast-schema-graph\">{\"@context\":\"https:\\\/\\\/schema.org\",\"@graph\":[{\"@type\":\"WebPage\",\"@id\":\"https:\\\/\\\/cannavis.eu\\\/de\\\/proizvodi\\\/cannavis-grinder-biokunststoff\\\/\",\"url\":\"https:\\\/\\\/cannavis.eu\\\/de\\\/proizvodi\\\/cannavis-grinder-biokunststoff\\\/\",\"name\":\"CannaVis Grinder Biokunststoff - Cannavis konoplja sa otoka Visa\",\"isPartOf\":{\"@id\":\"https:\\\/\\\/cannavis.eu\\\/de\\\/#website\"},\"primaryImageOfPage\":{\"@id\":\"https:\\\/\\\/cannavis.eu\\\/de\\\/proizvodi\\\/cannavis-grinder-biokunststoff\\\/#primaryimage\"},\"image\":{\"@id\":\"https:\\\/\\\/cannavis.eu\\\/de\\\/proizvodi\\\/cannavis-grinder-biokunststoff\\\/#primaryimage\"},\"thumbnailUrl\":\"https:\\\/\\\/cannavis.eu\\\/wp-content\\\/uploads\\\/2025\\\/02\\\/CannaVis-grinder-bioplastika.png\",\"datePublished\":\"2025-02-11T18:05:37+00:00\",\"description\":\"Der CannaVis Grinder ist ein umweltfreundlicher Grinder aus 3D-gedrucktem Biokunststoff auf Hanfbasis, perfekt zum effizienten Mahlen von Cannabisbl\u00fcten.\",\"breadcrumb\":{\"@id\":\"https:\\\/\\\/cannavis.eu\\\/de\\\/proizvodi\\\/cannavis-grinder-biokunststoff\\\/#breadcrumb\"},\"inLanguage\":\"de\",\"potentialAction\":[{\"@type\":\"ReadAction\",\"target\":[\"https:\\\/\\\/cannavis.eu\\\/de\\\/proizvodi\\\/cannavis-grinder-biokunststoff\\\/\"]}]},{\"@type\":\"ImageObject\",\"inLanguage\":\"de\",\"@id\":\"https:\\\/\\\/cannavis.eu\\\/de\\\/proizvodi\\\/cannavis-grinder-biokunststoff\\\/#primaryimage\",\"url\":\"https:\\\/\\\/cannavis.eu\\\/wp-content\\\/uploads\\\/2025\\\/02\\\/CannaVis-grinder-bioplastika.png\",\"contentUrl\":\"https:\\\/\\\/cannavis.eu\\\/wp-content\\\/uploads\\\/2025\\\/02\\\/CannaVis-grinder-bioplastika.png\",\"width\":1000,\"height\":1000,\"caption\":\"mrvilica\"},{\"@type\":\"BreadcrumbList\",\"@id\":\"https:\\\/\\\/cannavis.eu\\\/de\\\/proizvodi\\\/cannavis-grinder-biokunststoff\\\/#breadcrumb\",\"itemListElement\":[{\"@type\":\"ListItem\",\"position\":1,\"name\":\"Home\",\"item\":\"https:\\\/\\\/cannavis.eu\\\/de\\\/\"},{\"@type\":\"ListItem\",\"position\":2,\"name\":\"Produkte\",\"item\":\"https:\\\/\\\/cannavis.eu\\\/de\\\/produkte\\\/\"},{\"@type\":\"ListItem\",\"position\":3,\"name\":\"CannaVis Grinder Biokunststoff\"}]},{\"@type\":\"WebSite\",\"@id\":\"https:\\\/\\\/cannavis.eu\\\/de\\\/#website\",\"url\":\"https:\\\/\\\/cannavis.eu\\\/de\\\/\",\"name\":\"Cannavis konoplja sa otoka Visa\",\"description\":\"CannaVis industrijska konoplja cvijet sa otoka Visa\",\"publisher\":{\"@id\":\"https:\\\/\\\/cannavis.eu\\\/de\\\/#organization\"},\"potentialAction\":[{\"@type\":\"SearchAction\",\"target\":{\"@type\":\"EntryPoint\",\"urlTemplate\":\"https:\\\/\\\/cannavis.eu\\\/de\\\/?s={search_term_string}\"},\"query-input\":{\"@type\":\"PropertyValueSpecification\",\"valueRequired\":true,\"valueName\":\"search_term_string\"}}],\"inLanguage\":\"de\"},{\"@type\":\"Organization\",\"@id\":\"https:\\\/\\\/cannavis.eu\\\/de\\\/#organization\",\"name\":\"Cannavis konoplja sa otoka Visa\",\"url\":\"https:\\\/\\\/cannavis.eu\\\/de\\\/\",\"logo\":{\"@type\":\"ImageObject\",\"inLanguage\":\"de\",\"@id\":\"https:\\\/\\\/cannavis.eu\\\/de\\\/#\\\/schema\\\/logo\\\/image\\\/\",\"url\":\"https:\\\/\\\/cannavis.eu\\\/wp-content\\\/uploads\\\/2021\\\/06\\\/CannaVis-logo.png\",\"contentUrl\":\"https:\\\/\\\/cannavis.eu\\\/wp-content\\\/uploads\\\/2021\\\/06\\\/CannaVis-logo.png\",\"width\":160,\"height\":65,\"caption\":\"Cannavis konoplja sa otoka Visa\"},\"image\":{\"@id\":\"https:\\\/\\\/cannavis.eu\\\/de\\\/#\\\/schema\\\/logo\\\/image\\\/\"}}]}<\/script>\n<!-- \/ Yoast SEO plugin. -->","yoast_head_json":{"title":"CannaVis Grinder Biokunststoff - Cannavis konoplja sa otoka Visa","description":"Der CannaVis Grinder ist ein umweltfreundlicher Grinder aus 3D-gedrucktem Biokunststoff auf Hanfbasis, perfekt zum effizienten Mahlen von Cannabisbl\u00fcten.","robots":{"index":"index","follow":"follow","max-snippet":"max-snippet:-1","max-image-preview":"max-image-preview:large","max-video-preview":"max-video-preview:-1"},"canonical":"https:\/\/cannavis.eu\/de\/proizvodi\/cannavis-grinder-biokunststoff\/","og_locale":"de_DE","og_type":"article","og_title":"CannaVis Grinder Biokunststoff - Cannavis konoplja sa otoka Visa","og_description":"Der CannaVis Grinder ist ein umweltfreundlicher Grinder aus 3D-gedrucktem Biokunststoff auf Hanfbasis, perfekt zum effizienten Mahlen von Cannabisbl\u00fcten.","og_url":"https:\/\/cannavis.eu\/de\/proizvodi\/cannavis-grinder-biokunststoff\/","og_site_name":"Cannavis konoplja sa otoka Visa","og_image":[{"width":1000,"height":1000,"url":"https:\/\/cannavis.eu\/wp-content\/uploads\/2025\/02\/CannaVis-grinder-bioplastika.png","type":"image\/png"}],"twitter_card":"summary_large_image","twitter_misc":{"Gesch\u00e4tzte Lesezeit":"2\u00a0Minuten"},"schema":{"@context":"https:\/\/schema.org","@graph":[{"@type":"WebPage","@id":"https:\/\/cannavis.eu\/de\/proizvodi\/cannavis-grinder-biokunststoff\/","url":"https:\/\/cannavis.eu\/de\/proizvodi\/cannavis-grinder-biokunststoff\/","name":"CannaVis Grinder Biokunststoff - Cannavis konoplja sa otoka Visa","isPartOf":{"@id":"https:\/\/cannavis.eu\/de\/#website"},"primaryImageOfPage":{"@id":"https:\/\/cannavis.eu\/de\/proizvodi\/cannavis-grinder-biokunststoff\/#primaryimage"},"image":{"@id":"https:\/\/cannavis.eu\/de\/proizvodi\/cannavis-grinder-biokunststoff\/#primaryimage"},"thumbnailUrl":"https:\/\/cannavis.eu\/wp-content\/uploads\/2025\/02\/CannaVis-grinder-bioplastika.png","datePublished":"2025-02-11T18:05:37+00:00","description":"Der CannaVis Grinder ist ein umweltfreundlicher Grinder aus 3D-gedrucktem Biokunststoff auf Hanfbasis, perfekt zum effizienten Mahlen von Cannabisbl\u00fcten.","breadcrumb":{"@id":"https:\/\/cannavis.eu\/de\/proizvodi\/cannavis-grinder-biokunststoff\/#breadcrumb"},"inLanguage":"de","potentialAction":[{"@type":"ReadAction","target":["https:\/\/cannavis.eu\/de\/proizvodi\/cannavis-grinder-biokunststoff\/"]}]},{"@type":"ImageObject","inLanguage":"de","@id":"https:\/\/cannavis.eu\/de\/proizvodi\/cannavis-grinder-biokunststoff\/#primaryimage","url":"https:\/\/cannavis.eu\/wp-content\/uploads\/2025\/02\/CannaVis-grinder-bioplastika.png","contentUrl":"https:\/\/cannavis.eu\/wp-content\/uploads\/2025\/02\/CannaVis-grinder-bioplastika.png","width":1000,"height":1000,"caption":"mrvilica"},{"@type":"BreadcrumbList","@id":"https:\/\/cannavis.eu\/de\/proizvodi\/cannavis-grinder-biokunststoff\/#breadcrumb","itemListElement":[{"@type":"ListItem","position":1,"name":"Home","item":"https:\/\/cannavis.eu\/de\/"},{"@type":"ListItem","position":2,"name":"Produkte","item":"https:\/\/cannavis.eu\/de\/produkte\/"},{"@type":"ListItem","position":3,"name":"CannaVis Grinder Biokunststoff"}]},{"@type":"WebSite","@id":"https:\/\/cannavis.eu\/de\/#website","url":"https:\/\/cannavis.eu\/de\/","name":"Cannavis konoplja sa otoka Visa","description":"CannaVis industrijska konoplja cvijet sa otoka Visa","publisher":{"@id":"https:\/\/cannavis.eu\/de\/#organization"},"potentialAction":[{"@type":"SearchAction","target":{"@type":"EntryPoint","urlTemplate":"https:\/\/cannavis.eu\/de\/?s={search_term_string}"},"query-input":{"@type":"PropertyValueSpecification","valueRequired":true,"valueName":"search_term_string"}}],"inLanguage":"de"},{"@type":"Organization","@id":"https:\/\/cannavis.eu\/de\/#organization","name":"Cannavis konoplja sa otoka Visa","url":"https:\/\/cannavis.eu\/de\/","logo":{"@type":"ImageObject","inLanguage":"de","@id":"https:\/\/cannavis.eu\/de\/#\/schema\/logo\/image\/","url":"https:\/\/cannavis.eu\/wp-content\/uploads\/2021\/06\/CannaVis-logo.png","contentUrl":"https:\/\/cannavis.eu\/wp-content\/uploads\/2021\/06\/CannaVis-logo.png","width":160,"height":65,"caption":"Cannavis konoplja sa otoka Visa"},"image":{"@id":"https:\/\/cannavis.eu\/de\/#\/schema\/logo\/image\/"}}]}},"jetpack_sharing_enabled":true,"_links":{"self":[{"href":"https:\/\/cannavis.eu\/de\/wp-json\/wp\/v2\/product\/7910","targetHints":{"allow":["GET"]}}],"collection":[{"href":"https:\/\/cannavis.eu\/de\/wp-json\/wp\/v2\/product"}],"about":[{"href":"https:\/\/cannavis.eu\/de\/wp-json\/wp\/v2\/types\/product"}],"replies":[{"embeddable":true,"href":"https:\/\/cannavis.eu\/de\/wp-json\/wp\/v2\/comments?post=7910"}],"wp:featuredmedia":[{"embeddable":true,"href":"https:\/\/cannavis.eu\/de\/wp-json\/wp\/v2\/media\/7726"}],"wp:attachment":[{"href":"https:\/\/cannavis.eu\/de\/wp-json\/wp\/v2\/media?parent=7910"}],"wp:term":[{"taxonomy":"product_brand","embeddable":true,"href":"https:\/\/cannavis.eu\/de\/wp-json\/wp\/v2\/product_brand?post=7910"},{"taxonomy":"product_cat","embeddable":true,"href":"https:\/\/cannavis.eu\/de\/wp-json\/wp\/v2\/product_cat?post=7910"},{"taxonomy":"product_tag","embeddable":true,"href":"https:\/\/cannavis.eu\/de\/wp-json\/wp\/v2\/product_tag?post=7910"}],"curies":[{"name":"wp","href":"https:\/\/api.w.org\/{rel}","templated":true}]}}