{"id":7914,"date":"2025-02-16T18:51:17","date_gmt":"2025-02-16T16:51:17","guid":{"rendered":"https:\/\/cannavis.eu\/proizvodi\/cannavis-hanfsocken\/"},"modified":"2025-02-16T18:51:17","modified_gmt":"2025-02-16T16:51:17","slug":"cannavis-hanfsocken","status":"publish","type":"product","link":"https:\/\/cannavis.eu\/de\/proizvodi\/cannavis-hanfsocken\/","title":{"rendered":"CannaVis Hanfsocken"},"content":{"rendered":"<p>CannaVis Hanfsocken \u2013 Nat\u00fcrlicher Komfort und langanhaltende Frische<br \/>\nEntdecken Sie unvergleichlichen Komfort und Qualit\u00e4t mit unseren CannaVis-Hanfsocken \u2013 die perfekte Mischung aus nat\u00fcrlichen Materialien und modernem Design. Unsere Socken werden aus hochwertigem Hanf hergestellt, der f\u00fcr seine antibakteriellen und antiallergischen Eigenschaften bekannt ist, was sie zur idealen Wahl f\u00fcr den Alltag macht. Egal, ob Sie nach den perfekten Socken f\u00fcr die Arbeit, die Freizeit oder Outdoor-Aktivit\u00e4ten suchen, die Hanfsocken von CannaVis bieten den ganzen Tag \u00fcber h\u00f6chsten Komfort und Atmungsaktivit\u00e4t.<\/p>\n<p>Warum sollten Sie sich f\u00fcr Hanfsocken von CannaVis entscheiden?<br \/>\nNat\u00fcrliche Atmungsaktivit\u00e4t und Frische: Hanf ist ein nat\u00fcrliches Material, das die Haut atmen l\u00e4sst und so Schwitzen und unangenehme Ger\u00fcche reduziert. Ihre F\u00fc\u00dfe bleiben den ganzen Tag frisch und trocken.<br \/>\nEine umweltfreundliche Wahl: Hanf ist ein nachhaltiges Material, das ohne Pestizide und mit minimalen Auswirkungen auf die Umwelt angebaut wird. Mit der Wahl von CannaVis-Socken unterst\u00fctzen Sie den \u00f6kologischen Landbau und den Naturschutz.<br \/>\nHaltbarkeit und Langlebigkeit: Hanffasern sind f\u00fcr ihre Widerstandsf\u00e4higkeit bekannt, was bedeutet, dass Ihre Socken im Vergleich zu herk\u00f6mmlichen Baumwollsocken l\u00e4nger halten.<br \/>\nIdeal f\u00fcr empfindliche Haut<br \/>\nWenn Sie empfindliche Haut haben oder zu Allergien neigen, sind die CannaVis Socken die richtige Wahl. Die nat\u00fcrlichen Eigenschaften von Hanf verringern das Risiko von Reizungen und sorgen f\u00fcr zarte F\u00fc\u00dfe.<\/p>\n<p>Zusammensetzung der Socken:<br \/>\n46% Hanf<br \/>\n35% Bio-Baumwolle<br \/>\n16% Polyamid<br \/>\n2% Elasthan<br \/>\n1% Polypropylen<br \/>\nG\u00f6nnen Sie Ihren F\u00fc\u00dfen das Beste!<br \/>\nCannaVis-Socken sind nicht nur ein modisches Accessoire, sondern auch ein Schritt hin zu einem ges\u00fcnderen und umweltbewussteren Lebensstil. Legen Sie sie noch heute in Ihren Einkaufswagen und sp\u00fcren Sie den Unterschied, den die Natur an Ihren F\u00fc\u00dfen macht!<\/p>\n<p>Jetzt kaufen und ultimativen Komfort genie\u00dfen!<\/p>\n<p>Sehen Sie sich andere Produkte aus unserer CannaVis Lifestyle-Kategorie an<\/p>\n<p>Dieses Produkt ist in der Kreativwerkstatt des Familienbetriebs AgroVis entstanden.<\/p>\n","protected":false},"excerpt":{"rendered":"<p>CannaVis Hanfsocken bieten nat\u00fcrlichen Komfort, Atmungsaktivit\u00e4t und langanhaltende Frische dank einer Kombination aus Hanf, Bio-Baumwolle und modernen Materialien. Sie sind ideal f\u00fcr empfindliche Haut, umweltfreundlich und langanhaltend.<\/p>\n","protected":false},"featured_media":7896,"comment_status":"open","ping_status":"closed","template":"","meta":{"_eb_attr":"","_joinchat":[]},"product_brand":[],"product_cat":[155],"product_tag":[1239,1238,1240],"class_list":{"0":"post-7914","1":"product","2":"type-product","3":"status-publish","4":"has-post-thumbnail","6":"product_cat-nekategorizirane-de","7":"product_tag-antialergijske-carape-de","8":"product_tag-carape-de","9":"product_tag-carape-od-konoplje-de","11":"first","12":"instock","13":"sale","14":"shipping-taxable","15":"purchasable","16":"product-type-variable"},"yoast_head":"<!-- This site is optimized with the Yoast SEO plugin v27.3 - https:\/\/yoast.com\/product\/yoast-seo-wordpress\/ -->\n<title>CannaVis Hanfsocken - Cannavis konoplja sa otoka Visa<\/title>\n<meta name=\"description\" content=\"CannaVis \u010darape od konoplje \u2013 prirodne, prozra\u010dne i dugotrajne \u010darape idealne za osjetljivu ko\u017eu. Odr\u017eiva proizvodnja, vrhunska udobnost i svje\u017eina.\" \/>\n<meta name=\"robots\" content=\"index, follow, max-snippet:-1, max-image-preview:large, max-video-preview:-1\" \/>\n<link rel=\"canonical\" href=\"https:\/\/cannavis.eu\/de\/proizvodi\/cannavis-hanfsocken\/\" \/>\n<meta property=\"og:locale\" content=\"de_DE\" \/>\n<meta property=\"og:type\" content=\"article\" \/>\n<meta property=\"og:title\" content=\"CannaVis Hanfsocken - Cannavis konoplja sa otoka Visa\" \/>\n<meta property=\"og:description\" content=\"CannaVis \u010darape od konoplje \u2013 prirodne, prozra\u010dne i dugotrajne \u010darape idealne za osjetljivu ko\u017eu. Odr\u017eiva proizvodnja, vrhunska udobnost i svje\u017eina.\" \/>\n<meta property=\"og:url\" content=\"https:\/\/cannavis.eu\/de\/proizvodi\/cannavis-hanfsocken\/\" \/>\n<meta property=\"og:site_name\" content=\"Cannavis konoplja sa otoka Visa\" \/>\n<meta property=\"og:image\" content=\"https:\/\/cannavis.eu\/wp-content\/uploads\/2025\/02\/36-45.png\" \/>\n\t<meta property=\"og:image:width\" content=\"1000\" \/>\n\t<meta property=\"og:image:height\" content=\"1000\" \/>\n\t<meta property=\"og:image:type\" content=\"image\/png\" \/>\n<meta name=\"twitter:card\" content=\"summary_large_image\" \/>\n<meta name=\"twitter:label1\" content=\"Gesch\u00e4tzte Lesezeit\" \/>\n\t<meta name=\"twitter:data1\" content=\"2\u00a0Minuten\" \/>\n<script type=\"application\/ld+json\" class=\"yoast-schema-graph\">{\"@context\":\"https:\\\/\\\/schema.org\",\"@graph\":[{\"@type\":\"WebPage\",\"@id\":\"https:\\\/\\\/cannavis.eu\\\/de\\\/proizvodi\\\/cannavis-hanfsocken\\\/\",\"url\":\"https:\\\/\\\/cannavis.eu\\\/de\\\/proizvodi\\\/cannavis-hanfsocken\\\/\",\"name\":\"CannaVis Hanfsocken - Cannavis konoplja sa otoka Visa\",\"isPartOf\":{\"@id\":\"https:\\\/\\\/cannavis.eu\\\/de\\\/#website\"},\"primaryImageOfPage\":{\"@id\":\"https:\\\/\\\/cannavis.eu\\\/de\\\/proizvodi\\\/cannavis-hanfsocken\\\/#primaryimage\"},\"image\":{\"@id\":\"https:\\\/\\\/cannavis.eu\\\/de\\\/proizvodi\\\/cannavis-hanfsocken\\\/#primaryimage\"},\"thumbnailUrl\":\"https:\\\/\\\/cannavis.eu\\\/wp-content\\\/uploads\\\/2025\\\/02\\\/36-45.png\",\"datePublished\":\"2025-02-16T16:51:17+00:00\",\"description\":\"CannaVis \u010darape od konoplje \u2013 prirodne, prozra\u010dne i dugotrajne \u010darape idealne za osjetljivu ko\u017eu. Odr\u017eiva proizvodnja, vrhunska udobnost i svje\u017eina.\",\"breadcrumb\":{\"@id\":\"https:\\\/\\\/cannavis.eu\\\/de\\\/proizvodi\\\/cannavis-hanfsocken\\\/#breadcrumb\"},\"inLanguage\":\"de\",\"potentialAction\":[{\"@type\":\"ReadAction\",\"target\":[\"https:\\\/\\\/cannavis.eu\\\/de\\\/proizvodi\\\/cannavis-hanfsocken\\\/\"]}]},{\"@type\":\"ImageObject\",\"inLanguage\":\"de\",\"@id\":\"https:\\\/\\\/cannavis.eu\\\/de\\\/proizvodi\\\/cannavis-hanfsocken\\\/#primaryimage\",\"url\":\"https:\\\/\\\/cannavis.eu\\\/wp-content\\\/uploads\\\/2025\\\/02\\\/36-45.png\",\"contentUrl\":\"https:\\\/\\\/cannavis.eu\\\/wp-content\\\/uploads\\\/2025\\\/02\\\/36-45.png\",\"width\":1000,\"height\":1000,\"caption\":\"\u010darape napravljene od industrijske konoplje\"},{\"@type\":\"BreadcrumbList\",\"@id\":\"https:\\\/\\\/cannavis.eu\\\/de\\\/proizvodi\\\/cannavis-hanfsocken\\\/#breadcrumb\",\"itemListElement\":[{\"@type\":\"ListItem\",\"position\":1,\"name\":\"Home\",\"item\":\"https:\\\/\\\/cannavis.eu\\\/de\\\/\"},{\"@type\":\"ListItem\",\"position\":2,\"name\":\"Produkte\",\"item\":\"https:\\\/\\\/cannavis.eu\\\/de\\\/produkte\\\/\"},{\"@type\":\"ListItem\",\"position\":3,\"name\":\"CannaVis Hanfsocken\"}]},{\"@type\":\"WebSite\",\"@id\":\"https:\\\/\\\/cannavis.eu\\\/de\\\/#website\",\"url\":\"https:\\\/\\\/cannavis.eu\\\/de\\\/\",\"name\":\"Cannavis konoplja sa otoka Visa\",\"description\":\"CannaVis industrijska konoplja cvijet sa otoka Visa\",\"publisher\":{\"@id\":\"https:\\\/\\\/cannavis.eu\\\/de\\\/#organization\"},\"potentialAction\":[{\"@type\":\"SearchAction\",\"target\":{\"@type\":\"EntryPoint\",\"urlTemplate\":\"https:\\\/\\\/cannavis.eu\\\/de\\\/?s={search_term_string}\"},\"query-input\":{\"@type\":\"PropertyValueSpecification\",\"valueRequired\":true,\"valueName\":\"search_term_string\"}}],\"inLanguage\":\"de\"},{\"@type\":\"Organization\",\"@id\":\"https:\\\/\\\/cannavis.eu\\\/de\\\/#organization\",\"name\":\"Cannavis konoplja sa otoka Visa\",\"url\":\"https:\\\/\\\/cannavis.eu\\\/de\\\/\",\"logo\":{\"@type\":\"ImageObject\",\"inLanguage\":\"de\",\"@id\":\"https:\\\/\\\/cannavis.eu\\\/de\\\/#\\\/schema\\\/logo\\\/image\\\/\",\"url\":\"https:\\\/\\\/cannavis.eu\\\/wp-content\\\/uploads\\\/2021\\\/06\\\/CannaVis-logo.png\",\"contentUrl\":\"https:\\\/\\\/cannavis.eu\\\/wp-content\\\/uploads\\\/2021\\\/06\\\/CannaVis-logo.png\",\"width\":160,\"height\":65,\"caption\":\"Cannavis konoplja sa otoka Visa\"},\"image\":{\"@id\":\"https:\\\/\\\/cannavis.eu\\\/de\\\/#\\\/schema\\\/logo\\\/image\\\/\"}}]}<\/script>\n<!-- \/ Yoast SEO plugin. -->","yoast_head_json":{"title":"CannaVis Hanfsocken - Cannavis konoplja sa otoka Visa","description":"CannaVis \u010darape od konoplje \u2013 prirodne, prozra\u010dne i dugotrajne \u010darape idealne za osjetljivu ko\u017eu. Odr\u017eiva proizvodnja, vrhunska udobnost i svje\u017eina.","robots":{"index":"index","follow":"follow","max-snippet":"max-snippet:-1","max-image-preview":"max-image-preview:large","max-video-preview":"max-video-preview:-1"},"canonical":"https:\/\/cannavis.eu\/de\/proizvodi\/cannavis-hanfsocken\/","og_locale":"de_DE","og_type":"article","og_title":"CannaVis Hanfsocken - Cannavis konoplja sa otoka Visa","og_description":"CannaVis \u010darape od konoplje \u2013 prirodne, prozra\u010dne i dugotrajne \u010darape idealne za osjetljivu ko\u017eu. Odr\u017eiva proizvodnja, vrhunska udobnost i svje\u017eina.","og_url":"https:\/\/cannavis.eu\/de\/proizvodi\/cannavis-hanfsocken\/","og_site_name":"Cannavis konoplja sa otoka Visa","og_image":[{"width":1000,"height":1000,"url":"https:\/\/cannavis.eu\/wp-content\/uploads\/2025\/02\/36-45.png","type":"image\/png"}],"twitter_card":"summary_large_image","twitter_misc":{"Gesch\u00e4tzte Lesezeit":"2\u00a0Minuten"},"schema":{"@context":"https:\/\/schema.org","@graph":[{"@type":"WebPage","@id":"https:\/\/cannavis.eu\/de\/proizvodi\/cannavis-hanfsocken\/","url":"https:\/\/cannavis.eu\/de\/proizvodi\/cannavis-hanfsocken\/","name":"CannaVis Hanfsocken - Cannavis konoplja sa otoka Visa","isPartOf":{"@id":"https:\/\/cannavis.eu\/de\/#website"},"primaryImageOfPage":{"@id":"https:\/\/cannavis.eu\/de\/proizvodi\/cannavis-hanfsocken\/#primaryimage"},"image":{"@id":"https:\/\/cannavis.eu\/de\/proizvodi\/cannavis-hanfsocken\/#primaryimage"},"thumbnailUrl":"https:\/\/cannavis.eu\/wp-content\/uploads\/2025\/02\/36-45.png","datePublished":"2025-02-16T16:51:17+00:00","description":"CannaVis \u010darape od konoplje \u2013 prirodne, prozra\u010dne i dugotrajne \u010darape idealne za osjetljivu ko\u017eu. Odr\u017eiva proizvodnja, vrhunska udobnost i svje\u017eina.","breadcrumb":{"@id":"https:\/\/cannavis.eu\/de\/proizvodi\/cannavis-hanfsocken\/#breadcrumb"},"inLanguage":"de","potentialAction":[{"@type":"ReadAction","target":["https:\/\/cannavis.eu\/de\/proizvodi\/cannavis-hanfsocken\/"]}]},{"@type":"ImageObject","inLanguage":"de","@id":"https:\/\/cannavis.eu\/de\/proizvodi\/cannavis-hanfsocken\/#primaryimage","url":"https:\/\/cannavis.eu\/wp-content\/uploads\/2025\/02\/36-45.png","contentUrl":"https:\/\/cannavis.eu\/wp-content\/uploads\/2025\/02\/36-45.png","width":1000,"height":1000,"caption":"\u010darape napravljene od industrijske konoplje"},{"@type":"BreadcrumbList","@id":"https:\/\/cannavis.eu\/de\/proizvodi\/cannavis-hanfsocken\/#breadcrumb","itemListElement":[{"@type":"ListItem","position":1,"name":"Home","item":"https:\/\/cannavis.eu\/de\/"},{"@type":"ListItem","position":2,"name":"Produkte","item":"https:\/\/cannavis.eu\/de\/produkte\/"},{"@type":"ListItem","position":3,"name":"CannaVis Hanfsocken"}]},{"@type":"WebSite","@id":"https:\/\/cannavis.eu\/de\/#website","url":"https:\/\/cannavis.eu\/de\/","name":"Cannavis konoplja sa otoka Visa","description":"CannaVis industrijska konoplja cvijet sa otoka Visa","publisher":{"@id":"https:\/\/cannavis.eu\/de\/#organization"},"potentialAction":[{"@type":"SearchAction","target":{"@type":"EntryPoint","urlTemplate":"https:\/\/cannavis.eu\/de\/?s={search_term_string}"},"query-input":{"@type":"PropertyValueSpecification","valueRequired":true,"valueName":"search_term_string"}}],"inLanguage":"de"},{"@type":"Organization","@id":"https:\/\/cannavis.eu\/de\/#organization","name":"Cannavis konoplja sa otoka Visa","url":"https:\/\/cannavis.eu\/de\/","logo":{"@type":"ImageObject","inLanguage":"de","@id":"https:\/\/cannavis.eu\/de\/#\/schema\/logo\/image\/","url":"https:\/\/cannavis.eu\/wp-content\/uploads\/2021\/06\/CannaVis-logo.png","contentUrl":"https:\/\/cannavis.eu\/wp-content\/uploads\/2021\/06\/CannaVis-logo.png","width":160,"height":65,"caption":"Cannavis konoplja sa otoka Visa"},"image":{"@id":"https:\/\/cannavis.eu\/de\/#\/schema\/logo\/image\/"}}]}},"jetpack_sharing_enabled":true,"_links":{"self":[{"href":"https:\/\/cannavis.eu\/de\/wp-json\/wp\/v2\/product\/7914","targetHints":{"allow":["GET"]}}],"collection":[{"href":"https:\/\/cannavis.eu\/de\/wp-json\/wp\/v2\/product"}],"about":[{"href":"https:\/\/cannavis.eu\/de\/wp-json\/wp\/v2\/types\/product"}],"replies":[{"embeddable":true,"href":"https:\/\/cannavis.eu\/de\/wp-json\/wp\/v2\/comments?post=7914"}],"wp:featuredmedia":[{"embeddable":true,"href":"https:\/\/cannavis.eu\/de\/wp-json\/wp\/v2\/media\/7896"}],"wp:attachment":[{"href":"https:\/\/cannavis.eu\/de\/wp-json\/wp\/v2\/media?parent=7914"}],"wp:term":[{"taxonomy":"product_brand","embeddable":true,"href":"https:\/\/cannavis.eu\/de\/wp-json\/wp\/v2\/product_brand?post=7914"},{"taxonomy":"product_cat","embeddable":true,"href":"https:\/\/cannavis.eu\/de\/wp-json\/wp\/v2\/product_cat?post=7914"},{"taxonomy":"product_tag","embeddable":true,"href":"https:\/\/cannavis.eu\/de\/wp-json\/wp\/v2\/product_tag?post=7914"}],"curies":[{"name":"wp","href":"https:\/\/api.w.org\/{rel}","templated":true}]}}