{"id":2672,"date":"2022-10-26T13:06:35","date_gmt":"2022-10-26T13:06:35","guid":{"rendered":"https:\/\/cannavis.eu\/proizvod\/cannavis-pedesetka-hemp-buds-50g\/"},"modified":"2026-03-29T16:53:13","modified_gmt":"2026-03-29T14:53:13","slug":"cannavis-pedesetka-hemp-buds-50g","status":"publish","type":"product","link":"https:\/\/cannavis.eu\/en\/proizvodi\/cannavis-pedesetka-hemp-buds-50g\/","title":{"rendered":"CannaVis Pedesetka hemp flower 50g"},"content":{"rendered":"<p>CannaVis Pedesetka hemp flower offers you the highest quality cbd flower, at the best price on the market and the ultimate enjoyment of hemp flower.<\/p>\n<p>&nbsp;<\/p>\n<p>What is CBD flower?<\/p>\n<p>The cbd flower is the part of the hemp plant that contains a high percentage of cbd or cannabidiol.<\/p>\n<p>Since 2019, cbd is completely legal in Croatia and is most often used to help with health problems. It is important to know that the cbd flower you consume is completely ecologically grown and without any fertilizers, because this is the only way it can have its full effect on health problems. CannaVis flowers are grown on the island of Vis, more precisely in the middle of the island, in a completely organic way (sun and water). That is why they are the best quality flowers on the market. Of the many flowers offered on the market, most of them are grown with fertilizers or sprinkled with artificial terpenes. Such products have side effects such as nausea, diarrhea, stomach pain.<\/p>\n<p>CannaVis flowers will never afford you any side effects because they are produced in harmony with nature. If you come to the island of Vis, you can visit the CannaVis farm and enjoy being surrounded by nature in peace and quiet with the best hemp products you&#8217;ve ever tried.<\/p>\n<p>The benefits of CannaVis Fifty hemp flower<br \/>\nIt helps in quitting smoking<\/p>\n<p>It relaxes the muscles<\/p>\n<p>It reduces stress<\/p>\n<p>It relieves pain<\/p>\n<p>It improves the quality of sleep<\/p>\n<p>These are just some of the benefits of the hemp flower, which can be consumed through smoking or through tea. It is important to note that when making tea, one drop of oil must be added to the boiling water in order for the flower to release its healing properties. CBD is not only soluble in water. As long as you buy CBD products derived from hemp, you will not experience any intoxicating effects.<\/p>\n<p>Hemp flowers are rich in CBD and have a low THC content (below 0.2%), offering a soothing and relaxing sensation without altering the senses of perception. One of the main benefits of smoking CBD is to reap the benefits of cannabinoids without the psychoactive effects.<\/p>\n<p>You can read more about hemp on our blog<\/p>\n<p>Produced by OPG AgroVis<\/p>\n<p>Put on the market by Karika Vis d.o.o.<\/p>\n","protected":false},"excerpt":{"rendered":"<p><span class=\"Y2IQFc\" lang=\"en\">Why buy CannaVis fifty? <\/span><\/p>\n<ul>\n<li><span class=\"Y2IQFc\" lang=\"en\">CannaVis fifty because they are the best quality flowers <\/span><\/li>\n<li><span class=\"Y2IQFc\" lang=\"en\">CannaVis fifty because it is organically grown<\/span><\/li>\n<li><span class=\"Y2IQFc\" lang=\"en\">CannaVis fifty because it is the most affordable on the market <\/span><\/li>\n<li><span class=\"Y2IQFc\" lang=\"en\">CannaVis fifty because it is from the island of Vis<\/span><\/li>\n<\/ul>\n","protected":false},"featured_media":4317,"comment_status":"open","ping_status":"closed","template":"","meta":{"_eb_attr":"","_joinchat":[]},"product_brand":[],"product_cat":[65],"product_tag":[889,890,888],"class_list":{"0":"post-2672","1":"product","2":"type-product","3":"status-publish","4":"has-post-thumbnail","6":"product_cat-cbd-buds","7":"product_tag-cvijetovi-konoplje-en","8":"product_tag-cvitovi-konoplje-en","9":"product_tag-pedesetka-en","11":"first","12":"instock","13":"sale","14":"shipping-taxable","15":"purchasable","16":"product-type-variable"},"yoast_head":"<!-- This site is optimized with the Yoast SEO plugin v27.4 - https:\/\/yoast.com\/product\/yoast-seo-wordpress\/ -->\n<title>CannaVis Pedesetka cvijet konoplje 50g<\/title>\n<meta name=\"description\" content=\"CannaVis Pedesetka cvijet konoplje 50g kupite po najpovoljnijoj cijeni na tr\u017ei\u0161tu. CannaVis prva vi\u0161ka \u010dokolada uskoro na tr\u017ei\u0161tu-CBD\" \/>\n<meta name=\"robots\" content=\"index, follow, max-snippet:-1, max-image-preview:large, max-video-preview:-1\" \/>\n<link rel=\"canonical\" href=\"https:\/\/cannavis.eu\/en\/proizvodi\/cannavis-pedesetka-hemp-buds-50g\/\" \/>\n<meta property=\"og:locale\" content=\"en_US\" \/>\n<meta property=\"og:type\" content=\"article\" \/>\n<meta property=\"og:title\" content=\"CannaVis Pedesetka cvijet konoplje 50g\" \/>\n<meta property=\"og:description\" content=\"CannaVis Pedesetka cvijet konoplje 50g\" \/>\n<meta property=\"og:url\" content=\"https:\/\/cannavis.eu\/en\/proizvodi\/cannavis-pedesetka-hemp-buds-50g\/\" \/>\n<meta property=\"og:site_name\" content=\"Cannavis konoplja sa otoka Visa\" \/>\n<meta property=\"article:modified_time\" content=\"2026-03-29T14:53:13+00:00\" \/>\n<meta property=\"og:image\" content=\"https:\/\/cannavis.eu\/wp-content\/uploads\/2022\/10\/CannaVis-Pedesetka-cvijet-konoplje-50g-256x300.jpg\" \/>\n<meta name=\"twitter:card\" content=\"summary_large_image\" \/>\n<meta name=\"twitter:label1\" content=\"Est. reading time\" \/>\n\t<meta name=\"twitter:data1\" content=\"2 minutes\" \/>\n<script type=\"application\/ld+json\" class=\"yoast-schema-graph\">{\"@context\":\"https:\\\/\\\/schema.org\",\"@graph\":[{\"@type\":\"WebPage\",\"@id\":\"https:\\\/\\\/cannavis.eu\\\/en\\\/proizvodi\\\/cannavis-pedesetka-hemp-buds-50g\\\/\",\"url\":\"https:\\\/\\\/cannavis.eu\\\/en\\\/proizvodi\\\/cannavis-pedesetka-hemp-buds-50g\\\/\",\"name\":\"CannaVis Pedesetka cvijet konoplje 50g\",\"isPartOf\":{\"@id\":\"https:\\\/\\\/cannavis.eu\\\/en\\\/#website\"},\"primaryImageOfPage\":{\"@id\":\"https:\\\/\\\/cannavis.eu\\\/en\\\/proizvodi\\\/cannavis-pedesetka-hemp-buds-50g\\\/#primaryimage\"},\"image\":{\"@id\":\"https:\\\/\\\/cannavis.eu\\\/en\\\/proizvodi\\\/cannavis-pedesetka-hemp-buds-50g\\\/#primaryimage\"},\"thumbnailUrl\":\"https:\\\/\\\/cannavis.eu\\\/wp-content\\\/uploads\\\/2022\\\/10\\\/CannaVis-Pedesetka.png\",\"datePublished\":\"2022-10-26T13:06:35+00:00\",\"dateModified\":\"2026-03-29T14:53:13+00:00\",\"description\":\"CannaVis Pedesetka cvijet konoplje 50g kupite po najpovoljnijoj cijeni na tr\u017ei\u0161tu. CannaVis prva vi\u0161ka \u010dokolada uskoro na tr\u017ei\u0161tu-CBD\",\"breadcrumb\":{\"@id\":\"https:\\\/\\\/cannavis.eu\\\/en\\\/proizvodi\\\/cannavis-pedesetka-hemp-buds-50g\\\/#breadcrumb\"},\"inLanguage\":\"en-US\",\"potentialAction\":[{\"@type\":\"ReadAction\",\"target\":[\"https:\\\/\\\/cannavis.eu\\\/en\\\/proizvodi\\\/cannavis-pedesetka-hemp-buds-50g\\\/\"]}]},{\"@type\":\"ImageObject\",\"inLanguage\":\"en-US\",\"@id\":\"https:\\\/\\\/cannavis.eu\\\/en\\\/proizvodi\\\/cannavis-pedesetka-hemp-buds-50g\\\/#primaryimage\",\"url\":\"https:\\\/\\\/cannavis.eu\\\/wp-content\\\/uploads\\\/2022\\\/10\\\/CannaVis-Pedesetka.png\",\"contentUrl\":\"https:\\\/\\\/cannavis.eu\\\/wp-content\\\/uploads\\\/2022\\\/10\\\/CannaVis-Pedesetka.png\",\"width\":800,\"height\":800},{\"@type\":\"BreadcrumbList\",\"@id\":\"https:\\\/\\\/cannavis.eu\\\/en\\\/proizvodi\\\/cannavis-pedesetka-hemp-buds-50g\\\/#breadcrumb\",\"itemListElement\":[{\"@type\":\"ListItem\",\"position\":1,\"name\":\"Home\",\"item\":\"https:\\\/\\\/cannavis.eu\\\/en\\\/\"},{\"@type\":\"ListItem\",\"position\":2,\"name\":\"Products\",\"item\":\"https:\\\/\\\/cannavis.eu\\\/en\\\/products\\\/\"},{\"@type\":\"ListItem\",\"position\":3,\"name\":\"CannaVis Pedesetka hemp flower 50g\"}]},{\"@type\":\"WebSite\",\"@id\":\"https:\\\/\\\/cannavis.eu\\\/en\\\/#website\",\"url\":\"https:\\\/\\\/cannavis.eu\\\/en\\\/\",\"name\":\"Cannavis konoplja sa otoka Visa\",\"description\":\"CannaVis industrijska konoplja cvijet sa otoka Visa\",\"publisher\":{\"@id\":\"https:\\\/\\\/cannavis.eu\\\/en\\\/#organization\"},\"potentialAction\":[{\"@type\":\"SearchAction\",\"target\":{\"@type\":\"EntryPoint\",\"urlTemplate\":\"https:\\\/\\\/cannavis.eu\\\/en\\\/?s={search_term_string}\"},\"query-input\":{\"@type\":\"PropertyValueSpecification\",\"valueRequired\":true,\"valueName\":\"search_term_string\"}}],\"inLanguage\":\"en-US\"},{\"@type\":\"Organization\",\"@id\":\"https:\\\/\\\/cannavis.eu\\\/en\\\/#organization\",\"name\":\"Cannavis konoplja sa otoka Visa\",\"url\":\"https:\\\/\\\/cannavis.eu\\\/en\\\/\",\"logo\":{\"@type\":\"ImageObject\",\"inLanguage\":\"en-US\",\"@id\":\"https:\\\/\\\/cannavis.eu\\\/en\\\/#\\\/schema\\\/logo\\\/image\\\/\",\"url\":\"https:\\\/\\\/cannavis.eu\\\/wp-content\\\/uploads\\\/2021\\\/06\\\/CannaVis-logo.png\",\"contentUrl\":\"https:\\\/\\\/cannavis.eu\\\/wp-content\\\/uploads\\\/2021\\\/06\\\/CannaVis-logo.png\",\"width\":160,\"height\":65,\"caption\":\"Cannavis konoplja sa otoka Visa\"},\"image\":{\"@id\":\"https:\\\/\\\/cannavis.eu\\\/en\\\/#\\\/schema\\\/logo\\\/image\\\/\"}}]}<\/script>\n<!-- \/ Yoast SEO plugin. -->","yoast_head_json":{"title":"CannaVis Pedesetka cvijet konoplje 50g","description":"CannaVis Pedesetka cvijet konoplje 50g kupite po najpovoljnijoj cijeni na tr\u017ei\u0161tu. CannaVis prva vi\u0161ka \u010dokolada uskoro na tr\u017ei\u0161tu-CBD","robots":{"index":"index","follow":"follow","max-snippet":"max-snippet:-1","max-image-preview":"max-image-preview:large","max-video-preview":"max-video-preview:-1"},"canonical":"https:\/\/cannavis.eu\/en\/proizvodi\/cannavis-pedesetka-hemp-buds-50g\/","og_locale":"en_US","og_type":"article","og_title":"CannaVis Pedesetka cvijet konoplje 50g","og_description":"CannaVis Pedesetka cvijet konoplje 50g","og_url":"https:\/\/cannavis.eu\/en\/proizvodi\/cannavis-pedesetka-hemp-buds-50g\/","og_site_name":"Cannavis konoplja sa otoka Visa","article_modified_time":"2026-03-29T14:53:13+00:00","og_image":[{"url":"https:\/\/cannavis.eu\/wp-content\/uploads\/2022\/10\/CannaVis-Pedesetka-cvijet-konoplje-50g-256x300.jpg","type":"","width":"","height":""}],"twitter_card":"summary_large_image","twitter_misc":{"Est. reading time":"2 minutes"},"schema":{"@context":"https:\/\/schema.org","@graph":[{"@type":"WebPage","@id":"https:\/\/cannavis.eu\/en\/proizvodi\/cannavis-pedesetka-hemp-buds-50g\/","url":"https:\/\/cannavis.eu\/en\/proizvodi\/cannavis-pedesetka-hemp-buds-50g\/","name":"CannaVis Pedesetka cvijet konoplje 50g","isPartOf":{"@id":"https:\/\/cannavis.eu\/en\/#website"},"primaryImageOfPage":{"@id":"https:\/\/cannavis.eu\/en\/proizvodi\/cannavis-pedesetka-hemp-buds-50g\/#primaryimage"},"image":{"@id":"https:\/\/cannavis.eu\/en\/proizvodi\/cannavis-pedesetka-hemp-buds-50g\/#primaryimage"},"thumbnailUrl":"https:\/\/cannavis.eu\/wp-content\/uploads\/2022\/10\/CannaVis-Pedesetka.png","datePublished":"2022-10-26T13:06:35+00:00","dateModified":"2026-03-29T14:53:13+00:00","description":"CannaVis Pedesetka cvijet konoplje 50g kupite po najpovoljnijoj cijeni na tr\u017ei\u0161tu. CannaVis prva vi\u0161ka \u010dokolada uskoro na tr\u017ei\u0161tu-CBD","breadcrumb":{"@id":"https:\/\/cannavis.eu\/en\/proizvodi\/cannavis-pedesetka-hemp-buds-50g\/#breadcrumb"},"inLanguage":"en-US","potentialAction":[{"@type":"ReadAction","target":["https:\/\/cannavis.eu\/en\/proizvodi\/cannavis-pedesetka-hemp-buds-50g\/"]}]},{"@type":"ImageObject","inLanguage":"en-US","@id":"https:\/\/cannavis.eu\/en\/proizvodi\/cannavis-pedesetka-hemp-buds-50g\/#primaryimage","url":"https:\/\/cannavis.eu\/wp-content\/uploads\/2022\/10\/CannaVis-Pedesetka.png","contentUrl":"https:\/\/cannavis.eu\/wp-content\/uploads\/2022\/10\/CannaVis-Pedesetka.png","width":800,"height":800},{"@type":"BreadcrumbList","@id":"https:\/\/cannavis.eu\/en\/proizvodi\/cannavis-pedesetka-hemp-buds-50g\/#breadcrumb","itemListElement":[{"@type":"ListItem","position":1,"name":"Home","item":"https:\/\/cannavis.eu\/en\/"},{"@type":"ListItem","position":2,"name":"Products","item":"https:\/\/cannavis.eu\/en\/products\/"},{"@type":"ListItem","position":3,"name":"CannaVis Pedesetka hemp flower 50g"}]},{"@type":"WebSite","@id":"https:\/\/cannavis.eu\/en\/#website","url":"https:\/\/cannavis.eu\/en\/","name":"Cannavis konoplja sa otoka Visa","description":"CannaVis industrijska konoplja cvijet sa otoka Visa","publisher":{"@id":"https:\/\/cannavis.eu\/en\/#organization"},"potentialAction":[{"@type":"SearchAction","target":{"@type":"EntryPoint","urlTemplate":"https:\/\/cannavis.eu\/en\/?s={search_term_string}"},"query-input":{"@type":"PropertyValueSpecification","valueRequired":true,"valueName":"search_term_string"}}],"inLanguage":"en-US"},{"@type":"Organization","@id":"https:\/\/cannavis.eu\/en\/#organization","name":"Cannavis konoplja sa otoka Visa","url":"https:\/\/cannavis.eu\/en\/","logo":{"@type":"ImageObject","inLanguage":"en-US","@id":"https:\/\/cannavis.eu\/en\/#\/schema\/logo\/image\/","url":"https:\/\/cannavis.eu\/wp-content\/uploads\/2021\/06\/CannaVis-logo.png","contentUrl":"https:\/\/cannavis.eu\/wp-content\/uploads\/2021\/06\/CannaVis-logo.png","width":160,"height":65,"caption":"Cannavis konoplja sa otoka Visa"},"image":{"@id":"https:\/\/cannavis.eu\/en\/#\/schema\/logo\/image\/"}}]}},"jetpack_sharing_enabled":true,"_links":{"self":[{"href":"https:\/\/cannavis.eu\/en\/wp-json\/wp\/v2\/product\/2672","targetHints":{"allow":["GET"]}}],"collection":[{"href":"https:\/\/cannavis.eu\/en\/wp-json\/wp\/v2\/product"}],"about":[{"href":"https:\/\/cannavis.eu\/en\/wp-json\/wp\/v2\/types\/product"}],"replies":[{"embeddable":true,"href":"https:\/\/cannavis.eu\/en\/wp-json\/wp\/v2\/comments?post=2672"}],"wp:featuredmedia":[{"embeddable":true,"href":"https:\/\/cannavis.eu\/en\/wp-json\/wp\/v2\/media\/4317"}],"wp:attachment":[{"href":"https:\/\/cannavis.eu\/en\/wp-json\/wp\/v2\/media?parent=2672"}],"wp:term":[{"taxonomy":"product_brand","embeddable":true,"href":"https:\/\/cannavis.eu\/en\/wp-json\/wp\/v2\/product_brand?post=2672"},{"taxonomy":"product_cat","embeddable":true,"href":"https:\/\/cannavis.eu\/en\/wp-json\/wp\/v2\/product_cat?post=2672"},{"taxonomy":"product_tag","embeddable":true,"href":"https:\/\/cannavis.eu\/en\/wp-json\/wp\/v2\/product_tag?post=2672"}],"curies":[{"name":"wp","href":"https:\/\/api.w.org\/{rel}","templated":true}]}}