{"id":2888,"date":"2024-01-04T15:05:47","date_gmt":"2024-01-04T15:05:47","guid":{"rendered":"https:\/\/cannavis.eu\/proizvod\/cannavis-anti-aging-cbd-serum\/"},"modified":"2026-04-29T08:39:39","modified_gmt":"2026-04-29T06:39:39","slug":"cannavis-anti-aging-cbd-serum","status":"publish","type":"product","link":"https:\/\/cannavis.eu\/en\/proizvodi\/cannavis-anti-aging-cbd-serum\/","title":{"rendered":"Cannavis Anti &#8211; Aging CBD serum"},"content":{"rendered":"<p>Cannavis Anti-Aging CBD serum is the newest product from the CannaVis cosmetics line.<\/p>\n<p>&nbsp;<\/p>\n<p>CannaVis presents its revolutionary CBD anti-aging serum, designed to provide superior skin care that fights the signs of aging. This serum combines the power of CBD with innovative ingredients to provide a unique formula that nourishes, hydrates and revitalizes the skin.<\/p>\n<p>The serum is enriched with vitamins, essential oils and plant extracts that stimulate the production of collagen, which improves skin elasticity.<\/p>\n<p>We will give you some reasons why cbd is good for your skin<\/p>\n<p>It has anti-inflammatory properties<\/p>\n<p>Controls the formation of acne<\/p>\n<p>Hydrates the skin<\/p>\n<p>Soothes sensitive skin<\/p>\n<p>Reduces wrinkles<\/p>\n<p>Prevents aging<\/p>\n<p>Gentle on the skin<\/p>\n<p>It wipes the stress off your face<\/p>\n<p>&nbsp;<\/p>\n<p>CBD, or cannabidiol, is known for its powerful antioxidant properties that help neutralize free radicals and reduce skin inflammation.<\/p>\n<p>CannaVis anti-aging serum sadr\u017ei<\/p>\n<p>Ulje konoplje<\/p>\n<p>Ekstrakt kavijara<\/p>\n<p>Shea maslac<\/p>\n<p>Konjac korijen<\/p>\n<p>&nbsp;<\/p>\n<p>Ekstrakt kavijara\u00a0se u njezi ko\u017ee koristi za hidratiziranje ko\u017ee, popunjavanje sitnih bora, a istovremeno smanjuje upalu. Pobolj\u0161ava teksturu ko\u017ee jer sadr\u017ei omega-3, antioksidanse i vitamine.<\/p>\n<p>Shea maslac\u00a0neizostavni sastojak u njezi ko\u017ee i kose zbog njegovog blagotvornog djelovanja. Shea maslac sadr\u017ei masne kiseline, a one podmazuju ko\u017eu i odr\u017eavaju je vla\u017enom. Sadr\u017ei protuupalne tvari te se koristi kod opeklina od sunca, ispucale ko\u017ee, i kod iritirane ko\u017ee.<\/p>\n<p>Sadr\u017ei jo\u0161 dva prirodna\u00a0 antioksidantna koja su klju\u010dna u borbi protiv starenja, a to su vitamin A i vitamin E.<\/p>\n<p>Konjac korijen\u00a0je nevjerojatni sastojak u njezi ko\u017ee jer zadr\u017eava visoku razinu vlage, zagla\u0111uje bore i odr\u017eava na\u0161u epidermu zdravom. Svakodnevnim kori\u0161tenjem konjaca vidjet \u0107ete gladak i blistav ten koji ne\u0107ete mo\u0107i sakriti.<\/p>\n<p>Ova lagana formula brzo se upija, ne ostavljaju\u0107i masni trag, pru\u017eaju\u0107i trenuta\u010dni osje\u0107aj hidratacije. Redovitom upotrebom Cannavis Anti &#8211; Aging CBD serum, primijetit \u0107ete smanjenje sitnih linija i bora, pobolj\u0161an tonus ko\u017ee te op\u0107u revitalizaciju izgleda ko\u017ee.<\/p>\n<p>CannaVisa je pa\u017eljivo odabrao najkvalitetniji CBD ekstrakt kako bi osigurao maksimalne beneficije za ko\u017eu.<\/p>\n<p>Isprobajte CannaVis CBD anti-aging serum i do\u017eivite transformaciju svoje ko\u017ee uz potpunu sigurnost i kvalitetu koji pru\u017ea ovi vrhunski serum,<\/p>\n<p>Ako tra\u017eite Anti- Aging serum sa konopljom ne tra\u017eite dalje na pravom ste mjestu.<\/p>\n<p>Pakiranje: 50 ml<\/p>\n<p>\u010cuvati na hladnom i tamnom mjestu<\/p>\n<p>Sastojci: Aqua, Squalane, Glycerin, Panthenol, Buttyrospermum Parkii butter, Oleyl Erucate, Cannabis Sativa seed oil, Glyceryl, Oleate, Tocopheryl Acetate, Glycerl stearate, Polyacrylamide, Caviar Extract, Cannabidiol, Camelia, Synensis leaf extract, Amorolphellus konjac root extract, Phenoxyethanol, Propylene glycol, laureth-7, C13-14 Isoparaffin ethylhexyl- glycetin, parfum, alpha- isomethyl ionone.<\/p>\n<p>Proizvedeno za:<\/p>\n<p>Karika Vis doo<\/p>\n<p>Donje Kunjanovo 6<\/p>\n<p>21480 Vis<\/p>\n","protected":false},"excerpt":{"rendered":"<p>For revitalized and youthful skin, choose CannaVis anti aging serum, which contains natural ingredients with powerful antioxidants<\/p>\n<p>to make your skin look radiant and youthful.<\/p>\n<p>Reduce stress on your skin and turn back its years.<\/p>\n","protected":false},"featured_media":4402,"comment_status":"open","ping_status":"closed","template":"","meta":{"_eb_attr":"","_joinchat":[]},"product_brand":[],"product_cat":[124],"product_tag":[901,1177,1163,630,132],"class_list":{"0":"post-2888","1":"product","2":"type-product","3":"status-publish","4":"has-post-thumbnail","6":"product_cat-cannavis-cosmetics","7":"product_tag-anti-age-en","8":"product_tag-anti-aging-en","9":"product_tag-anti-wrinkle","10":"product_tag-cbd-serum-en","11":"product_tag-cosmetics","13":"first","14":"instock","15":"shipping-taxable","16":"purchasable","17":"product-type-simple"},"yoast_head":"<!-- This site is optimized with the Yoast SEO plugin v27.4 - https:\/\/yoast.com\/product\/yoast-seo-wordpress\/ -->\n<title>Cannavis Anti - Aging CBD serum - Cannavis konoplja sa otoka Visa<\/title>\n<meta name=\"robots\" content=\"index, follow, max-snippet:-1, max-image-preview:large, max-video-preview:-1\" \/>\n<link rel=\"canonical\" href=\"https:\/\/cannavis.eu\/en\/proizvodi\/cannavis-anti-aging-cbd-serum\/\" \/>\n<meta property=\"og:locale\" content=\"en_US\" \/>\n<meta property=\"og:type\" content=\"article\" \/>\n<meta property=\"og:title\" content=\"Cannavis Anti - Aging CBD serum - Cannavis konoplja sa otoka Visa\" \/>\n<meta property=\"og:description\" content=\"For revitalized and youthful skin, choose CannaVis anti aging serum, which contains natural ingredients with powerful antioxidants  to make your skin look radiant and youthful.  Reduce stress on your skin and turn back its years.\" \/>\n<meta property=\"og:url\" content=\"https:\/\/cannavis.eu\/en\/proizvodi\/cannavis-anti-aging-cbd-serum\/\" \/>\n<meta property=\"og:site_name\" content=\"Cannavis konoplja sa otoka Visa\" \/>\n<meta property=\"article:modified_time\" content=\"2026-04-29T06:39:39+00:00\" \/>\n<meta property=\"og:image\" content=\"https:\/\/cannavis.eu\/wp-content\/uploads\/2024\/01\/CannaVis-CBD-anti-age-serum.png\" \/>\n\t<meta property=\"og:image:width\" content=\"800\" \/>\n\t<meta property=\"og:image:height\" content=\"800\" \/>\n\t<meta property=\"og:image:type\" content=\"image\/png\" \/>\n<meta name=\"twitter:card\" content=\"summary_large_image\" \/>\n<meta name=\"twitter:label1\" content=\"Est. reading time\" \/>\n\t<meta name=\"twitter:data1\" content=\"2 minutes\" \/>\n<script type=\"application\/ld+json\" class=\"yoast-schema-graph\">{\"@context\":\"https:\\\/\\\/schema.org\",\"@graph\":[{\"@type\":\"WebPage\",\"@id\":\"https:\\\/\\\/cannavis.eu\\\/en\\\/proizvodi\\\/cannavis-anti-aging-cbd-serum\\\/\",\"url\":\"https:\\\/\\\/cannavis.eu\\\/en\\\/proizvodi\\\/cannavis-anti-aging-cbd-serum\\\/\",\"name\":\"Cannavis Anti - Aging CBD serum - Cannavis konoplja sa otoka Visa\",\"isPartOf\":{\"@id\":\"https:\\\/\\\/cannavis.eu\\\/en\\\/#website\"},\"primaryImageOfPage\":{\"@id\":\"https:\\\/\\\/cannavis.eu\\\/en\\\/proizvodi\\\/cannavis-anti-aging-cbd-serum\\\/#primaryimage\"},\"image\":{\"@id\":\"https:\\\/\\\/cannavis.eu\\\/en\\\/proizvodi\\\/cannavis-anti-aging-cbd-serum\\\/#primaryimage\"},\"thumbnailUrl\":\"https:\\\/\\\/cannavis.eu\\\/wp-content\\\/uploads\\\/2024\\\/01\\\/CannaVis-CBD-anti-age-serum.png\",\"datePublished\":\"2024-01-04T15:05:47+00:00\",\"dateModified\":\"2026-04-29T06:39:39+00:00\",\"breadcrumb\":{\"@id\":\"https:\\\/\\\/cannavis.eu\\\/en\\\/proizvodi\\\/cannavis-anti-aging-cbd-serum\\\/#breadcrumb\"},\"inLanguage\":\"en-US\",\"potentialAction\":[{\"@type\":\"ReadAction\",\"target\":[\"https:\\\/\\\/cannavis.eu\\\/en\\\/proizvodi\\\/cannavis-anti-aging-cbd-serum\\\/\"]}]},{\"@type\":\"ImageObject\",\"inLanguage\":\"en-US\",\"@id\":\"https:\\\/\\\/cannavis.eu\\\/en\\\/proizvodi\\\/cannavis-anti-aging-cbd-serum\\\/#primaryimage\",\"url\":\"https:\\\/\\\/cannavis.eu\\\/wp-content\\\/uploads\\\/2024\\\/01\\\/CannaVis-CBD-anti-age-serum.png\",\"contentUrl\":\"https:\\\/\\\/cannavis.eu\\\/wp-content\\\/uploads\\\/2024\\\/01\\\/CannaVis-CBD-anti-age-serum.png\",\"width\":800,\"height\":800},{\"@type\":\"BreadcrumbList\",\"@id\":\"https:\\\/\\\/cannavis.eu\\\/en\\\/proizvodi\\\/cannavis-anti-aging-cbd-serum\\\/#breadcrumb\",\"itemListElement\":[{\"@type\":\"ListItem\",\"position\":1,\"name\":\"Home\",\"item\":\"https:\\\/\\\/cannavis.eu\\\/en\\\/\"},{\"@type\":\"ListItem\",\"position\":2,\"name\":\"Products\",\"item\":\"https:\\\/\\\/cannavis.eu\\\/en\\\/products\\\/\"},{\"@type\":\"ListItem\",\"position\":3,\"name\":\"Cannavis Anti &#8211; Aging CBD serum\"}]},{\"@type\":\"WebSite\",\"@id\":\"https:\\\/\\\/cannavis.eu\\\/en\\\/#website\",\"url\":\"https:\\\/\\\/cannavis.eu\\\/en\\\/\",\"name\":\"Cannavis konoplja sa otoka Visa\",\"description\":\"CannaVis industrijska konoplja cvijet sa otoka Visa\",\"publisher\":{\"@id\":\"https:\\\/\\\/cannavis.eu\\\/en\\\/#organization\"},\"potentialAction\":[{\"@type\":\"SearchAction\",\"target\":{\"@type\":\"EntryPoint\",\"urlTemplate\":\"https:\\\/\\\/cannavis.eu\\\/en\\\/?s={search_term_string}\"},\"query-input\":{\"@type\":\"PropertyValueSpecification\",\"valueRequired\":true,\"valueName\":\"search_term_string\"}}],\"inLanguage\":\"en-US\"},{\"@type\":\"Organization\",\"@id\":\"https:\\\/\\\/cannavis.eu\\\/en\\\/#organization\",\"name\":\"Cannavis konoplja sa otoka Visa\",\"url\":\"https:\\\/\\\/cannavis.eu\\\/en\\\/\",\"logo\":{\"@type\":\"ImageObject\",\"inLanguage\":\"en-US\",\"@id\":\"https:\\\/\\\/cannavis.eu\\\/en\\\/#\\\/schema\\\/logo\\\/image\\\/\",\"url\":\"https:\\\/\\\/cannavis.eu\\\/wp-content\\\/uploads\\\/2021\\\/06\\\/CannaVis-logo.png\",\"contentUrl\":\"https:\\\/\\\/cannavis.eu\\\/wp-content\\\/uploads\\\/2021\\\/06\\\/CannaVis-logo.png\",\"width\":160,\"height\":65,\"caption\":\"Cannavis konoplja sa otoka Visa\"},\"image\":{\"@id\":\"https:\\\/\\\/cannavis.eu\\\/en\\\/#\\\/schema\\\/logo\\\/image\\\/\"}}]}<\/script>\n<!-- \/ Yoast SEO plugin. -->","yoast_head_json":{"title":"Cannavis Anti - Aging CBD serum - Cannavis konoplja sa otoka Visa","robots":{"index":"index","follow":"follow","max-snippet":"max-snippet:-1","max-image-preview":"max-image-preview:large","max-video-preview":"max-video-preview:-1"},"canonical":"https:\/\/cannavis.eu\/en\/proizvodi\/cannavis-anti-aging-cbd-serum\/","og_locale":"en_US","og_type":"article","og_title":"Cannavis Anti - Aging CBD serum - Cannavis konoplja sa otoka Visa","og_description":"For revitalized and youthful skin, choose CannaVis anti aging serum, which contains natural ingredients with powerful antioxidants  to make your skin look radiant and youthful.  Reduce stress on your skin and turn back its years.","og_url":"https:\/\/cannavis.eu\/en\/proizvodi\/cannavis-anti-aging-cbd-serum\/","og_site_name":"Cannavis konoplja sa otoka Visa","article_modified_time":"2026-04-29T06:39:39+00:00","og_image":[{"width":800,"height":800,"url":"https:\/\/cannavis.eu\/wp-content\/uploads\/2024\/01\/CannaVis-CBD-anti-age-serum.png","type":"image\/png"}],"twitter_card":"summary_large_image","twitter_misc":{"Est. reading time":"2 minutes"},"schema":{"@context":"https:\/\/schema.org","@graph":[{"@type":"WebPage","@id":"https:\/\/cannavis.eu\/en\/proizvodi\/cannavis-anti-aging-cbd-serum\/","url":"https:\/\/cannavis.eu\/en\/proizvodi\/cannavis-anti-aging-cbd-serum\/","name":"Cannavis Anti - Aging CBD serum - Cannavis konoplja sa otoka Visa","isPartOf":{"@id":"https:\/\/cannavis.eu\/en\/#website"},"primaryImageOfPage":{"@id":"https:\/\/cannavis.eu\/en\/proizvodi\/cannavis-anti-aging-cbd-serum\/#primaryimage"},"image":{"@id":"https:\/\/cannavis.eu\/en\/proizvodi\/cannavis-anti-aging-cbd-serum\/#primaryimage"},"thumbnailUrl":"https:\/\/cannavis.eu\/wp-content\/uploads\/2024\/01\/CannaVis-CBD-anti-age-serum.png","datePublished":"2024-01-04T15:05:47+00:00","dateModified":"2026-04-29T06:39:39+00:00","breadcrumb":{"@id":"https:\/\/cannavis.eu\/en\/proizvodi\/cannavis-anti-aging-cbd-serum\/#breadcrumb"},"inLanguage":"en-US","potentialAction":[{"@type":"ReadAction","target":["https:\/\/cannavis.eu\/en\/proizvodi\/cannavis-anti-aging-cbd-serum\/"]}]},{"@type":"ImageObject","inLanguage":"en-US","@id":"https:\/\/cannavis.eu\/en\/proizvodi\/cannavis-anti-aging-cbd-serum\/#primaryimage","url":"https:\/\/cannavis.eu\/wp-content\/uploads\/2024\/01\/CannaVis-CBD-anti-age-serum.png","contentUrl":"https:\/\/cannavis.eu\/wp-content\/uploads\/2024\/01\/CannaVis-CBD-anti-age-serum.png","width":800,"height":800},{"@type":"BreadcrumbList","@id":"https:\/\/cannavis.eu\/en\/proizvodi\/cannavis-anti-aging-cbd-serum\/#breadcrumb","itemListElement":[{"@type":"ListItem","position":1,"name":"Home","item":"https:\/\/cannavis.eu\/en\/"},{"@type":"ListItem","position":2,"name":"Products","item":"https:\/\/cannavis.eu\/en\/products\/"},{"@type":"ListItem","position":3,"name":"Cannavis Anti &#8211; Aging CBD serum"}]},{"@type":"WebSite","@id":"https:\/\/cannavis.eu\/en\/#website","url":"https:\/\/cannavis.eu\/en\/","name":"Cannavis konoplja sa otoka Visa","description":"CannaVis industrijska konoplja cvijet sa otoka Visa","publisher":{"@id":"https:\/\/cannavis.eu\/en\/#organization"},"potentialAction":[{"@type":"SearchAction","target":{"@type":"EntryPoint","urlTemplate":"https:\/\/cannavis.eu\/en\/?s={search_term_string}"},"query-input":{"@type":"PropertyValueSpecification","valueRequired":true,"valueName":"search_term_string"}}],"inLanguage":"en-US"},{"@type":"Organization","@id":"https:\/\/cannavis.eu\/en\/#organization","name":"Cannavis konoplja sa otoka Visa","url":"https:\/\/cannavis.eu\/en\/","logo":{"@type":"ImageObject","inLanguage":"en-US","@id":"https:\/\/cannavis.eu\/en\/#\/schema\/logo\/image\/","url":"https:\/\/cannavis.eu\/wp-content\/uploads\/2021\/06\/CannaVis-logo.png","contentUrl":"https:\/\/cannavis.eu\/wp-content\/uploads\/2021\/06\/CannaVis-logo.png","width":160,"height":65,"caption":"Cannavis konoplja sa otoka Visa"},"image":{"@id":"https:\/\/cannavis.eu\/en\/#\/schema\/logo\/image\/"}}]}},"jetpack_sharing_enabled":true,"_links":{"self":[{"href":"https:\/\/cannavis.eu\/en\/wp-json\/wp\/v2\/product\/2888","targetHints":{"allow":["GET"]}}],"collection":[{"href":"https:\/\/cannavis.eu\/en\/wp-json\/wp\/v2\/product"}],"about":[{"href":"https:\/\/cannavis.eu\/en\/wp-json\/wp\/v2\/types\/product"}],"replies":[{"embeddable":true,"href":"https:\/\/cannavis.eu\/en\/wp-json\/wp\/v2\/comments?post=2888"}],"wp:featuredmedia":[{"embeddable":true,"href":"https:\/\/cannavis.eu\/en\/wp-json\/wp\/v2\/media\/4402"}],"wp:attachment":[{"href":"https:\/\/cannavis.eu\/en\/wp-json\/wp\/v2\/media?parent=2888"}],"wp:term":[{"taxonomy":"product_brand","embeddable":true,"href":"https:\/\/cannavis.eu\/en\/wp-json\/wp\/v2\/product_brand?post=2888"},{"taxonomy":"product_cat","embeddable":true,"href":"https:\/\/cannavis.eu\/en\/wp-json\/wp\/v2\/product_cat?post=2888"},{"taxonomy":"product_tag","embeddable":true,"href":"https:\/\/cannavis.eu\/en\/wp-json\/wp\/v2\/product_tag?post=2888"}],"curies":[{"name":"wp","href":"https:\/\/api.w.org\/{rel}","templated":true}]}}