{"id":6276,"date":"2024-12-05T19:58:33","date_gmt":"2024-12-05T17:58:33","guid":{"rendered":"https:\/\/cannavis.eu\/proizvodi\/cannavis-pain-relief\/"},"modified":"2026-03-24T01:25:21","modified_gmt":"2026-03-23T23:25:21","slug":"cannavis-pain-relief","status":"publish","type":"product","link":"https:\/\/cannavis.eu\/en\/proizvodi\/cannavis-pain-relief\/","title":{"rendered":"CannaVis Pain Relief"},"content":{"rendered":"<p>CannaVis Pain Relief is an innovative natural balm, designed to provide quick and effective relief from pain and tension. With a combination of carefully selected herbal ingredients and powerful essential oils, this product is ideal for anyone looking for a natural solution to relieve pain, inflammation or muscle tension.<\/p>\n","protected":false},"excerpt":{"rendered":"<p>CannaVis Pain Relief 50 ml is a natural balm for quick relief of pain and muscle tension. With a rich formula that includes Cannabis Sativa Seed Oil, CBD, camphor and mint, this balm provides a soothing effect on the skin, reduces pain and improves circulation. Ideal for relieving pain caused by muscle strain, arthritis and sports injuries. It is quickly absorbed, does not leave greasy traces and comes in a practical 50 ml package.<\/p>\n","protected":false},"featured_media":6245,"comment_status":"open","ping_status":"closed","template":"","meta":{"_eb_attr":"","_joinchat":[]},"product_brand":[],"product_cat":[124],"product_tag":[899,707,522,708,706],"class_list":{"0":"post-6276","1":"product","2":"type-product","3":"status-publish","4":"has-post-thumbnail","6":"product_cat-cannavis-cosmetics","7":"product_tag-bol-u-ledima-en","8":"product_tag-bol-u-vratu-en","9":"product_tag-cannavis-en","10":"product_tag-cbd-za-bol-en","11":"product_tag-ublazavanje-bolova-en","13":"first","14":"instock","15":"shipping-taxable","16":"purchasable","17":"product-type-simple"},"yoast_head":"<!-- This site is optimized with the Yoast SEO plugin v27.3 - https:\/\/yoast.com\/product\/yoast-seo-wordpress\/ -->\n<title>CannaVis Pain Relief - Cannavis konoplja sa otoka Visa<\/title>\n<meta name=\"description\" content=\"CannaVis Pain Relief 50 ml je prirodni balzam za brzo ubla\u017eavanje bolova i mi\u0161i\u0107ne napetosti. S kombinacijom CBD-a, kamfora i mente.\" \/>\n<meta name=\"robots\" content=\"index, follow, max-snippet:-1, max-image-preview:large, max-video-preview:-1\" \/>\n<link rel=\"canonical\" href=\"https:\/\/cannavis.eu\/en\/proizvodi\/cannavis-pain-relief\/\" \/>\n<meta property=\"og:locale\" content=\"en_US\" \/>\n<meta property=\"og:type\" content=\"article\" \/>\n<meta property=\"og:title\" content=\"CannaVis Pain Relief - Cannavis konoplja sa otoka Visa\" \/>\n<meta property=\"og:description\" content=\"CannaVis Pain Relief 50 ml je prirodni balzam za brzo ubla\u017eavanje bolova i mi\u0161i\u0107ne napetosti. S kombinacijom CBD-a, kamfora i mente.\" \/>\n<meta property=\"og:url\" content=\"https:\/\/cannavis.eu\/en\/proizvodi\/cannavis-pain-relief\/\" \/>\n<meta property=\"og:site_name\" content=\"Cannavis konoplja sa otoka Visa\" \/>\n<meta property=\"article:modified_time\" content=\"2026-03-23T23:25:21+00:00\" \/>\n<meta property=\"og:image\" content=\"https:\/\/cannavis.eu\/wp-content\/uploads\/2024\/12\/50-ml-pain-relief.png\" \/>\n\t<meta property=\"og:image:width\" content=\"1000\" \/>\n\t<meta property=\"og:image:height\" content=\"1000\" \/>\n\t<meta property=\"og:image:type\" content=\"image\/png\" \/>\n<meta name=\"twitter:card\" content=\"summary_large_image\" \/>\n<script type=\"application\/ld+json\" class=\"yoast-schema-graph\">{\"@context\":\"https:\\\/\\\/schema.org\",\"@graph\":[{\"@type\":\"WebPage\",\"@id\":\"https:\\\/\\\/cannavis.eu\\\/en\\\/proizvodi\\\/cannavis-pain-relief\\\/\",\"url\":\"https:\\\/\\\/cannavis.eu\\\/en\\\/proizvodi\\\/cannavis-pain-relief\\\/\",\"name\":\"CannaVis Pain Relief - Cannavis konoplja sa otoka Visa\",\"isPartOf\":{\"@id\":\"https:\\\/\\\/cannavis.eu\\\/en\\\/#website\"},\"primaryImageOfPage\":{\"@id\":\"https:\\\/\\\/cannavis.eu\\\/en\\\/proizvodi\\\/cannavis-pain-relief\\\/#primaryimage\"},\"image\":{\"@id\":\"https:\\\/\\\/cannavis.eu\\\/en\\\/proizvodi\\\/cannavis-pain-relief\\\/#primaryimage\"},\"thumbnailUrl\":\"https:\\\/\\\/cannavis.eu\\\/wp-content\\\/uploads\\\/2024\\\/12\\\/50-ml-pain-relief.png\",\"datePublished\":\"2024-12-05T17:58:33+00:00\",\"dateModified\":\"2026-03-23T23:25:21+00:00\",\"description\":\"CannaVis Pain Relief 50 ml je prirodni balzam za brzo ubla\u017eavanje bolova i mi\u0161i\u0107ne napetosti. S kombinacijom CBD-a, kamfora i mente.\",\"breadcrumb\":{\"@id\":\"https:\\\/\\\/cannavis.eu\\\/en\\\/proizvodi\\\/cannavis-pain-relief\\\/#breadcrumb\"},\"inLanguage\":\"en-US\",\"potentialAction\":[{\"@type\":\"ReadAction\",\"target\":[\"https:\\\/\\\/cannavis.eu\\\/en\\\/proizvodi\\\/cannavis-pain-relief\\\/\"]}]},{\"@type\":\"ImageObject\",\"inLanguage\":\"en-US\",\"@id\":\"https:\\\/\\\/cannavis.eu\\\/en\\\/proizvodi\\\/cannavis-pain-relief\\\/#primaryimage\",\"url\":\"https:\\\/\\\/cannavis.eu\\\/wp-content\\\/uploads\\\/2024\\\/12\\\/50-ml-pain-relief.png\",\"contentUrl\":\"https:\\\/\\\/cannavis.eu\\\/wp-content\\\/uploads\\\/2024\\\/12\\\/50-ml-pain-relief.png\",\"width\":1000,\"height\":1000,\"caption\":\"Pain relief\"},{\"@type\":\"BreadcrumbList\",\"@id\":\"https:\\\/\\\/cannavis.eu\\\/en\\\/proizvodi\\\/cannavis-pain-relief\\\/#breadcrumb\",\"itemListElement\":[{\"@type\":\"ListItem\",\"position\":1,\"name\":\"Home\",\"item\":\"https:\\\/\\\/cannavis.eu\\\/en\\\/\"},{\"@type\":\"ListItem\",\"position\":2,\"name\":\"Products\",\"item\":\"https:\\\/\\\/cannavis.eu\\\/en\\\/products\\\/\"},{\"@type\":\"ListItem\",\"position\":3,\"name\":\"CannaVis Pain Relief\"}]},{\"@type\":\"WebSite\",\"@id\":\"https:\\\/\\\/cannavis.eu\\\/en\\\/#website\",\"url\":\"https:\\\/\\\/cannavis.eu\\\/en\\\/\",\"name\":\"Cannavis konoplja sa otoka Visa\",\"description\":\"CannaVis industrijska konoplja cvijet sa otoka Visa\",\"publisher\":{\"@id\":\"https:\\\/\\\/cannavis.eu\\\/en\\\/#organization\"},\"potentialAction\":[{\"@type\":\"SearchAction\",\"target\":{\"@type\":\"EntryPoint\",\"urlTemplate\":\"https:\\\/\\\/cannavis.eu\\\/en\\\/?s={search_term_string}\"},\"query-input\":{\"@type\":\"PropertyValueSpecification\",\"valueRequired\":true,\"valueName\":\"search_term_string\"}}],\"inLanguage\":\"en-US\"},{\"@type\":\"Organization\",\"@id\":\"https:\\\/\\\/cannavis.eu\\\/en\\\/#organization\",\"name\":\"Cannavis konoplja sa otoka Visa\",\"url\":\"https:\\\/\\\/cannavis.eu\\\/en\\\/\",\"logo\":{\"@type\":\"ImageObject\",\"inLanguage\":\"en-US\",\"@id\":\"https:\\\/\\\/cannavis.eu\\\/en\\\/#\\\/schema\\\/logo\\\/image\\\/\",\"url\":\"https:\\\/\\\/cannavis.eu\\\/wp-content\\\/uploads\\\/2021\\\/06\\\/CannaVis-logo.png\",\"contentUrl\":\"https:\\\/\\\/cannavis.eu\\\/wp-content\\\/uploads\\\/2021\\\/06\\\/CannaVis-logo.png\",\"width\":160,\"height\":65,\"caption\":\"Cannavis konoplja sa otoka Visa\"},\"image\":{\"@id\":\"https:\\\/\\\/cannavis.eu\\\/en\\\/#\\\/schema\\\/logo\\\/image\\\/\"}}]}<\/script>\n<!-- \/ Yoast SEO plugin. -->","yoast_head_json":{"title":"CannaVis Pain Relief - Cannavis konoplja sa otoka Visa","description":"CannaVis Pain Relief 50 ml je prirodni balzam za brzo ubla\u017eavanje bolova i mi\u0161i\u0107ne napetosti. S kombinacijom CBD-a, kamfora i mente.","robots":{"index":"index","follow":"follow","max-snippet":"max-snippet:-1","max-image-preview":"max-image-preview:large","max-video-preview":"max-video-preview:-1"},"canonical":"https:\/\/cannavis.eu\/en\/proizvodi\/cannavis-pain-relief\/","og_locale":"en_US","og_type":"article","og_title":"CannaVis Pain Relief - Cannavis konoplja sa otoka Visa","og_description":"CannaVis Pain Relief 50 ml je prirodni balzam za brzo ubla\u017eavanje bolova i mi\u0161i\u0107ne napetosti. S kombinacijom CBD-a, kamfora i mente.","og_url":"https:\/\/cannavis.eu\/en\/proizvodi\/cannavis-pain-relief\/","og_site_name":"Cannavis konoplja sa otoka Visa","article_modified_time":"2026-03-23T23:25:21+00:00","og_image":[{"width":1000,"height":1000,"url":"https:\/\/cannavis.eu\/wp-content\/uploads\/2024\/12\/50-ml-pain-relief.png","type":"image\/png"}],"twitter_card":"summary_large_image","schema":{"@context":"https:\/\/schema.org","@graph":[{"@type":"WebPage","@id":"https:\/\/cannavis.eu\/en\/proizvodi\/cannavis-pain-relief\/","url":"https:\/\/cannavis.eu\/en\/proizvodi\/cannavis-pain-relief\/","name":"CannaVis Pain Relief - Cannavis konoplja sa otoka Visa","isPartOf":{"@id":"https:\/\/cannavis.eu\/en\/#website"},"primaryImageOfPage":{"@id":"https:\/\/cannavis.eu\/en\/proizvodi\/cannavis-pain-relief\/#primaryimage"},"image":{"@id":"https:\/\/cannavis.eu\/en\/proizvodi\/cannavis-pain-relief\/#primaryimage"},"thumbnailUrl":"https:\/\/cannavis.eu\/wp-content\/uploads\/2024\/12\/50-ml-pain-relief.png","datePublished":"2024-12-05T17:58:33+00:00","dateModified":"2026-03-23T23:25:21+00:00","description":"CannaVis Pain Relief 50 ml je prirodni balzam za brzo ubla\u017eavanje bolova i mi\u0161i\u0107ne napetosti. S kombinacijom CBD-a, kamfora i mente.","breadcrumb":{"@id":"https:\/\/cannavis.eu\/en\/proizvodi\/cannavis-pain-relief\/#breadcrumb"},"inLanguage":"en-US","potentialAction":[{"@type":"ReadAction","target":["https:\/\/cannavis.eu\/en\/proizvodi\/cannavis-pain-relief\/"]}]},{"@type":"ImageObject","inLanguage":"en-US","@id":"https:\/\/cannavis.eu\/en\/proizvodi\/cannavis-pain-relief\/#primaryimage","url":"https:\/\/cannavis.eu\/wp-content\/uploads\/2024\/12\/50-ml-pain-relief.png","contentUrl":"https:\/\/cannavis.eu\/wp-content\/uploads\/2024\/12\/50-ml-pain-relief.png","width":1000,"height":1000,"caption":"Pain relief"},{"@type":"BreadcrumbList","@id":"https:\/\/cannavis.eu\/en\/proizvodi\/cannavis-pain-relief\/#breadcrumb","itemListElement":[{"@type":"ListItem","position":1,"name":"Home","item":"https:\/\/cannavis.eu\/en\/"},{"@type":"ListItem","position":2,"name":"Products","item":"https:\/\/cannavis.eu\/en\/products\/"},{"@type":"ListItem","position":3,"name":"CannaVis Pain Relief"}]},{"@type":"WebSite","@id":"https:\/\/cannavis.eu\/en\/#website","url":"https:\/\/cannavis.eu\/en\/","name":"Cannavis konoplja sa otoka Visa","description":"CannaVis industrijska konoplja cvijet sa otoka Visa","publisher":{"@id":"https:\/\/cannavis.eu\/en\/#organization"},"potentialAction":[{"@type":"SearchAction","target":{"@type":"EntryPoint","urlTemplate":"https:\/\/cannavis.eu\/en\/?s={search_term_string}"},"query-input":{"@type":"PropertyValueSpecification","valueRequired":true,"valueName":"search_term_string"}}],"inLanguage":"en-US"},{"@type":"Organization","@id":"https:\/\/cannavis.eu\/en\/#organization","name":"Cannavis konoplja sa otoka Visa","url":"https:\/\/cannavis.eu\/en\/","logo":{"@type":"ImageObject","inLanguage":"en-US","@id":"https:\/\/cannavis.eu\/en\/#\/schema\/logo\/image\/","url":"https:\/\/cannavis.eu\/wp-content\/uploads\/2021\/06\/CannaVis-logo.png","contentUrl":"https:\/\/cannavis.eu\/wp-content\/uploads\/2021\/06\/CannaVis-logo.png","width":160,"height":65,"caption":"Cannavis konoplja sa otoka Visa"},"image":{"@id":"https:\/\/cannavis.eu\/en\/#\/schema\/logo\/image\/"}}]}},"jetpack_sharing_enabled":true,"_links":{"self":[{"href":"https:\/\/cannavis.eu\/en\/wp-json\/wp\/v2\/product\/6276","targetHints":{"allow":["GET"]}}],"collection":[{"href":"https:\/\/cannavis.eu\/en\/wp-json\/wp\/v2\/product"}],"about":[{"href":"https:\/\/cannavis.eu\/en\/wp-json\/wp\/v2\/types\/product"}],"replies":[{"embeddable":true,"href":"https:\/\/cannavis.eu\/en\/wp-json\/wp\/v2\/comments?post=6276"}],"wp:featuredmedia":[{"embeddable":true,"href":"https:\/\/cannavis.eu\/en\/wp-json\/wp\/v2\/media\/6245"}],"wp:attachment":[{"href":"https:\/\/cannavis.eu\/en\/wp-json\/wp\/v2\/media?parent=6276"}],"wp:term":[{"taxonomy":"product_brand","embeddable":true,"href":"https:\/\/cannavis.eu\/en\/wp-json\/wp\/v2\/product_brand?post=6276"},{"taxonomy":"product_cat","embeddable":true,"href":"https:\/\/cannavis.eu\/en\/wp-json\/wp\/v2\/product_cat?post=6276"},{"taxonomy":"product_tag","embeddable":true,"href":"https:\/\/cannavis.eu\/en\/wp-json\/wp\/v2\/product_tag?post=6276"}],"curies":[{"name":"wp","href":"https:\/\/api.w.org\/{rel}","templated":true}]}}