{"id":7911,"date":"2025-02-16T18:51:17","date_gmt":"2025-02-16T16:51:17","guid":{"rendered":"https:\/\/cannavis.eu\/proizvodi\/cannavis-hemp-socks\/"},"modified":"2025-11-25T13:36:19","modified_gmt":"2025-11-25T11:36:19","slug":"cannavis-hemp-socks","status":"publish","type":"product","link":"https:\/\/cannavis.eu\/en\/proizvodi\/cannavis-hemp-socks\/","title":{"rendered":"CannaVis hemp socks"},"content":{"rendered":"<p>CannaVis Hemp Socks \u2013 Natural Comfort and Long-Lasting Freshness<br \/>\nDiscover unparalleled comfort and quality with our CannaVis hemp socks \u2013 the perfect blend of natural materials and modern design. Our socks are made from high-quality hemp, known for its antibacterial and anti-allergic properties, making them the ideal choice for everyday wear. Whether you are looking for the perfect socks for work, leisure or outdoor activities, CannaVis hemp socks provide superior comfort and breathability throughout the day.<\/p>\n<p>Why choose CannaVis hemp socks?<br \/>\nNatural breathability and freshness: Hemp is a natural material that allows the skin to breathe, reducing sweating and unpleasant odors. Your feet will stay fresh and dry all day long.<br \/>\nAn environmentally friendly choice: Hemp is a sustainable material that is grown without pesticides and with minimal impact on the environment. By choosing CannaVis socks, you support ecological production and nature conservation.<br \/>\nDurability and longevity: Hemp fibers are known for their resilience, which means your socks will last longer compared to conventional cotton socks.<br \/>\nIdeal for sensitive skin<br \/>\nIf you have sensitive skin or are prone to allergies, CannaVis socks are the right choice. The natural properties of hemp reduce the risk of irritation and provide tenderness to your feet.<\/p>\n<p>Socks composition:<br \/>\n46% hemp<br \/>\n35% organic cotton<br \/>\n16% polyamide<br \/>\n2% elastane<br \/>\n1% polypropylene<br \/>\nTreat your feet to the best!<br \/>\nCannaVis socks are not just a fashion accessory, but also a step towards a healthier and more environmentally conscious lifestyle. Add them to your cart today and feel the difference that nature brings to your feet!<\/p>\n<p>Buy now and enjoy superior comfort!<\/p>\n<p>See other products from our CannaVis lifestyle category<\/p>\n<p>This product was created in the creative workshop of OPG AgroVis<\/p>\n","protected":false},"excerpt":{"rendered":"<p>CannaVis hemp socks offer natural comfort, breathability and long-lasting freshness thanks to a combination of hemp, organic cotton and modern materials. They are ideal for sensitive skin, environmentally friendly and long-lasting.<\/p>\n","protected":false},"featured_media":7895,"comment_status":"open","ping_status":"closed","template":"","meta":{"_eb_attr":"","_joinchat":[]},"product_brand":[],"product_cat":[82],"product_tag":[1234,1233,1235],"class_list":{"0":"post-7911","1":"product","2":"type-product","3":"status-publish","4":"has-post-thumbnail","6":"product_cat-uncategorised","7":"product_tag-antialergijske-carape-en","8":"product_tag-carape-en","9":"product_tag-carape-od-konoplje-en","11":"first","12":"instock","13":"sale","14":"shipping-taxable","15":"purchasable","16":"product-type-variable"},"yoast_head":"<!-- This site is optimized with the Yoast SEO plugin v27.4 - https:\/\/yoast.com\/product\/yoast-seo-wordpress\/ -->\n<title>CannaVis hemp socks - Cannavis konoplja sa otoka Visa<\/title>\n<meta name=\"description\" content=\"CannaVis \u010darape od konoplje \u2013 prirodne, prozra\u010dne i dugotrajne \u010darape idealne za osjetljivu ko\u017eu. Odr\u017eiva proizvodnja, vrhunska udobnost i svje\u017eina.\" \/>\n<meta name=\"robots\" content=\"index, follow, max-snippet:-1, max-image-preview:large, max-video-preview:-1\" \/>\n<link rel=\"canonical\" href=\"https:\/\/cannavis.eu\/en\/proizvodi\/cannavis-hemp-socks\/\" \/>\n<meta property=\"og:locale\" content=\"en_US\" \/>\n<meta property=\"og:type\" content=\"article\" \/>\n<meta property=\"og:title\" content=\"CannaVis hemp socks - Cannavis konoplja sa otoka Visa\" \/>\n<meta property=\"og:description\" content=\"CannaVis \u010darape od konoplje \u2013 prirodne, prozra\u010dne i dugotrajne \u010darape idealne za osjetljivu ko\u017eu. Odr\u017eiva proizvodnja, vrhunska udobnost i svje\u017eina.\" \/>\n<meta property=\"og:url\" content=\"https:\/\/cannavis.eu\/en\/proizvodi\/cannavis-hemp-socks\/\" \/>\n<meta property=\"og:site_name\" content=\"Cannavis konoplja sa otoka Visa\" \/>\n<meta property=\"article:modified_time\" content=\"2025-11-25T11:36:19+00:00\" \/>\n<meta property=\"og:image\" content=\"https:\/\/cannavis.eu\/wp-content\/uploads\/2025\/02\/36-45.png\" \/>\n\t<meta property=\"og:image:width\" content=\"1000\" \/>\n\t<meta property=\"og:image:height\" content=\"1000\" \/>\n\t<meta property=\"og:image:type\" content=\"image\/png\" \/>\n<meta name=\"twitter:card\" content=\"summary_large_image\" \/>\n<meta name=\"twitter:label1\" content=\"Est. reading time\" \/>\n\t<meta name=\"twitter:data1\" content=\"1 minute\" \/>\n<script type=\"application\/ld+json\" class=\"yoast-schema-graph\">{\"@context\":\"https:\\\/\\\/schema.org\",\"@graph\":[{\"@type\":\"WebPage\",\"@id\":\"https:\\\/\\\/cannavis.eu\\\/en\\\/proizvodi\\\/cannavis-hemp-socks\\\/\",\"url\":\"https:\\\/\\\/cannavis.eu\\\/en\\\/proizvodi\\\/cannavis-hemp-socks\\\/\",\"name\":\"CannaVis hemp socks - Cannavis konoplja sa otoka Visa\",\"isPartOf\":{\"@id\":\"https:\\\/\\\/cannavis.eu\\\/en\\\/#website\"},\"primaryImageOfPage\":{\"@id\":\"https:\\\/\\\/cannavis.eu\\\/en\\\/proizvodi\\\/cannavis-hemp-socks\\\/#primaryimage\"},\"image\":{\"@id\":\"https:\\\/\\\/cannavis.eu\\\/en\\\/proizvodi\\\/cannavis-hemp-socks\\\/#primaryimage\"},\"thumbnailUrl\":\"https:\\\/\\\/cannavis.eu\\\/wp-content\\\/uploads\\\/2025\\\/02\\\/36-45.png\",\"datePublished\":\"2025-02-16T16:51:17+00:00\",\"dateModified\":\"2025-11-25T11:36:19+00:00\",\"description\":\"CannaVis \u010darape od konoplje \u2013 prirodne, prozra\u010dne i dugotrajne \u010darape idealne za osjetljivu ko\u017eu. Odr\u017eiva proizvodnja, vrhunska udobnost i svje\u017eina.\",\"breadcrumb\":{\"@id\":\"https:\\\/\\\/cannavis.eu\\\/en\\\/proizvodi\\\/cannavis-hemp-socks\\\/#breadcrumb\"},\"inLanguage\":\"en-US\",\"potentialAction\":[{\"@type\":\"ReadAction\",\"target\":[\"https:\\\/\\\/cannavis.eu\\\/en\\\/proizvodi\\\/cannavis-hemp-socks\\\/\"]}]},{\"@type\":\"ImageObject\",\"inLanguage\":\"en-US\",\"@id\":\"https:\\\/\\\/cannavis.eu\\\/en\\\/proizvodi\\\/cannavis-hemp-socks\\\/#primaryimage\",\"url\":\"https:\\\/\\\/cannavis.eu\\\/wp-content\\\/uploads\\\/2025\\\/02\\\/36-45.png\",\"contentUrl\":\"https:\\\/\\\/cannavis.eu\\\/wp-content\\\/uploads\\\/2025\\\/02\\\/36-45.png\",\"width\":1000,\"height\":1000,\"caption\":\"\u010darape napravljene od industrijske konoplje\"},{\"@type\":\"BreadcrumbList\",\"@id\":\"https:\\\/\\\/cannavis.eu\\\/en\\\/proizvodi\\\/cannavis-hemp-socks\\\/#breadcrumb\",\"itemListElement\":[{\"@type\":\"ListItem\",\"position\":1,\"name\":\"Home\",\"item\":\"https:\\\/\\\/cannavis.eu\\\/en\\\/\"},{\"@type\":\"ListItem\",\"position\":2,\"name\":\"Products\",\"item\":\"https:\\\/\\\/cannavis.eu\\\/en\\\/products\\\/\"},{\"@type\":\"ListItem\",\"position\":3,\"name\":\"CannaVis hemp socks\"}]},{\"@type\":\"WebSite\",\"@id\":\"https:\\\/\\\/cannavis.eu\\\/en\\\/#website\",\"url\":\"https:\\\/\\\/cannavis.eu\\\/en\\\/\",\"name\":\"Cannavis konoplja sa otoka Visa\",\"description\":\"CannaVis industrijska konoplja cvijet sa otoka Visa\",\"publisher\":{\"@id\":\"https:\\\/\\\/cannavis.eu\\\/en\\\/#organization\"},\"potentialAction\":[{\"@type\":\"SearchAction\",\"target\":{\"@type\":\"EntryPoint\",\"urlTemplate\":\"https:\\\/\\\/cannavis.eu\\\/en\\\/?s={search_term_string}\"},\"query-input\":{\"@type\":\"PropertyValueSpecification\",\"valueRequired\":true,\"valueName\":\"search_term_string\"}}],\"inLanguage\":\"en-US\"},{\"@type\":\"Organization\",\"@id\":\"https:\\\/\\\/cannavis.eu\\\/en\\\/#organization\",\"name\":\"Cannavis konoplja sa otoka Visa\",\"url\":\"https:\\\/\\\/cannavis.eu\\\/en\\\/\",\"logo\":{\"@type\":\"ImageObject\",\"inLanguage\":\"en-US\",\"@id\":\"https:\\\/\\\/cannavis.eu\\\/en\\\/#\\\/schema\\\/logo\\\/image\\\/\",\"url\":\"https:\\\/\\\/cannavis.eu\\\/wp-content\\\/uploads\\\/2021\\\/06\\\/CannaVis-logo.png\",\"contentUrl\":\"https:\\\/\\\/cannavis.eu\\\/wp-content\\\/uploads\\\/2021\\\/06\\\/CannaVis-logo.png\",\"width\":160,\"height\":65,\"caption\":\"Cannavis konoplja sa otoka Visa\"},\"image\":{\"@id\":\"https:\\\/\\\/cannavis.eu\\\/en\\\/#\\\/schema\\\/logo\\\/image\\\/\"}}]}<\/script>\n<!-- \/ Yoast SEO plugin. -->","yoast_head_json":{"title":"CannaVis hemp socks - Cannavis konoplja sa otoka Visa","description":"CannaVis \u010darape od konoplje \u2013 prirodne, prozra\u010dne i dugotrajne \u010darape idealne za osjetljivu ko\u017eu. Odr\u017eiva proizvodnja, vrhunska udobnost i svje\u017eina.","robots":{"index":"index","follow":"follow","max-snippet":"max-snippet:-1","max-image-preview":"max-image-preview:large","max-video-preview":"max-video-preview:-1"},"canonical":"https:\/\/cannavis.eu\/en\/proizvodi\/cannavis-hemp-socks\/","og_locale":"en_US","og_type":"article","og_title":"CannaVis hemp socks - Cannavis konoplja sa otoka Visa","og_description":"CannaVis \u010darape od konoplje \u2013 prirodne, prozra\u010dne i dugotrajne \u010darape idealne za osjetljivu ko\u017eu. Odr\u017eiva proizvodnja, vrhunska udobnost i svje\u017eina.","og_url":"https:\/\/cannavis.eu\/en\/proizvodi\/cannavis-hemp-socks\/","og_site_name":"Cannavis konoplja sa otoka Visa","article_modified_time":"2025-11-25T11:36:19+00:00","og_image":[{"width":1000,"height":1000,"url":"https:\/\/cannavis.eu\/wp-content\/uploads\/2025\/02\/36-45.png","type":"image\/png"}],"twitter_card":"summary_large_image","twitter_misc":{"Est. reading time":"1 minute"},"schema":{"@context":"https:\/\/schema.org","@graph":[{"@type":"WebPage","@id":"https:\/\/cannavis.eu\/en\/proizvodi\/cannavis-hemp-socks\/","url":"https:\/\/cannavis.eu\/en\/proizvodi\/cannavis-hemp-socks\/","name":"CannaVis hemp socks - Cannavis konoplja sa otoka Visa","isPartOf":{"@id":"https:\/\/cannavis.eu\/en\/#website"},"primaryImageOfPage":{"@id":"https:\/\/cannavis.eu\/en\/proizvodi\/cannavis-hemp-socks\/#primaryimage"},"image":{"@id":"https:\/\/cannavis.eu\/en\/proizvodi\/cannavis-hemp-socks\/#primaryimage"},"thumbnailUrl":"https:\/\/cannavis.eu\/wp-content\/uploads\/2025\/02\/36-45.png","datePublished":"2025-02-16T16:51:17+00:00","dateModified":"2025-11-25T11:36:19+00:00","description":"CannaVis \u010darape od konoplje \u2013 prirodne, prozra\u010dne i dugotrajne \u010darape idealne za osjetljivu ko\u017eu. Odr\u017eiva proizvodnja, vrhunska udobnost i svje\u017eina.","breadcrumb":{"@id":"https:\/\/cannavis.eu\/en\/proizvodi\/cannavis-hemp-socks\/#breadcrumb"},"inLanguage":"en-US","potentialAction":[{"@type":"ReadAction","target":["https:\/\/cannavis.eu\/en\/proizvodi\/cannavis-hemp-socks\/"]}]},{"@type":"ImageObject","inLanguage":"en-US","@id":"https:\/\/cannavis.eu\/en\/proizvodi\/cannavis-hemp-socks\/#primaryimage","url":"https:\/\/cannavis.eu\/wp-content\/uploads\/2025\/02\/36-45.png","contentUrl":"https:\/\/cannavis.eu\/wp-content\/uploads\/2025\/02\/36-45.png","width":1000,"height":1000,"caption":"\u010darape napravljene od industrijske konoplje"},{"@type":"BreadcrumbList","@id":"https:\/\/cannavis.eu\/en\/proizvodi\/cannavis-hemp-socks\/#breadcrumb","itemListElement":[{"@type":"ListItem","position":1,"name":"Home","item":"https:\/\/cannavis.eu\/en\/"},{"@type":"ListItem","position":2,"name":"Products","item":"https:\/\/cannavis.eu\/en\/products\/"},{"@type":"ListItem","position":3,"name":"CannaVis hemp socks"}]},{"@type":"WebSite","@id":"https:\/\/cannavis.eu\/en\/#website","url":"https:\/\/cannavis.eu\/en\/","name":"Cannavis konoplja sa otoka Visa","description":"CannaVis industrijska konoplja cvijet sa otoka Visa","publisher":{"@id":"https:\/\/cannavis.eu\/en\/#organization"},"potentialAction":[{"@type":"SearchAction","target":{"@type":"EntryPoint","urlTemplate":"https:\/\/cannavis.eu\/en\/?s={search_term_string}"},"query-input":{"@type":"PropertyValueSpecification","valueRequired":true,"valueName":"search_term_string"}}],"inLanguage":"en-US"},{"@type":"Organization","@id":"https:\/\/cannavis.eu\/en\/#organization","name":"Cannavis konoplja sa otoka Visa","url":"https:\/\/cannavis.eu\/en\/","logo":{"@type":"ImageObject","inLanguage":"en-US","@id":"https:\/\/cannavis.eu\/en\/#\/schema\/logo\/image\/","url":"https:\/\/cannavis.eu\/wp-content\/uploads\/2021\/06\/CannaVis-logo.png","contentUrl":"https:\/\/cannavis.eu\/wp-content\/uploads\/2021\/06\/CannaVis-logo.png","width":160,"height":65,"caption":"Cannavis konoplja sa otoka Visa"},"image":{"@id":"https:\/\/cannavis.eu\/en\/#\/schema\/logo\/image\/"}}]}},"jetpack_sharing_enabled":true,"_links":{"self":[{"href":"https:\/\/cannavis.eu\/en\/wp-json\/wp\/v2\/product\/7911","targetHints":{"allow":["GET"]}}],"collection":[{"href":"https:\/\/cannavis.eu\/en\/wp-json\/wp\/v2\/product"}],"about":[{"href":"https:\/\/cannavis.eu\/en\/wp-json\/wp\/v2\/types\/product"}],"replies":[{"embeddable":true,"href":"https:\/\/cannavis.eu\/en\/wp-json\/wp\/v2\/comments?post=7911"}],"wp:featuredmedia":[{"embeddable":true,"href":"https:\/\/cannavis.eu\/en\/wp-json\/wp\/v2\/media\/7895"}],"wp:attachment":[{"href":"https:\/\/cannavis.eu\/en\/wp-json\/wp\/v2\/media?parent=7911"}],"wp:term":[{"taxonomy":"product_brand","embeddable":true,"href":"https:\/\/cannavis.eu\/en\/wp-json\/wp\/v2\/product_brand?post=7911"},{"taxonomy":"product_cat","embeddable":true,"href":"https:\/\/cannavis.eu\/en\/wp-json\/wp\/v2\/product_cat?post=7911"},{"taxonomy":"product_tag","embeddable":true,"href":"https:\/\/cannavis.eu\/en\/wp-json\/wp\/v2\/product_tag?post=7911"}],"curies":[{"name":"wp","href":"https:\/\/api.w.org\/{rel}","templated":true}]}}