{"id":3,"date":"2021-05-06T18:55:16","date_gmt":"2021-05-06T18:55:16","guid":{"rendered":"http:\/\/cannavis.eu\/?page_id=3"},"modified":"2025-05-27T11:09:18","modified_gmt":"2025-05-27T09:09:18","slug":"izjava-o-privatnosti","status":"publish","type":"page","link":"https:\/\/cannavis.eu\/hr\/izjava-o-privatnosti\/","title":{"rendered":"Izjava o privatnosti"},"content":{"rendered":"\t\t<div data-elementor-type=\"wp-page\" data-elementor-id=\"3\" class=\"elementor elementor-3\" data-elementor-post-type=\"page\">\n\t\t\t\t\t\t<section class=\"elementor-section elementor-top-section elementor-element elementor-element-1cd2d1f0 elementor-section-boxed elementor-section-height-default elementor-section-height-default\" data-id=\"1cd2d1f0\" data-element_type=\"section\" data-e-type=\"section\" data-settings=\"{&quot;background_background&quot;:&quot;classic&quot;,&quot;background_motion_fx_motion_fx_scrolling&quot;:&quot;yes&quot;,&quot;background_motion_fx_translateY_effect&quot;:&quot;yes&quot;,&quot;background_motion_fx_translateY_speed&quot;:{&quot;unit&quot;:&quot;px&quot;,&quot;size&quot;:3,&quot;sizes&quot;:[]},&quot;background_motion_fx_translateY_affectedRange&quot;:{&quot;unit&quot;:&quot;%&quot;,&quot;size&quot;:&quot;&quot;,&quot;sizes&quot;:{&quot;start&quot;:0,&quot;end&quot;:100}},&quot;background_motion_fx_devices&quot;:[&quot;desktop&quot;,&quot;tablet&quot;,&quot;mobile&quot;]}\">\n\t\t\t\t\t\t\t<div class=\"elementor-background-overlay\"><\/div>\n\t\t\t\t\t\t\t<div class=\"elementor-container elementor-column-gap-no\">\n\t\t\t\t\t<div class=\"elementor-column elementor-col-100 elementor-top-column elementor-element elementor-element-6e5575f6\" data-id=\"6e5575f6\" data-element_type=\"column\" data-e-type=\"column\">\n\t\t\t<div class=\"elementor-widget-wrap elementor-element-populated\">\n\t\t\t\t\t\t<div class=\"elementor-element elementor-element-4e8dd7d2 elementor-widget elementor-widget-heading\" data-id=\"4e8dd7d2\" data-element_type=\"widget\" data-e-type=\"widget\" data-widget_type=\"heading.default\">\n\t\t\t\t<div class=\"elementor-widget-container\">\n\t\t\t\t\t<h1 class=\"elementor-heading-title elementor-size-default\">Izjava o privatnosti<\/h1>\t\t\t\t<\/div>\n\t\t\t\t<\/div>\n\t\t\t\t<div class=\"elementor-element elementor-element-5baa8497 elementor-widget elementor-widget-woocommerce-breadcrumb\" data-id=\"5baa8497\" data-element_type=\"widget\" data-e-type=\"widget\" data-widget_type=\"woocommerce-breadcrumb.default\">\n\t\t\t\t<div class=\"elementor-widget-container\">\n\t\t\t\t\t<nav class=\"woocommerce-breadcrumb\" aria-label=\"Breadcrumb\">Po\u010detna<\/nav>\t\t\t\t<\/div>\n\t\t\t\t<\/div>\n\t\t\t\t<div class=\"elementor-element elementor-element-637a0803 elementor-widget-divider--view-line elementor-widget elementor-widget-divider\" data-id=\"637a0803\" data-element_type=\"widget\" data-e-type=\"widget\" data-widget_type=\"divider.default\">\n\t\t\t\t<div class=\"elementor-widget-container\">\n\t\t\t\t\t\t\t<div class=\"elementor-divider\">\n\t\t\t<span class=\"elementor-divider-separator\">\n\t\t\t\t\t\t<\/span>\n\t\t<\/div>\n\t\t\t\t\t\t<\/div>\n\t\t\t\t<\/div>\n\t\t\t\t\t<\/div>\n\t\t<\/div>\n\t\t\t\t\t<\/div>\n\t\t<\/section>\n\t\t\t\t<section class=\"elementor-section elementor-top-section elementor-element elementor-element-50d8ab4c elementor-section-boxed elementor-section-height-default elementor-section-height-default\" data-id=\"50d8ab4c\" data-element_type=\"section\" data-e-type=\"section\">\n\t\t\t\t\t\t<div class=\"elementor-container elementor-column-gap-no\">\n\t\t\t\t\t<div class=\"elementor-column elementor-col-33 elementor-top-column elementor-element elementor-element-58b58477 elementor-hidden-tablet elementor-hidden-mobile\" data-id=\"58b58477\" data-element_type=\"column\" data-e-type=\"column\">\n\t\t\t<div class=\"elementor-widget-wrap\">\n\t\t\t\t\t\t\t<\/div>\n\t\t<\/div>\n\t\t\t\t<div class=\"elementor-column elementor-col-33 elementor-top-column elementor-element elementor-element-787812f7\" data-id=\"787812f7\" data-element_type=\"column\" data-e-type=\"column\">\n\t\t\t<div class=\"elementor-widget-wrap elementor-element-populated\">\n\t\t\t\t\t\t<div class=\"elementor-element elementor-element-30ace0e elementor-widget elementor-widget-text-editor\" data-id=\"30ace0e\" data-element_type=\"widget\" data-e-type=\"widget\" data-widget_type=\"text-editor.default\">\n\t\t\t\t<div class=\"elementor-widget-container\">\n\t\t\t\t\t\t\t\t\t<p>Za\u0161tita va\u0161ih osobnih podataka vrlo nam je va\u017ena, stoga va\u0161e podatke obra\u0111ujemo isklju\u010divo na temelju zakonskih propisa. U ovoj vas Izjavi o privatnosti \u017eelimo upoznati s najva\u017enijim aspektima obrade podataka na na\u0161oj internetskoj stranici.<br \/>Kontakt s nama<br \/>Kontaktirate li nas putem obrasca na internetskoj stranici ili putem e-po\u0161te, va\u0161i \u0107e podatci ostati pohranjeni \u0161est mjeseci za potrebe obrade zahtjeva i u slu\u010daju daljnjih pitanja. Va\u0161e podatke ne\u0107emo dijeliti s tre\u0107om stranom bez va\u0161eg pristanka.<br \/>Pohrana podataka<br \/>Napominjemo da u svrhu lak\u0161eg procesa kupovine i daljnje provedbe ugovora, prodavatelj u okviru kola\u010di\u0107a pohranjuje IP podatke korisnika, kao i ime, adresu, broj kreditne kartice, itd.<br \/>Nadalje, u svrhu izvr\u0161enja ugovora pohranjujemo sljede\u0107e podatke kupca:<br \/>Ime \/ Naziv tvrtke<br \/>Mati\u010dni broj tvrtke<br \/>Osoba za kontakt<br \/>Poslovna adresa \/ Adresa kupca<br \/>Podatci o osobi za kontakt (telefonski broj, broj faksa, adresa e-po\u0161te itd.)<br \/>Bankovni podatci, podatci o kreditnoj kartici<br \/>Podatci o narud\u017ebi<br \/>Porezni broj<br \/>Upiti slu\u017ebi za korisnike<\/p><p>Obavezujemo se pru\u017eati za\u0161titu osobnim podacima kupaca, na na\u010din da prikupljamo samo nu\u017ene, osnovne podatke o kupcima \/ korisnicima koji su nu\u017eniza ispunjenje na\u0161ih obveza; informiramo kupce o na\u010dinu kori\u0161tenja prikupljenih podataka, redovito dajemo kupcima mogu\u0107nost izbora o upotrebi njihovih podataka, uklju\u010duju\u0107i mogu\u0107nost odluke \u017eele li ili ne da se njihovo ime ukloni s lista koje se koriste za marketin\u0161ke kampanje.<br \/>Svi se podaci o korisnicima strogo \u010duvaju i dostupni su samo djelatnicima kojima su ti podaci nu\u017eni za obavljanje posla. Svi na\u0161i djelatnici i poslovni partneri odgovorni su za po\u0161tivanje na\u010dela za\u0161tite privatnosti.<\/p><p>Podatci koje smo od vas dobili potrebni su za provedbu ugovora, odnosno predugovornih mjera. Bez tih podataka ne mo\u017eemo sklopiti ugovor s vama. Prijenos podataka tre\u0107im stranama ne\u0107e se izvr\u0161avati, osim u slu\u010daju prijenosa podataka o kreditnim karticama nadle\u017enoj banci u svrhu tere\u0107enja iznosa kupoprodajne cijene, dostavnom ili otpremnom poduze\u0107u u svrhu dostave proizvoda, kao i na\u0161em poreznom savjetniku u svrhu ispunjenja na\u0161ih poreznih obveza. Jo\u0161 jedna iznimka je prijenos podataka IT tvrtkama u svrhu razvoja marketin\u0161kih strategija. Pritom se primjenjuje pseudonimizacija IP adresa tako da precizna lokalizacija korisni\u010dke adrese vi\u0161e nije mogu\u0107a te se na taj na\u010din u najve\u0107oj mogu\u0107oj mjeri \u0161titi privatnost korisnika.<br \/>Po zavr\u0161etku postupka kupovine, podatci pohranjeni u tu svrhu bit \u0107e izbrisani. Obrada podataka odvija se na temelju zakonskih propisa.<br \/>Rok pohrane podataka<br \/>Va\u0161e podatke \u010duvamo sve dok su potrebni za svrhu u koju su prikupljeni.<br \/>Osobni podatci koji se prikupljaju radi ispunjavanja ugovornih obveza \u010duvaju se do potpune provedbe ugovora. Porezni podatci iz ugovornog odnosa pohranjuju se do isteka roka \u010duvanja poreznih podataka (7 godina).<br \/>Osobni podatci koji \u0161tite legitimne interese prodavatelja pohranjuju se sve dok se u potpunosti ne ispuni svrha u koju se koriste.<br \/>Nadalje, \u010duvanje osobnih podataka du\u017ee vrijeme dopu\u0161teno je samo ako je korisnik u tom smislu dao pristanak i nije ga u me\u0111uvremenu opozvao. Du\u017ee pohranjivanje tih podataka dopu\u0161teno je i ako se prodavatelj mora pridr\u017eavati zakonske obveze ili naloga vlasti.<br \/>Po isteku razdoblja \u010duvanja, osobni podatci bit \u0107e izbrisani. Pravo na pristup, brisanje, ispravak i prijenos podataka od tog se datuma vi\u0161e ne mo\u017ee ostvariti.<br \/>Obrada podataka<br \/>Dobrovoljno ste nam ustupili svoje podatke i ti se podatci na temelju va\u0161eg pristanka obra\u0111uju u sljede\u0107e svrhe:<br \/>briga o kupcima za vlastite potrebe ogla\u0161avanja; na primjer, za slanje ponuda, promotivnih bro\u0161ura i biltena (u papirnatom i elektroni\u010dkom obliku), u svrhu upu\u0107ivanja na postoje\u0107e ili pro\u0161le poslove s kupcima (preporuke)<br \/>provo\u0111enje analize tr\u017ei\u0161ta od strane tre\u0107ih osoba.<br \/>Suglasnost za kori\u0161tenje va\u0161ih podataka mo\u017eete opozvati u bilo kojem trenutku. Opoziv zna\u010di da va\u0161e podatke vi\u0161e ne\u0107emo obra\u0111ivati u gore navedene svrhe. Za opoziv suglasnosti molimo obratite nam se na adresu cannavis@cannavis.eu.<br \/>Za obradu podataka koristimo usluge tvrtke za obradu podataka.<br \/>Va\u0161e podatke proslje\u0111ujemo sljede\u0107im primateljima ili kategorijama primatelja:<br \/>Tvrtkama odgovornima za obradu pla\u0107anja i isporuku.<br \/>IT tvrtkama koje op\u0107enito prate odlike kupaca online trgovina ili ih analiziraju u svrhu prodaje, kao \u0161to su npr. Google LLC. ili Facebook, Inc.<br \/>Va\u0161i podatci djelomi\u010dno se obra\u0111uju i izvan EU-a, odnosno EGP-a, i to u SAD-u u skladu s protokolom EU-US Privacy Shield na temelju odluke o adekvatnosti Europske komisije.<br \/>Kola\u010di\u0107i<br \/>Na\u0161a internetska stranica koristi takozvane kola\u010di\u0107e. To su male tekstualne datoteke koje se pohranjuju na va\u0161em ure\u0111aju pomo\u0107u preglednika. Ne uzrokuju nikakve \u0161tete.<br \/>Kola\u010di\u0107e koristimo kako bismo olak\u0161ali kori\u0161tenje na\u0161e stranice kupcima. Neki kola\u010di\u0107i ostaju pohranjeni na va\u0161em ure\u0111aju dok ih ne izbri\u0161ete. Omogu\u0107uju nam da prepoznamo va\u0161 preglednik pri sljede\u0107em posjetu.<br \/>Ako \u017eelite, preglednik mo\u017eete podesiti tako da vas svaki put obavijesti o upotrebi kola\u010di\u0107a pa to mo\u017eete dopustiti samo u pojedinim slu\u010dajevima.<br \/>Onemogu\u0107avanje kola\u010di\u0107a mo\u017ee ograni\u010diti funkcionalnost na\u0161e internetske stranice.<br \/>Web analitika<br \/>Na\u0161a internetska stranica u svrhu web analitike koristi se uslugama servisa Google Analytics tvrtke Google LLC, 1600 Amphitheatre Parkway, Mountain View, CA 94043. Podatci se pritom obra\u0111uju i pohranjuju u SAD-u, sukladno protokolu EU-US Privacy Shield. U tu svrhu upotrebljavaju se kola\u010di\u0107i koji omogu\u0107uju analizu kori\u0161tenja internetske stranice. Tako generirane informacije prenose se na poslu\u017eitelj prodavatelja i tamo pohranjuju.<br \/>To mo\u017eete sprije\u010diti postavljanjem preglednika tako da se ne pohranjuju kola\u010di\u0107i.<br \/>S pru\u017eateljem usluga sklopili smo odgovaraju\u0107i ugovor o obradi podataka.<br \/>Kod mogu\u0107eg kori\u0161tenja IP adresa na temelju \u201elegitimnog interesa\u201d (npr. analiza tr\u017ei\u0161ta prodavatelja), va\u0161a IP adresa bit \u0107e preuzeta, ali uz pseudonimizaciju (na primjer, brisanjem zadnjih 8 bitova). Kao rezultat toga, nije mogu\u0107a precizna lokalizacija IP adrese te se na taj na\u010din osigurava privatnost korisnika.<br \/>Obrada podataka odvija se na temelju zakonskih propisa.<br \/>Kori\u0161tenje podataka na temelju \u201elegitimnog interesa\u201c provodi se isklju\u010divo u svrhu pobolj\u0161anja na\u0161e ponude i internetske stranice.<br \/>Korisni\u010dki podatci pohranjuju se na razdoblje od 26 mjeseci.<br \/>Bilten<br \/>Na na\u0161oj internetskoj stranici mo\u017eete se pretplatiti na na\u0161 bilten. Za to nam je potrebna va\u0161a adresa e-po\u0161te i va\u0161a izjava da ste suglasni s primanjem biltena.<br \/>\u010cim se pretplatite na bilten, poslat \u0107emo vam potvrdu e-po\u0161tom s poveznicom za potvrdu registracije.<br \/>U bilo kojem trenutku mo\u017eete otkazati pretplatu na bilten. Pretplatu mo\u017eete otkazati slanjem poruke na sljede\u0107u adresu e-po\u0161te: cannavis@cannavis.eu. Va\u0161i podatci povezani s pretplatom na bilten zatim se bri\u0161u. Otkaz pretplate na bilten ne utje\u010de na zakonitost obrade va\u0161ih podataka za koju postoji va\u0161a suglasnost do njezinog opoziva.<br \/>Mo\u017eete nas kontaktirati na: cannavis@cannavis.eu<br \/>Pouka o pravnom lijeku<br \/>Imate svako pravo na informacije, ispravke, brisanje, ograni\u010davanje, prijenos podataka, opoziv i prigovor u vezi s pohranjenim podatcima. Ako smatrate da se obradom podataka kr\u0161i zakon o za\u0161titi podataka ili su va\u0161a prava na za\u0161titu podataka na bilo koji na\u010din povrije\u0111ena, mo\u017eete ulo\u017eiti prigovor nama (cannavis@cannavis.eu) ili nadle\u017enom tijelu za za\u0161titu podataka.<\/p>\t\t\t\t\t\t\t\t<\/div>\n\t\t\t\t<\/div>\n\t\t\t\t\t<\/div>\n\t\t<\/div>\n\t\t\t\t<div class=\"elementor-column elementor-col-33 elementor-top-column elementor-element elementor-element-254bebde elementor-hidden-tablet elementor-hidden-mobile\" data-id=\"254bebde\" data-element_type=\"column\" data-e-type=\"column\">\n\t\t\t<div class=\"elementor-widget-wrap\">\n\t\t\t\t\t\t\t<\/div>\n\t\t<\/div>\n\t\t\t\t\t<\/div>\n\t\t<\/section>\n\t\t\t\t<\/div>\n\t\t","protected":false},"excerpt":{"rendered":"<p>Izjava o privatnosti Za\u0161tita va\u0161ih osobnih podataka vrlo nam je va\u017ena, stoga va\u0161e podatke obra\u0111ujemo isklju\u010divo na temelju zakonskih propisa. U ovoj vas Izjavi o privatnosti \u017eelimo upoznati s najva\u017enijim aspektima obrade podataka na na\u0161oj internetskoj stranici.Kontakt s namaKontaktirate li nas putem obrasca na internetskoj stranici ili putem e-po\u0161te, va\u0161i \u0107e podatci ostati pohranjeni \u0161est [&hellip;]<\/p>\n","protected":false},"author":1,"featured_media":0,"parent":0,"menu_order":0,"comment_status":"closed","ping_status":"closed","template":"","meta":{"_eb_attr":"","_joinchat":[],"footnotes":""},"class_list":["post-3","page","type-page","status-publish","hentry"],"yoast_head":"<!-- This site is optimized with the Yoast SEO plugin v27.4 - https:\/\/yoast.com\/product\/yoast-seo-wordpress\/ -->\n<title>Izjava o privatnosti - Cannavis konoplja sa otoka Visa<\/title>\n<meta name=\"robots\" content=\"index, follow, max-snippet:-1, max-image-preview:large, max-video-preview:-1\" \/>\n<link rel=\"canonical\" href=\"https:\/\/cannavis.eu\/hr\/izjava-o-privatnosti\/\" \/>\n<meta property=\"og:locale\" content=\"hr_HR\" \/>\n<meta property=\"og:type\" content=\"article\" \/>\n<meta property=\"og:title\" content=\"Izjava o privatnosti - Cannavis konoplja sa otoka Visa\" \/>\n<meta property=\"og:description\" content=\"Izjava o privatnosti Za\u0161tita va\u0161ih osobnih podataka vrlo nam je va\u017ena, stoga va\u0161e podatke obra\u0111ujemo isklju\u010divo na temelju zakonskih propisa. U ovoj vas Izjavi o privatnosti \u017eelimo upoznati s najva\u017enijim aspektima obrade podataka na na\u0161oj internetskoj stranici.Kontakt s namaKontaktirate li nas putem obrasca na internetskoj stranici ili putem e-po\u0161te, va\u0161i \u0107e podatci ostati pohranjeni \u0161est [&hellip;]\" \/>\n<meta property=\"og:url\" content=\"https:\/\/cannavis.eu\/hr\/izjava-o-privatnosti\/\" \/>\n<meta property=\"og:site_name\" content=\"Cannavis konoplja sa otoka Visa\" \/>\n<meta property=\"article:modified_time\" content=\"2025-05-27T09:09:18+00:00\" \/>\n<meta name=\"twitter:card\" content=\"summary_large_image\" \/>\n<meta name=\"twitter:label1\" content=\"Procijenjeno vrijeme \u010ditanja\" \/>\n\t<meta name=\"twitter:data1\" content=\"6 minuta\" \/>\n<script type=\"application\/ld+json\" class=\"yoast-schema-graph\">{\"@context\":\"https:\\\/\\\/schema.org\",\"@graph\":[{\"@type\":\"WebPage\",\"@id\":\"https:\\\/\\\/cannavis.eu\\\/hr\\\/izjava-o-privatnosti\\\/\",\"url\":\"https:\\\/\\\/cannavis.eu\\\/hr\\\/izjava-o-privatnosti\\\/\",\"name\":\"Izjava o privatnosti - Cannavis konoplja sa otoka Visa\",\"isPartOf\":{\"@id\":\"https:\\\/\\\/cannavis.eu\\\/hr\\\/#website\"},\"datePublished\":\"2021-05-06T18:55:16+00:00\",\"dateModified\":\"2025-05-27T09:09:18+00:00\",\"breadcrumb\":{\"@id\":\"https:\\\/\\\/cannavis.eu\\\/hr\\\/izjava-o-privatnosti\\\/#breadcrumb\"},\"inLanguage\":\"hr\",\"potentialAction\":[{\"@type\":\"ReadAction\",\"target\":[\"https:\\\/\\\/cannavis.eu\\\/hr\\\/izjava-o-privatnosti\\\/\"]}]},{\"@type\":\"BreadcrumbList\",\"@id\":\"https:\\\/\\\/cannavis.eu\\\/hr\\\/izjava-o-privatnosti\\\/#breadcrumb\",\"itemListElement\":[{\"@type\":\"ListItem\",\"position\":1,\"name\":\"Home\",\"item\":\"https:\\\/\\\/cannavis.eu\\\/hr\\\/\"},{\"@type\":\"ListItem\",\"position\":2,\"name\":\"Izjava o privatnosti\"}]},{\"@type\":\"WebSite\",\"@id\":\"https:\\\/\\\/cannavis.eu\\\/hr\\\/#website\",\"url\":\"https:\\\/\\\/cannavis.eu\\\/hr\\\/\",\"name\":\"Cannavis konoplja sa otoka Visa\",\"description\":\"CannaVis industrijska konoplja cvijet sa otoka Visa\",\"publisher\":{\"@id\":\"https:\\\/\\\/cannavis.eu\\\/hr\\\/#organization\"},\"potentialAction\":[{\"@type\":\"SearchAction\",\"target\":{\"@type\":\"EntryPoint\",\"urlTemplate\":\"https:\\\/\\\/cannavis.eu\\\/hr\\\/?s={search_term_string}\"},\"query-input\":{\"@type\":\"PropertyValueSpecification\",\"valueRequired\":true,\"valueName\":\"search_term_string\"}}],\"inLanguage\":\"hr\"},{\"@type\":\"Organization\",\"@id\":\"https:\\\/\\\/cannavis.eu\\\/hr\\\/#organization\",\"name\":\"Cannavis konoplja sa otoka Visa\",\"url\":\"https:\\\/\\\/cannavis.eu\\\/hr\\\/\",\"logo\":{\"@type\":\"ImageObject\",\"inLanguage\":\"hr\",\"@id\":\"https:\\\/\\\/cannavis.eu\\\/hr\\\/#\\\/schema\\\/logo\\\/image\\\/\",\"url\":\"https:\\\/\\\/cannavis.eu\\\/wp-content\\\/uploads\\\/2021\\\/06\\\/CannaVis-logo.png\",\"contentUrl\":\"https:\\\/\\\/cannavis.eu\\\/wp-content\\\/uploads\\\/2021\\\/06\\\/CannaVis-logo.png\",\"width\":160,\"height\":65,\"caption\":\"Cannavis konoplja sa otoka Visa\"},\"image\":{\"@id\":\"https:\\\/\\\/cannavis.eu\\\/hr\\\/#\\\/schema\\\/logo\\\/image\\\/\"}}]}<\/script>\n<!-- \/ Yoast SEO plugin. -->","yoast_head_json":{"title":"Izjava o privatnosti - Cannavis konoplja sa otoka Visa","robots":{"index":"index","follow":"follow","max-snippet":"max-snippet:-1","max-image-preview":"max-image-preview:large","max-video-preview":"max-video-preview:-1"},"canonical":"https:\/\/cannavis.eu\/hr\/izjava-o-privatnosti\/","og_locale":"hr_HR","og_type":"article","og_title":"Izjava o privatnosti - Cannavis konoplja sa otoka Visa","og_description":"Izjava o privatnosti Za\u0161tita va\u0161ih osobnih podataka vrlo nam je va\u017ena, stoga va\u0161e podatke obra\u0111ujemo isklju\u010divo na temelju zakonskih propisa. U ovoj vas Izjavi o privatnosti \u017eelimo upoznati s najva\u017enijim aspektima obrade podataka na na\u0161oj internetskoj stranici.Kontakt s namaKontaktirate li nas putem obrasca na internetskoj stranici ili putem e-po\u0161te, va\u0161i \u0107e podatci ostati pohranjeni \u0161est [&hellip;]","og_url":"https:\/\/cannavis.eu\/hr\/izjava-o-privatnosti\/","og_site_name":"Cannavis konoplja sa otoka Visa","article_modified_time":"2025-05-27T09:09:18+00:00","twitter_card":"summary_large_image","twitter_misc":{"Procijenjeno vrijeme \u010ditanja":"6 minuta"},"schema":{"@context":"https:\/\/schema.org","@graph":[{"@type":"WebPage","@id":"https:\/\/cannavis.eu\/hr\/izjava-o-privatnosti\/","url":"https:\/\/cannavis.eu\/hr\/izjava-o-privatnosti\/","name":"Izjava o privatnosti - Cannavis konoplja sa otoka Visa","isPartOf":{"@id":"https:\/\/cannavis.eu\/hr\/#website"},"datePublished":"2021-05-06T18:55:16+00:00","dateModified":"2025-05-27T09:09:18+00:00","breadcrumb":{"@id":"https:\/\/cannavis.eu\/hr\/izjava-o-privatnosti\/#breadcrumb"},"inLanguage":"hr","potentialAction":[{"@type":"ReadAction","target":["https:\/\/cannavis.eu\/hr\/izjava-o-privatnosti\/"]}]},{"@type":"BreadcrumbList","@id":"https:\/\/cannavis.eu\/hr\/izjava-o-privatnosti\/#breadcrumb","itemListElement":[{"@type":"ListItem","position":1,"name":"Home","item":"https:\/\/cannavis.eu\/hr\/"},{"@type":"ListItem","position":2,"name":"Izjava o privatnosti"}]},{"@type":"WebSite","@id":"https:\/\/cannavis.eu\/hr\/#website","url":"https:\/\/cannavis.eu\/hr\/","name":"Cannavis konoplja sa otoka Visa","description":"CannaVis industrijska konoplja cvijet sa otoka Visa","publisher":{"@id":"https:\/\/cannavis.eu\/hr\/#organization"},"potentialAction":[{"@type":"SearchAction","target":{"@type":"EntryPoint","urlTemplate":"https:\/\/cannavis.eu\/hr\/?s={search_term_string}"},"query-input":{"@type":"PropertyValueSpecification","valueRequired":true,"valueName":"search_term_string"}}],"inLanguage":"hr"},{"@type":"Organization","@id":"https:\/\/cannavis.eu\/hr\/#organization","name":"Cannavis konoplja sa otoka Visa","url":"https:\/\/cannavis.eu\/hr\/","logo":{"@type":"ImageObject","inLanguage":"hr","@id":"https:\/\/cannavis.eu\/hr\/#\/schema\/logo\/image\/","url":"https:\/\/cannavis.eu\/wp-content\/uploads\/2021\/06\/CannaVis-logo.png","contentUrl":"https:\/\/cannavis.eu\/wp-content\/uploads\/2021\/06\/CannaVis-logo.png","width":160,"height":65,"caption":"Cannavis konoplja sa otoka Visa"},"image":{"@id":"https:\/\/cannavis.eu\/hr\/#\/schema\/logo\/image\/"}}]}},"jetpack_sharing_enabled":true,"_links":{"self":[{"href":"https:\/\/cannavis.eu\/hr\/wp-json\/wp\/v2\/pages\/3","targetHints":{"allow":["GET"]}}],"collection":[{"href":"https:\/\/cannavis.eu\/hr\/wp-json\/wp\/v2\/pages"}],"about":[{"href":"https:\/\/cannavis.eu\/hr\/wp-json\/wp\/v2\/types\/page"}],"author":[{"embeddable":true,"href":"https:\/\/cannavis.eu\/hr\/wp-json\/wp\/v2\/users\/1"}],"replies":[{"embeddable":true,"href":"https:\/\/cannavis.eu\/hr\/wp-json\/wp\/v2\/comments?post=3"}],"version-history":[{"count":11,"href":"https:\/\/cannavis.eu\/hr\/wp-json\/wp\/v2\/pages\/3\/revisions"}],"predecessor-version":[{"id":8842,"href":"https:\/\/cannavis.eu\/hr\/wp-json\/wp\/v2\/pages\/3\/revisions\/8842"}],"wp:attachment":[{"href":"https:\/\/cannavis.eu\/hr\/wp-json\/wp\/v2\/media?parent=3"}],"curies":[{"name":"wp","href":"https:\/\/api.w.org\/{rel}","templated":true}]}}