{"id":1424,"date":"2022-05-31T16:24:39","date_gmt":"2022-05-31T16:24:39","guid":{"rendered":"https:\/\/cannavis.eu\/?post_type=product&#038;p=1424"},"modified":"2026-04-11T22:27:56","modified_gmt":"2026-04-11T20:27:56","slug":"cannavis-cbd-pasta-smola","status":"publish","type":"product","link":"https:\/\/cannavis.eu\/hr\/proizvodi\/cannavis-cbd-pasta-smola\/","title":{"rendered":"CannaVis CBD smola pasta"},"content":{"rendered":"<p><span style=\"font-weight: 400;\">CannaVis CBD smola pasta sadr\u017ei 89,84% CBD kanabionida zbog iznimno vru\u0107ih ljeta na otoku Visu, razina kanabinoida je visoka u na\u0161oj pasti.<\/span><\/p>\n<p><span style=\"font-weight: 400;\">CBD smola pasta je proizvod dobiven od koncentrata\u00a0 konoplje, koji nastaje nakon prerade cvjetova od industrijske konoplje.<\/span><\/p>\n<p><span style=\"font-weight: 400;\">Cbd smola pasta ima djelovanje ve\u0107 nakon 15 minuta od konzumiranja, i\u00a0 sve je prirodno i ekolo\u0161ko uzgojeno na otoku Visu.<\/span><\/p>\n<p><span style=\"font-weight: 400;\">CannaVis cbd smola pasta nema psihoaktivne u\u010dinke, pa je mo\u017eete upotrijebiti u bilo koje doba dana i obavljati sve dnevne obaveze.\u00a0<\/span><\/p>\n<h2><span style=\"font-weight: 400;\">Cbd smola pasta poma\u017ee\u00a0 kod zdravstvenih tegoba poput:<\/span><\/h2>\n<p><span style=\"font-weight: 400;\">Poma\u017ee u koncentraciji\u00a0<\/span><\/p>\n<p><span style=\"font-weight: 400;\">Smanjuje apetit<\/span><\/p>\n<p><span style=\"font-weight: 400;\">Poma\u017ee kod prestanka pu\u0161enja\u00a0<\/span><\/p>\n<p><span style=\"font-weight: 400;\">Mo\u017ee pomo\u0107i u lije\u010denju <a href=\"https:\/\/www.health.harvard.edu\/blog\/cannabidiol-cbd-what-we-know-and-what-we-dont-2018082414476\">epilepsije<\/a><\/span><\/p>\n<p><span style=\"font-weight: 400;\">Smanjuje simptome kod Alzheimerove bolesti\u00a0<\/span><\/p>\n<p><span style=\"font-weight: 400;\">Djeluje protuupalno<\/span><\/p>\n<p><span style=\"font-weight: 400;\">Osloba\u0111a od stresa<\/span><\/p>\n<p><span style=\"font-weight: 400;\">Anksioznosti\u00a0<\/span><\/p>\n<p><span style=\"font-weight: 400;\">Kod kroni\u010dne boli<\/span><\/p>\n<p><span style=\"font-weight: 400;\">Kod ovisnosti o alkoholu, opijatima i stimulansima<\/span><\/p>\n<p><span style=\"font-weight: 400;\">Ako imate problema sa spavanjem<\/span><\/p>\n<p><span style=\"font-weight: 400;\">Multipla skleroza\u00a0<\/span><\/p>\n<p><span style=\"font-weight: 400;\">Spre\u010davaju rast stanica raka\u00a0<\/span><\/p>\n<p><span style=\"font-weight: 400;\">Osteoartritisa<\/span><\/p>\n<p><span style=\"font-weight: 400;\">Psorijaze\u00a0<\/span><\/p>\n<p><span style=\"font-weight: 400;\">Depresije<\/span><\/p>\n<h2><b>Evo nekoliko op\u0107ih smjernica za doziranje cbd smole ulja:<\/b><\/h2>\n<ul>\n<li style=\"font-weight: 400;\" aria-level=\"1\"><span style=\"font-weight: 400;\">Po\u010dnite niskom dozom: Ako tek po\u010dinjete koristiti cbd smolu, pastu ulje, preporu\u010duje se po\u010deti s niskom dozom, obi\u010dno oko 5-10 mg cbd-a dnevno. Ovo vam omogu\u0107uje da testirate kako va\u0161e tijelo reagira na kanabinoid.<\/span><\/li>\n<li style=\"font-weight: 400;\" aria-level=\"1\"><span style=\"font-weight: 400;\">Postupno pove\u0107avajte dozu: Ako ne primijetite \u017eeljene u\u010dinke nakon nekoliko dana kori\u0161tenja niske doze, mo\u017eete postupno pove\u0107avati dozu svakih nekoliko dana. Pratite svoje tjelesne reakcije i simptome kako biste utvrdili optimalnu dozu.<\/span><\/li>\n<li style=\"font-weight: 400;\" aria-level=\"1\"><span style=\"font-weight: 400;\">Individualna razlika: Va\u017eno je napomenuti da svaka osoba mo\u017ee reagirati druga\u010dije na CBD, pa je doziranje individualno. Ovisno o svrsi upotrebe (npr. za upravljanje boli ili tjeskobe), doza se mo\u017ee razlikovati.<\/span><\/li>\n<\/ul>\n<p>&nbsp;<\/p>\n<p><span style=\"font-weight: 400;\">Odabir cbd proizvoda s vi\u0161im postotkom koncentracije mo\u017ee se pokazati kao prednost u smislu ja\u010dine njegovih u\u010dinaka i kao isplatljivije rje\u0161enje.<\/span><\/p>\n<p><span style=\"font-weight: 400;\">Va\u017eno je naglasiti da na tr\u017ei\u0161tu je sve ve\u0107i broj sinteti\u010dkog cbd koji je poliven umjetnim terpenima, te se od takvog radi ulje i smola.\u00a0<\/span><\/p>\n<p><span style=\"font-weight: 400;\">Takva smola i ulje nikako ne\u0107e pomo\u0107i kod tegoba ve\u0107 upravo suprotno izazvat \u0107e vam mu\u010dninu, proljev, glavobolju i dr.<\/span><\/p>\n<p><span style=\"font-weight: 400;\">\u00a0Prirodno uzgojen cbd nece imati nikakve nuspojave.<\/span><\/p>\n<p><span style=\"font-weight: 400;\">Va\u017eno je napomenuti da na tr\u017ei\u0161tu se prodaje smola ili pasta u kojoj se nalazi p\u010delinji vosak, \u0161to isto tako ne\u0107e imati nikakve dobrobiti za va\u0161 organizam.<\/span><\/p>\n<p><span style=\"font-weight: 400;\">Stoga kad kupujete smolu ulje provjerite da cbd ima ekolo\u0161ki certifikat te da je iz takvog cvijeta ekstrahirana smola koja ce bit \u0107ista i sigurna za uporabu.<\/span><\/p>\n<p>Ulje od konoplje se koristi diljem svijeta te postoji jako puno studija o djelovanju konoplje.<\/p>\n<p><a href=\"http:\/\/www.cannavis.eu\">CannaVis<\/a>\u00a0 ima konoplju uzgojenu na ekolo\u0161ki na\u010din, zna\u010di bez umjetnih gnojiva, samo sunce i voda.<\/p>\n<p>&nbsp;<\/p>\n<p>Vi\u0161e o ulju od konoplje mo\u017eete prona\u0107i na stranici <a href=\"https:\/\/cannavis.eu\/hr\/blog\/\">cannavis.eu\/hr\/blog<\/a><\/p>\n<p>&nbsp;<\/p>\n<p>&nbsp;<\/p>\n","protected":false},"excerpt":{"rendered":"<p><span style=\"font-weight: 400;\">CannaVis CBD smola ulje sadr\u017ei 89,84% CBD kanabionida.<\/span><\/p>\n<p><span style=\"font-weight: 400;\">\u00a0CannaVis cbd smola ulje ima djelovanje ve\u0107 nakon 15 minuta.<\/span><\/p>\n<p>CannaVis cbd je uzgojen potpuno ekolo\u0161ki na otoku VIsu.<\/p>\n<p>NE SADR\u017dI P\u010cELINJI VOSAK.<\/p>\n","protected":false},"featured_media":4417,"comment_status":"open","ping_status":"closed","template":"","meta":{"_eb_attr":"","_joinchat":[]},"product_brand":[],"product_cat":[102],"product_tag":[468,467,259,258,469,260],"class_list":{"0":"post-1424","1":"product","2":"type-product","3":"status-publish","4":"has-post-thumbnail","6":"product_cat-cannavis-ulje-smola","7":"product_tag-cannavis-pasta","8":"product_tag-cannavis-smola","9":"product_tag-cbd-pasta","10":"product_tag-cbd-smola","11":"product_tag-konopljina-smola","12":"product_tag-ulje-konoplje","14":"first","15":"instock","16":"sale","17":"shipping-taxable","18":"purchasable","19":"product-type-simple"},"yoast_head":"<!-- This site is optimized with the Yoast SEO plugin v27.3 - https:\/\/yoast.com\/product\/yoast-seo-wordpress\/ -->\n<title>CannaVis CBD smola pasta<\/title>\n<meta name=\"description\" content=\"CannaVis CBD smola pasta dobrobiti. CBD smola poma\u017ee kod multiple skelroze. Cbd smola i menstrualne tegobe. Cbd poma\u017ee kod raka i tumora.\" \/>\n<meta name=\"robots\" content=\"index, follow, max-snippet:-1, max-image-preview:large, max-video-preview:-1\" \/>\n<link rel=\"canonical\" href=\"https:\/\/cannavis.eu\/hr\/proizvodi\/cannavis-cbd-pasta-smola\/\" \/>\n<meta property=\"og:locale\" content=\"hr_HR\" \/>\n<meta property=\"og:type\" content=\"article\" \/>\n<meta property=\"og:title\" content=\"CannaVis CBD smola pasta\" \/>\n<meta property=\"og:description\" content=\"CannaVis CBD smola pasta dobrobiti. CBD smola poma\u017ee kod multiple skelroze. Cbd smola i menstrualne tegobe. Cbd poma\u017ee kod raka i tumora.\" \/>\n<meta property=\"og:url\" content=\"https:\/\/cannavis.eu\/hr\/proizvodi\/cannavis-cbd-pasta-smola\/\" \/>\n<meta property=\"og:site_name\" content=\"Cannavis konoplja sa otoka Visa\" \/>\n<meta property=\"article:modified_time\" content=\"2026-04-11T20:27:56+00:00\" \/>\n<meta property=\"og:image\" content=\"https:\/\/cannavis.eu\/wp-content\/uploads\/2022\/05\/CannaVis-CBD-smola.png\" \/>\n\t<meta property=\"og:image:width\" content=\"800\" \/>\n\t<meta property=\"og:image:height\" content=\"800\" \/>\n\t<meta property=\"og:image:type\" content=\"image\/png\" \/>\n<meta name=\"twitter:card\" content=\"summary_large_image\" \/>\n<meta name=\"twitter:label1\" content=\"Procijenjeno vrijeme \u010ditanja\" \/>\n\t<meta name=\"twitter:data1\" content=\"3 minute\" \/>\n<script type=\"application\/ld+json\" class=\"yoast-schema-graph\">{\"@context\":\"https:\\\/\\\/schema.org\",\"@graph\":[{\"@type\":\"WebPage\",\"@id\":\"https:\\\/\\\/cannavis.eu\\\/hr\\\/proizvodi\\\/cannavis-cbd-pasta-smola\\\/\",\"url\":\"https:\\\/\\\/cannavis.eu\\\/hr\\\/proizvodi\\\/cannavis-cbd-pasta-smola\\\/\",\"name\":\"CannaVis CBD smola pasta\",\"isPartOf\":{\"@id\":\"https:\\\/\\\/cannavis.eu\\\/hr\\\/#website\"},\"primaryImageOfPage\":{\"@id\":\"https:\\\/\\\/cannavis.eu\\\/hr\\\/proizvodi\\\/cannavis-cbd-pasta-smola\\\/#primaryimage\"},\"image\":{\"@id\":\"https:\\\/\\\/cannavis.eu\\\/hr\\\/proizvodi\\\/cannavis-cbd-pasta-smola\\\/#primaryimage\"},\"thumbnailUrl\":\"https:\\\/\\\/cannavis.eu\\\/wp-content\\\/uploads\\\/2022\\\/05\\\/CannaVis-CBD-smola.png\",\"datePublished\":\"2022-05-31T16:24:39+00:00\",\"dateModified\":\"2026-04-11T20:27:56+00:00\",\"description\":\"CannaVis CBD smola pasta dobrobiti. CBD smola poma\u017ee kod multiple skelroze. Cbd smola i menstrualne tegobe. Cbd poma\u017ee kod raka i tumora.\",\"breadcrumb\":{\"@id\":\"https:\\\/\\\/cannavis.eu\\\/hr\\\/proizvodi\\\/cannavis-cbd-pasta-smola\\\/#breadcrumb\"},\"inLanguage\":\"hr\",\"potentialAction\":[{\"@type\":\"ReadAction\",\"target\":[\"https:\\\/\\\/cannavis.eu\\\/hr\\\/proizvodi\\\/cannavis-cbd-pasta-smola\\\/\"]}]},{\"@type\":\"ImageObject\",\"inLanguage\":\"hr\",\"@id\":\"https:\\\/\\\/cannavis.eu\\\/hr\\\/proizvodi\\\/cannavis-cbd-pasta-smola\\\/#primaryimage\",\"url\":\"https:\\\/\\\/cannavis.eu\\\/wp-content\\\/uploads\\\/2022\\\/05\\\/CannaVis-CBD-smola.png\",\"contentUrl\":\"https:\\\/\\\/cannavis.eu\\\/wp-content\\\/uploads\\\/2022\\\/05\\\/CannaVis-CBD-smola.png\",\"width\":800,\"height\":800,\"caption\":\"CannaVis CBD smola\"},{\"@type\":\"BreadcrumbList\",\"@id\":\"https:\\\/\\\/cannavis.eu\\\/hr\\\/proizvodi\\\/cannavis-cbd-pasta-smola\\\/#breadcrumb\",\"itemListElement\":[{\"@type\":\"ListItem\",\"position\":1,\"name\":\"Home\",\"item\":\"https:\\\/\\\/cannavis.eu\\\/hr\\\/\"},{\"@type\":\"ListItem\",\"position\":2,\"name\":\"Proizvodi\",\"item\":\"https:\\\/\\\/cannavis.eu\\\/hr\\\/proizvodi\\\/\"},{\"@type\":\"ListItem\",\"position\":3,\"name\":\"CannaVis CBD smola pasta\"}]},{\"@type\":\"WebSite\",\"@id\":\"https:\\\/\\\/cannavis.eu\\\/hr\\\/#website\",\"url\":\"https:\\\/\\\/cannavis.eu\\\/hr\\\/\",\"name\":\"Cannavis konoplja sa otoka Visa\",\"description\":\"CannaVis industrijska konoplja cvijet sa otoka Visa\",\"publisher\":{\"@id\":\"https:\\\/\\\/cannavis.eu\\\/hr\\\/#organization\"},\"potentialAction\":[{\"@type\":\"SearchAction\",\"target\":{\"@type\":\"EntryPoint\",\"urlTemplate\":\"https:\\\/\\\/cannavis.eu\\\/hr\\\/?s={search_term_string}\"},\"query-input\":{\"@type\":\"PropertyValueSpecification\",\"valueRequired\":true,\"valueName\":\"search_term_string\"}}],\"inLanguage\":\"hr\"},{\"@type\":\"Organization\",\"@id\":\"https:\\\/\\\/cannavis.eu\\\/hr\\\/#organization\",\"name\":\"Cannavis konoplja sa otoka Visa\",\"url\":\"https:\\\/\\\/cannavis.eu\\\/hr\\\/\",\"logo\":{\"@type\":\"ImageObject\",\"inLanguage\":\"hr\",\"@id\":\"https:\\\/\\\/cannavis.eu\\\/hr\\\/#\\\/schema\\\/logo\\\/image\\\/\",\"url\":\"https:\\\/\\\/cannavis.eu\\\/wp-content\\\/uploads\\\/2021\\\/06\\\/CannaVis-logo.png\",\"contentUrl\":\"https:\\\/\\\/cannavis.eu\\\/wp-content\\\/uploads\\\/2021\\\/06\\\/CannaVis-logo.png\",\"width\":160,\"height\":65,\"caption\":\"Cannavis konoplja sa otoka Visa\"},\"image\":{\"@id\":\"https:\\\/\\\/cannavis.eu\\\/hr\\\/#\\\/schema\\\/logo\\\/image\\\/\"}}]}<\/script>\n<!-- \/ Yoast SEO plugin. -->","yoast_head_json":{"title":"CannaVis CBD smola pasta","description":"CannaVis CBD smola pasta dobrobiti. CBD smola poma\u017ee kod multiple skelroze. Cbd smola i menstrualne tegobe. Cbd poma\u017ee kod raka i tumora.","robots":{"index":"index","follow":"follow","max-snippet":"max-snippet:-1","max-image-preview":"max-image-preview:large","max-video-preview":"max-video-preview:-1"},"canonical":"https:\/\/cannavis.eu\/hr\/proizvodi\/cannavis-cbd-pasta-smola\/","og_locale":"hr_HR","og_type":"article","og_title":"CannaVis CBD smola pasta","og_description":"CannaVis CBD smola pasta dobrobiti. CBD smola poma\u017ee kod multiple skelroze. Cbd smola i menstrualne tegobe. Cbd poma\u017ee kod raka i tumora.","og_url":"https:\/\/cannavis.eu\/hr\/proizvodi\/cannavis-cbd-pasta-smola\/","og_site_name":"Cannavis konoplja sa otoka Visa","article_modified_time":"2026-04-11T20:27:56+00:00","og_image":[{"width":800,"height":800,"url":"https:\/\/cannavis.eu\/wp-content\/uploads\/2022\/05\/CannaVis-CBD-smola.png","type":"image\/png"}],"twitter_card":"summary_large_image","twitter_misc":{"Procijenjeno vrijeme \u010ditanja":"3 minute"},"schema":{"@context":"https:\/\/schema.org","@graph":[{"@type":"WebPage","@id":"https:\/\/cannavis.eu\/hr\/proizvodi\/cannavis-cbd-pasta-smola\/","url":"https:\/\/cannavis.eu\/hr\/proizvodi\/cannavis-cbd-pasta-smola\/","name":"CannaVis CBD smola pasta","isPartOf":{"@id":"https:\/\/cannavis.eu\/hr\/#website"},"primaryImageOfPage":{"@id":"https:\/\/cannavis.eu\/hr\/proizvodi\/cannavis-cbd-pasta-smola\/#primaryimage"},"image":{"@id":"https:\/\/cannavis.eu\/hr\/proizvodi\/cannavis-cbd-pasta-smola\/#primaryimage"},"thumbnailUrl":"https:\/\/cannavis.eu\/wp-content\/uploads\/2022\/05\/CannaVis-CBD-smola.png","datePublished":"2022-05-31T16:24:39+00:00","dateModified":"2026-04-11T20:27:56+00:00","description":"CannaVis CBD smola pasta dobrobiti. CBD smola poma\u017ee kod multiple skelroze. Cbd smola i menstrualne tegobe. Cbd poma\u017ee kod raka i tumora.","breadcrumb":{"@id":"https:\/\/cannavis.eu\/hr\/proizvodi\/cannavis-cbd-pasta-smola\/#breadcrumb"},"inLanguage":"hr","potentialAction":[{"@type":"ReadAction","target":["https:\/\/cannavis.eu\/hr\/proizvodi\/cannavis-cbd-pasta-smola\/"]}]},{"@type":"ImageObject","inLanguage":"hr","@id":"https:\/\/cannavis.eu\/hr\/proizvodi\/cannavis-cbd-pasta-smola\/#primaryimage","url":"https:\/\/cannavis.eu\/wp-content\/uploads\/2022\/05\/CannaVis-CBD-smola.png","contentUrl":"https:\/\/cannavis.eu\/wp-content\/uploads\/2022\/05\/CannaVis-CBD-smola.png","width":800,"height":800,"caption":"CannaVis CBD smola"},{"@type":"BreadcrumbList","@id":"https:\/\/cannavis.eu\/hr\/proizvodi\/cannavis-cbd-pasta-smola\/#breadcrumb","itemListElement":[{"@type":"ListItem","position":1,"name":"Home","item":"https:\/\/cannavis.eu\/hr\/"},{"@type":"ListItem","position":2,"name":"Proizvodi","item":"https:\/\/cannavis.eu\/hr\/proizvodi\/"},{"@type":"ListItem","position":3,"name":"CannaVis CBD smola pasta"}]},{"@type":"WebSite","@id":"https:\/\/cannavis.eu\/hr\/#website","url":"https:\/\/cannavis.eu\/hr\/","name":"Cannavis konoplja sa otoka Visa","description":"CannaVis industrijska konoplja cvijet sa otoka Visa","publisher":{"@id":"https:\/\/cannavis.eu\/hr\/#organization"},"potentialAction":[{"@type":"SearchAction","target":{"@type":"EntryPoint","urlTemplate":"https:\/\/cannavis.eu\/hr\/?s={search_term_string}"},"query-input":{"@type":"PropertyValueSpecification","valueRequired":true,"valueName":"search_term_string"}}],"inLanguage":"hr"},{"@type":"Organization","@id":"https:\/\/cannavis.eu\/hr\/#organization","name":"Cannavis konoplja sa otoka Visa","url":"https:\/\/cannavis.eu\/hr\/","logo":{"@type":"ImageObject","inLanguage":"hr","@id":"https:\/\/cannavis.eu\/hr\/#\/schema\/logo\/image\/","url":"https:\/\/cannavis.eu\/wp-content\/uploads\/2021\/06\/CannaVis-logo.png","contentUrl":"https:\/\/cannavis.eu\/wp-content\/uploads\/2021\/06\/CannaVis-logo.png","width":160,"height":65,"caption":"Cannavis konoplja sa otoka Visa"},"image":{"@id":"https:\/\/cannavis.eu\/hr\/#\/schema\/logo\/image\/"}}]}},"jetpack_sharing_enabled":true,"_links":{"self":[{"href":"https:\/\/cannavis.eu\/hr\/wp-json\/wp\/v2\/product\/1424","targetHints":{"allow":["GET"]}}],"collection":[{"href":"https:\/\/cannavis.eu\/hr\/wp-json\/wp\/v2\/product"}],"about":[{"href":"https:\/\/cannavis.eu\/hr\/wp-json\/wp\/v2\/types\/product"}],"replies":[{"embeddable":true,"href":"https:\/\/cannavis.eu\/hr\/wp-json\/wp\/v2\/comments?post=1424"}],"wp:featuredmedia":[{"embeddable":true,"href":"https:\/\/cannavis.eu\/hr\/wp-json\/wp\/v2\/media\/4417"}],"wp:attachment":[{"href":"https:\/\/cannavis.eu\/hr\/wp-json\/wp\/v2\/media?parent=1424"}],"wp:term":[{"taxonomy":"product_brand","embeddable":true,"href":"https:\/\/cannavis.eu\/hr\/wp-json\/wp\/v2\/product_brand?post=1424"},{"taxonomy":"product_cat","embeddable":true,"href":"https:\/\/cannavis.eu\/hr\/wp-json\/wp\/v2\/product_cat?post=1424"},{"taxonomy":"product_tag","embeddable":true,"href":"https:\/\/cannavis.eu\/hr\/wp-json\/wp\/v2\/product_tag?post=1424"}],"curies":[{"name":"wp","href":"https:\/\/api.w.org\/{rel}","templated":true}]}}