{"id":1636,"date":"2022-10-26T13:06:35","date_gmt":"2022-10-26T13:06:35","guid":{"rendered":"https:\/\/cannavis.eu\/?post_type=product&#038;p=1636"},"modified":"2026-04-11T06:51:15","modified_gmt":"2026-04-11T04:51:15","slug":"cannavis-pedesetka-cvijet-konoplje-50g","status":"publish","type":"product","link":"https:\/\/cannavis.eu\/hr\/proizvodi\/cannavis-pedesetka-cvijet-konoplje-50g\/","title":{"rendered":"CannaVis Pedesetka cvijet konoplje 50g"},"content":{"rendered":"<p><span style=\"font-weight: 400;\">CannaVis Pedesetka cvijet konoplje\u00a0vam nudi najkvalitetniji cvijet cbd, po najboljoj cijeni na tr\u017ei\u0161tu i vrhunsko u\u017eivanje u cvijetu konoplje.<\/span><\/p>\n<p>&nbsp;<\/p>\n<p><span style=\"font-weight: 400;\">\u0160to je <a href=\"https:\/\/cannavis.eu\/hr\/proizvod\/cannavis-prerolls-10-x\/\">CBD<\/a> cvijet ?<\/span><\/p>\n<p><span style=\"font-weight: 400;\">Cbd cvijet je dio biljke <a href=\"https:\/\/hr.wikipedia.org\/wiki\/Konoplja\">konoplje<\/a> koji sadr\u017ei veliki postotak\u00a0 cbd ili kanabidiola.<\/span><\/p>\n<p><span style=\"font-weight: 400;\">Od 2019. g. cbd je potpuno legalan u Hrvatskoj te se naj\u010de\u0161\u0107e koristi kao pomo\u0107 kod zdravstvenih problema. Va\u017eno je znati da cbd cvijet koji konzumirate bude potpuno organski uzgojen i bez ikakvih gnojiva jer jedino tako mo\u017ee imati svoj potpuni efekt na zdravstvene tegobe. CannaVis cvjetovi se uzgajaju na otoku Visu, to\u010dnije u sredini otoka na potpuno organski na\u010din ( sunce i voda). Zato i jesu najkvalitetniji cvjetovi na tr\u017ei\u0161tu. Od mnogo ponu\u0111enih cvjetova na tr\u017ei\u0161tu ve\u0107ina ih je uzgojena sa gnojivima ili poliveno umjetnim terpenima.\u00a0 Takvi proizvodi imaju nuspojave poput mu\u010dnine, proljeva, boli u trbuhu.<\/span><\/p>\n<p><span style=\"font-weight: 400;\">CannaVis cvjetovi vam nikad ne\u0107e priu\u0161titi nikakve nuspojave jer su proizvedeni u skladu s prirodom. Ako do\u0111ete na otok Vis mo\u017eete posjetiti CannaVis farmu\u00a0 i u\u017eivati okru\u017eeni prirodom u miru i ti\u0161ini sa najboljim proizvodima od konoplje \u0161to ste ikad probali.\u00a0<\/span><\/p>\n<h2><span style=\"font-weight: 400;\">Dobrobiti CannaVis Pedesetka cvijet konoplje<\/span><\/h2>\n<p><span style=\"font-weight: 400;\">Poma\u017ee kod prestanka pu\u0161enja\u00a0<\/span><\/p>\n<p><span style=\"font-weight: 400;\">Opu\u0161ta mi\u0161i\u0107e<\/span><\/p>\n<p><span style=\"font-weight: 400;\">Smanjuje stres\u00a0<\/span><\/p>\n<p><span style=\"font-weight: 400;\">Ubla\u017eava bol\u00a0<\/span><\/p>\n<p><span style=\"font-weight: 400;\">Pobolj\u0161ava kvalitetu sna\u00a0<\/span><\/p>\n<p><span style=\"font-weight: 400;\">To su samo neke od dobrobiti cvijeta konoplje koji se mo\u017ee konzumirati kroz pu\u0161enje ili kroz \u010daj. Va\u017eno je napomenuti da kod pravljenja \u010daja\u00a0 u kipu\u0107u vodu se mora staviti jedna kapljica ulja kako bi cvijet pustio svoja ljekovita svojstva. CBD nije topiv samo u vodi.Sve dok kupujete CBD proizvode dobivene od konoplje, ne\u0107ete iskusiti nikakve opojne u\u010dinke.<\/span><\/p>\n<p><span style=\"font-weight: 400;\">Cvjetovi konoplje bogati su CBD-om i imaju nizak udio THC-a (ispod 0,2%), nude\u0107i umiruju\u0107i i opu\u0161taju\u0107i osje\u0107aj\u00a0 bez mijenjanja osjetila percepcije. Jedna od glavnih prednosti pu\u0161enja CBD- a je iskoristiti dobrobiti kanabinoida bez psihoaktivnih u\u010dinaka.<\/span><\/p>\n<p><span style=\"font-weight: 400;\">Vi\u0161e o konoplji mo\u017eete pro\u010ditati na na\u0161em blogu\u00a0<\/span><\/p>\n<p><span style=\"font-weight: 400;\">Proizvodi OPG AgroVis\u00a0<\/span><\/p>\n<p><span style=\"font-weight: 400;\">Stavlja na tr\u017ei\u0161te Karika Vis d.o.o.<\/span><\/p>\n","protected":false},"excerpt":{"rendered":"<p><em><span style=\"font-weight: 400;\">Za\u0161to kupiti CannaVis pedesetku?<\/span><\/em><\/p>\n<ul>\n<li><strong>CannaVis pedesetka jer su najkvalitetniji cvjetovi\u00a0<\/strong><\/li>\n<li><strong>CannaVis pedesetka jer je\u00a0 organski uzgojena\u00a0<\/strong><\/li>\n<li><strong>CannaVis pedesetka jer je najpovoljnija na tr\u017ei\u0161tu\u00a0<\/strong><\/li>\n<li><strong>CannaVis pedesetka jer je sa otoka Visa<\/strong><\/li>\n<\/ul>\n","protected":false},"featured_media":4316,"comment_status":"open","ping_status":"closed","template":"","meta":{"_eb_attr":"","_joinchat":[]},"product_brand":[],"product_cat":[21],"product_tag":[878,879,877],"class_list":{"0":"post-1636","1":"product","2":"type-product","3":"status-publish","4":"has-post-thumbnail","6":"product_cat-cannavis-cvijetovi","7":"product_tag-cvijetovi-konoplje","8":"product_tag-cvitovi-konoplje","9":"product_tag-pedesetka","11":"first","12":"instock","13":"sale","14":"shipping-taxable","15":"purchasable","16":"product-type-variable"},"yoast_head":"<!-- This site is optimized with the Yoast SEO plugin v27.3 - https:\/\/yoast.com\/product\/yoast-seo-wordpress\/ -->\n<title>CannaVis Pedesetka cvijet konoplje 50g<\/title>\n<meta name=\"description\" content=\"CannaVis Pedesetka cvijet konoplje 50g kupite po najpovoljnijoj cijeni na tr\u017ei\u0161tu. CannaVis prva vi\u0161ka \u010dokolada uskoro na tr\u017ei\u0161tu-CBD\" \/>\n<meta name=\"robots\" content=\"index, follow, max-snippet:-1, max-image-preview:large, max-video-preview:-1\" \/>\n<link rel=\"canonical\" href=\"https:\/\/cannavis.eu\/hr\/proizvodi\/cannavis-pedesetka-cvijet-konoplje-50g\/\" \/>\n<meta property=\"og:locale\" content=\"hr_HR\" \/>\n<meta property=\"og:type\" content=\"article\" \/>\n<meta property=\"og:title\" content=\"CannaVis Pedesetka cvijet konoplje 50g\" \/>\n<meta property=\"og:description\" content=\"CannaVis Pedesetka cvijet konoplje 50g\" \/>\n<meta property=\"og:url\" content=\"https:\/\/cannavis.eu\/hr\/proizvodi\/cannavis-pedesetka-cvijet-konoplje-50g\/\" \/>\n<meta property=\"og:site_name\" content=\"Cannavis konoplja sa otoka Visa\" \/>\n<meta property=\"article:modified_time\" content=\"2026-04-11T04:51:15+00:00\" \/>\n<meta property=\"og:image\" content=\"https:\/\/cannavis.eu\/wp-content\/uploads\/2022\/10\/CannaVis-Pedesetka-cvijet-konoplje-50g.jpg\" \/>\n\t<meta property=\"og:image:width\" content=\"821\" \/>\n\t<meta property=\"og:image:height\" content=\"962\" \/>\n\t<meta property=\"og:image:type\" content=\"image\/jpeg\" \/>\n<meta name=\"twitter:card\" content=\"summary_large_image\" \/>\n<meta name=\"twitter:label1\" content=\"Procijenjeno vrijeme \u010ditanja\" \/>\n\t<meta name=\"twitter:data1\" content=\"2 minute\" \/>\n<script type=\"application\/ld+json\" class=\"yoast-schema-graph\">{\"@context\":\"https:\\\/\\\/schema.org\",\"@graph\":[{\"@type\":\"WebPage\",\"@id\":\"https:\\\/\\\/cannavis.eu\\\/hr\\\/proizvodi\\\/cannavis-pedesetka-cvijet-konoplje-50g\\\/\",\"url\":\"https:\\\/\\\/cannavis.eu\\\/hr\\\/proizvodi\\\/cannavis-pedesetka-cvijet-konoplje-50g\\\/\",\"name\":\"CannaVis Pedesetka cvijet konoplje 50g\",\"isPartOf\":{\"@id\":\"https:\\\/\\\/cannavis.eu\\\/hr\\\/#website\"},\"primaryImageOfPage\":{\"@id\":\"https:\\\/\\\/cannavis.eu\\\/hr\\\/proizvodi\\\/cannavis-pedesetka-cvijet-konoplje-50g\\\/#primaryimage\"},\"image\":{\"@id\":\"https:\\\/\\\/cannavis.eu\\\/hr\\\/proizvodi\\\/cannavis-pedesetka-cvijet-konoplje-50g\\\/#primaryimage\"},\"thumbnailUrl\":\"https:\\\/\\\/cannavis.eu\\\/wp-content\\\/uploads\\\/2022\\\/10\\\/CannaVis-Pedesetka.png\",\"datePublished\":\"2022-10-26T13:06:35+00:00\",\"dateModified\":\"2026-04-11T04:51:15+00:00\",\"description\":\"CannaVis Pedesetka cvijet konoplje 50g kupite po najpovoljnijoj cijeni na tr\u017ei\u0161tu. CannaVis prva vi\u0161ka \u010dokolada uskoro na tr\u017ei\u0161tu-CBD\",\"breadcrumb\":{\"@id\":\"https:\\\/\\\/cannavis.eu\\\/hr\\\/proizvodi\\\/cannavis-pedesetka-cvijet-konoplje-50g\\\/#breadcrumb\"},\"inLanguage\":\"hr\",\"potentialAction\":[{\"@type\":\"ReadAction\",\"target\":[\"https:\\\/\\\/cannavis.eu\\\/hr\\\/proizvodi\\\/cannavis-pedesetka-cvijet-konoplje-50g\\\/\"]}]},{\"@type\":\"ImageObject\",\"inLanguage\":\"hr\",\"@id\":\"https:\\\/\\\/cannavis.eu\\\/hr\\\/proizvodi\\\/cannavis-pedesetka-cvijet-konoplje-50g\\\/#primaryimage\",\"url\":\"https:\\\/\\\/cannavis.eu\\\/wp-content\\\/uploads\\\/2022\\\/10\\\/CannaVis-Pedesetka.png\",\"contentUrl\":\"https:\\\/\\\/cannavis.eu\\\/wp-content\\\/uploads\\\/2022\\\/10\\\/CannaVis-Pedesetka.png\",\"width\":800,\"height\":800},{\"@type\":\"BreadcrumbList\",\"@id\":\"https:\\\/\\\/cannavis.eu\\\/hr\\\/proizvodi\\\/cannavis-pedesetka-cvijet-konoplje-50g\\\/#breadcrumb\",\"itemListElement\":[{\"@type\":\"ListItem\",\"position\":1,\"name\":\"Home\",\"item\":\"https:\\\/\\\/cannavis.eu\\\/hr\\\/\"},{\"@type\":\"ListItem\",\"position\":2,\"name\":\"Proizvodi\",\"item\":\"https:\\\/\\\/cannavis.eu\\\/hr\\\/proizvodi\\\/\"},{\"@type\":\"ListItem\",\"position\":3,\"name\":\"CannaVis Pedesetka cvijet konoplje 50g\"}]},{\"@type\":\"WebSite\",\"@id\":\"https:\\\/\\\/cannavis.eu\\\/hr\\\/#website\",\"url\":\"https:\\\/\\\/cannavis.eu\\\/hr\\\/\",\"name\":\"Cannavis konoplja sa otoka Visa\",\"description\":\"CannaVis industrijska konoplja cvijet sa otoka Visa\",\"publisher\":{\"@id\":\"https:\\\/\\\/cannavis.eu\\\/hr\\\/#organization\"},\"potentialAction\":[{\"@type\":\"SearchAction\",\"target\":{\"@type\":\"EntryPoint\",\"urlTemplate\":\"https:\\\/\\\/cannavis.eu\\\/hr\\\/?s={search_term_string}\"},\"query-input\":{\"@type\":\"PropertyValueSpecification\",\"valueRequired\":true,\"valueName\":\"search_term_string\"}}],\"inLanguage\":\"hr\"},{\"@type\":\"Organization\",\"@id\":\"https:\\\/\\\/cannavis.eu\\\/hr\\\/#organization\",\"name\":\"Cannavis konoplja sa otoka Visa\",\"url\":\"https:\\\/\\\/cannavis.eu\\\/hr\\\/\",\"logo\":{\"@type\":\"ImageObject\",\"inLanguage\":\"hr\",\"@id\":\"https:\\\/\\\/cannavis.eu\\\/hr\\\/#\\\/schema\\\/logo\\\/image\\\/\",\"url\":\"https:\\\/\\\/cannavis.eu\\\/wp-content\\\/uploads\\\/2021\\\/06\\\/CannaVis-logo.png\",\"contentUrl\":\"https:\\\/\\\/cannavis.eu\\\/wp-content\\\/uploads\\\/2021\\\/06\\\/CannaVis-logo.png\",\"width\":160,\"height\":65,\"caption\":\"Cannavis konoplja sa otoka Visa\"},\"image\":{\"@id\":\"https:\\\/\\\/cannavis.eu\\\/hr\\\/#\\\/schema\\\/logo\\\/image\\\/\"}}]}<\/script>\n<!-- \/ Yoast SEO plugin. -->","yoast_head_json":{"title":"CannaVis Pedesetka cvijet konoplje 50g","description":"CannaVis Pedesetka cvijet konoplje 50g kupite po najpovoljnijoj cijeni na tr\u017ei\u0161tu. CannaVis prva vi\u0161ka \u010dokolada uskoro na tr\u017ei\u0161tu-CBD","robots":{"index":"index","follow":"follow","max-snippet":"max-snippet:-1","max-image-preview":"max-image-preview:large","max-video-preview":"max-video-preview:-1"},"canonical":"https:\/\/cannavis.eu\/hr\/proizvodi\/cannavis-pedesetka-cvijet-konoplje-50g\/","og_locale":"hr_HR","og_type":"article","og_title":"CannaVis Pedesetka cvijet konoplje 50g","og_description":"CannaVis Pedesetka cvijet konoplje 50g","og_url":"https:\/\/cannavis.eu\/hr\/proizvodi\/cannavis-pedesetka-cvijet-konoplje-50g\/","og_site_name":"Cannavis konoplja sa otoka Visa","article_modified_time":"2026-04-11T04:51:15+00:00","og_image":[{"width":821,"height":962,"url":"https:\/\/cannavis.eu\/wp-content\/uploads\/2022\/10\/CannaVis-Pedesetka-cvijet-konoplje-50g.jpg","type":"image\/jpeg"}],"twitter_card":"summary_large_image","twitter_misc":{"Procijenjeno vrijeme \u010ditanja":"2 minute"},"schema":{"@context":"https:\/\/schema.org","@graph":[{"@type":"WebPage","@id":"https:\/\/cannavis.eu\/hr\/proizvodi\/cannavis-pedesetka-cvijet-konoplje-50g\/","url":"https:\/\/cannavis.eu\/hr\/proizvodi\/cannavis-pedesetka-cvijet-konoplje-50g\/","name":"CannaVis Pedesetka cvijet konoplje 50g","isPartOf":{"@id":"https:\/\/cannavis.eu\/hr\/#website"},"primaryImageOfPage":{"@id":"https:\/\/cannavis.eu\/hr\/proizvodi\/cannavis-pedesetka-cvijet-konoplje-50g\/#primaryimage"},"image":{"@id":"https:\/\/cannavis.eu\/hr\/proizvodi\/cannavis-pedesetka-cvijet-konoplje-50g\/#primaryimage"},"thumbnailUrl":"https:\/\/cannavis.eu\/wp-content\/uploads\/2022\/10\/CannaVis-Pedesetka.png","datePublished":"2022-10-26T13:06:35+00:00","dateModified":"2026-04-11T04:51:15+00:00","description":"CannaVis Pedesetka cvijet konoplje 50g kupite po najpovoljnijoj cijeni na tr\u017ei\u0161tu. CannaVis prva vi\u0161ka \u010dokolada uskoro na tr\u017ei\u0161tu-CBD","breadcrumb":{"@id":"https:\/\/cannavis.eu\/hr\/proizvodi\/cannavis-pedesetka-cvijet-konoplje-50g\/#breadcrumb"},"inLanguage":"hr","potentialAction":[{"@type":"ReadAction","target":["https:\/\/cannavis.eu\/hr\/proizvodi\/cannavis-pedesetka-cvijet-konoplje-50g\/"]}]},{"@type":"ImageObject","inLanguage":"hr","@id":"https:\/\/cannavis.eu\/hr\/proizvodi\/cannavis-pedesetka-cvijet-konoplje-50g\/#primaryimage","url":"https:\/\/cannavis.eu\/wp-content\/uploads\/2022\/10\/CannaVis-Pedesetka.png","contentUrl":"https:\/\/cannavis.eu\/wp-content\/uploads\/2022\/10\/CannaVis-Pedesetka.png","width":800,"height":800},{"@type":"BreadcrumbList","@id":"https:\/\/cannavis.eu\/hr\/proizvodi\/cannavis-pedesetka-cvijet-konoplje-50g\/#breadcrumb","itemListElement":[{"@type":"ListItem","position":1,"name":"Home","item":"https:\/\/cannavis.eu\/hr\/"},{"@type":"ListItem","position":2,"name":"Proizvodi","item":"https:\/\/cannavis.eu\/hr\/proizvodi\/"},{"@type":"ListItem","position":3,"name":"CannaVis Pedesetka cvijet konoplje 50g"}]},{"@type":"WebSite","@id":"https:\/\/cannavis.eu\/hr\/#website","url":"https:\/\/cannavis.eu\/hr\/","name":"Cannavis konoplja sa otoka Visa","description":"CannaVis industrijska konoplja cvijet sa otoka Visa","publisher":{"@id":"https:\/\/cannavis.eu\/hr\/#organization"},"potentialAction":[{"@type":"SearchAction","target":{"@type":"EntryPoint","urlTemplate":"https:\/\/cannavis.eu\/hr\/?s={search_term_string}"},"query-input":{"@type":"PropertyValueSpecification","valueRequired":true,"valueName":"search_term_string"}}],"inLanguage":"hr"},{"@type":"Organization","@id":"https:\/\/cannavis.eu\/hr\/#organization","name":"Cannavis konoplja sa otoka Visa","url":"https:\/\/cannavis.eu\/hr\/","logo":{"@type":"ImageObject","inLanguage":"hr","@id":"https:\/\/cannavis.eu\/hr\/#\/schema\/logo\/image\/","url":"https:\/\/cannavis.eu\/wp-content\/uploads\/2021\/06\/CannaVis-logo.png","contentUrl":"https:\/\/cannavis.eu\/wp-content\/uploads\/2021\/06\/CannaVis-logo.png","width":160,"height":65,"caption":"Cannavis konoplja sa otoka Visa"},"image":{"@id":"https:\/\/cannavis.eu\/hr\/#\/schema\/logo\/image\/"}}]}},"jetpack_sharing_enabled":true,"_links":{"self":[{"href":"https:\/\/cannavis.eu\/hr\/wp-json\/wp\/v2\/product\/1636","targetHints":{"allow":["GET"]}}],"collection":[{"href":"https:\/\/cannavis.eu\/hr\/wp-json\/wp\/v2\/product"}],"about":[{"href":"https:\/\/cannavis.eu\/hr\/wp-json\/wp\/v2\/types\/product"}],"replies":[{"embeddable":true,"href":"https:\/\/cannavis.eu\/hr\/wp-json\/wp\/v2\/comments?post=1636"}],"wp:featuredmedia":[{"embeddable":true,"href":"https:\/\/cannavis.eu\/hr\/wp-json\/wp\/v2\/media\/4316"}],"wp:attachment":[{"href":"https:\/\/cannavis.eu\/hr\/wp-json\/wp\/v2\/media?parent=1636"}],"wp:term":[{"taxonomy":"product_brand","embeddable":true,"href":"https:\/\/cannavis.eu\/hr\/wp-json\/wp\/v2\/product_brand?post=1636"},{"taxonomy":"product_cat","embeddable":true,"href":"https:\/\/cannavis.eu\/hr\/wp-json\/wp\/v2\/product_cat?post=1636"},{"taxonomy":"product_tag","embeddable":true,"href":"https:\/\/cannavis.eu\/hr\/wp-json\/wp\/v2\/product_tag?post=1636"}],"curies":[{"name":"wp","href":"https:\/\/api.w.org\/{rel}","templated":true}]}}