{"id":1694,"date":"2023-01-05T13:39:24","date_gmt":"2023-01-05T13:39:24","guid":{"rendered":"https:\/\/cannavis.eu\/?post_type=product&#038;p=1694"},"modified":"2025-08-14T22:03:58","modified_gmt":"2025-08-14T20:03:58","slug":"cannavis-ksfilteri","status":"publish","type":"product","link":"https:\/\/cannavis.eu\/hr\/proizvodi\/cannavis-ksfilteri\/","title":{"rendered":"CannaVis KS+filteri (papir od konoplje)"},"content":{"rendered":"<h2>CannaVis KS+filteri (papir od konoplje)<\/h2>\n<p>CannaVis \u00a0KS+filteri (papir od konoplje) u\u010dinit \u0107e va\u0161e rolanje jednostavnijim i prakti\u010dnijim.<\/p>\n<p>CannaVis King Size +filteri su napravljeni od konoplje tako da mo\u017eete odlutati u potpuno zelenu oazu mira.<\/p>\n<p>Isprobajte CannaVis <a href=\"https:\/\/cannavis.eu\/hr\/proizvod\/cannavis-rolls-filteri-papir-od-konoplje-6m\/\">papiri\u0107e<\/a> za motanje po najpovoljnijim cijenama.<\/p>\n<p>CannaVis KS+filteri (papir od <a href=\"https:\/\/poljoprivreda.gov.hr\/vijesti\/proizvodjacima-industrijske-konoplje-olaksan-uzgoj-i-omoguceno-koristenje-cijele-biljke\/1371\">konoplje<\/a>) je zelene boje.<\/p>\n<p>Stavlja na tr\u017ei\u0161te: Karika Vis d.o.o, Donje Kunjanovo 6 , 21480 Dra\u010devo polje.<\/p>\n<p>&nbsp;<\/p>\n<p>&nbsp;<\/p>\n<p>Svi CannaVis proizvodi su pod utjecajem otoka, tako da mo\u017eete odlutati u svoj vlastiti mediteranski raj.<\/p>\n<p>CannaVis nudi neke od najmo\u0107nijih CBD proizvoda na tr\u017ei\u0161tu. Uz dobro zaoku\u017een izbor proizvoda sigurno \u0107ete prona\u0107i CBD koji najbolje odgovara va\u0161im \u017eivotnim potrebama. CannaVis koristi samo najbolje sastojke uklju\u010duju\u0107i CBD ulje \u0161irokog spektra koje se ekstrahira iz\u00a0 konoplje uzgojene na otoku Visu.<\/p>\n<p>Pa\u017eljivo biramo samo kvalitetne organske sastojke.<\/p>\n<p><strong>CannaVis nikada ne radi kompromise u pogledu snage ili kvalitete.<\/strong><\/p>\n","protected":false},"excerpt":{"rendered":"<p>CannaVis KS+filteri (papir od konoplje) CannaVis \u00a0KS+filteri (papir od konoplje) u\u010dinit \u0107e va\u0161e rolanje jednostavnijim i prakti\u010dnijim. CannaVis King Size +filteri su napravljeni od konoplje tako da mo\u017eete odlutati u potpuno zelenu oazu mira. Isprobajte CannaVis papiri\u0107e za motanje po najpovoljnijim cijenama. CannaVis KS+filteri (papir od konoplje) je zelene boje. Stavlja na tr\u017ei\u0161te: Karika Vis [&hellip;]<\/p>\n","protected":false},"featured_media":4493,"comment_status":"open","ping_status":"closed","template":"","meta":{"_eb_attr":"","_joinchat":[]},"product_brand":[],"product_cat":[27],"product_tag":[293,292,291],"class_list":{"0":"post-1694","1":"product","2":"type-product","3":"status-publish","4":"has-post-thumbnail","6":"product_cat-cannavis-rizle-i-filteri","7":"product_tag-king-size","8":"product_tag-papirici-za-motanje","9":"product_tag-rizle","11":"first","12":"outofstock","13":"shipping-taxable","14":"purchasable","15":"product-type-simple"},"yoast_head":"<!-- This site is optimized with the Yoast SEO plugin v27.4 - https:\/\/yoast.com\/product\/yoast-seo-wordpress\/ -->\n<title>CannaVis KS+filteri<\/title>\n<meta name=\"description\" content=\"CannaVis KS+filteri (papir od konoplje) su napravljeni od konoplje tako da mo\u017eete odlutati u potpuno zelenu oazu mira. CBD ulje, \u010dokolada....\" \/>\n<meta name=\"robots\" content=\"index, follow, max-snippet:-1, max-image-preview:large, max-video-preview:-1\" \/>\n<link rel=\"canonical\" href=\"https:\/\/cannavis.eu\/hr\/proizvodi\/cannavis-ksfilteri\/\" \/>\n<meta property=\"og:locale\" content=\"hr_HR\" \/>\n<meta property=\"og:type\" content=\"article\" \/>\n<meta property=\"og:title\" content=\"CannaVis KS+filteri\" \/>\n<meta property=\"og:description\" content=\"CannaVis KS+filteri (papir od konoplje) su napravljeni od konoplje tako da mo\u017eete odlutati u potpuno zelenu oazu mira. CBD ulje, \u010dokolada....\" \/>\n<meta property=\"og:url\" content=\"https:\/\/cannavis.eu\/hr\/proizvodi\/cannavis-ksfilteri\/\" \/>\n<meta property=\"og:site_name\" content=\"Cannavis konoplja sa otoka Visa\" \/>\n<meta property=\"article:modified_time\" content=\"2025-08-14T20:03:58+00:00\" \/>\n<meta property=\"og:image\" content=\"https:\/\/cannavis.eu\/wp-content\/uploads\/2023\/01\/CannaVis-KS-plus-filteri.png\" \/>\n\t<meta property=\"og:image:width\" content=\"800\" \/>\n\t<meta property=\"og:image:height\" content=\"800\" \/>\n\t<meta property=\"og:image:type\" content=\"image\/png\" \/>\n<meta name=\"twitter:card\" content=\"summary_large_image\" \/>\n<meta name=\"twitter:label1\" content=\"Procijenjeno vrijeme \u010ditanja\" \/>\n\t<meta name=\"twitter:data1\" content=\"1 minuta\" \/>\n<script type=\"application\/ld+json\" class=\"yoast-schema-graph\">{\"@context\":\"https:\\\/\\\/schema.org\",\"@graph\":[{\"@type\":\"WebPage\",\"@id\":\"https:\\\/\\\/cannavis.eu\\\/hr\\\/proizvodi\\\/cannavis-ksfilteri\\\/\",\"url\":\"https:\\\/\\\/cannavis.eu\\\/hr\\\/proizvodi\\\/cannavis-ksfilteri\\\/\",\"name\":\"CannaVis KS+filteri\",\"isPartOf\":{\"@id\":\"https:\\\/\\\/cannavis.eu\\\/hr\\\/#website\"},\"primaryImageOfPage\":{\"@id\":\"https:\\\/\\\/cannavis.eu\\\/hr\\\/proizvodi\\\/cannavis-ksfilteri\\\/#primaryimage\"},\"image\":{\"@id\":\"https:\\\/\\\/cannavis.eu\\\/hr\\\/proizvodi\\\/cannavis-ksfilteri\\\/#primaryimage\"},\"thumbnailUrl\":\"https:\\\/\\\/cannavis.eu\\\/wp-content\\\/uploads\\\/2023\\\/01\\\/CannaVis-KS-plus-filteri.png\",\"datePublished\":\"2023-01-05T13:39:24+00:00\",\"dateModified\":\"2025-08-14T20:03:58+00:00\",\"description\":\"CannaVis KS+filteri (papir od konoplje) su napravljeni od konoplje tako da mo\u017eete odlutati u potpuno zelenu oazu mira. CBD ulje, \u010dokolada....\",\"breadcrumb\":{\"@id\":\"https:\\\/\\\/cannavis.eu\\\/hr\\\/proizvodi\\\/cannavis-ksfilteri\\\/#breadcrumb\"},\"inLanguage\":\"hr\",\"potentialAction\":[{\"@type\":\"ReadAction\",\"target\":[\"https:\\\/\\\/cannavis.eu\\\/hr\\\/proizvodi\\\/cannavis-ksfilteri\\\/\"]}]},{\"@type\":\"ImageObject\",\"inLanguage\":\"hr\",\"@id\":\"https:\\\/\\\/cannavis.eu\\\/hr\\\/proizvodi\\\/cannavis-ksfilteri\\\/#primaryimage\",\"url\":\"https:\\\/\\\/cannavis.eu\\\/wp-content\\\/uploads\\\/2023\\\/01\\\/CannaVis-KS-plus-filteri.png\",\"contentUrl\":\"https:\\\/\\\/cannavis.eu\\\/wp-content\\\/uploads\\\/2023\\\/01\\\/CannaVis-KS-plus-filteri.png\",\"width\":800,\"height\":800,\"caption\":\"papiri\u0107i za motanje\"},{\"@type\":\"BreadcrumbList\",\"@id\":\"https:\\\/\\\/cannavis.eu\\\/hr\\\/proizvodi\\\/cannavis-ksfilteri\\\/#breadcrumb\",\"itemListElement\":[{\"@type\":\"ListItem\",\"position\":1,\"name\":\"Home\",\"item\":\"https:\\\/\\\/cannavis.eu\\\/hr\\\/\"},{\"@type\":\"ListItem\",\"position\":2,\"name\":\"Proizvodi\",\"item\":\"https:\\\/\\\/cannavis.eu\\\/hr\\\/proizvodi\\\/\"},{\"@type\":\"ListItem\",\"position\":3,\"name\":\"CannaVis KS+filteri (papir od konoplje)\"}]},{\"@type\":\"WebSite\",\"@id\":\"https:\\\/\\\/cannavis.eu\\\/hr\\\/#website\",\"url\":\"https:\\\/\\\/cannavis.eu\\\/hr\\\/\",\"name\":\"Cannavis konoplja sa otoka Visa\",\"description\":\"CannaVis industrijska konoplja cvijet sa otoka Visa\",\"publisher\":{\"@id\":\"https:\\\/\\\/cannavis.eu\\\/hr\\\/#organization\"},\"potentialAction\":[{\"@type\":\"SearchAction\",\"target\":{\"@type\":\"EntryPoint\",\"urlTemplate\":\"https:\\\/\\\/cannavis.eu\\\/hr\\\/?s={search_term_string}\"},\"query-input\":{\"@type\":\"PropertyValueSpecification\",\"valueRequired\":true,\"valueName\":\"search_term_string\"}}],\"inLanguage\":\"hr\"},{\"@type\":\"Organization\",\"@id\":\"https:\\\/\\\/cannavis.eu\\\/hr\\\/#organization\",\"name\":\"Cannavis konoplja sa otoka Visa\",\"url\":\"https:\\\/\\\/cannavis.eu\\\/hr\\\/\",\"logo\":{\"@type\":\"ImageObject\",\"inLanguage\":\"hr\",\"@id\":\"https:\\\/\\\/cannavis.eu\\\/hr\\\/#\\\/schema\\\/logo\\\/image\\\/\",\"url\":\"https:\\\/\\\/cannavis.eu\\\/wp-content\\\/uploads\\\/2021\\\/06\\\/CannaVis-logo.png\",\"contentUrl\":\"https:\\\/\\\/cannavis.eu\\\/wp-content\\\/uploads\\\/2021\\\/06\\\/CannaVis-logo.png\",\"width\":160,\"height\":65,\"caption\":\"Cannavis konoplja sa otoka Visa\"},\"image\":{\"@id\":\"https:\\\/\\\/cannavis.eu\\\/hr\\\/#\\\/schema\\\/logo\\\/image\\\/\"}}]}<\/script>\n<!-- \/ Yoast SEO plugin. -->","yoast_head_json":{"title":"CannaVis KS+filteri","description":"CannaVis KS+filteri (papir od konoplje) su napravljeni od konoplje tako da mo\u017eete odlutati u potpuno zelenu oazu mira. CBD ulje, \u010dokolada....","robots":{"index":"index","follow":"follow","max-snippet":"max-snippet:-1","max-image-preview":"max-image-preview:large","max-video-preview":"max-video-preview:-1"},"canonical":"https:\/\/cannavis.eu\/hr\/proizvodi\/cannavis-ksfilteri\/","og_locale":"hr_HR","og_type":"article","og_title":"CannaVis KS+filteri","og_description":"CannaVis KS+filteri (papir od konoplje) su napravljeni od konoplje tako da mo\u017eete odlutati u potpuno zelenu oazu mira. CBD ulje, \u010dokolada....","og_url":"https:\/\/cannavis.eu\/hr\/proizvodi\/cannavis-ksfilteri\/","og_site_name":"Cannavis konoplja sa otoka Visa","article_modified_time":"2025-08-14T20:03:58+00:00","og_image":[{"width":800,"height":800,"url":"https:\/\/cannavis.eu\/wp-content\/uploads\/2023\/01\/CannaVis-KS-plus-filteri.png","type":"image\/png"}],"twitter_card":"summary_large_image","twitter_misc":{"Procijenjeno vrijeme \u010ditanja":"1 minuta"},"schema":{"@context":"https:\/\/schema.org","@graph":[{"@type":"WebPage","@id":"https:\/\/cannavis.eu\/hr\/proizvodi\/cannavis-ksfilteri\/","url":"https:\/\/cannavis.eu\/hr\/proizvodi\/cannavis-ksfilteri\/","name":"CannaVis KS+filteri","isPartOf":{"@id":"https:\/\/cannavis.eu\/hr\/#website"},"primaryImageOfPage":{"@id":"https:\/\/cannavis.eu\/hr\/proizvodi\/cannavis-ksfilteri\/#primaryimage"},"image":{"@id":"https:\/\/cannavis.eu\/hr\/proizvodi\/cannavis-ksfilteri\/#primaryimage"},"thumbnailUrl":"https:\/\/cannavis.eu\/wp-content\/uploads\/2023\/01\/CannaVis-KS-plus-filteri.png","datePublished":"2023-01-05T13:39:24+00:00","dateModified":"2025-08-14T20:03:58+00:00","description":"CannaVis KS+filteri (papir od konoplje) su napravljeni od konoplje tako da mo\u017eete odlutati u potpuno zelenu oazu mira. CBD ulje, \u010dokolada....","breadcrumb":{"@id":"https:\/\/cannavis.eu\/hr\/proizvodi\/cannavis-ksfilteri\/#breadcrumb"},"inLanguage":"hr","potentialAction":[{"@type":"ReadAction","target":["https:\/\/cannavis.eu\/hr\/proizvodi\/cannavis-ksfilteri\/"]}]},{"@type":"ImageObject","inLanguage":"hr","@id":"https:\/\/cannavis.eu\/hr\/proizvodi\/cannavis-ksfilteri\/#primaryimage","url":"https:\/\/cannavis.eu\/wp-content\/uploads\/2023\/01\/CannaVis-KS-plus-filteri.png","contentUrl":"https:\/\/cannavis.eu\/wp-content\/uploads\/2023\/01\/CannaVis-KS-plus-filteri.png","width":800,"height":800,"caption":"papiri\u0107i za motanje"},{"@type":"BreadcrumbList","@id":"https:\/\/cannavis.eu\/hr\/proizvodi\/cannavis-ksfilteri\/#breadcrumb","itemListElement":[{"@type":"ListItem","position":1,"name":"Home","item":"https:\/\/cannavis.eu\/hr\/"},{"@type":"ListItem","position":2,"name":"Proizvodi","item":"https:\/\/cannavis.eu\/hr\/proizvodi\/"},{"@type":"ListItem","position":3,"name":"CannaVis KS+filteri (papir od konoplje)"}]},{"@type":"WebSite","@id":"https:\/\/cannavis.eu\/hr\/#website","url":"https:\/\/cannavis.eu\/hr\/","name":"Cannavis konoplja sa otoka Visa","description":"CannaVis industrijska konoplja cvijet sa otoka Visa","publisher":{"@id":"https:\/\/cannavis.eu\/hr\/#organization"},"potentialAction":[{"@type":"SearchAction","target":{"@type":"EntryPoint","urlTemplate":"https:\/\/cannavis.eu\/hr\/?s={search_term_string}"},"query-input":{"@type":"PropertyValueSpecification","valueRequired":true,"valueName":"search_term_string"}}],"inLanguage":"hr"},{"@type":"Organization","@id":"https:\/\/cannavis.eu\/hr\/#organization","name":"Cannavis konoplja sa otoka Visa","url":"https:\/\/cannavis.eu\/hr\/","logo":{"@type":"ImageObject","inLanguage":"hr","@id":"https:\/\/cannavis.eu\/hr\/#\/schema\/logo\/image\/","url":"https:\/\/cannavis.eu\/wp-content\/uploads\/2021\/06\/CannaVis-logo.png","contentUrl":"https:\/\/cannavis.eu\/wp-content\/uploads\/2021\/06\/CannaVis-logo.png","width":160,"height":65,"caption":"Cannavis konoplja sa otoka Visa"},"image":{"@id":"https:\/\/cannavis.eu\/hr\/#\/schema\/logo\/image\/"}}]}},"jetpack_sharing_enabled":true,"_links":{"self":[{"href":"https:\/\/cannavis.eu\/hr\/wp-json\/wp\/v2\/product\/1694","targetHints":{"allow":["GET"]}}],"collection":[{"href":"https:\/\/cannavis.eu\/hr\/wp-json\/wp\/v2\/product"}],"about":[{"href":"https:\/\/cannavis.eu\/hr\/wp-json\/wp\/v2\/types\/product"}],"replies":[{"embeddable":true,"href":"https:\/\/cannavis.eu\/hr\/wp-json\/wp\/v2\/comments?post=1694"}],"wp:featuredmedia":[{"embeddable":true,"href":"https:\/\/cannavis.eu\/hr\/wp-json\/wp\/v2\/media\/4493"}],"wp:attachment":[{"href":"https:\/\/cannavis.eu\/hr\/wp-json\/wp\/v2\/media?parent=1694"}],"wp:term":[{"taxonomy":"product_brand","embeddable":true,"href":"https:\/\/cannavis.eu\/hr\/wp-json\/wp\/v2\/product_brand?post=1694"},{"taxonomy":"product_cat","embeddable":true,"href":"https:\/\/cannavis.eu\/hr\/wp-json\/wp\/v2\/product_cat?post=1694"},{"taxonomy":"product_tag","embeddable":true,"href":"https:\/\/cannavis.eu\/hr\/wp-json\/wp\/v2\/product_tag?post=1694"}],"curies":[{"name":"wp","href":"https:\/\/api.w.org\/{rel}","templated":true}]}}