{"id":1774,"date":"2023-01-06T18:49:21","date_gmt":"2023-01-06T18:49:21","guid":{"rendered":"https:\/\/cannavis.eu\/?post_type=product&#038;p=1774"},"modified":"2026-04-05T20:28:51","modified_gmt":"2026-04-05T18:28:51","slug":"cannavis-cvijet-konoplje-1g","status":"publish","type":"product","link":"https:\/\/cannavis.eu\/hr\/proizvodi\/cannavis-cvijet-konoplje-1g\/","title":{"rendered":"CannaVis cvijet konoplje 1g"},"content":{"rendered":"<p>Eletta Campana ima visok postotak CBD-a. Dominantni terpeni su citrusi i terpeni bora. Ima izuzetno ugodan miris\u00a0 te je izgledom tamnije zelene boje.<\/p>\n<p>Postotak CBD-a : &lt;10%<\/p>\n<p>Postotak THC-a: &lt;0.2%<\/p>\n<p>Proizvedeno u skladu sa prirodom na obiteljskom poljoprivrednom gospodarstvu na otoku Visu.<\/p>\n<p>Sastav: Osu\u0161eni cvijet konoplje Sativa L.<\/p>\n<p>Ovo je certificirana EU sorta konoplje koja je navedena u EU katalogu.<\/p>\n<p>Ne proizvodi psihoaktivne u\u010dinke.<\/p>\n<p>Proizvo\u0111a\u010d: OPG AgroVis , Ulica Vlaha Paljetka 5, 21480 Vis<\/p>\n<p>Stavlja na tr\u017ei\u0161te: Karika Vis d.o.o, Donje Kunjanovo 6 , 21480 Dra\u010devo polje<\/p>\n","protected":false},"excerpt":{"rendered":"<p>Eletta Campana ima visok postotak CBD-a. Dominantni terpeni su citrusi i terpeni bora. Ima izuzetno ugodan miris\u00a0 te je izgledom tamnije zelene boje. Postotak CBD-a : &lt;10% Postotak THC-a: &lt;0.2% Proizvedeno u skladu sa prirodom na obiteljskom poljoprivrednom gospodarstvu na otoku Visu. Sastav: Osu\u0161eni cvijet konoplje Sativa L. Ovo je certificirana EU sorta konoplje koja [&hellip;]<\/p>\n","protected":false},"featured_media":1915,"comment_status":"open","ping_status":"closed","template":"","meta":{"_eb_attr":"","_joinchat":[]},"product_brand":[],"product_cat":[21],"product_tag":[],"class_list":{"0":"post-1774","1":"product","2":"type-product","3":"status-publish","4":"has-post-thumbnail","6":"product_cat-cannavis-cvijetovi","8":"first","9":"outofstock","10":"sale","11":"shipping-taxable","12":"purchasable","13":"product-type-variable"},"yoast_head":"<!-- This site is optimized with the Yoast SEO plugin v27.4 - https:\/\/yoast.com\/product\/yoast-seo-wordpress\/ -->\n<title>CannaVis cvijet konoplje 1g -<\/title>\n<meta name=\"description\" content=\"CannaVis cvijet konoplje 1g - cannavis - petica - konoplja - industrijska konoplja - hemp - cbd Cannavis konoplja sa otoka Visa -\" \/>\n<meta name=\"robots\" content=\"index, follow, max-snippet:-1, max-image-preview:large, max-video-preview:-1\" \/>\n<link rel=\"canonical\" href=\"https:\/\/cannavis.eu\/hr\/proizvodi\/cannavis-cvijet-konoplje-1g\/\" \/>\n<meta property=\"og:locale\" content=\"hr_HR\" \/>\n<meta property=\"og:type\" content=\"article\" \/>\n<meta property=\"og:title\" content=\"CannaVis cvijet konoplje 1g\" \/>\n<meta property=\"og:description\" content=\"CannaVis cvijet konoplje 1g\" \/>\n<meta property=\"og:url\" content=\"https:\/\/cannavis.eu\/hr\/proizvodi\/cannavis-cvijet-konoplje-1g\/\" \/>\n<meta property=\"og:site_name\" content=\"Cannavis konoplja sa otoka Visa\" \/>\n<meta property=\"article:modified_time\" content=\"2026-04-05T18:28:51+00:00\" \/>\n<meta property=\"og:image\" content=\"https:\/\/cannavis.eu\/wp-content\/uploads\/2023\/01\/CannaVis-cvijet-konoplje-1g.jpg\" \/>\n\t<meta property=\"og:image:width\" content=\"673\" \/>\n\t<meta property=\"og:image:height\" content=\"748\" \/>\n\t<meta property=\"og:image:type\" content=\"image\/jpeg\" \/>\n<meta name=\"twitter:card\" content=\"summary_large_image\" \/>\n<meta name=\"twitter:label1\" content=\"Procijenjeno vrijeme \u010ditanja\" \/>\n\t<meta name=\"twitter:data1\" content=\"1 minuta\" \/>\n<script type=\"application\/ld+json\" class=\"yoast-schema-graph\">{\"@context\":\"https:\\\/\\\/schema.org\",\"@graph\":[{\"@type\":\"WebPage\",\"@id\":\"https:\\\/\\\/cannavis.eu\\\/hr\\\/proizvodi\\\/cannavis-cvijet-konoplje-1g\\\/\",\"url\":\"https:\\\/\\\/cannavis.eu\\\/hr\\\/proizvodi\\\/cannavis-cvijet-konoplje-1g\\\/\",\"name\":\"CannaVis cvijet konoplje 1g -\",\"isPartOf\":{\"@id\":\"https:\\\/\\\/cannavis.eu\\\/hr\\\/#website\"},\"primaryImageOfPage\":{\"@id\":\"https:\\\/\\\/cannavis.eu\\\/hr\\\/proizvodi\\\/cannavis-cvijet-konoplje-1g\\\/#primaryimage\"},\"image\":{\"@id\":\"https:\\\/\\\/cannavis.eu\\\/hr\\\/proizvodi\\\/cannavis-cvijet-konoplje-1g\\\/#primaryimage\"},\"thumbnailUrl\":\"https:\\\/\\\/cannavis.eu\\\/wp-content\\\/uploads\\\/2023\\\/01\\\/CannaVis-cvijet-konoplje-1g.jpg\",\"datePublished\":\"2023-01-06T18:49:21+00:00\",\"dateModified\":\"2026-04-05T18:28:51+00:00\",\"description\":\"CannaVis cvijet konoplje 1g - cannavis - petica - konoplja - industrijska konoplja - hemp - cbd Cannavis konoplja sa otoka Visa -\",\"breadcrumb\":{\"@id\":\"https:\\\/\\\/cannavis.eu\\\/hr\\\/proizvodi\\\/cannavis-cvijet-konoplje-1g\\\/#breadcrumb\"},\"inLanguage\":\"hr\",\"potentialAction\":[{\"@type\":\"ReadAction\",\"target\":[\"https:\\\/\\\/cannavis.eu\\\/hr\\\/proizvodi\\\/cannavis-cvijet-konoplje-1g\\\/\"]}]},{\"@type\":\"ImageObject\",\"inLanguage\":\"hr\",\"@id\":\"https:\\\/\\\/cannavis.eu\\\/hr\\\/proizvodi\\\/cannavis-cvijet-konoplje-1g\\\/#primaryimage\",\"url\":\"https:\\\/\\\/cannavis.eu\\\/wp-content\\\/uploads\\\/2023\\\/01\\\/CannaVis-cvijet-konoplje-1g.jpg\",\"contentUrl\":\"https:\\\/\\\/cannavis.eu\\\/wp-content\\\/uploads\\\/2023\\\/01\\\/CannaVis-cvijet-konoplje-1g.jpg\",\"width\":673,\"height\":748},{\"@type\":\"BreadcrumbList\",\"@id\":\"https:\\\/\\\/cannavis.eu\\\/hr\\\/proizvodi\\\/cannavis-cvijet-konoplje-1g\\\/#breadcrumb\",\"itemListElement\":[{\"@type\":\"ListItem\",\"position\":1,\"name\":\"Home\",\"item\":\"https:\\\/\\\/cannavis.eu\\\/hr\\\/\"},{\"@type\":\"ListItem\",\"position\":2,\"name\":\"Proizvodi\",\"item\":\"https:\\\/\\\/cannavis.eu\\\/hr\\\/proizvodi\\\/\"},{\"@type\":\"ListItem\",\"position\":3,\"name\":\"CannaVis cvijet konoplje 1g\"}]},{\"@type\":\"WebSite\",\"@id\":\"https:\\\/\\\/cannavis.eu\\\/hr\\\/#website\",\"url\":\"https:\\\/\\\/cannavis.eu\\\/hr\\\/\",\"name\":\"Cannavis konoplja sa otoka Visa\",\"description\":\"CannaVis industrijska konoplja cvijet sa otoka Visa\",\"publisher\":{\"@id\":\"https:\\\/\\\/cannavis.eu\\\/hr\\\/#organization\"},\"potentialAction\":[{\"@type\":\"SearchAction\",\"target\":{\"@type\":\"EntryPoint\",\"urlTemplate\":\"https:\\\/\\\/cannavis.eu\\\/hr\\\/?s={search_term_string}\"},\"query-input\":{\"@type\":\"PropertyValueSpecification\",\"valueRequired\":true,\"valueName\":\"search_term_string\"}}],\"inLanguage\":\"hr\"},{\"@type\":\"Organization\",\"@id\":\"https:\\\/\\\/cannavis.eu\\\/hr\\\/#organization\",\"name\":\"Cannavis konoplja sa otoka Visa\",\"url\":\"https:\\\/\\\/cannavis.eu\\\/hr\\\/\",\"logo\":{\"@type\":\"ImageObject\",\"inLanguage\":\"hr\",\"@id\":\"https:\\\/\\\/cannavis.eu\\\/hr\\\/#\\\/schema\\\/logo\\\/image\\\/\",\"url\":\"https:\\\/\\\/cannavis.eu\\\/wp-content\\\/uploads\\\/2021\\\/06\\\/CannaVis-logo.png\",\"contentUrl\":\"https:\\\/\\\/cannavis.eu\\\/wp-content\\\/uploads\\\/2021\\\/06\\\/CannaVis-logo.png\",\"width\":160,\"height\":65,\"caption\":\"Cannavis konoplja sa otoka Visa\"},\"image\":{\"@id\":\"https:\\\/\\\/cannavis.eu\\\/hr\\\/#\\\/schema\\\/logo\\\/image\\\/\"}}]}<\/script>\n<!-- \/ Yoast SEO plugin. -->","yoast_head_json":{"title":"CannaVis cvijet konoplje 1g -","description":"CannaVis cvijet konoplje 1g - cannavis - petica - konoplja - industrijska konoplja - hemp - cbd Cannavis konoplja sa otoka Visa -","robots":{"index":"index","follow":"follow","max-snippet":"max-snippet:-1","max-image-preview":"max-image-preview:large","max-video-preview":"max-video-preview:-1"},"canonical":"https:\/\/cannavis.eu\/hr\/proizvodi\/cannavis-cvijet-konoplje-1g\/","og_locale":"hr_HR","og_type":"article","og_title":"CannaVis cvijet konoplje 1g","og_description":"CannaVis cvijet konoplje 1g","og_url":"https:\/\/cannavis.eu\/hr\/proizvodi\/cannavis-cvijet-konoplje-1g\/","og_site_name":"Cannavis konoplja sa otoka Visa","article_modified_time":"2026-04-05T18:28:51+00:00","og_image":[{"width":673,"height":748,"url":"https:\/\/cannavis.eu\/wp-content\/uploads\/2023\/01\/CannaVis-cvijet-konoplje-1g.jpg","type":"image\/jpeg"}],"twitter_card":"summary_large_image","twitter_misc":{"Procijenjeno vrijeme \u010ditanja":"1 minuta"},"schema":{"@context":"https:\/\/schema.org","@graph":[{"@type":"WebPage","@id":"https:\/\/cannavis.eu\/hr\/proizvodi\/cannavis-cvijet-konoplje-1g\/","url":"https:\/\/cannavis.eu\/hr\/proizvodi\/cannavis-cvijet-konoplje-1g\/","name":"CannaVis cvijet konoplje 1g -","isPartOf":{"@id":"https:\/\/cannavis.eu\/hr\/#website"},"primaryImageOfPage":{"@id":"https:\/\/cannavis.eu\/hr\/proizvodi\/cannavis-cvijet-konoplje-1g\/#primaryimage"},"image":{"@id":"https:\/\/cannavis.eu\/hr\/proizvodi\/cannavis-cvijet-konoplje-1g\/#primaryimage"},"thumbnailUrl":"https:\/\/cannavis.eu\/wp-content\/uploads\/2023\/01\/CannaVis-cvijet-konoplje-1g.jpg","datePublished":"2023-01-06T18:49:21+00:00","dateModified":"2026-04-05T18:28:51+00:00","description":"CannaVis cvijet konoplje 1g - cannavis - petica - konoplja - industrijska konoplja - hemp - cbd Cannavis konoplja sa otoka Visa -","breadcrumb":{"@id":"https:\/\/cannavis.eu\/hr\/proizvodi\/cannavis-cvijet-konoplje-1g\/#breadcrumb"},"inLanguage":"hr","potentialAction":[{"@type":"ReadAction","target":["https:\/\/cannavis.eu\/hr\/proizvodi\/cannavis-cvijet-konoplje-1g\/"]}]},{"@type":"ImageObject","inLanguage":"hr","@id":"https:\/\/cannavis.eu\/hr\/proizvodi\/cannavis-cvijet-konoplje-1g\/#primaryimage","url":"https:\/\/cannavis.eu\/wp-content\/uploads\/2023\/01\/CannaVis-cvijet-konoplje-1g.jpg","contentUrl":"https:\/\/cannavis.eu\/wp-content\/uploads\/2023\/01\/CannaVis-cvijet-konoplje-1g.jpg","width":673,"height":748},{"@type":"BreadcrumbList","@id":"https:\/\/cannavis.eu\/hr\/proizvodi\/cannavis-cvijet-konoplje-1g\/#breadcrumb","itemListElement":[{"@type":"ListItem","position":1,"name":"Home","item":"https:\/\/cannavis.eu\/hr\/"},{"@type":"ListItem","position":2,"name":"Proizvodi","item":"https:\/\/cannavis.eu\/hr\/proizvodi\/"},{"@type":"ListItem","position":3,"name":"CannaVis cvijet konoplje 1g"}]},{"@type":"WebSite","@id":"https:\/\/cannavis.eu\/hr\/#website","url":"https:\/\/cannavis.eu\/hr\/","name":"Cannavis konoplja sa otoka Visa","description":"CannaVis industrijska konoplja cvijet sa otoka Visa","publisher":{"@id":"https:\/\/cannavis.eu\/hr\/#organization"},"potentialAction":[{"@type":"SearchAction","target":{"@type":"EntryPoint","urlTemplate":"https:\/\/cannavis.eu\/hr\/?s={search_term_string}"},"query-input":{"@type":"PropertyValueSpecification","valueRequired":true,"valueName":"search_term_string"}}],"inLanguage":"hr"},{"@type":"Organization","@id":"https:\/\/cannavis.eu\/hr\/#organization","name":"Cannavis konoplja sa otoka Visa","url":"https:\/\/cannavis.eu\/hr\/","logo":{"@type":"ImageObject","inLanguage":"hr","@id":"https:\/\/cannavis.eu\/hr\/#\/schema\/logo\/image\/","url":"https:\/\/cannavis.eu\/wp-content\/uploads\/2021\/06\/CannaVis-logo.png","contentUrl":"https:\/\/cannavis.eu\/wp-content\/uploads\/2021\/06\/CannaVis-logo.png","width":160,"height":65,"caption":"Cannavis konoplja sa otoka Visa"},"image":{"@id":"https:\/\/cannavis.eu\/hr\/#\/schema\/logo\/image\/"}}]}},"jetpack_sharing_enabled":true,"_links":{"self":[{"href":"https:\/\/cannavis.eu\/hr\/wp-json\/wp\/v2\/product\/1774","targetHints":{"allow":["GET"]}}],"collection":[{"href":"https:\/\/cannavis.eu\/hr\/wp-json\/wp\/v2\/product"}],"about":[{"href":"https:\/\/cannavis.eu\/hr\/wp-json\/wp\/v2\/types\/product"}],"replies":[{"embeddable":true,"href":"https:\/\/cannavis.eu\/hr\/wp-json\/wp\/v2\/comments?post=1774"}],"wp:featuredmedia":[{"embeddable":true,"href":"https:\/\/cannavis.eu\/hr\/wp-json\/wp\/v2\/media\/1915"}],"wp:attachment":[{"href":"https:\/\/cannavis.eu\/hr\/wp-json\/wp\/v2\/media?parent=1774"}],"wp:term":[{"taxonomy":"product_brand","embeddable":true,"href":"https:\/\/cannavis.eu\/hr\/wp-json\/wp\/v2\/product_brand?post=1774"},{"taxonomy":"product_cat","embeddable":true,"href":"https:\/\/cannavis.eu\/hr\/wp-json\/wp\/v2\/product_cat?post=1774"},{"taxonomy":"product_tag","embeddable":true,"href":"https:\/\/cannavis.eu\/hr\/wp-json\/wp\/v2\/product_tag?post=1774"}],"curies":[{"name":"wp","href":"https:\/\/api.w.org\/{rel}","templated":true}]}}