{"id":2391,"date":"2023-07-21T16:50:52","date_gmt":"2023-07-21T16:50:52","guid":{"rendered":"https:\/\/cannavis.eu\/?post_type=product&#038;p=2391"},"modified":"2026-04-10T07:01:37","modified_gmt":"2026-04-10T05:01:37","slug":"cannavis-pariconi-bubi","status":"publish","type":"product","link":"https:\/\/cannavis.eu\/hr\/proizvodi\/cannavis-pariconi-bubi\/","title":{"rendered":"CannaVis pari\u0107oni Bubi"},"content":{"rendered":"<p>CannaVis pari\u0107oni Bubi novi proizvod na tr\u017ei\u0161tu iz kolekcije <a href=\"https:\/\/cannavis.eu\/hr\/proizvod\/cvijet-konoplje-premium-eletta-campana\/\">CannaVis <\/a>CBD -a.<\/p>\n<p>Najpa\u017eljivije uzgojeni cvijetovi sa otoka Visa nalaze se u\u00a0 CannaVis Bubiju.<\/p>\n<p>CannaVis pari\u0107oni Bubi je <span style=\"font-weight: 400;\">prepun organskog cvijeta industrijske konoplje uzgojene na otoku Visu.<\/span><\/p>\n<p><span style=\"font-weight: 400;\"> Neke od prednosti CannaVis Bubija su:<\/span><\/p>\n<ul>\n<li><span style=\"font-weight: 400;\"> ima sna\u017eno djelovanje s vrlo opu\u0161taju\u0107im i umiruju\u0107im u\u010dinkom<\/span><\/li>\n<li>ubla\u017eava bol<\/li>\n<li>poma\u017ee da lak\u0161e zaspete<\/li>\n<li>miris bogat terpenima sa otoka Visa<\/li>\n<li>ekolo\u0161ki uzgojeno<\/li>\n<\/ul>\n<p>Za\u0161ti naziv CannaVis Bubi?<\/p>\n<p>Bubi je rije\u010d koja se koristi u novijem vi\u0161kom dijalektu (slangu). Za vi\u0161e informacija o rije\u010di Bubi posjetite otok Vis i CannaVis farmu.<\/p>\n<p>Postotak CBD-a : &lt;10%<\/p>\n<p>Postotak THC-a: &lt;0.2%<\/p>\n<p>Proizvedeno u skladu sa prirodom na obiteljskom poljoprivrednom gospodarstvu na otoku Visu.<\/p>\n<p>Sastav: Osu\u0161eni cvijet konoplje Sativa L.<\/p>\n<p>Ovo je certificirana EU sorta konoplje koja je navedena u EU katalogu.<\/p>\n<p>Ne proizvodi psihoaktivne u\u010dinke.<\/p>\n<p>Proizvo\u0111a\u010d: OPG AgroVis , Ulica Vlaha Paljetka 5, 21480 Vis<\/p>\n<p>Stavlja na tr\u017ei\u0161te: Karika Vis d.o.o, Donje Kunjanovo 6 , 21480 Dra\u010devo polje<\/p>\n","protected":false},"excerpt":{"rendered":"<p>PRE-ROLL<\/p>\n","protected":false},"featured_media":2392,"comment_status":"open","ping_status":"closed","template":"","meta":{"_eb_attr":"","_joinchat":[]},"product_brand":[],"product_cat":[21],"product_tag":[],"class_list":{"0":"post-2391","1":"product","2":"type-product","3":"status-publish","4":"has-post-thumbnail","6":"product_cat-cannavis-cvijetovi","8":"first","9":"instock","10":"sale","11":"shipping-taxable","12":"purchasable","13":"product-type-simple"},"yoast_head":"<!-- This site is optimized with the Yoast SEO plugin v27.4 - https:\/\/yoast.com\/product\/yoast-seo-wordpress\/ -->\n<title>CannaVis pari\u0107oni Bubi<\/title>\n<meta name=\"description\" content=\"Najpa\u017eljivije uzgojeni cvijetovi sa otoka Visa nalaze se u\u00a0 CannaVis pari\u0107onom Bubiju. PRE-ROLL CannaVis pari\u0107oni bubi novo\" \/>\n<meta name=\"robots\" content=\"index, follow, max-snippet:-1, max-image-preview:large, max-video-preview:-1\" \/>\n<link rel=\"canonical\" href=\"https:\/\/cannavis.eu\/hr\/proizvodi\/cannavis-pariconi-bubi\/\" \/>\n<meta property=\"og:locale\" content=\"hr_HR\" \/>\n<meta property=\"og:type\" content=\"article\" \/>\n<meta property=\"og:title\" content=\"CannaVis pari\u0107oni Bubi\" \/>\n<meta property=\"og:description\" content=\"Najpa\u017eljivije uzgojeni cvijetovi sa otoka Visa nalaze se u\u00a0 CannaVis pari\u0107onom Bubiju. PRE-ROLL CannaVis pari\u0107oni bubi novo\" \/>\n<meta property=\"og:url\" content=\"https:\/\/cannavis.eu\/hr\/proizvodi\/cannavis-pariconi-bubi\/\" \/>\n<meta property=\"og:site_name\" content=\"Cannavis konoplja sa otoka Visa\" \/>\n<meta property=\"article:modified_time\" content=\"2026-04-10T05:01:37+00:00\" \/>\n<meta property=\"og:image\" content=\"https:\/\/cannavis.eu\/wp-content\/uploads\/2023\/07\/CannaVis-pariconi-Bubi.jpg\" \/>\n\t<meta property=\"og:image:width\" content=\"555\" \/>\n\t<meta property=\"og:image:height\" content=\"844\" \/>\n\t<meta property=\"og:image:type\" content=\"image\/jpeg\" \/>\n<meta name=\"twitter:card\" content=\"summary_large_image\" \/>\n<meta name=\"twitter:label1\" content=\"Procijenjeno vrijeme \u010ditanja\" \/>\n\t<meta name=\"twitter:data1\" content=\"1 minuta\" \/>\n<script type=\"application\/ld+json\" class=\"yoast-schema-graph\">{\"@context\":\"https:\\\/\\\/schema.org\",\"@graph\":[{\"@type\":\"WebPage\",\"@id\":\"https:\\\/\\\/cannavis.eu\\\/hr\\\/proizvodi\\\/cannavis-pariconi-bubi\\\/\",\"url\":\"https:\\\/\\\/cannavis.eu\\\/hr\\\/proizvodi\\\/cannavis-pariconi-bubi\\\/\",\"name\":\"CannaVis pari\u0107oni Bubi\",\"isPartOf\":{\"@id\":\"https:\\\/\\\/cannavis.eu\\\/hr\\\/#website\"},\"primaryImageOfPage\":{\"@id\":\"https:\\\/\\\/cannavis.eu\\\/hr\\\/proizvodi\\\/cannavis-pariconi-bubi\\\/#primaryimage\"},\"image\":{\"@id\":\"https:\\\/\\\/cannavis.eu\\\/hr\\\/proizvodi\\\/cannavis-pariconi-bubi\\\/#primaryimage\"},\"thumbnailUrl\":\"https:\\\/\\\/cannavis.eu\\\/wp-content\\\/uploads\\\/2023\\\/07\\\/CannaVis-pariconi-Bubi.jpg\",\"datePublished\":\"2023-07-21T16:50:52+00:00\",\"dateModified\":\"2026-04-10T05:01:37+00:00\",\"description\":\"Najpa\u017eljivije uzgojeni cvijetovi sa otoka Visa nalaze se u\u00a0 CannaVis pari\u0107onom Bubiju. PRE-ROLL CannaVis pari\u0107oni bubi novo\",\"breadcrumb\":{\"@id\":\"https:\\\/\\\/cannavis.eu\\\/hr\\\/proizvodi\\\/cannavis-pariconi-bubi\\\/#breadcrumb\"},\"inLanguage\":\"hr\",\"potentialAction\":[{\"@type\":\"ReadAction\",\"target\":[\"https:\\\/\\\/cannavis.eu\\\/hr\\\/proizvodi\\\/cannavis-pariconi-bubi\\\/\"]}]},{\"@type\":\"ImageObject\",\"inLanguage\":\"hr\",\"@id\":\"https:\\\/\\\/cannavis.eu\\\/hr\\\/proizvodi\\\/cannavis-pariconi-bubi\\\/#primaryimage\",\"url\":\"https:\\\/\\\/cannavis.eu\\\/wp-content\\\/uploads\\\/2023\\\/07\\\/CannaVis-pariconi-Bubi.jpg\",\"contentUrl\":\"https:\\\/\\\/cannavis.eu\\\/wp-content\\\/uploads\\\/2023\\\/07\\\/CannaVis-pariconi-Bubi.jpg\",\"width\":555,\"height\":844,\"caption\":\"CannaVis pari\u0107oni Bubi\"},{\"@type\":\"BreadcrumbList\",\"@id\":\"https:\\\/\\\/cannavis.eu\\\/hr\\\/proizvodi\\\/cannavis-pariconi-bubi\\\/#breadcrumb\",\"itemListElement\":[{\"@type\":\"ListItem\",\"position\":1,\"name\":\"Home\",\"item\":\"https:\\\/\\\/cannavis.eu\\\/hr\\\/\"},{\"@type\":\"ListItem\",\"position\":2,\"name\":\"Proizvodi\",\"item\":\"https:\\\/\\\/cannavis.eu\\\/hr\\\/proizvodi\\\/\"},{\"@type\":\"ListItem\",\"position\":3,\"name\":\"CannaVis pari\u0107oni Bubi\"}]},{\"@type\":\"WebSite\",\"@id\":\"https:\\\/\\\/cannavis.eu\\\/hr\\\/#website\",\"url\":\"https:\\\/\\\/cannavis.eu\\\/hr\\\/\",\"name\":\"Cannavis konoplja sa otoka Visa\",\"description\":\"CannaVis industrijska konoplja cvijet sa otoka Visa\",\"publisher\":{\"@id\":\"https:\\\/\\\/cannavis.eu\\\/hr\\\/#organization\"},\"potentialAction\":[{\"@type\":\"SearchAction\",\"target\":{\"@type\":\"EntryPoint\",\"urlTemplate\":\"https:\\\/\\\/cannavis.eu\\\/hr\\\/?s={search_term_string}\"},\"query-input\":{\"@type\":\"PropertyValueSpecification\",\"valueRequired\":true,\"valueName\":\"search_term_string\"}}],\"inLanguage\":\"hr\"},{\"@type\":\"Organization\",\"@id\":\"https:\\\/\\\/cannavis.eu\\\/hr\\\/#organization\",\"name\":\"Cannavis konoplja sa otoka Visa\",\"url\":\"https:\\\/\\\/cannavis.eu\\\/hr\\\/\",\"logo\":{\"@type\":\"ImageObject\",\"inLanguage\":\"hr\",\"@id\":\"https:\\\/\\\/cannavis.eu\\\/hr\\\/#\\\/schema\\\/logo\\\/image\\\/\",\"url\":\"https:\\\/\\\/cannavis.eu\\\/wp-content\\\/uploads\\\/2021\\\/06\\\/CannaVis-logo.png\",\"contentUrl\":\"https:\\\/\\\/cannavis.eu\\\/wp-content\\\/uploads\\\/2021\\\/06\\\/CannaVis-logo.png\",\"width\":160,\"height\":65,\"caption\":\"Cannavis konoplja sa otoka Visa\"},\"image\":{\"@id\":\"https:\\\/\\\/cannavis.eu\\\/hr\\\/#\\\/schema\\\/logo\\\/image\\\/\"}}]}<\/script>\n<!-- \/ Yoast SEO plugin. -->","yoast_head_json":{"title":"CannaVis pari\u0107oni Bubi","description":"Najpa\u017eljivije uzgojeni cvijetovi sa otoka Visa nalaze se u\u00a0 CannaVis pari\u0107onom Bubiju. PRE-ROLL CannaVis pari\u0107oni bubi novo","robots":{"index":"index","follow":"follow","max-snippet":"max-snippet:-1","max-image-preview":"max-image-preview:large","max-video-preview":"max-video-preview:-1"},"canonical":"https:\/\/cannavis.eu\/hr\/proizvodi\/cannavis-pariconi-bubi\/","og_locale":"hr_HR","og_type":"article","og_title":"CannaVis pari\u0107oni Bubi","og_description":"Najpa\u017eljivije uzgojeni cvijetovi sa otoka Visa nalaze se u\u00a0 CannaVis pari\u0107onom Bubiju. PRE-ROLL CannaVis pari\u0107oni bubi novo","og_url":"https:\/\/cannavis.eu\/hr\/proizvodi\/cannavis-pariconi-bubi\/","og_site_name":"Cannavis konoplja sa otoka Visa","article_modified_time":"2026-04-10T05:01:37+00:00","og_image":[{"width":555,"height":844,"url":"https:\/\/cannavis.eu\/wp-content\/uploads\/2023\/07\/CannaVis-pariconi-Bubi.jpg","type":"image\/jpeg"}],"twitter_card":"summary_large_image","twitter_misc":{"Procijenjeno vrijeme \u010ditanja":"1 minuta"},"schema":{"@context":"https:\/\/schema.org","@graph":[{"@type":"WebPage","@id":"https:\/\/cannavis.eu\/hr\/proizvodi\/cannavis-pariconi-bubi\/","url":"https:\/\/cannavis.eu\/hr\/proizvodi\/cannavis-pariconi-bubi\/","name":"CannaVis pari\u0107oni Bubi","isPartOf":{"@id":"https:\/\/cannavis.eu\/hr\/#website"},"primaryImageOfPage":{"@id":"https:\/\/cannavis.eu\/hr\/proizvodi\/cannavis-pariconi-bubi\/#primaryimage"},"image":{"@id":"https:\/\/cannavis.eu\/hr\/proizvodi\/cannavis-pariconi-bubi\/#primaryimage"},"thumbnailUrl":"https:\/\/cannavis.eu\/wp-content\/uploads\/2023\/07\/CannaVis-pariconi-Bubi.jpg","datePublished":"2023-07-21T16:50:52+00:00","dateModified":"2026-04-10T05:01:37+00:00","description":"Najpa\u017eljivije uzgojeni cvijetovi sa otoka Visa nalaze se u\u00a0 CannaVis pari\u0107onom Bubiju. PRE-ROLL CannaVis pari\u0107oni bubi novo","breadcrumb":{"@id":"https:\/\/cannavis.eu\/hr\/proizvodi\/cannavis-pariconi-bubi\/#breadcrumb"},"inLanguage":"hr","potentialAction":[{"@type":"ReadAction","target":["https:\/\/cannavis.eu\/hr\/proizvodi\/cannavis-pariconi-bubi\/"]}]},{"@type":"ImageObject","inLanguage":"hr","@id":"https:\/\/cannavis.eu\/hr\/proizvodi\/cannavis-pariconi-bubi\/#primaryimage","url":"https:\/\/cannavis.eu\/wp-content\/uploads\/2023\/07\/CannaVis-pariconi-Bubi.jpg","contentUrl":"https:\/\/cannavis.eu\/wp-content\/uploads\/2023\/07\/CannaVis-pariconi-Bubi.jpg","width":555,"height":844,"caption":"CannaVis pari\u0107oni Bubi"},{"@type":"BreadcrumbList","@id":"https:\/\/cannavis.eu\/hr\/proizvodi\/cannavis-pariconi-bubi\/#breadcrumb","itemListElement":[{"@type":"ListItem","position":1,"name":"Home","item":"https:\/\/cannavis.eu\/hr\/"},{"@type":"ListItem","position":2,"name":"Proizvodi","item":"https:\/\/cannavis.eu\/hr\/proizvodi\/"},{"@type":"ListItem","position":3,"name":"CannaVis pari\u0107oni Bubi"}]},{"@type":"WebSite","@id":"https:\/\/cannavis.eu\/hr\/#website","url":"https:\/\/cannavis.eu\/hr\/","name":"Cannavis konoplja sa otoka Visa","description":"CannaVis industrijska konoplja cvijet sa otoka Visa","publisher":{"@id":"https:\/\/cannavis.eu\/hr\/#organization"},"potentialAction":[{"@type":"SearchAction","target":{"@type":"EntryPoint","urlTemplate":"https:\/\/cannavis.eu\/hr\/?s={search_term_string}"},"query-input":{"@type":"PropertyValueSpecification","valueRequired":true,"valueName":"search_term_string"}}],"inLanguage":"hr"},{"@type":"Organization","@id":"https:\/\/cannavis.eu\/hr\/#organization","name":"Cannavis konoplja sa otoka Visa","url":"https:\/\/cannavis.eu\/hr\/","logo":{"@type":"ImageObject","inLanguage":"hr","@id":"https:\/\/cannavis.eu\/hr\/#\/schema\/logo\/image\/","url":"https:\/\/cannavis.eu\/wp-content\/uploads\/2021\/06\/CannaVis-logo.png","contentUrl":"https:\/\/cannavis.eu\/wp-content\/uploads\/2021\/06\/CannaVis-logo.png","width":160,"height":65,"caption":"Cannavis konoplja sa otoka Visa"},"image":{"@id":"https:\/\/cannavis.eu\/hr\/#\/schema\/logo\/image\/"}}]}},"jetpack_sharing_enabled":true,"_links":{"self":[{"href":"https:\/\/cannavis.eu\/hr\/wp-json\/wp\/v2\/product\/2391","targetHints":{"allow":["GET"]}}],"collection":[{"href":"https:\/\/cannavis.eu\/hr\/wp-json\/wp\/v2\/product"}],"about":[{"href":"https:\/\/cannavis.eu\/hr\/wp-json\/wp\/v2\/types\/product"}],"replies":[{"embeddable":true,"href":"https:\/\/cannavis.eu\/hr\/wp-json\/wp\/v2\/comments?post=2391"}],"wp:featuredmedia":[{"embeddable":true,"href":"https:\/\/cannavis.eu\/hr\/wp-json\/wp\/v2\/media\/2392"}],"wp:attachment":[{"href":"https:\/\/cannavis.eu\/hr\/wp-json\/wp\/v2\/media?parent=2391"}],"wp:term":[{"taxonomy":"product_brand","embeddable":true,"href":"https:\/\/cannavis.eu\/hr\/wp-json\/wp\/v2\/product_brand?post=2391"},{"taxonomy":"product_cat","embeddable":true,"href":"https:\/\/cannavis.eu\/hr\/wp-json\/wp\/v2\/product_cat?post=2391"},{"taxonomy":"product_tag","embeddable":true,"href":"https:\/\/cannavis.eu\/hr\/wp-json\/wp\/v2\/product_tag?post=2391"}],"curies":[{"name":"wp","href":"https:\/\/api.w.org\/{rel}","templated":true}]}}