{"id":2452,"date":"2023-08-06T19:36:55","date_gmt":"2023-08-06T19:36:55","guid":{"rendered":"https:\/\/cannavis.eu\/?post_type=product&#038;p=2452"},"modified":"2026-04-20T15:21:28","modified_gmt":"2026-04-20T13:21:28","slug":"cannavis-vrecica","status":"publish","type":"product","link":"https:\/\/cannavis.eu\/hr\/proizvodi\/cannavis-vrecica\/","title":{"rendered":"CannaVis vre\u0107ica"},"content":{"rendered":"<p><span style=\"vertical-align: inherit;\"><span style=\"vertical-align: inherit;\">CannaVis vre\u0107ica podr\u017eimo zeleno.<\/span><\/span><\/p>\n<p>Dobrodo\u0161li u svijet prakti\u010dnosti i stila uz &#8220;CannaVis&#8221; pamu\u010dnu vre\u0107icu! Ova vre\u0107ica nije samo obi\u010dan dodatak va\u0161oj kolekciji, ve\u0107 i izjava stila koja nosi dublju poruku.<\/p>\n<p>&#8220;CannaVis&#8221; brend poznat je po svojoj inovativnosti i dru\u0161tvenom aktivizmu, a ova pamu\u010dna vre\u0107ica nije iznimka. Izra\u0111ena od visokokvalitetnog pamuka, ova vre\u0107ica kombinira funkcionalnost s estetikom, pru\u017eaju\u0107i vam prakti\u010dan i ekolo\u0161ki osvije\u0161ten na\u010din no\u0161enja svojih stvari.<\/p>\n<p>Ono \u0161to ovu vre\u0107icu \u010dini posebnom je njezin dizajn. S jedne strane, isti\u010de se jednostavno\u0161\u010du i minimalizmom, dok s druge strane nosi sna\u017enu poruku. Ova vre\u0107ica poziva nas da razmi\u0161ljamo dublje o konoplji i njezinoj raznolikoj uporabi.<\/p>\n<p>Nadalje, ova pamu\u010dna vre\u0107ica odra\u017eava i va\u0161u podr\u0161ku\u00a0 odr\u017eivom na\u010dinu \u017eivota. Kao proizvod od prirodnog materijala, ova vre\u0107ica smanjuje negativan utjecaj na okoli\u0161, pridonose\u0107i globalnim naporima za o\u010duvanje planeta.<\/p>\n<p><span style=\"vertical-align: inherit;\"><span style=\"vertical-align: inherit;\">Pamu\u010dne vre\u0107ice izra\u0111ene su od obnovljivih izvora i biorazgradive su. <\/span><span style=\"vertical-align: inherit;\">Tako\u0111er su \u010dvrste i izdr\u017eljive pa se mogu koristiti vi\u0161e puta.<\/span><\/span><\/p>\n<p><span style=\"vertical-align: inherit;\"><span style=\"vertical-align: inherit;\">Vre\u0107ice za vi\u0161ekratnu upotrebu nevjerojatno su svestrane i uvijek su vi\u0161e od jednostavne torbe za kupovinu! <\/span><span style=\"vertical-align: inherit;\">Platnena torba od pamuka mo\u017ee se prenamijeniti u dnevnu le\u017eernu torbu dok ste vani u \u0161etnji ili savr\u0161enu torbu za pla\u017eu ili torbu za knji\u017enicu.<\/span><\/span><\/p>\n<p>Odaberite prakti\u010dnost, stil i dru\u0161tvenu svijest s &#8220;<a href=\"https:\/\/cannavis.eu\/hr\/kategorija-proizvoda\/cannavis-cokolada\/\">CannaVis<\/a>&#8221; pamu\u010dnom vre\u0107icom.<\/p>\n<p>Bilo da je koristite za svakodnevne potrebe, kao torbu za pla\u017eu ili kao ekolo\u0161ki prihvatljivu alternativu plasti\u010dnim vre\u0107icama prilikom kupovine, &#8220;CannaVis&#8221; pamu\u010dna vre\u0107ica je savr\u0161en dodatak va\u0161em \u017eivotu.<\/p>\n<p>Budite dio pokreta koji poti\u010de pozitivne promjene i isti\u010de va\u017enost otvorenog dijaloga o temama koje su va\u017ene za nas kao dru\u0161tvo.<\/p>\n<p><span style=\"vertical-align: inherit;\"><span style=\"vertical-align: inherit;\">Brinimo se o zemlji zajedno &#8211; odaberite CannaVis vre\u0107ica od pamuka ve\u0107 danas, a uskoro u ponudi vre\u0107ice od konoplje.<\/span><\/span><\/p>\n<p>Dimenzije vre\u0107ice su 37 * 42<\/p>\n<p><a href=\"https:\/\/www.island-vis.net\/\"><span style=\"vertical-align: inherit;\"><span style=\"vertical-align: inherit;\">Otok Vis<\/span><\/span><\/a><\/p>\n<p><span style=\"vertical-align: inherit;\"><span style=\"vertical-align: inherit;\">Oto\u010de! <\/span><span style=\"vertical-align: inherit;\">&#8211; zlatom si opto\u010den!<\/span><\/span><\/p>\n<p><span style=\"vertical-align: inherit;\"><span style=\"vertical-align: inherit;\">Stavlja na tr\u017ei\u0161te: Karika Vis doo, Donje Kunjanovo 6, 21480 Vis<\/span><\/span><\/p>\n<p><span style=\"vertical-align: inherit;\"><span style=\"vertical-align: inherit;\">CannaVis je brend otoka Visa<\/span><\/span><\/p>\n","protected":false},"excerpt":{"rendered":"<p>CannaVis vre\u0107ica se koristi vi\u0161e puta<\/p>\n<p>CannaVis vre\u0107ica je biorazgradiva<\/p>\n<p>CannaVis vre\u0107ica je modernog izgleda<\/p>\n<p>CannaVis vre\u0107ica je sve \u0161to trebate za va\u0161u kupovinu<\/p>\n","protected":false},"featured_media":6718,"comment_status":"open","ping_status":"closed","template":"","meta":{"_eb_attr":"","_joinchat":[]},"product_brand":[],"product_cat":[28],"product_tag":[859,860,861],"class_list":{"0":"post-2452","1":"product","2":"type-product","3":"status-publish","4":"has-post-thumbnail","6":"product_cat-odjeca","7":"product_tag-ekologija","8":"product_tag-ekoloske-vrecice","9":"product_tag-platicne-vrecice","11":"first","12":"outofstock","13":"sale","14":"shipping-taxable","15":"purchasable","16":"product-type-simple"},"yoast_head":"<!-- This site is optimized with the Yoast SEO plugin v27.4 - https:\/\/yoast.com\/product\/yoast-seo-wordpress\/ -->\n<title>CannaVis vre\u0107ica<\/title>\n<meta name=\"description\" content=\"CannaVis vre\u0107ica vas poziva da budete ekolo\u0161ki osvije\u0161teni i da o\u010duvate planet od plastike. Zeleni otok Vis podr\u017eite akciju CannaVis vre\u0107ica. Konoplja i cbd\" \/>\n<meta name=\"robots\" content=\"index, follow, max-snippet:-1, max-image-preview:large, max-video-preview:-1\" \/>\n<link rel=\"canonical\" href=\"https:\/\/cannavis.eu\/hr\/proizvodi\/cannavis-vrecica\/\" \/>\n<meta property=\"og:locale\" content=\"hr_HR\" \/>\n<meta property=\"og:type\" content=\"article\" \/>\n<meta property=\"og:title\" content=\"CannaVis vre\u0107ica\" \/>\n<meta property=\"og:description\" content=\"CannaVis vre\u0107ica vas poziva da budete ekolo\u0161ki osvije\u0161teni i da o\u010duvate planet od plastike. Zeleni otok Vis podr\u017eite akciju CannaVis vre\u0107ica. Konoplja i cbd\" \/>\n<meta property=\"og:url\" content=\"https:\/\/cannavis.eu\/hr\/proizvodi\/cannavis-vrecica\/\" \/>\n<meta property=\"og:site_name\" content=\"Cannavis konoplja sa otoka Visa\" \/>\n<meta property=\"article:modified_time\" content=\"2026-04-20T13:21:28+00:00\" \/>\n<meta property=\"og:image\" content=\"https:\/\/cannavis.eu\/wp-content\/uploads\/2023\/08\/CannaVis-saket.png\" \/>\n\t<meta property=\"og:image:width\" content=\"1000\" \/>\n\t<meta property=\"og:image:height\" content=\"1000\" \/>\n\t<meta property=\"og:image:type\" content=\"image\/png\" \/>\n<meta name=\"twitter:card\" content=\"summary_large_image\" \/>\n<meta name=\"twitter:label1\" content=\"Procijenjeno vrijeme \u010ditanja\" \/>\n\t<meta name=\"twitter:data1\" content=\"2 minute\" \/>\n<script type=\"application\/ld+json\" class=\"yoast-schema-graph\">{\"@context\":\"https:\\\/\\\/schema.org\",\"@graph\":[{\"@type\":\"WebPage\",\"@id\":\"https:\\\/\\\/cannavis.eu\\\/hr\\\/proizvodi\\\/cannavis-vrecica\\\/\",\"url\":\"https:\\\/\\\/cannavis.eu\\\/hr\\\/proizvodi\\\/cannavis-vrecica\\\/\",\"name\":\"CannaVis vre\u0107ica\",\"isPartOf\":{\"@id\":\"https:\\\/\\\/cannavis.eu\\\/hr\\\/#website\"},\"primaryImageOfPage\":{\"@id\":\"https:\\\/\\\/cannavis.eu\\\/hr\\\/proizvodi\\\/cannavis-vrecica\\\/#primaryimage\"},\"image\":{\"@id\":\"https:\\\/\\\/cannavis.eu\\\/hr\\\/proizvodi\\\/cannavis-vrecica\\\/#primaryimage\"},\"thumbnailUrl\":\"https:\\\/\\\/cannavis.eu\\\/wp-content\\\/uploads\\\/2023\\\/08\\\/CannaVis-saket.png\",\"datePublished\":\"2023-08-06T19:36:55+00:00\",\"dateModified\":\"2026-04-20T13:21:28+00:00\",\"description\":\"CannaVis vre\u0107ica vas poziva da budete ekolo\u0161ki osvije\u0161teni i da o\u010duvate planet od plastike. Zeleni otok Vis podr\u017eite akciju CannaVis vre\u0107ica. Konoplja i cbd\",\"breadcrumb\":{\"@id\":\"https:\\\/\\\/cannavis.eu\\\/hr\\\/proizvodi\\\/cannavis-vrecica\\\/#breadcrumb\"},\"inLanguage\":\"hr\",\"potentialAction\":[{\"@type\":\"ReadAction\",\"target\":[\"https:\\\/\\\/cannavis.eu\\\/hr\\\/proizvodi\\\/cannavis-vrecica\\\/\"]}]},{\"@type\":\"ImageObject\",\"inLanguage\":\"hr\",\"@id\":\"https:\\\/\\\/cannavis.eu\\\/hr\\\/proizvodi\\\/cannavis-vrecica\\\/#primaryimage\",\"url\":\"https:\\\/\\\/cannavis.eu\\\/wp-content\\\/uploads\\\/2023\\\/08\\\/CannaVis-saket.png\",\"contentUrl\":\"https:\\\/\\\/cannavis.eu\\\/wp-content\\\/uploads\\\/2023\\\/08\\\/CannaVis-saket.png\",\"width\":1000,\"height\":1000,\"caption\":\"CannaVis vre\u0107ica\"},{\"@type\":\"BreadcrumbList\",\"@id\":\"https:\\\/\\\/cannavis.eu\\\/hr\\\/proizvodi\\\/cannavis-vrecica\\\/#breadcrumb\",\"itemListElement\":[{\"@type\":\"ListItem\",\"position\":1,\"name\":\"Home\",\"item\":\"https:\\\/\\\/cannavis.eu\\\/hr\\\/\"},{\"@type\":\"ListItem\",\"position\":2,\"name\":\"Proizvodi\",\"item\":\"https:\\\/\\\/cannavis.eu\\\/hr\\\/proizvodi\\\/\"},{\"@type\":\"ListItem\",\"position\":3,\"name\":\"CannaVis vre\u0107ica\"}]},{\"@type\":\"WebSite\",\"@id\":\"https:\\\/\\\/cannavis.eu\\\/hr\\\/#website\",\"url\":\"https:\\\/\\\/cannavis.eu\\\/hr\\\/\",\"name\":\"Cannavis konoplja sa otoka Visa\",\"description\":\"CannaVis industrijska konoplja cvijet sa otoka Visa\",\"publisher\":{\"@id\":\"https:\\\/\\\/cannavis.eu\\\/hr\\\/#organization\"},\"potentialAction\":[{\"@type\":\"SearchAction\",\"target\":{\"@type\":\"EntryPoint\",\"urlTemplate\":\"https:\\\/\\\/cannavis.eu\\\/hr\\\/?s={search_term_string}\"},\"query-input\":{\"@type\":\"PropertyValueSpecification\",\"valueRequired\":true,\"valueName\":\"search_term_string\"}}],\"inLanguage\":\"hr\"},{\"@type\":\"Organization\",\"@id\":\"https:\\\/\\\/cannavis.eu\\\/hr\\\/#organization\",\"name\":\"Cannavis konoplja sa otoka Visa\",\"url\":\"https:\\\/\\\/cannavis.eu\\\/hr\\\/\",\"logo\":{\"@type\":\"ImageObject\",\"inLanguage\":\"hr\",\"@id\":\"https:\\\/\\\/cannavis.eu\\\/hr\\\/#\\\/schema\\\/logo\\\/image\\\/\",\"url\":\"https:\\\/\\\/cannavis.eu\\\/wp-content\\\/uploads\\\/2021\\\/06\\\/CannaVis-logo.png\",\"contentUrl\":\"https:\\\/\\\/cannavis.eu\\\/wp-content\\\/uploads\\\/2021\\\/06\\\/CannaVis-logo.png\",\"width\":160,\"height\":65,\"caption\":\"Cannavis konoplja sa otoka Visa\"},\"image\":{\"@id\":\"https:\\\/\\\/cannavis.eu\\\/hr\\\/#\\\/schema\\\/logo\\\/image\\\/\"}}]}<\/script>\n<!-- \/ Yoast SEO plugin. -->","yoast_head_json":{"title":"CannaVis vre\u0107ica","description":"CannaVis vre\u0107ica vas poziva da budete ekolo\u0161ki osvije\u0161teni i da o\u010duvate planet od plastike. Zeleni otok Vis podr\u017eite akciju CannaVis vre\u0107ica. Konoplja i cbd","robots":{"index":"index","follow":"follow","max-snippet":"max-snippet:-1","max-image-preview":"max-image-preview:large","max-video-preview":"max-video-preview:-1"},"canonical":"https:\/\/cannavis.eu\/hr\/proizvodi\/cannavis-vrecica\/","og_locale":"hr_HR","og_type":"article","og_title":"CannaVis vre\u0107ica","og_description":"CannaVis vre\u0107ica vas poziva da budete ekolo\u0161ki osvije\u0161teni i da o\u010duvate planet od plastike. Zeleni otok Vis podr\u017eite akciju CannaVis vre\u0107ica. Konoplja i cbd","og_url":"https:\/\/cannavis.eu\/hr\/proizvodi\/cannavis-vrecica\/","og_site_name":"Cannavis konoplja sa otoka Visa","article_modified_time":"2026-04-20T13:21:28+00:00","og_image":[{"width":1000,"height":1000,"url":"https:\/\/cannavis.eu\/wp-content\/uploads\/2023\/08\/CannaVis-saket.png","type":"image\/png"}],"twitter_card":"summary_large_image","twitter_misc":{"Procijenjeno vrijeme \u010ditanja":"2 minute"},"schema":{"@context":"https:\/\/schema.org","@graph":[{"@type":"WebPage","@id":"https:\/\/cannavis.eu\/hr\/proizvodi\/cannavis-vrecica\/","url":"https:\/\/cannavis.eu\/hr\/proizvodi\/cannavis-vrecica\/","name":"CannaVis vre\u0107ica","isPartOf":{"@id":"https:\/\/cannavis.eu\/hr\/#website"},"primaryImageOfPage":{"@id":"https:\/\/cannavis.eu\/hr\/proizvodi\/cannavis-vrecica\/#primaryimage"},"image":{"@id":"https:\/\/cannavis.eu\/hr\/proizvodi\/cannavis-vrecica\/#primaryimage"},"thumbnailUrl":"https:\/\/cannavis.eu\/wp-content\/uploads\/2023\/08\/CannaVis-saket.png","datePublished":"2023-08-06T19:36:55+00:00","dateModified":"2026-04-20T13:21:28+00:00","description":"CannaVis vre\u0107ica vas poziva da budete ekolo\u0161ki osvije\u0161teni i da o\u010duvate planet od plastike. Zeleni otok Vis podr\u017eite akciju CannaVis vre\u0107ica. Konoplja i cbd","breadcrumb":{"@id":"https:\/\/cannavis.eu\/hr\/proizvodi\/cannavis-vrecica\/#breadcrumb"},"inLanguage":"hr","potentialAction":[{"@type":"ReadAction","target":["https:\/\/cannavis.eu\/hr\/proizvodi\/cannavis-vrecica\/"]}]},{"@type":"ImageObject","inLanguage":"hr","@id":"https:\/\/cannavis.eu\/hr\/proizvodi\/cannavis-vrecica\/#primaryimage","url":"https:\/\/cannavis.eu\/wp-content\/uploads\/2023\/08\/CannaVis-saket.png","contentUrl":"https:\/\/cannavis.eu\/wp-content\/uploads\/2023\/08\/CannaVis-saket.png","width":1000,"height":1000,"caption":"CannaVis vre\u0107ica"},{"@type":"BreadcrumbList","@id":"https:\/\/cannavis.eu\/hr\/proizvodi\/cannavis-vrecica\/#breadcrumb","itemListElement":[{"@type":"ListItem","position":1,"name":"Home","item":"https:\/\/cannavis.eu\/hr\/"},{"@type":"ListItem","position":2,"name":"Proizvodi","item":"https:\/\/cannavis.eu\/hr\/proizvodi\/"},{"@type":"ListItem","position":3,"name":"CannaVis vre\u0107ica"}]},{"@type":"WebSite","@id":"https:\/\/cannavis.eu\/hr\/#website","url":"https:\/\/cannavis.eu\/hr\/","name":"Cannavis konoplja sa otoka Visa","description":"CannaVis industrijska konoplja cvijet sa otoka Visa","publisher":{"@id":"https:\/\/cannavis.eu\/hr\/#organization"},"potentialAction":[{"@type":"SearchAction","target":{"@type":"EntryPoint","urlTemplate":"https:\/\/cannavis.eu\/hr\/?s={search_term_string}"},"query-input":{"@type":"PropertyValueSpecification","valueRequired":true,"valueName":"search_term_string"}}],"inLanguage":"hr"},{"@type":"Organization","@id":"https:\/\/cannavis.eu\/hr\/#organization","name":"Cannavis konoplja sa otoka Visa","url":"https:\/\/cannavis.eu\/hr\/","logo":{"@type":"ImageObject","inLanguage":"hr","@id":"https:\/\/cannavis.eu\/hr\/#\/schema\/logo\/image\/","url":"https:\/\/cannavis.eu\/wp-content\/uploads\/2021\/06\/CannaVis-logo.png","contentUrl":"https:\/\/cannavis.eu\/wp-content\/uploads\/2021\/06\/CannaVis-logo.png","width":160,"height":65,"caption":"Cannavis konoplja sa otoka Visa"},"image":{"@id":"https:\/\/cannavis.eu\/hr\/#\/schema\/logo\/image\/"}}]}},"jetpack_sharing_enabled":true,"_links":{"self":[{"href":"https:\/\/cannavis.eu\/hr\/wp-json\/wp\/v2\/product\/2452","targetHints":{"allow":["GET"]}}],"collection":[{"href":"https:\/\/cannavis.eu\/hr\/wp-json\/wp\/v2\/product"}],"about":[{"href":"https:\/\/cannavis.eu\/hr\/wp-json\/wp\/v2\/types\/product"}],"replies":[{"embeddable":true,"href":"https:\/\/cannavis.eu\/hr\/wp-json\/wp\/v2\/comments?post=2452"}],"wp:featuredmedia":[{"embeddable":true,"href":"https:\/\/cannavis.eu\/hr\/wp-json\/wp\/v2\/media\/6718"}],"wp:attachment":[{"href":"https:\/\/cannavis.eu\/hr\/wp-json\/wp\/v2\/media?parent=2452"}],"wp:term":[{"taxonomy":"product_brand","embeddable":true,"href":"https:\/\/cannavis.eu\/hr\/wp-json\/wp\/v2\/product_brand?post=2452"},{"taxonomy":"product_cat","embeddable":true,"href":"https:\/\/cannavis.eu\/hr\/wp-json\/wp\/v2\/product_cat?post=2452"},{"taxonomy":"product_tag","embeddable":true,"href":"https:\/\/cannavis.eu\/hr\/wp-json\/wp\/v2\/product_tag?post=2452"}],"curies":[{"name":"wp","href":"https:\/\/api.w.org\/{rel}","templated":true}]}}