{"id":2559,"date":"2023-10-02T13:56:44","date_gmt":"2023-10-02T13:56:44","guid":{"rendered":"https:\/\/cannavis.eu\/?post_type=product&#038;p=2559"},"modified":"2026-04-26T01:14:09","modified_gmt":"2026-04-25T23:14:09","slug":"cannavis-prerolls-10-x","status":"publish","type":"product","link":"https:\/\/cannavis.eu\/hr\/proizvodi\/cannavis-prerolls-10-x\/","title":{"rendered":"CannaVis PreRolls 10x"},"content":{"rendered":"<p>CannaVis PreRolls 10x novi proizvod na tr\u017ei\u0161tu iz kolekcije <a href=\"https:\/\/cannavis.eu\/hr\/proizvod\/cvijet-konoplje-premium-eletta-campana\/\">CannaVis <\/a>CBD -a.<\/p>\n<p>Najpa\u017eljivije uzgojeni cvijetovi sa otoka Visa nalaze se u\u00a0 CannaVis prerolls.<\/p>\n<p>CannaVis prerolls 10 x je <span style=\"font-weight: 400;\">prepun organskog cvijeta industrijske konoplje uzgojene na otoku Visu.<\/span><\/p>\n<p><span style=\"font-weight: 400;\"> Neke od prednosti prerolls-a su:<\/span><\/p>\n<ul>\n<li><span style=\"font-weight: 400;\"> ima sna\u017eno djelovanje s vrlo opu\u0161taju\u0107im i umiruju\u0107im u\u010dinkom<\/span><\/li>\n<li>ubla\u017eava bol<\/li>\n<li>poma\u017ee da lak\u0161e zaspete<\/li>\n<li>miris bogat terpenima sa otoka Visa<\/li>\n<li>ekolo\u0161ki uzgojeno<\/li>\n<li>poma\u017ee kod prestanka pu\u0161enja<\/li>\n<\/ul>\n<p>Mo\u017ee li vam CBD pomo\u0107i da se oslobodite stresa?\u00a0Pu\u0161enje nekoliko dimova prethodno smotanog CBD jointa odli\u010dan je na\u010din za opu\u0161tanje nakon dugog, stresnog dana.\u00a0Bilo da preferirate vrste Sativa ili Indica, CBD je terapeutski kanabinoid.\u00a0Bilo koja vrsta pru\u017eit \u0107e \u017eeljene u\u010dinke za dr\u017eanje stresa podalje.<\/p>\n<p>Proizvodi\u00a0 CBD-a nemaju opojni u\u010dinak,ali\u00a0 dobit \u0107ete umiruju\u0107i i opu\u0161taju\u0107i osje\u0107aj kada pu\u0161ite CBD pre-roll.\u00a0Zato se CBD preporu\u010duje kao alternativni lijek za odre\u0111ene bolesti.\u00a0Ima analgetska svojstva koja poma\u017eu u kontroli boli, a tako\u0111er mo\u017ee ubla\u017eiti stanja povezana sa stresom.<\/p>\n<p>&nbsp;<\/p>\n<p>Postotak <a href=\"https:\/\/secretnaturecbd.com\/blogs\/cbd\/5-things-you-ll-love-about-cbd-pre-rolls\">CBD<\/a>-a : &lt;10%<\/p>\n<p>Postotak THC-a: &lt;0.2%<\/p>\n<p>Proizvedeno u skladu sa prirodom na obiteljskom poljoprivrednom gospodarstvu na otoku Visu.<\/p>\n<p>Sastav: Osu\u0161eni cvijet konoplje Sativa L.<\/p>\n<p>Ovo je certificirana EU sorta konoplje koja je navedena u EU katalogu.<\/p>\n<p>Ne proizvodi psihoaktivne u\u010dinke.<\/p>\n<p>Proizvo\u0111a\u010d: OPG AgroVis , Ulica Vlaha Paljetka 5, 21480 Vis<\/p>\n<p>Stavlja na tr\u017ei\u0161te: Karika Vis d.o.o, Donje Kunjanovo 6 , 21480 Dra\u010devo polje<\/p>\n","protected":false},"excerpt":{"rendered":"<p>CannaVis pre-rolls vam poma\u017eu kod prestanka pu\u0161enja<\/p>\n<p>CannaVis pre-rolls vas osloba\u0111a stresa<\/p>\n<p>CannaVis pre-rolls je ekolo\u0161ki proizvod<\/p>\n<p>CannaVis pre-rolls cvijetovi su uzgojeni bez umjetnih gnjojiva i pesticida<\/p>\n<p>CannaVis pre-rolls je va\u0161 izbor broj jedan<\/p>\n<p>&nbsp;<\/p>\n","protected":false},"featured_media":2560,"comment_status":"open","ping_status":"closed","template":"","meta":{"_eb_attr":"","_joinchat":[]},"product_brand":[],"product_cat":[21],"product_tag":[857,858,856],"class_list":{"0":"post-2559","1":"product","2":"type-product","3":"status-publish","4":"has-post-thumbnail","6":"product_cat-cannavis-cvijetovi","7":"product_tag-cvijet-konoplje","8":"product_tag-paricani-bubi","9":"product_tag-prerolls","11":"first","12":"instock","13":"sale","14":"shipping-taxable","15":"purchasable","16":"product-type-simple"},"yoast_head":"<!-- This site is optimized with the Yoast SEO plugin v27.4 - https:\/\/yoast.com\/product\/yoast-seo-wordpress\/ -->\n<title>CannaVis PreRolls<\/title>\n<meta name=\"description\" content=\"CannVis prerolls vas osloba\u0111a stresa, \u017eelite prestati pu\u0161iti tu je CannaVis prerolls. Smrdi vam dim od cigarete uzmite prerolls.Zamjenite cigarete sa cbd.\" \/>\n<meta name=\"robots\" content=\"index, follow, max-snippet:-1, max-image-preview:large, max-video-preview:-1\" \/>\n<link rel=\"canonical\" href=\"https:\/\/cannavis.eu\/hr\/proizvodi\/cannavis-prerolls-10-x\/\" \/>\n<meta property=\"og:locale\" content=\"hr_HR\" \/>\n<meta property=\"og:type\" content=\"article\" \/>\n<meta property=\"og:title\" content=\"CannaVis PreRolls\" \/>\n<meta property=\"og:description\" content=\"CannVis prerolls vas osloba\u0111a stresa, \u017eelite prestati pu\u0161iti tu je CannaVis prerolls. Smrdi vam dim od cigarete uzmite prerolls.Zamjenite cigarete sa cbd.\" \/>\n<meta property=\"og:url\" content=\"https:\/\/cannavis.eu\/hr\/proizvodi\/cannavis-prerolls-10-x\/\" \/>\n<meta property=\"og:site_name\" content=\"Cannavis konoplja sa otoka Visa\" \/>\n<meta property=\"article:modified_time\" content=\"2026-04-25T23:14:09+00:00\" \/>\n<meta property=\"og:image\" content=\"https:\/\/cannavis.eu\/wp-content\/uploads\/2023\/10\/paricani-bubi-x10.jpg\" \/>\n\t<meta property=\"og:image:width\" content=\"900\" \/>\n\t<meta property=\"og:image:height\" content=\"900\" \/>\n\t<meta property=\"og:image:type\" content=\"image\/jpeg\" \/>\n<meta name=\"twitter:card\" content=\"summary_large_image\" \/>\n<meta name=\"twitter:label1\" content=\"Procijenjeno vrijeme \u010ditanja\" \/>\n\t<meta name=\"twitter:data1\" content=\"2 minute\" \/>\n<script type=\"application\/ld+json\" class=\"yoast-schema-graph\">{\"@context\":\"https:\\\/\\\/schema.org\",\"@graph\":[{\"@type\":\"WebPage\",\"@id\":\"https:\\\/\\\/cannavis.eu\\\/hr\\\/proizvodi\\\/cannavis-prerolls-10-x\\\/\",\"url\":\"https:\\\/\\\/cannavis.eu\\\/hr\\\/proizvodi\\\/cannavis-prerolls-10-x\\\/\",\"name\":\"CannaVis PreRolls\",\"isPartOf\":{\"@id\":\"https:\\\/\\\/cannavis.eu\\\/hr\\\/#website\"},\"primaryImageOfPage\":{\"@id\":\"https:\\\/\\\/cannavis.eu\\\/hr\\\/proizvodi\\\/cannavis-prerolls-10-x\\\/#primaryimage\"},\"image\":{\"@id\":\"https:\\\/\\\/cannavis.eu\\\/hr\\\/proizvodi\\\/cannavis-prerolls-10-x\\\/#primaryimage\"},\"thumbnailUrl\":\"https:\\\/\\\/cannavis.eu\\\/wp-content\\\/uploads\\\/2023\\\/10\\\/paricani-bubi-x10.jpg\",\"datePublished\":\"2023-10-02T13:56:44+00:00\",\"dateModified\":\"2026-04-25T23:14:09+00:00\",\"description\":\"CannVis prerolls vas osloba\u0111a stresa, \u017eelite prestati pu\u0161iti tu je CannaVis prerolls. Smrdi vam dim od cigarete uzmite prerolls.Zamjenite cigarete sa cbd.\",\"breadcrumb\":{\"@id\":\"https:\\\/\\\/cannavis.eu\\\/hr\\\/proizvodi\\\/cannavis-prerolls-10-x\\\/#breadcrumb\"},\"inLanguage\":\"hr\",\"potentialAction\":[{\"@type\":\"ReadAction\",\"target\":[\"https:\\\/\\\/cannavis.eu\\\/hr\\\/proizvodi\\\/cannavis-prerolls-10-x\\\/\"]}]},{\"@type\":\"ImageObject\",\"inLanguage\":\"hr\",\"@id\":\"https:\\\/\\\/cannavis.eu\\\/hr\\\/proizvodi\\\/cannavis-prerolls-10-x\\\/#primaryimage\",\"url\":\"https:\\\/\\\/cannavis.eu\\\/wp-content\\\/uploads\\\/2023\\\/10\\\/paricani-bubi-x10.jpg\",\"contentUrl\":\"https:\\\/\\\/cannavis.eu\\\/wp-content\\\/uploads\\\/2023\\\/10\\\/paricani-bubi-x10.jpg\",\"width\":900,\"height\":900,\"caption\":\"CannaVis PreRolls\"},{\"@type\":\"BreadcrumbList\",\"@id\":\"https:\\\/\\\/cannavis.eu\\\/hr\\\/proizvodi\\\/cannavis-prerolls-10-x\\\/#breadcrumb\",\"itemListElement\":[{\"@type\":\"ListItem\",\"position\":1,\"name\":\"Home\",\"item\":\"https:\\\/\\\/cannavis.eu\\\/hr\\\/\"},{\"@type\":\"ListItem\",\"position\":2,\"name\":\"Proizvodi\",\"item\":\"https:\\\/\\\/cannavis.eu\\\/hr\\\/proizvodi\\\/\"},{\"@type\":\"ListItem\",\"position\":3,\"name\":\"CannaVis PreRolls 10x\"}]},{\"@type\":\"WebSite\",\"@id\":\"https:\\\/\\\/cannavis.eu\\\/hr\\\/#website\",\"url\":\"https:\\\/\\\/cannavis.eu\\\/hr\\\/\",\"name\":\"Cannavis konoplja sa otoka Visa\",\"description\":\"CannaVis industrijska konoplja cvijet sa otoka Visa\",\"publisher\":{\"@id\":\"https:\\\/\\\/cannavis.eu\\\/hr\\\/#organization\"},\"potentialAction\":[{\"@type\":\"SearchAction\",\"target\":{\"@type\":\"EntryPoint\",\"urlTemplate\":\"https:\\\/\\\/cannavis.eu\\\/hr\\\/?s={search_term_string}\"},\"query-input\":{\"@type\":\"PropertyValueSpecification\",\"valueRequired\":true,\"valueName\":\"search_term_string\"}}],\"inLanguage\":\"hr\"},{\"@type\":\"Organization\",\"@id\":\"https:\\\/\\\/cannavis.eu\\\/hr\\\/#organization\",\"name\":\"Cannavis konoplja sa otoka Visa\",\"url\":\"https:\\\/\\\/cannavis.eu\\\/hr\\\/\",\"logo\":{\"@type\":\"ImageObject\",\"inLanguage\":\"hr\",\"@id\":\"https:\\\/\\\/cannavis.eu\\\/hr\\\/#\\\/schema\\\/logo\\\/image\\\/\",\"url\":\"https:\\\/\\\/cannavis.eu\\\/wp-content\\\/uploads\\\/2021\\\/06\\\/CannaVis-logo.png\",\"contentUrl\":\"https:\\\/\\\/cannavis.eu\\\/wp-content\\\/uploads\\\/2021\\\/06\\\/CannaVis-logo.png\",\"width\":160,\"height\":65,\"caption\":\"Cannavis konoplja sa otoka Visa\"},\"image\":{\"@id\":\"https:\\\/\\\/cannavis.eu\\\/hr\\\/#\\\/schema\\\/logo\\\/image\\\/\"}}]}<\/script>\n<!-- \/ Yoast SEO plugin. -->","yoast_head_json":{"title":"CannaVis PreRolls","description":"CannVis prerolls vas osloba\u0111a stresa, \u017eelite prestati pu\u0161iti tu je CannaVis prerolls. Smrdi vam dim od cigarete uzmite prerolls.Zamjenite cigarete sa cbd.","robots":{"index":"index","follow":"follow","max-snippet":"max-snippet:-1","max-image-preview":"max-image-preview:large","max-video-preview":"max-video-preview:-1"},"canonical":"https:\/\/cannavis.eu\/hr\/proizvodi\/cannavis-prerolls-10-x\/","og_locale":"hr_HR","og_type":"article","og_title":"CannaVis PreRolls","og_description":"CannVis prerolls vas osloba\u0111a stresa, \u017eelite prestati pu\u0161iti tu je CannaVis prerolls. Smrdi vam dim od cigarete uzmite prerolls.Zamjenite cigarete sa cbd.","og_url":"https:\/\/cannavis.eu\/hr\/proizvodi\/cannavis-prerolls-10-x\/","og_site_name":"Cannavis konoplja sa otoka Visa","article_modified_time":"2026-04-25T23:14:09+00:00","og_image":[{"width":900,"height":900,"url":"https:\/\/cannavis.eu\/wp-content\/uploads\/2023\/10\/paricani-bubi-x10.jpg","type":"image\/jpeg"}],"twitter_card":"summary_large_image","twitter_misc":{"Procijenjeno vrijeme \u010ditanja":"2 minute"},"schema":{"@context":"https:\/\/schema.org","@graph":[{"@type":"WebPage","@id":"https:\/\/cannavis.eu\/hr\/proizvodi\/cannavis-prerolls-10-x\/","url":"https:\/\/cannavis.eu\/hr\/proizvodi\/cannavis-prerolls-10-x\/","name":"CannaVis PreRolls","isPartOf":{"@id":"https:\/\/cannavis.eu\/hr\/#website"},"primaryImageOfPage":{"@id":"https:\/\/cannavis.eu\/hr\/proizvodi\/cannavis-prerolls-10-x\/#primaryimage"},"image":{"@id":"https:\/\/cannavis.eu\/hr\/proizvodi\/cannavis-prerolls-10-x\/#primaryimage"},"thumbnailUrl":"https:\/\/cannavis.eu\/wp-content\/uploads\/2023\/10\/paricani-bubi-x10.jpg","datePublished":"2023-10-02T13:56:44+00:00","dateModified":"2026-04-25T23:14:09+00:00","description":"CannVis prerolls vas osloba\u0111a stresa, \u017eelite prestati pu\u0161iti tu je CannaVis prerolls. Smrdi vam dim od cigarete uzmite prerolls.Zamjenite cigarete sa cbd.","breadcrumb":{"@id":"https:\/\/cannavis.eu\/hr\/proizvodi\/cannavis-prerolls-10-x\/#breadcrumb"},"inLanguage":"hr","potentialAction":[{"@type":"ReadAction","target":["https:\/\/cannavis.eu\/hr\/proizvodi\/cannavis-prerolls-10-x\/"]}]},{"@type":"ImageObject","inLanguage":"hr","@id":"https:\/\/cannavis.eu\/hr\/proizvodi\/cannavis-prerolls-10-x\/#primaryimage","url":"https:\/\/cannavis.eu\/wp-content\/uploads\/2023\/10\/paricani-bubi-x10.jpg","contentUrl":"https:\/\/cannavis.eu\/wp-content\/uploads\/2023\/10\/paricani-bubi-x10.jpg","width":900,"height":900,"caption":"CannaVis PreRolls"},{"@type":"BreadcrumbList","@id":"https:\/\/cannavis.eu\/hr\/proizvodi\/cannavis-prerolls-10-x\/#breadcrumb","itemListElement":[{"@type":"ListItem","position":1,"name":"Home","item":"https:\/\/cannavis.eu\/hr\/"},{"@type":"ListItem","position":2,"name":"Proizvodi","item":"https:\/\/cannavis.eu\/hr\/proizvodi\/"},{"@type":"ListItem","position":3,"name":"CannaVis PreRolls 10x"}]},{"@type":"WebSite","@id":"https:\/\/cannavis.eu\/hr\/#website","url":"https:\/\/cannavis.eu\/hr\/","name":"Cannavis konoplja sa otoka Visa","description":"CannaVis industrijska konoplja cvijet sa otoka Visa","publisher":{"@id":"https:\/\/cannavis.eu\/hr\/#organization"},"potentialAction":[{"@type":"SearchAction","target":{"@type":"EntryPoint","urlTemplate":"https:\/\/cannavis.eu\/hr\/?s={search_term_string}"},"query-input":{"@type":"PropertyValueSpecification","valueRequired":true,"valueName":"search_term_string"}}],"inLanguage":"hr"},{"@type":"Organization","@id":"https:\/\/cannavis.eu\/hr\/#organization","name":"Cannavis konoplja sa otoka Visa","url":"https:\/\/cannavis.eu\/hr\/","logo":{"@type":"ImageObject","inLanguage":"hr","@id":"https:\/\/cannavis.eu\/hr\/#\/schema\/logo\/image\/","url":"https:\/\/cannavis.eu\/wp-content\/uploads\/2021\/06\/CannaVis-logo.png","contentUrl":"https:\/\/cannavis.eu\/wp-content\/uploads\/2021\/06\/CannaVis-logo.png","width":160,"height":65,"caption":"Cannavis konoplja sa otoka Visa"},"image":{"@id":"https:\/\/cannavis.eu\/hr\/#\/schema\/logo\/image\/"}}]}},"jetpack_sharing_enabled":true,"_links":{"self":[{"href":"https:\/\/cannavis.eu\/hr\/wp-json\/wp\/v2\/product\/2559","targetHints":{"allow":["GET"]}}],"collection":[{"href":"https:\/\/cannavis.eu\/hr\/wp-json\/wp\/v2\/product"}],"about":[{"href":"https:\/\/cannavis.eu\/hr\/wp-json\/wp\/v2\/types\/product"}],"replies":[{"embeddable":true,"href":"https:\/\/cannavis.eu\/hr\/wp-json\/wp\/v2\/comments?post=2559"}],"wp:featuredmedia":[{"embeddable":true,"href":"https:\/\/cannavis.eu\/hr\/wp-json\/wp\/v2\/media\/2560"}],"wp:attachment":[{"href":"https:\/\/cannavis.eu\/hr\/wp-json\/wp\/v2\/media?parent=2559"}],"wp:term":[{"taxonomy":"product_brand","embeddable":true,"href":"https:\/\/cannavis.eu\/hr\/wp-json\/wp\/v2\/product_brand?post=2559"},{"taxonomy":"product_cat","embeddable":true,"href":"https:\/\/cannavis.eu\/hr\/wp-json\/wp\/v2\/product_cat?post=2559"},{"taxonomy":"product_tag","embeddable":true,"href":"https:\/\/cannavis.eu\/hr\/wp-json\/wp\/v2\/product_tag?post=2559"}],"curies":[{"name":"wp","href":"https:\/\/api.w.org\/{rel}","templated":true}]}}