{"id":319,"date":"2021-11-15T14:09:39","date_gmt":"2021-11-15T14:09:39","guid":{"rendered":"https:\/\/cannavis.eu\/?post_type=product&#038;p=319"},"modified":"2026-04-07T22:15:15","modified_gmt":"2026-04-07T20:15:15","slug":"cannavis-petica-cvijet-konoplje","status":"publish","type":"product","link":"https:\/\/cannavis.eu\/hr\/proizvodi\/cannavis-petica-cvijet-konoplje\/","title":{"rendered":"CannaVis Petica cvijet konoplje 5g"},"content":{"rendered":"<p><span style=\"font-weight: 400;\">CannaVis petica cvijet konoplje sadr\u017ei pomno birane cvjetove koji su organski uzgojeni na otoku Visu.<\/span><\/p>\n<p><span style=\"font-weight: 400;\">Biljka konoplje sadr\u017ei mnoga ljekovita svojstva koja se polako otkrivaju.<\/span><\/p>\n<p><span style=\"font-weight: 400;\">Nakon otkri\u0107a endokanabinoidnog sustava, ustanovljena je poveznica izme\u0111u ljudskog tijela i biljke konoplje. Dakle konoplja nije opijat kako je zdravstveni sustav prezentira ve\u0107 je pomo\u0107 kod zdravstvenih tegoba. Cbd cvjetovi mogu biti mu\u0161ki i \u017eenski, dok su \u017eenski cvjetovi ljekoviti, mu\u0161ki se vi\u0161e koriste u prehrambenoj industriji.\u00a0<\/span><\/p>\n<h2><span style=\"font-weight: 400;\">CannaVis petica cvijet konoplje postoji u varijanti CBD i CBG \u0161to su dva razli\u010dita kanabinoida.<\/span><\/h2>\n<p><span style=\"font-weight: 400;\"> Cbd i <a href=\"https:\/\/en.wikipedia.org\/wiki\/Cannabigerol\">cbg<\/a> su jako sli\u010dni u strukturi\u00a0 ali djelovanje im je razli\u010dito npr. cbg otvara apetit, a cbd zatvara apetit.<\/span><\/p>\n<p><span style=\"font-weight: 400;\">U CannaVisu mo\u017eete prona\u0107i obe vrste konoplje zavisi \u0161to vam je potrebno.<\/span><\/p>\n<p><span style=\"font-weight: 400;\">Niste sigurni \u0161to je za vas pravi odabir nema problema mi smo tu i mo\u017eete nas pitati za savjet.<\/span><\/p>\n<p><span style=\"font-weight: 400;\">Ipak \u0161to se ti\u010de cbd cvjetova koji se na tr\u017ei\u0161tu nude nisu svi dobri za zdravlje pogotovo oni koji se uzgajaju\u00a0 u zatvorenom prostoru pod svjetlima i kojima se dodaju razna gnojiva kako bi prinos bio ve\u0107i, a samim time se izgubilo na kvaliteti cvijeta.<\/span><\/p>\n<p><span style=\"font-weight: 400;\">Ekolo\u0161ki odr\u017eiva konoplja ne zahtijeva nikakve herbicide i pesticide kod uzgoja. Stvara humus, \u010disti tlo od te\u0161kih minerala i upija enormne koli\u010dine ugljika iz atmosfere. <a href=\"https:\/\/cannavis.eu\/hr\/proizvod\/cannavis-cbd-pasta-ulje\/\">Konoplja<\/a> mo\u017ee dati vi\u0161e vlakana od pamuka, uz manju potro\u0161nju vode, te vi\u0161e vlakana od lana na istoj povr\u0161ini.<\/span><\/p>\n<p><span style=\"font-weight: 400;\">Cvjetovi CannaVisa su uzgojeni na otoku Visu\u00a0 u skladu s prirodom, te\u00a0 kao takvi su najbolji cvjetovi \u0161to tr\u017ei\u0161te u EU nudi. Zato moraju biti va\u0161 prvi izbor ako \u017eelite savr\u0161en omjer kvalitete i cijene. Cvjetovi CannaVis \u0107e vas odvesti u jedno opu\u0161taju\u0107e i umiruju\u0107e stanje, te \u0107e vam ukloniti sav stres.<\/span><\/p>\n<p><span style=\"font-weight: 400;\">Zdravi i veseli bili\u00a0<\/span><\/p>\n<p><span style=\"font-weight: 400;\">\u00a0Proizvo\u0111a\u010d OPG AgroVis\u00a0\u00a0\u00a0<\/span><\/p>\n<p><span style=\"font-weight: 400;\">Mjesto proizvodnje : Otok Vis ( Dra\u010devo polje)<\/span><\/p>\n<p><span style=\"font-weight: 400;\">Stavlja na tr\u017ei\u0161te Karika Vis d.o.o.\u00a0<\/span><\/p>\n<p><span style=\"font-weight: 400;\">Sastav: Osu\u0161eni cvijet konoplje Sativa L.<\/span><\/p>\n","protected":false},"excerpt":{"rendered":"<p><em>Zasto kupiti CannaVis peticu ?<\/em><\/p>\n<ul>\n<li><strong>\u00a0CannaVis petica ima ekolo\u0161ki cvijet\u00a0\u00a0<\/strong><\/li>\n<li><strong>CannaVis petica smanjuje stres\u00a0<\/strong><\/li>\n<li><strong>CannaVis petica ima najbolju cijenu<\/strong><\/li>\n<li><strong>CannaVis petica je broj 1 u EU\u00a0<\/strong><\/li>\n<li><strong>CannaVis petica uzgojena je samo uz pomo\u0107 sunca i vode\u00a0<\/strong><\/li>\n<\/ul>\n","protected":false},"featured_media":3283,"comment_status":"open","ping_status":"closed","template":"","meta":{"_eb_attr":"","_joinchat":[]},"product_brand":[],"product_cat":[21],"product_tag":[],"class_list":{"0":"post-319","1":"product","2":"type-product","3":"status-publish","4":"has-post-thumbnail","6":"product_cat-cannavis-cvijetovi","8":"first","9":"instock","10":"shipping-taxable","11":"purchasable","12":"product-type-variable"},"yoast_head":"<!-- This site is optimized with the Yoast SEO plugin v27.3 - https:\/\/yoast.com\/product\/yoast-seo-wordpress\/ -->\n<title>CannaVis petica cvijet konoplje<\/title>\n<meta name=\"description\" content=\"CannaVis petica cvijet konoplje je najjeftinija na tr\u017ei\u0161tu sa najjve\u0107im postotkom cbd. Trebate ne\u0161to protiv bolova izaberite prirodno cbd sa otoka Visa.\" \/>\n<meta name=\"robots\" content=\"index, follow, max-snippet:-1, max-image-preview:large, max-video-preview:-1\" \/>\n<link rel=\"canonical\" href=\"https:\/\/cannavis.eu\/hr\/proizvodi\/cannavis-petica-cvijet-konoplje\/\" \/>\n<meta property=\"og:locale\" content=\"hr_HR\" \/>\n<meta property=\"og:type\" content=\"article\" \/>\n<meta property=\"og:title\" content=\"CannaVis Petica cvijet konoplje 5g\" \/>\n<meta property=\"og:description\" content=\"CannaVis Petica cvijet konoplje 5g\" \/>\n<meta property=\"og:url\" content=\"https:\/\/cannavis.eu\/hr\/proizvodi\/cannavis-petica-cvijet-konoplje\/\" \/>\n<meta property=\"og:site_name\" content=\"Cannavis konoplja sa otoka Visa\" \/>\n<meta property=\"article:modified_time\" content=\"2026-04-07T20:15:15+00:00\" \/>\n<meta property=\"og:image\" content=\"https:\/\/cannavis.eu\/wp-content\/uploads\/2021\/11\/CannaVis-Petica-cvijet-konoplje-5g.jpg\" \/>\n\t<meta property=\"og:image:width\" content=\"725\" \/>\n\t<meta property=\"og:image:height\" content=\"882\" \/>\n\t<meta property=\"og:image:type\" content=\"image\/jpeg\" \/>\n<meta name=\"twitter:card\" content=\"summary_large_image\" \/>\n<meta name=\"twitter:label1\" content=\"Procijenjeno vrijeme \u010ditanja\" \/>\n\t<meta name=\"twitter:data1\" content=\"2 minute\" \/>\n<script type=\"application\/ld+json\" class=\"yoast-schema-graph\">{\"@context\":\"https:\\\/\\\/schema.org\",\"@graph\":[{\"@type\":\"WebPage\",\"@id\":\"https:\\\/\\\/cannavis.eu\\\/hr\\\/proizvodi\\\/cannavis-petica-cvijet-konoplje\\\/\",\"url\":\"https:\\\/\\\/cannavis.eu\\\/hr\\\/proizvodi\\\/cannavis-petica-cvijet-konoplje\\\/\",\"name\":\"CannaVis petica cvijet konoplje\",\"isPartOf\":{\"@id\":\"https:\\\/\\\/cannavis.eu\\\/hr\\\/#website\"},\"primaryImageOfPage\":{\"@id\":\"https:\\\/\\\/cannavis.eu\\\/hr\\\/proizvodi\\\/cannavis-petica-cvijet-konoplje\\\/#primaryimage\"},\"image\":{\"@id\":\"https:\\\/\\\/cannavis.eu\\\/hr\\\/proizvodi\\\/cannavis-petica-cvijet-konoplje\\\/#primaryimage\"},\"thumbnailUrl\":\"https:\\\/\\\/cannavis.eu\\\/wp-content\\\/uploads\\\/2021\\\/11\\\/PETICA-FINAL.png\",\"datePublished\":\"2021-11-15T14:09:39+00:00\",\"dateModified\":\"2026-04-07T20:15:15+00:00\",\"description\":\"CannaVis petica cvijet konoplje je najjeftinija na tr\u017ei\u0161tu sa najjve\u0107im postotkom cbd. Trebate ne\u0161to protiv bolova izaberite prirodno cbd sa otoka Visa.\",\"breadcrumb\":{\"@id\":\"https:\\\/\\\/cannavis.eu\\\/hr\\\/proizvodi\\\/cannavis-petica-cvijet-konoplje\\\/#breadcrumb\"},\"inLanguage\":\"hr\",\"potentialAction\":[{\"@type\":\"ReadAction\",\"target\":[\"https:\\\/\\\/cannavis.eu\\\/hr\\\/proizvodi\\\/cannavis-petica-cvijet-konoplje\\\/\"]}]},{\"@type\":\"ImageObject\",\"inLanguage\":\"hr\",\"@id\":\"https:\\\/\\\/cannavis.eu\\\/hr\\\/proizvodi\\\/cannavis-petica-cvijet-konoplje\\\/#primaryimage\",\"url\":\"https:\\\/\\\/cannavis.eu\\\/wp-content\\\/uploads\\\/2021\\\/11\\\/PETICA-FINAL.png\",\"contentUrl\":\"https:\\\/\\\/cannavis.eu\\\/wp-content\\\/uploads\\\/2021\\\/11\\\/PETICA-FINAL.png\",\"width\":800,\"height\":800,\"caption\":\"Najbolji omjer cijene i kvalitete na tr\u017ei\u0161tu\"},{\"@type\":\"BreadcrumbList\",\"@id\":\"https:\\\/\\\/cannavis.eu\\\/hr\\\/proizvodi\\\/cannavis-petica-cvijet-konoplje\\\/#breadcrumb\",\"itemListElement\":[{\"@type\":\"ListItem\",\"position\":1,\"name\":\"Home\",\"item\":\"https:\\\/\\\/cannavis.eu\\\/hr\\\/\"},{\"@type\":\"ListItem\",\"position\":2,\"name\":\"Proizvodi\",\"item\":\"https:\\\/\\\/cannavis.eu\\\/hr\\\/proizvodi\\\/\"},{\"@type\":\"ListItem\",\"position\":3,\"name\":\"CannaVis Petica cvijet konoplje 5g\"}]},{\"@type\":\"WebSite\",\"@id\":\"https:\\\/\\\/cannavis.eu\\\/hr\\\/#website\",\"url\":\"https:\\\/\\\/cannavis.eu\\\/hr\\\/\",\"name\":\"Cannavis konoplja sa otoka Visa\",\"description\":\"CannaVis industrijska konoplja cvijet sa otoka Visa\",\"publisher\":{\"@id\":\"https:\\\/\\\/cannavis.eu\\\/hr\\\/#organization\"},\"potentialAction\":[{\"@type\":\"SearchAction\",\"target\":{\"@type\":\"EntryPoint\",\"urlTemplate\":\"https:\\\/\\\/cannavis.eu\\\/hr\\\/?s={search_term_string}\"},\"query-input\":{\"@type\":\"PropertyValueSpecification\",\"valueRequired\":true,\"valueName\":\"search_term_string\"}}],\"inLanguage\":\"hr\"},{\"@type\":\"Organization\",\"@id\":\"https:\\\/\\\/cannavis.eu\\\/hr\\\/#organization\",\"name\":\"Cannavis konoplja sa otoka Visa\",\"url\":\"https:\\\/\\\/cannavis.eu\\\/hr\\\/\",\"logo\":{\"@type\":\"ImageObject\",\"inLanguage\":\"hr\",\"@id\":\"https:\\\/\\\/cannavis.eu\\\/hr\\\/#\\\/schema\\\/logo\\\/image\\\/\",\"url\":\"https:\\\/\\\/cannavis.eu\\\/wp-content\\\/uploads\\\/2021\\\/06\\\/CannaVis-logo.png\",\"contentUrl\":\"https:\\\/\\\/cannavis.eu\\\/wp-content\\\/uploads\\\/2021\\\/06\\\/CannaVis-logo.png\",\"width\":160,\"height\":65,\"caption\":\"Cannavis konoplja sa otoka Visa\"},\"image\":{\"@id\":\"https:\\\/\\\/cannavis.eu\\\/hr\\\/#\\\/schema\\\/logo\\\/image\\\/\"}}]}<\/script>\n<!-- \/ Yoast SEO plugin. -->","yoast_head_json":{"title":"CannaVis petica cvijet konoplje","description":"CannaVis petica cvijet konoplje je najjeftinija na tr\u017ei\u0161tu sa najjve\u0107im postotkom cbd. Trebate ne\u0161to protiv bolova izaberite prirodno cbd sa otoka Visa.","robots":{"index":"index","follow":"follow","max-snippet":"max-snippet:-1","max-image-preview":"max-image-preview:large","max-video-preview":"max-video-preview:-1"},"canonical":"https:\/\/cannavis.eu\/hr\/proizvodi\/cannavis-petica-cvijet-konoplje\/","og_locale":"hr_HR","og_type":"article","og_title":"CannaVis Petica cvijet konoplje 5g","og_description":"CannaVis Petica cvijet konoplje 5g","og_url":"https:\/\/cannavis.eu\/hr\/proizvodi\/cannavis-petica-cvijet-konoplje\/","og_site_name":"Cannavis konoplja sa otoka Visa","article_modified_time":"2026-04-07T20:15:15+00:00","og_image":[{"width":725,"height":882,"url":"https:\/\/cannavis.eu\/wp-content\/uploads\/2021\/11\/CannaVis-Petica-cvijet-konoplje-5g.jpg","type":"image\/jpeg"}],"twitter_card":"summary_large_image","twitter_misc":{"Procijenjeno vrijeme \u010ditanja":"2 minute"},"schema":{"@context":"https:\/\/schema.org","@graph":[{"@type":"WebPage","@id":"https:\/\/cannavis.eu\/hr\/proizvodi\/cannavis-petica-cvijet-konoplje\/","url":"https:\/\/cannavis.eu\/hr\/proizvodi\/cannavis-petica-cvijet-konoplje\/","name":"CannaVis petica cvijet konoplje","isPartOf":{"@id":"https:\/\/cannavis.eu\/hr\/#website"},"primaryImageOfPage":{"@id":"https:\/\/cannavis.eu\/hr\/proizvodi\/cannavis-petica-cvijet-konoplje\/#primaryimage"},"image":{"@id":"https:\/\/cannavis.eu\/hr\/proizvodi\/cannavis-petica-cvijet-konoplje\/#primaryimage"},"thumbnailUrl":"https:\/\/cannavis.eu\/wp-content\/uploads\/2021\/11\/PETICA-FINAL.png","datePublished":"2021-11-15T14:09:39+00:00","dateModified":"2026-04-07T20:15:15+00:00","description":"CannaVis petica cvijet konoplje je najjeftinija na tr\u017ei\u0161tu sa najjve\u0107im postotkom cbd. Trebate ne\u0161to protiv bolova izaberite prirodno cbd sa otoka Visa.","breadcrumb":{"@id":"https:\/\/cannavis.eu\/hr\/proizvodi\/cannavis-petica-cvijet-konoplje\/#breadcrumb"},"inLanguage":"hr","potentialAction":[{"@type":"ReadAction","target":["https:\/\/cannavis.eu\/hr\/proizvodi\/cannavis-petica-cvijet-konoplje\/"]}]},{"@type":"ImageObject","inLanguage":"hr","@id":"https:\/\/cannavis.eu\/hr\/proizvodi\/cannavis-petica-cvijet-konoplje\/#primaryimage","url":"https:\/\/cannavis.eu\/wp-content\/uploads\/2021\/11\/PETICA-FINAL.png","contentUrl":"https:\/\/cannavis.eu\/wp-content\/uploads\/2021\/11\/PETICA-FINAL.png","width":800,"height":800,"caption":"Najbolji omjer cijene i kvalitete na tr\u017ei\u0161tu"},{"@type":"BreadcrumbList","@id":"https:\/\/cannavis.eu\/hr\/proizvodi\/cannavis-petica-cvijet-konoplje\/#breadcrumb","itemListElement":[{"@type":"ListItem","position":1,"name":"Home","item":"https:\/\/cannavis.eu\/hr\/"},{"@type":"ListItem","position":2,"name":"Proizvodi","item":"https:\/\/cannavis.eu\/hr\/proizvodi\/"},{"@type":"ListItem","position":3,"name":"CannaVis Petica cvijet konoplje 5g"}]},{"@type":"WebSite","@id":"https:\/\/cannavis.eu\/hr\/#website","url":"https:\/\/cannavis.eu\/hr\/","name":"Cannavis konoplja sa otoka Visa","description":"CannaVis industrijska konoplja cvijet sa otoka Visa","publisher":{"@id":"https:\/\/cannavis.eu\/hr\/#organization"},"potentialAction":[{"@type":"SearchAction","target":{"@type":"EntryPoint","urlTemplate":"https:\/\/cannavis.eu\/hr\/?s={search_term_string}"},"query-input":{"@type":"PropertyValueSpecification","valueRequired":true,"valueName":"search_term_string"}}],"inLanguage":"hr"},{"@type":"Organization","@id":"https:\/\/cannavis.eu\/hr\/#organization","name":"Cannavis konoplja sa otoka Visa","url":"https:\/\/cannavis.eu\/hr\/","logo":{"@type":"ImageObject","inLanguage":"hr","@id":"https:\/\/cannavis.eu\/hr\/#\/schema\/logo\/image\/","url":"https:\/\/cannavis.eu\/wp-content\/uploads\/2021\/06\/CannaVis-logo.png","contentUrl":"https:\/\/cannavis.eu\/wp-content\/uploads\/2021\/06\/CannaVis-logo.png","width":160,"height":65,"caption":"Cannavis konoplja sa otoka Visa"},"image":{"@id":"https:\/\/cannavis.eu\/hr\/#\/schema\/logo\/image\/"}}]}},"jetpack_sharing_enabled":true,"_links":{"self":[{"href":"https:\/\/cannavis.eu\/hr\/wp-json\/wp\/v2\/product\/319","targetHints":{"allow":["GET"]}}],"collection":[{"href":"https:\/\/cannavis.eu\/hr\/wp-json\/wp\/v2\/product"}],"about":[{"href":"https:\/\/cannavis.eu\/hr\/wp-json\/wp\/v2\/types\/product"}],"replies":[{"embeddable":true,"href":"https:\/\/cannavis.eu\/hr\/wp-json\/wp\/v2\/comments?post=319"}],"wp:featuredmedia":[{"embeddable":true,"href":"https:\/\/cannavis.eu\/hr\/wp-json\/wp\/v2\/media\/3283"}],"wp:attachment":[{"href":"https:\/\/cannavis.eu\/hr\/wp-json\/wp\/v2\/media?parent=319"}],"wp:term":[{"taxonomy":"product_brand","embeddable":true,"href":"https:\/\/cannavis.eu\/hr\/wp-json\/wp\/v2\/product_brand?post=319"},{"taxonomy":"product_cat","embeddable":true,"href":"https:\/\/cannavis.eu\/hr\/wp-json\/wp\/v2\/product_cat?post=319"},{"taxonomy":"product_tag","embeddable":true,"href":"https:\/\/cannavis.eu\/hr\/wp-json\/wp\/v2\/product_tag?post=319"}],"curies":[{"name":"wp","href":"https:\/\/api.w.org\/{rel}","templated":true}]}}